{"id":58258,"date":"2024-09-11T11:37:53","date_gmt":"2024-09-11T09:37:53","guid":{"rendered":"https:\/\/bilbaogazte.bilbao.eus\/es\/?page_id=58258"},"modified":"2024-09-11T11:37:53","modified_gmt":"2024-09-11T09:37:53","slug":"sostenibilidad-social","status":"publish","type":"page","link":"https:\/\/bilbaogazte.bilbao.eus\/es\/sostenibilidad-social\/","title":{"rendered":"SOSTENIBILIDAD SOCIAL"},"content":{"rendered":"<p align=\"JUSTIFY\"><img loading=\"lazy\" decoding=\"async\" class=\"alignnone size-medium wp-image-58218\" src=\"http:\/\/bilbaogazte.bilbao.eus\/wp-content\/uploads\/2024\/09\/GAZTE-PANELA-CARRUSEL_05.09.2024-872x405.png\" alt=\"\" width=\"872\" height=\"405\" srcset=\"https:\/\/bilbaogazte.bilbao.eus\/wp-content\/uploads\/2024\/09\/GAZTE-PANELA-CARRUSEL_05.09.2024-872x405.png 872w, https:\/\/bilbaogazte.bilbao.eus\/wp-content\/uploads\/2024\/09\/GAZTE-PANELA-CARRUSEL_05.09.2024-1408x654.png 1408w, https:\/\/bilbaogazte.bilbao.eus\/wp-content\/uploads\/2024\/09\/GAZTE-PANELA-CARRUSEL_05.09.2024-768x357.png 768w, https:\/\/bilbaogazte.bilbao.eus\/wp-content\/uploads\/2024\/09\/GAZTE-PANELA-CARRUSEL_05.09.2024-1536x714.png 1536w, https:\/\/bilbaogazte.bilbao.eus\/wp-content\/uploads\/2024\/09\/GAZTE-PANELA-CARRUSEL_05.09.2024.png 1601w\" sizes=\"(max-width: 872px) 100vw, 872px\" \/><\/p>\n<p>El grupo de Sostenibilidad Social de Gazte Panela est\u00e1 integrado por Mar\u00eda, Fernando, Nerea, Lahcen, Eddy y Kenia. Este equipo organizar\u00e1 dos talleres de teatro social llamados ARGI-ITZAL. Estas sesiones est\u00e1n dirigidas a j\u00f3venes de entre 18 y 29 a\u00f1os y tienen como objetivo promover la prevenci\u00f3n y gesti\u00f3n emocional a trav\u00e9s de t\u00e9cnicas teatrales, fomentando el trabajo en equipo, la confianza y la participaci\u00f3n activa. Es decir, se trata de un programa para la prevenci\u00f3n de conductas nocivas de salud mental en las personas j\u00f3venes, as\u00ed como para la gesti\u00f3n emocional adecuada en este colectivo.<br \/>\nEl evento se celebrar\u00e1 el 19 y 26 de septiembre en La Perrera (Sabino Arana, 50), y los talleres estar\u00e1n impartidos por el profesional Igor de Quadra. Se invita a la juventud de Bilbao a participar para mejorar su bienestar emocional. Para inscribirte, consulta el QR del cartel:<\/p>\n<p align=\"JUSTIFY\"><img loading=\"lazy\" decoding=\"async\" class=\"alignnone size-medium wp-image-58235\" src=\"http:\/\/bilbaogazte.bilbao.eus\/wp-content\/uploads\/2024\/09\/Cartel-PILOTO-Sostenibilidad-SOCIAL-872x1550.jpg\" alt=\"\" width=\"872\" height=\"1550\" srcset=\"https:\/\/bilbaogazte.bilbao.eus\/wp-content\/uploads\/2024\/09\/Cartel-PILOTO-Sostenibilidad-SOCIAL-872x1550.jpg 872w, https:\/\/bilbaogazte.bilbao.eus\/wp-content\/uploads\/2024\/09\/Cartel-PILOTO-Sostenibilidad-SOCIAL-768x1365.jpg 768w, https:\/\/bilbaogazte.bilbao.eus\/wp-content\/uploads\/2024\/09\/Cartel-PILOTO-Sostenibilidad-SOCIAL-864x1536.jpg 864w, https:\/\/bilbaogazte.bilbao.eus\/wp-content\/uploads\/2024\/09\/Cartel-PILOTO-Sostenibilidad-SOCIAL.jpg 900w\" sizes=\"(max-width: 872px) 100vw, 872px\" \/><\/p>\n","protected":false},"excerpt":{"rendered":"<p class=\"entry-summary\">El grupo de Sostenibilidad Social de Gazte Panela est\u00e1 integrado por Mar\u00eda, Fernando, Nerea, Lahcen, Eddy y Kenia.&hellip;<\/p>\n<div class=\"link-more\"><a href=\"https:\/\/bilbaogazte.bilbao.eus\/es\/sostenibilidad-social\/\" class=\"more-link\">Continue reading<span class=\"screen-reader-text\"> &ldquo;SOSTENIBILIDAD SOCIAL&rdquo;<\/span>&hellip;<\/a><\/div>","protected":false},"author":79,"featured_media":0,"parent":0,"menu_order":0,"comment_status":"closed","ping_status":"closed","template":"","meta":{"_monsterinsights_skip_tracking":false,"_monsterinsights_sitenote_active":false,"_monsterinsights_sitenote_note":"","_monsterinsights_sitenote_category":0,"footnotes":""},"_links":{"self":[{"href":"https:\/\/bilbaogazte.bilbao.eus\/es\/wp-json\/wp\/v2\/pages\/58258"}],"collection":[{"href":"https:\/\/bilbaogazte.bilbao.eus\/es\/wp-json\/wp\/v2\/pages"}],"about":[{"href":"https:\/\/bilbaogazte.bilbao.eus\/es\/wp-json\/wp\/v2\/types\/page"}],"author":[{"embeddable":true,"href":"https:\/\/bilbaogazte.bilbao.eus\/es\/wp-json\/wp\/v2\/users\/79"}],"replies":[{"embeddable":true,"href":"https:\/\/bilbaogazte.bilbao.eus\/es\/wp-json\/wp\/v2\/comments?post=58258"}],"version-history":[{"count":1,"href":"https:\/\/bilbaogazte.bilbao.eus\/es\/wp-json\/wp\/v2\/pages\/58258\/revisions"}],"predecessor-version":[{"id":58259,"href":"https:\/\/bilbaogazte.bilbao.eus\/es\/wp-json\/wp\/v2\/pages\/58258\/revisions\/58259"}],"wp:attachment":[{"href":"https:\/\/bilbaogazte.bilbao.eus\/es\/wp-json\/wp\/v2\/media?parent=58258"}],"curies":[{"name":"wp","href":"https:\/\/api.w.org\/{rel}","templated":true}]}}