{"id":58260,"date":"2024-09-11T11:38:25","date_gmt":"2024-09-11T09:38:25","guid":{"rendered":"https:\/\/bilbaogazte.bilbao.eus\/es\/?page_id=58260"},"modified":"2024-09-11T11:38:25","modified_gmt":"2024-09-11T09:38:25","slug":"sostenibilidad-medioambiental","status":"publish","type":"page","link":"https:\/\/bilbaogazte.bilbao.eus\/es\/sostenibilidad-medioambiental\/","title":{"rendered":"SOSTENIBILIDAD MEDIOAMBIENTAL"},"content":{"rendered":"<p><img loading=\"lazy\" decoding=\"async\" class=\"alignnone size-medium wp-image-58218\" src=\"http:\/\/bilbaogazte.bilbao.eus\/wp-content\/uploads\/2024\/09\/GAZTE-PANELA-CARRUSEL_05.09.2024-872x405.png\" alt=\"\" width=\"872\" height=\"405\" srcset=\"https:\/\/bilbaogazte.bilbao.eus\/wp-content\/uploads\/2024\/09\/GAZTE-PANELA-CARRUSEL_05.09.2024-872x405.png 872w, https:\/\/bilbaogazte.bilbao.eus\/wp-content\/uploads\/2024\/09\/GAZTE-PANELA-CARRUSEL_05.09.2024-1408x654.png 1408w, https:\/\/bilbaogazte.bilbao.eus\/wp-content\/uploads\/2024\/09\/GAZTE-PANELA-CARRUSEL_05.09.2024-768x357.png 768w, https:\/\/bilbaogazte.bilbao.eus\/wp-content\/uploads\/2024\/09\/GAZTE-PANELA-CARRUSEL_05.09.2024-1536x714.png 1536w, https:\/\/bilbaogazte.bilbao.eus\/wp-content\/uploads\/2024\/09\/GAZTE-PANELA-CARRUSEL_05.09.2024.png 1601w\" sizes=\"(max-width: 872px) 100vw, 872px\" \/><\/p>\n<p align=\"JUSTIFY\">El grupo de Sostenibilidad Medioambiental de Gazte Panela est\u00e1 integrado por Lola, Asier, Carlota, Eric y Aida, quienes est\u00e1n organizando una prueba piloto denominada \u00abCLEAN FEST BATERA\u00bb, que se celebrar\u00e1 el 28 de septiembre el edificio La Perrera (Sabino Arana, 50). Su proyecto se presenta como un hackathon dise\u00f1ado para unir fuerzas entre asociaciones juveniles y ecologistas de Bilbao, buscando la concienciaci\u00f3n y sensibilizaci\u00f3n a trav\u00e9s de la formulaci\u00f3n de propuestas y soluciones sostenibles e innovadoras a la generaci\u00f3n de residuos en fiestas y en botellones en la ciudad.<br \/>\nPara m\u00e1s informaci\u00f3n sobre las inscripciones, escr\u00edbenos un email a <a href=\"mailto:gazteria@bilbao.eus\">gazteria@bilbao.eus <\/a><\/p>\n","protected":false},"excerpt":{"rendered":"<p class=\"entry-summary\">El grupo de Sostenibilidad Medioambiental de Gazte Panela est\u00e1 integrado por Lola, Asier, Carlota, Eric y Aida, quienes&hellip;<\/p>\n<div class=\"link-more\"><a href=\"https:\/\/bilbaogazte.bilbao.eus\/es\/sostenibilidad-medioambiental\/\" class=\"more-link\">Continue reading<span class=\"screen-reader-text\"> &ldquo;SOSTENIBILIDAD MEDIOAMBIENTAL&rdquo;<\/span>&hellip;<\/a><\/div>","protected":false},"author":79,"featured_media":0,"parent":0,"menu_order":0,"comment_status":"closed","ping_status":"closed","template":"","meta":{"_monsterinsights_skip_tracking":false,"_monsterinsights_sitenote_active":false,"_monsterinsights_sitenote_note":"","_monsterinsights_sitenote_category":0,"footnotes":""},"_links":{"self":[{"href":"https:\/\/bilbaogazte.bilbao.eus\/es\/wp-json\/wp\/v2\/pages\/58260"}],"collection":[{"href":"https:\/\/bilbaogazte.bilbao.eus\/es\/wp-json\/wp\/v2\/pages"}],"about":[{"href":"https:\/\/bilbaogazte.bilbao.eus\/es\/wp-json\/wp\/v2\/types\/page"}],"author":[{"embeddable":true,"href":"https:\/\/bilbaogazte.bilbao.eus\/es\/wp-json\/wp\/v2\/users\/79"}],"replies":[{"embeddable":true,"href":"https:\/\/bilbaogazte.bilbao.eus\/es\/wp-json\/wp\/v2\/comments?post=58260"}],"version-history":[{"count":1,"href":"https:\/\/bilbaogazte.bilbao.eus\/es\/wp-json\/wp\/v2\/pages\/58260\/revisions"}],"predecessor-version":[{"id":58261,"href":"https:\/\/bilbaogazte.bilbao.eus\/es\/wp-json\/wp\/v2\/pages\/58260\/revisions\/58261"}],"wp:attachment":[{"href":"https:\/\/bilbaogazte.bilbao.eus\/es\/wp-json\/wp\/v2\/media?parent=58260"}],"curies":[{"name":"wp","href":"https:\/\/api.w.org\/{rel}","templated":true}]}}