{"id":58262,"date":"2024-09-11T11:38:53","date_gmt":"2024-09-11T09:38:53","guid":{"rendered":"https:\/\/bilbaogazte.bilbao.eus\/es\/?page_id=58262"},"modified":"2024-09-11T11:38:53","modified_gmt":"2024-09-11T09:38:53","slug":"programacion-juvenil","status":"publish","type":"page","link":"https:\/\/bilbaogazte.bilbao.eus\/es\/programacion-juvenil\/","title":{"rendered":"PROGRAMACI\u00d3N JUVENIL"},"content":{"rendered":"<p><img loading=\"lazy\" decoding=\"async\" class=\"alignnone size-medium wp-image-58218\" src=\"http:\/\/bilbaogazte.bilbao.eus\/wp-content\/uploads\/2024\/09\/GAZTE-PANELA-CARRUSEL_05.09.2024-872x405.png\" alt=\"\" width=\"872\" height=\"405\" srcset=\"https:\/\/bilbaogazte.bilbao.eus\/wp-content\/uploads\/2024\/09\/GAZTE-PANELA-CARRUSEL_05.09.2024-872x405.png 872w, https:\/\/bilbaogazte.bilbao.eus\/wp-content\/uploads\/2024\/09\/GAZTE-PANELA-CARRUSEL_05.09.2024-1408x654.png 1408w, https:\/\/bilbaogazte.bilbao.eus\/wp-content\/uploads\/2024\/09\/GAZTE-PANELA-CARRUSEL_05.09.2024-768x357.png 768w, https:\/\/bilbaogazte.bilbao.eus\/wp-content\/uploads\/2024\/09\/GAZTE-PANELA-CARRUSEL_05.09.2024-1536x714.png 1536w, https:\/\/bilbaogazte.bilbao.eus\/wp-content\/uploads\/2024\/09\/GAZTE-PANELA-CARRUSEL_05.09.2024.png 1601w\" sizes=\"(max-width: 872px) 100vw, 872px\" \/><\/p>\n<p>El equipo de programaci\u00f3n juvenil del programa Gazte Panela est\u00e1 compuesto por Alberto, Patricia, Aitana, Markel, Maitane y Maialen. Desarrollar\u00e1n dos sesiones de Focus Group con j\u00f3venes de Bilbao de diferentes edades (18-23), que tendr\u00e1 como objetivo identificar sus intereses y escuchar sus propuestas para elaborar un listado de nuevas actividades mensuales junto con las existentes actualmente, contando con la colaboraci\u00f3n de diferentes asociaciones para que dichas actividades resulten atractivas y relevantes para las personas j\u00f3venes. Este equipo se asegurar\u00e1 de seleccionar un grupo heterog\u00e9neo de personas para poder contar con diversas opiniones. Esta iniciativa busca que las y los j\u00f3venes participen activamente en la planificaci\u00f3n del ocio juvenil en la ciudad.<br \/>\nEl evento se celebrar\u00e1 el 21 de septiembre en La Perrera (Sabino Arana, 50), en colaboraci\u00f3n con Euskadiko Gazte Kontseilua (EGK).<br \/>\nPara m\u00e1s informaci\u00f3n sobre las inscripciones, escr\u00edbenos un email a <a href=\"mailto:gazteria@bilbao.eus\">gazteria@bilbao.eus<\/a><\/p>\n","protected":false},"excerpt":{"rendered":"<p class=\"entry-summary\">El equipo de programaci\u00f3n juvenil del programa Gazte Panela est\u00e1 compuesto por Alberto, Patricia, Aitana, Markel, Maitane y&hellip;<\/p>\n<div class=\"link-more\"><a href=\"https:\/\/bilbaogazte.bilbao.eus\/es\/programacion-juvenil\/\" class=\"more-link\">Continue reading<span class=\"screen-reader-text\"> &ldquo;PROGRAMACI\u00d3N JUVENIL&rdquo;<\/span>&hellip;<\/a><\/div>","protected":false},"author":79,"featured_media":0,"parent":0,"menu_order":0,"comment_status":"closed","ping_status":"closed","template":"","meta":{"_monsterinsights_skip_tracking":false,"_monsterinsights_sitenote_active":false,"_monsterinsights_sitenote_note":"","_monsterinsights_sitenote_category":0,"footnotes":""},"_links":{"self":[{"href":"https:\/\/bilbaogazte.bilbao.eus\/es\/wp-json\/wp\/v2\/pages\/58262"}],"collection":[{"href":"https:\/\/bilbaogazte.bilbao.eus\/es\/wp-json\/wp\/v2\/pages"}],"about":[{"href":"https:\/\/bilbaogazte.bilbao.eus\/es\/wp-json\/wp\/v2\/types\/page"}],"author":[{"embeddable":true,"href":"https:\/\/bilbaogazte.bilbao.eus\/es\/wp-json\/wp\/v2\/users\/79"}],"replies":[{"embeddable":true,"href":"https:\/\/bilbaogazte.bilbao.eus\/es\/wp-json\/wp\/v2\/comments?post=58262"}],"version-history":[{"count":1,"href":"https:\/\/bilbaogazte.bilbao.eus\/es\/wp-json\/wp\/v2\/pages\/58262\/revisions"}],"predecessor-version":[{"id":58263,"href":"https:\/\/bilbaogazte.bilbao.eus\/es\/wp-json\/wp\/v2\/pages\/58262\/revisions\/58263"}],"wp:attachment":[{"href":"https:\/\/bilbaogazte.bilbao.eus\/es\/wp-json\/wp\/v2\/media?parent=58262"}],"curies":[{"name":"wp","href":"https:\/\/api.w.org\/{rel}","templated":true}]}}