{"id":58710,"date":"2024-10-04T13:58:12","date_gmt":"2024-10-04T11:58:12","guid":{"rendered":"https:\/\/bilbaogazte.bilbao.eus\/es\/greensormena\/"},"modified":"2026-02-05T10:22:17","modified_gmt":"2026-02-05T08:22:17","slug":"greensormena","status":"publish","type":"page","link":"https:\/\/bilbaogazte.bilbao.eus\/es\/greensormena\/","title":{"rendered":"GREEN SORMENA"},"content":{"rendered":"<p>[vc_row][vc_column][vc_single_image image=\u00bb66026&#8243; img_size=\u00bbfull\u00bb][\/vc_column][\/vc_row][vc_row][vc_column width=\u00bb2\/3&#8243;][vc_column_text]<\/p>\n<div class=\"page\" title=\"Page 1\">\n<div class=\"section\">\n<div class=\"layoutArea\">\n<div class=\"column\"><\/div>\n<div class=\"page\" title=\"Page 1\">\n<div class=\"section\">\n<div class=\"layoutArea\">\n<div class=\"page\" title=\"Page 1\">\n<div class=\"layoutArea\">\n<div class=\"column\">\n<p><strong>GREEN SORMENA<\/strong>: ARTE Y TECNOLOG\u00cdA es un programa que llega a su 2\u00aa edici\u00f3n para impulsar la exploraci\u00f3n de pr\u00e1cticas art\u00edsticas en los campos del arte y la tecnolog\u00eda y que pretende fomentar el emprendimiento.<\/p>\n<p>Busca respaldar el desarrollo de procesos experimentales que empujen a la acci\u00f3n a personas j\u00f3venes (de 18 a 35 a\u00f1os) con inter\u00e9s por el arte y la tecnolog\u00eda.<\/p>\n<p>Esta iniciativa est\u00e1 comisariada por <a href=\"https:\/\/www.gheada.com\/\">Estudio Gheada.<\/a><\/p>\n<\/div>\n<\/div>\n<\/div>\n<\/div>\n<\/div>\n<\/div>\n<\/div>\n<\/div>\n<\/div>\n<p>[\/vc_column_text][vc_row_inner][vc_column_inner width=\u00bb1\/2&#8243;][vc_btn title=\u00bbTALK &amp; SHOW\u00bb style=\u00bbcustom\u00bb custom_background=\u00bb#5bd604&#8243; custom_text=\u00bb#f4f4f4&#8243; size=\u00bblg\u00bb link=\u00bburl:http%3A%2F%2Fbilbaogazte.bilbao.eus%2Fes%2Fgreensormenatalk|||\u00bb][\/vc_column_inner][vc_column_inner width=\u00bb1\/2&#8243;][vc_btn title=\u00bbCONVOCATORIA DE PROYECTOS\u00bb style=\u00bbcustom\u00bb custom_background=\u00bb#59d600&#8243; custom_text=\u00bb#ffffff\u00bb size=\u00bblg\u00bb link=\u00bburl:https%3A%2F%2Fbilbaogazte.bilbao.eus%2Fes%2Fgreensormenaconvocatoriaproyectos%2F|||\u00bb][\/vc_column_inner][\/vc_row_inner][\/vc_column][vc_column width=\u00bb1\/3&#8243;][vc_empty_space height=\u00bb40px\u00bb][vc_column_text]<span style=\"color: #ff4433;\"><b>CONTACTO<\/b><\/span>[\/vc_column_text][vc_column_text]<a href=\"mailto:gazteria@bilbao.eus\">gazteria@bilbao.eus<\/a><\/p>\n<p>944 20 30 99[\/vc_column_text][vc_btn title=\u00bbBios artistas\u00bb color=\u00bbdanger\u00bb align=\u00bbleft\u00bb link=\u00bburl:https%3A%2F%2Fbilbaogazte.bilbao.eus%2Fes%2Fgreensormenatalk-bio-artistas%2F|||\u00bb][\/vc_column][\/vc_row]<\/p>\n","protected":false},"excerpt":{"rendered":"<p class=\"entry-summary\"> GREEN SORMENA: ARTE Y TECNOLOG\u00cdA es un programa que llega a su 2\u00aa edici\u00f3n&hellip;<\/p>\n<div class=\"link-more\"><a href=\"https:\/\/bilbaogazte.bilbao.eus\/es\/greensormena\/\" class=\"more-link\">Continue reading<span class=\"screen-reader-text\"> &ldquo;GREEN SORMENA&rdquo;<\/span>&hellip;<\/a><\/div>","protected":false},"author":79,"featured_media":0,"parent":0,"menu_order":0,"comment_status":"closed","ping_status":"closed","template":"","meta":{"_monsterinsights_skip_tracking":false,"_monsterinsights_sitenote_active":false,"_monsterinsights_sitenote_note":"","_monsterinsights_sitenote_category":0,"footnotes":""},"_links":{"self":[{"href":"https:\/\/bilbaogazte.bilbao.eus\/es\/wp-json\/wp\/v2\/pages\/58710"}],"collection":[{"href":"https:\/\/bilbaogazte.bilbao.eus\/es\/wp-json\/wp\/v2\/pages"}],"about":[{"href":"https:\/\/bilbaogazte.bilbao.eus\/es\/wp-json\/wp\/v2\/types\/page"}],"author":[{"embeddable":true,"href":"https:\/\/bilbaogazte.bilbao.eus\/es\/wp-json\/wp\/v2\/users\/79"}],"replies":[{"embeddable":true,"href":"https:\/\/bilbaogazte.bilbao.eus\/es\/wp-json\/wp\/v2\/comments?post=58710"}],"version-history":[{"count":21,"href":"https:\/\/bilbaogazte.bilbao.eus\/es\/wp-json\/wp\/v2\/pages\/58710\/revisions"}],"predecessor-version":[{"id":66038,"href":"https:\/\/bilbaogazte.bilbao.eus\/es\/wp-json\/wp\/v2\/pages\/58710\/revisions\/66038"}],"wp:attachment":[{"href":"https:\/\/bilbaogazte.bilbao.eus\/es\/wp-json\/wp\/v2\/media?parent=58710"}],"curies":[{"name":"wp","href":"https:\/\/api.w.org\/{rel}","templated":true}]}}