{"id":58721,"date":"2024-10-07T11:51:26","date_gmt":"2024-10-07T09:51:26","guid":{"rendered":"https:\/\/bilbaogazte.bilbao.eus\/es\/?page_id=58721"},"modified":"2026-02-20T14:25:58","modified_gmt":"2026-02-20T12:25:58","slug":"greensormenatalk","status":"publish","type":"page","link":"https:\/\/bilbaogazte.bilbao.eus\/es\/greensormenatalk\/","title":{"rendered":"TALK &#038; SHOW"},"content":{"rendered":"<p>[vc_row][vc_column][vc_single_image image=\u00bb66026&#8243; img_size=\u00bbfull\u00bb][\/vc_column][\/vc_row][vc_row][vc_column][vc_column_text]<\/p>\n<div class=\"page\" title=\"Page 1\">\n<div class=\"section\">\n<div class=\"layoutArea\">\n<div class=\"column\">\n<div class=\"page\" title=\"Page 1\">\n<div class=\"section\">\n<div class=\"layoutArea\">\n<div class=\"column\">\n<p><strong>TALK &amp; SHOW | 26 DE FEBRERO \u2013 19:00-21:30 | LA PERRERA<\/strong><\/p>\n<\/div>\n<\/div>\n<\/div>\n<\/div>\n<\/div>\n<\/div>\n<\/div>\n<\/div>\n<p>[\/vc_column_text][vc_row_inner][vc_column_inner width=\u00bb2\/3&#8243;][vc_column_text]<\/p>\n<div class=\"page\" title=\"Page 1\">\n<div class=\"section\">\n<div class=\"layoutArea\">\n<div class=\"column\">\n<div class=\"page\" title=\"Page 1\">\n<div class=\"section\">\n<div class=\"layoutArea\">\n<div class=\"column\">\n<div class=\"page\" title=\"Page 1\">\n<div class=\"section\">\n<div class=\"layoutArea\">\n<div class=\"column\">\n<p>Tres artistas invitadas har\u00e1n una breve presentaci\u00f3n de su pr\u00e1ctica art\u00edstica, hablando de la b\u00fasqueda de una representaci\u00f3n propia en un entorno altamente tecnol\u00f3gico y del papel del arte en el establecimiento de una identidad humana. \u00bfCu\u00e1les son los retos y oportunidades que la tecnolog\u00eda aporta a las artistas? \u00bfC\u00f3mo se posiciona el ser humano frente a esta tecnolog\u00eda y c\u00f3mo se relaciona con su entorno?<\/p>\n<p>A lo largo de la jornada se realizar\u00e1n dos performances\/acciones de las artistas invitadas.<\/p>\n<p><strong>TALK<\/strong><\/p>\n<p>Gheada \/\/ Presentaci\u00f3n programa y mediaci\u00f3n.<\/p>\n<\/div>\n<\/div>\n<\/div>\n<\/div>\n<p><a href=\"https:\/\/www.instagram.com\/spiritusmundi.visualart\/\">Andr\u00e9a Petit<\/a>, <a href=\"https:\/\/joanfierro.art\/\">Joan Fierro<\/a> y <a href=\"https:\/\/yolandauriz.info\/bio\/\">Yolanda Uriz<\/a><\/p>\n<p><strong>SHOW<\/strong><\/p>\n<p>Joan Fierro \/\/ AFTER QUI\u00c9N NO EST\u00c1 (A\u00daN)<\/p>\n<p>Andr\u00e9a Petit &#8211; V\u00edctor Baladoch \/\/ RUIDOCULAR<\/p>\n<\/div>\n<\/div>\n<\/div>\n<\/div>\n<\/div>\n<\/div>\n<\/div>\n<\/div>\n<p>[\/vc_column_text][vc_btn title=\u00bbBIO ARTISTAS\u00bb style=\u00bbcustom\u00bb custom_background=\u00bb#ed0000&#8243; custom_text=\u00bb#ffffff\u00bb align=\u00bbcenter\u00bb link=\u00bburl:https%3A%2F%2Fbilbaogazte.bilbao.eus%2Fes%2Fgreensormenatalk-bio-artistas%2F|||\u00bb][\/vc_column_inner][vc_column_inner width=\u00bb1\/3&#8243;][vc_empty_space height=\u00bb40px\u00bb][vc_column_text]<span style=\"color: #ff4433;\"><b>\u00a1Confirma tu asistencia <a href=\"mailto:info@gheada.com\">aqu\u00ed<\/a>!\u00a0<\/b><\/span>[\/vc_column_text][vc_column_text]<span style=\"color: #ff4433;\"><b>CONTACTO<\/b><\/span>[\/vc_column_text][vc_column_text]<a href=\"mailto:gazteria@bilbao.eus\">gazteria@bilbao.eus<\/a><\/p>\n<p>944 20 30 99[\/vc_column_text][\/vc_column_inner][\/vc_row_inner][\/vc_column][\/vc_row]<\/p>\n","protected":false},"excerpt":{"rendered":"<p class=\"entry-summary\"> TALK &amp; SHOW | 26 DE FEBRERO \u2013 19:00-21:30 | LA PERRERA  Tres&hellip;<\/p>\n<div class=\"link-more\"><a href=\"https:\/\/bilbaogazte.bilbao.eus\/es\/greensormenatalk\/\" class=\"more-link\">Continue reading<span class=\"screen-reader-text\"> &ldquo;TALK &#038; SHOW&rdquo;<\/span>&hellip;<\/a><\/div>","protected":false},"author":79,"featured_media":0,"parent":0,"menu_order":0,"comment_status":"closed","ping_status":"closed","template":"","meta":{"_monsterinsights_skip_tracking":false,"_monsterinsights_sitenote_active":false,"_monsterinsights_sitenote_note":"","_monsterinsights_sitenote_category":0,"footnotes":""},"_links":{"self":[{"href":"https:\/\/bilbaogazte.bilbao.eus\/es\/wp-json\/wp\/v2\/pages\/58721"}],"collection":[{"href":"https:\/\/bilbaogazte.bilbao.eus\/es\/wp-json\/wp\/v2\/pages"}],"about":[{"href":"https:\/\/bilbaogazte.bilbao.eus\/es\/wp-json\/wp\/v2\/types\/page"}],"author":[{"embeddable":true,"href":"https:\/\/bilbaogazte.bilbao.eus\/es\/wp-json\/wp\/v2\/users\/79"}],"replies":[{"embeddable":true,"href":"https:\/\/bilbaogazte.bilbao.eus\/es\/wp-json\/wp\/v2\/comments?post=58721"}],"version-history":[{"count":17,"href":"https:\/\/bilbaogazte.bilbao.eus\/es\/wp-json\/wp\/v2\/pages\/58721\/revisions"}],"predecessor-version":[{"id":66158,"href":"https:\/\/bilbaogazte.bilbao.eus\/es\/wp-json\/wp\/v2\/pages\/58721\/revisions\/66158"}],"wp:attachment":[{"href":"https:\/\/bilbaogazte.bilbao.eus\/es\/wp-json\/wp\/v2\/media?parent=58721"}],"curies":[{"name":"wp","href":"https:\/\/api.w.org\/{rel}","templated":true}]}}