{"id":58733,"date":"2024-10-07T13:00:24","date_gmt":"2024-10-07T11:00:24","guid":{"rendered":"https:\/\/bilbaogazte.bilbao.eus\/es\/?page_id=58733"},"modified":"2025-04-14T12:15:45","modified_gmt":"2025-04-14T10:15:45","slug":"greensormenaproyectos","status":"publish","type":"page","link":"https:\/\/bilbaogazte.bilbao.eus\/es\/greensormenaproyectos\/","title":{"rendered":"CONVOCATORIA DE PROYECTOS"},"content":{"rendered":"<p>[vc_row][vc_column][vc_single_image image=\u00bb58830&#8243; img_size=\u00bbfull\u00bb][\/vc_column][\/vc_row][vc_row][vc_column][vc_column_text]<img loading=\"lazy\" decoding=\"async\" class=\"alignnone size-medium wp-image-62111\" src=\"http:\/\/bilbaogazte.bilbao.eus\/wp-content\/uploads\/2025\/04\/Post-GREEN_SORMENA_insta_open-studio-872x865.jpg\" alt=\"\" width=\"872\" height=\"865\" srcset=\"https:\/\/bilbaogazte.bilbao.eus\/wp-content\/uploads\/2025\/04\/Post-GREEN_SORMENA_insta_open-studio-872x865.jpg 872w, https:\/\/bilbaogazte.bilbao.eus\/wp-content\/uploads\/2025\/04\/Post-GREEN_SORMENA_insta_open-studio-1408x1397.jpg 1408w, https:\/\/bilbaogazte.bilbao.eus\/wp-content\/uploads\/2025\/04\/Post-GREEN_SORMENA_insta_open-studio-768x762.jpg 768w, https:\/\/bilbaogazte.bilbao.eus\/wp-content\/uploads\/2025\/04\/Post-GREEN_SORMENA_insta_open-studio-1536x1525.jpg 1536w, https:\/\/bilbaogazte.bilbao.eus\/wp-content\/uploads\/2025\/04\/Post-GREEN_SORMENA_insta_open-studio.jpg 1608w\" sizes=\"(max-width: 872px) 100vw, 872px\" \/>[\/vc_column_text][vc_column_text]<\/p>\n<div class=\"page\" title=\"Page 1\">\n<div class=\"section\">\n<div class=\"layoutArea\">\n<div class=\"column\">\n<div class=\"page\" title=\"Page 1\">\n<div class=\"section\">\n<div class=\"layoutArea\">\n<div class=\"column\">\n<div class=\"page\" title=\"Page 3\">\n<div class=\"section\">\n<div class=\"layoutArea\">\n<div class=\"column\">\n<div class=\"page\" title=\"Page 2\">\n<div class=\"section\">\n<div class=\"layoutArea\">\n<div class=\"column\">\n<p>PROYECTOS SELECCIONADOS<\/p>\n<\/div>\n<\/div>\n<\/div>\n<\/div>\n<\/div>\n<\/div>\n<\/div>\n<\/div>\n<\/div>\n<\/div>\n<\/div>\n<\/div>\n<\/div>\n<\/div>\n<\/div>\n<\/div>\n<p>[\/vc_column_text][vc_row_inner][vc_column_inner width=\u00bb2\/3&#8243;][vc_column_text]<\/p>\n<div class=\"page\" title=\"Page 1\">\n<div class=\"section\">\n<div class=\"layoutArea\">\n<div class=\"column\">\n<div class=\"page\" title=\"Page 1\">\n<div class=\"section\">\n<div class=\"layoutArea\">\n<div class=\"column\">\n<div class=\"page\" title=\"Page 2\">\n<div class=\"section\">\n<div class=\"layoutArea\">\n<div class=\"column\">\n<p><strong>Babesleku<\/strong><\/p>\n<p>(Leyre Arana, Mario Marco, Jorge Gonz\u00e1lez)<\/p>\n<p>Instalaci\u00f3n interactiva que redefine el concepto de refugio urbano, transformando el espacio en un organismo vivo en constante di\u00e1logo con el p\u00fablico. Mediante la integraci\u00f3n de la tecnolog\u00eda, la obra profundiza en la relaci\u00f3n entre el ser humano y su entorno natural, proponiendo una reflexi\u00f3n sobre la necesidad de espacios verdes en el contexto de las ciudades contempor\u00e1neas.<\/p>\n<p><a href=\"https:\/\/www.instagram.com\/leyredeetz\/\">@leyredeetz<\/a> <a href=\"https:\/\/www.instagram.com\/mario___marco\/\">@mario___marco<\/a> <a href=\"https:\/\/www.instagram.com\/jorge.lighting_\/\">@jorge.lighting_<\/a><\/p>\n<p>&nbsp;<\/p>\n<\/div>\n<\/div>\n<\/div>\n<\/div>\n<p><img loading=\"lazy\" decoding=\"async\" class=\"alignnone size-medium wp-image-62074\" src=\"http:\/\/bilbaogazte.bilbao.eus\/wp-content\/uploads\/2025\/04\/babesleku-872x1090.png\" alt=\"\" width=\"872\" height=\"1090\" srcset=\"https:\/\/bilbaogazte.bilbao.eus\/wp-content\/uploads\/2025\/04\/babesleku-872x1090.png 872w, https:\/\/bilbaogazte.bilbao.eus\/wp-content\/uploads\/2025\/04\/babesleku-768x960.png 768w, https:\/\/bilbaogazte.bilbao.eus\/wp-content\/uploads\/2025\/04\/babesleku.png 960w\" sizes=\"(max-width: 872px) 100vw, 872px\" \/><\/p>\n<p><img loading=\"lazy\" decoding=\"async\" class=\"alignnone size-medium wp-image-62080\" src=\"http:\/\/bilbaogazte.bilbao.eus\/wp-content\/uploads\/2025\/04\/babesleku-2--872x491.jpg\" alt=\"\" width=\"872\" height=\"491\" srcset=\"https:\/\/bilbaogazte.bilbao.eus\/wp-content\/uploads\/2025\/04\/babesleku-2--872x491.jpg 872w, https:\/\/bilbaogazte.bilbao.eus\/wp-content\/uploads\/2025\/04\/babesleku-2--1408x792.jpg 1408w, https:\/\/bilbaogazte.bilbao.eus\/wp-content\/uploads\/2025\/04\/babesleku-2--480x270.jpg 480w, https:\/\/bilbaogazte.bilbao.eus\/wp-content\/uploads\/2025\/04\/babesleku-2--768x432.jpg 768w, https:\/\/bilbaogazte.bilbao.eus\/wp-content\/uploads\/2025\/04\/babesleku-2--1536x864.jpg 1536w, https:\/\/bilbaogazte.bilbao.eus\/wp-content\/uploads\/2025\/04\/babesleku-2-.jpg 1920w\" sizes=\"(max-width: 872px) 100vw, 872px\" \/><\/p>\n<p><strong>Recorridos de caracol<\/strong><\/p>\n<p>(Cristina Schwertschlang, Ornella Munar)<\/p>\n<p>Esta propuesta expone un camino de investigaci\u00f3n exploratoria por distintas huertas, que nos acerca a entender el mundo de los caracoles de tierra, incitando la contemplaci\u00f3n sobre su paso, sus rastros, su ritmo y su magia. Enfocando nuestra mirada a reflexionar sobre la importancia de cada uno de los seres que compartimos y coexistimos en el planeta.<\/p>\n<p><a href=\"https:\/\/www.instagram.com\/stinastrikeofasword\/\">@stinastrikeofasword<\/a>\u00a0 <a href=\"https:\/\/www.instagram.com\/ornella.munar\/\">@ornella.munar<\/a><\/p>\n<p><img loading=\"lazy\" decoding=\"async\" class=\"alignnone size-medium wp-image-62085\" src=\"http:\/\/bilbaogazte.bilbao.eus\/wp-content\/uploads\/2025\/04\/1-1087260a-872x1163.png\" alt=\"\" width=\"872\" height=\"1163\" srcset=\"https:\/\/bilbaogazte.bilbao.eus\/wp-content\/uploads\/2025\/04\/1-1087260a-872x1163.png 872w, https:\/\/bilbaogazte.bilbao.eus\/wp-content\/uploads\/2025\/04\/1-1087260a-1408x1877.png 1408w, https:\/\/bilbaogazte.bilbao.eus\/wp-content\/uploads\/2025\/04\/1-1087260a-768x1024.png 768w, https:\/\/bilbaogazte.bilbao.eus\/wp-content\/uploads\/2025\/04\/1-1087260a-1152x1536.png 1152w, https:\/\/bilbaogazte.bilbao.eus\/wp-content\/uploads\/2025\/04\/1-1087260a-1536x2048.png 1536w\" sizes=\"(max-width: 872px) 100vw, 872px\" \/><\/p>\n<p><img loading=\"lazy\" decoding=\"async\" class=\"alignnone size-medium wp-image-62089\" src=\"http:\/\/bilbaogazte.bilbao.eus\/wp-content\/uploads\/2025\/04\/Recorridoscaracol-872x1163.png\" alt=\"\" width=\"872\" height=\"1163\" srcset=\"https:\/\/bilbaogazte.bilbao.eus\/wp-content\/uploads\/2025\/04\/Recorridoscaracol-872x1163.png 872w, https:\/\/bilbaogazte.bilbao.eus\/wp-content\/uploads\/2025\/04\/Recorridoscaracol-1408x1877.png 1408w, https:\/\/bilbaogazte.bilbao.eus\/wp-content\/uploads\/2025\/04\/Recorridoscaracol-768x1024.png 768w, https:\/\/bilbaogazte.bilbao.eus\/wp-content\/uploads\/2025\/04\/Recorridoscaracol-1152x1536.png 1152w, https:\/\/bilbaogazte.bilbao.eus\/wp-content\/uploads\/2025\/04\/Recorridoscaracol-1536x2048.png 1536w\" sizes=\"(max-width: 872px) 100vw, 872px\" \/><\/p>\n<\/div>\n<\/div>\n<\/div>\n<\/div>\n<\/div>\n<\/div>\n<\/div>\n<\/div>\n<p>[\/vc_column_text][\/vc_column_inner][vc_column_inner width=\u00bb1\/3&#8243;][vc_empty_space height=\u00bb40px\u00bb][vc_column_text]<span style=\"color: #ff4433;\"><b>CONTACTO<\/b><\/span>[\/vc_column_text][vc_column_text]<a href=\"mailto:gazteria@bilbao.eus\">gazteria@bilbao.eus<\/a><\/p>\n<p>944 20 30 98 (Lun-vie de 9: 00 a14:00 y mi\u00e9rcoles hasta las 17:00)[\/vc_column_text][\/vc_column_inner][\/vc_row_inner][\/vc_column][\/vc_row][vc_row][vc_column][vc_btn title=\u00bbCartel Open Studio\u00bb color=\u00bbdanger\u00bb link=\u00bburl:http%3A%2F%2Fbilbaogazte.bilbao.eus%2Fwp-content%2Fuploads%2F2025%2F04%2FPost-GREEN_SORMENA_insta_open-studio-1.jpg|||\u00bb][\/vc_column][\/vc_row]<\/p>\n","protected":false},"excerpt":{"rendered":"<p class=\"entry-summary\"> PROYECTOS SELECCIONADOS  Babesleku (Leyre Arana, Mario Marco, Jorge Gonz\u00e1lez) Instalaci\u00f3n interactiva que redefine&hellip;<\/p>\n<div class=\"link-more\"><a href=\"https:\/\/bilbaogazte.bilbao.eus\/es\/greensormenaproyectos\/\" class=\"more-link\">Continue reading<span class=\"screen-reader-text\"> &ldquo;CONVOCATORIA DE PROYECTOS&rdquo;<\/span>&hellip;<\/a><\/div>","protected":false},"author":79,"featured_media":0,"parent":0,"menu_order":0,"comment_status":"closed","ping_status":"closed","template":"","meta":{"_monsterinsights_skip_tracking":false,"_monsterinsights_sitenote_active":false,"_monsterinsights_sitenote_note":"","_monsterinsights_sitenote_category":0,"footnotes":""},"_links":{"self":[{"href":"https:\/\/bilbaogazte.bilbao.eus\/es\/wp-json\/wp\/v2\/pages\/58733"}],"collection":[{"href":"https:\/\/bilbaogazte.bilbao.eus\/es\/wp-json\/wp\/v2\/pages"}],"about":[{"href":"https:\/\/bilbaogazte.bilbao.eus\/es\/wp-json\/wp\/v2\/types\/page"}],"author":[{"embeddable":true,"href":"https:\/\/bilbaogazte.bilbao.eus\/es\/wp-json\/wp\/v2\/users\/79"}],"replies":[{"embeddable":true,"href":"https:\/\/bilbaogazte.bilbao.eus\/es\/wp-json\/wp\/v2\/comments?post=58733"}],"version-history":[{"count":24,"href":"https:\/\/bilbaogazte.bilbao.eus\/es\/wp-json\/wp\/v2\/pages\/58733\/revisions"}],"predecessor-version":[{"id":62120,"href":"https:\/\/bilbaogazte.bilbao.eus\/es\/wp-json\/wp\/v2\/pages\/58733\/revisions\/62120"}],"wp:attachment":[{"href":"https:\/\/bilbaogazte.bilbao.eus\/es\/wp-json\/wp\/v2\/media?parent=58733"}],"curies":[{"name":"wp","href":"https:\/\/api.w.org\/{rel}","templated":true}]}}