{"id":58782,"date":"2024-10-09T11:47:11","date_gmt":"2024-10-09T09:47:11","guid":{"rendered":"https:\/\/bilbaogazte.bilbao.eus\/es\/recetas-calendario-2025\/"},"modified":"2024-11-13T14:37:55","modified_gmt":"2024-11-13T12:37:55","slug":"recetas-calendario-2025","status":"publish","type":"page","link":"https:\/\/bilbaogazte.bilbao.eus\/es\/recetas-calendario-2025\/","title":{"rendered":"RECETAS CALENDARIO 2025"},"content":{"rendered":"<p>[vc_row][vc_column width=\u00bb2\/3&#8243;][vc_empty_space][vc_column_text]<\/p>\n<p>&nbsp;<\/p>\n<p>En colaboraci\u00f3n con <a href=\"https:\/\/bilbaozerbitzuak.bilbao.eus\/\">Bilbao Zerbitzuak<\/a>, las promotoras de esta iniciativa elaborar\u00e1n un\u00a0<strong>\u00abRecetas calendario 2025\u00bb<\/strong>\u00a0que traer\u00e1 como resultado un calendario ilustrado para el a\u00f1o 2025, en colaboraci\u00f3n con los diferentes agentes implicados en el mercado, junto con las integrantes del equipo del proyecto. En \u00e9l, se encontrar\u00e1n 12 recetas ilustradas que ser\u00e1n seleccionadas entre las recibidas.<\/p>\n<p>&nbsp;<\/p>\n<p><strong>\u00bfC\u00f3mo puedo hacer llegar mi receta?<\/strong><\/p>\n<p>A partir de mediados de octubre, encontrar\u00e1s una urna** en la entrada del Mercado de La Ribera para depositar tus recetas. Tambi\u00e9n puedes enviarlas a\u00a0<a href=\"mailto:elcalendariodelmercado@gmail.com\">elcalendariodelmercado@gmail.com<\/a>\u00a0.<\/p>\n<p>Informaci\u00f3n que debe incluir tu receta:<\/p>\n<ul>\n<li>Nombre del plato<\/li>\n<li>Productos necesarios: cantidades y d\u00f3nde conseguirlos<\/li>\n<li>Estaci\u00f3n del a\u00f1o en que la preparas<\/li>\n<li>Proceso de elaboraci\u00f3n<\/li>\n<li>Foto del plato (si tienes)<\/li>\n<li>Tu nombre y tel\u00e9fono<\/li>\n<\/ul>\n<p><em>\u00a0<\/em><\/p>\n<p><em>\u00a0<\/em><em>Si recibimos m\u00e1s de 350 recetas, realizaremos un sorteo de los calendarios ilustrados entre todas las presentadas.<\/em><\/p>\n<p><em>** La urna en el Mercado de La Ribera estar\u00e1 disponible hasta el 2 de diciembre.<\/em><\/p>\n<p><strong>Conoce m\u00e1s sobre \u201cCalendario de Mercado\u201d<\/strong><\/p>\n<p>Este proyecto est\u00e1 liderado por\u00a0<a href=\"http:\/\/www.linkedin.com\/in\/andrea-albert-fonseca\">Andrea Albert<\/a>\u00a0y\u00a0<a href=\"https:\/\/www.linkedin.com\/in\/caterina-gilli\/\">Caterina Gilli<\/a>, que cuentan, adem\u00e1s, con el trabajo de las ilustradoras\u00a0<a href=\"https:\/\/www.instagram.com\/alena.magda.lena\/?igsh=d2dhOHdzbzZmMnhp\">Elena Carnero<\/a>\u00a0y\u00a0<a href=\"https:\/\/www.instagram.com\/alibolos\/\">Alicia Bosch<\/a>. Es el resultado de una intersecci\u00f3n compuesta por cuatro ideas principales: la recuperaci\u00f3n de los mercados de barrio como puntos de comercio local, el inter\u00e9s por la gastronom\u00eda, el fomento de una alimentaci\u00f3n de temporada, local y saludable, y el arte de la ilustraci\u00f3n como una efectiva herramienta de divulgaci\u00f3n.[\/vc_column_text][\/vc_column][vc_column width=\u00bb1\/3&#8243;][vc_empty_space][vc_empty_space][vc_column_text css=\u00bb.vc_custom_1728908595530{background-color: #dd3333 !important;}\u00bb]<span style=\"color: #ffffff;\"><strong>ENV\u00cdA TU\u00a0RECETA<\/strong><\/span>[\/vc_column_text][vc_column_text css=\u00bb.vc_custom_1728475829064{background-color: #d8d8d8 !important;}\u00bb]Ac\u00e9rcate al Mercado de La Ribera o env\u00eda tu receta a <a href=\"elcalendariodelmercado@gmail.com\">e<\/a><a href=\"mailto:lcalendariodelmercado@gmail.com\">lcalendariodelmercado@gmail.com<\/a>[\/vc_column_text][vc_column_text css=\u00bb.vc_custom_1728908606577{background-color: #dd3333 !important;}\u00bb]<span style=\"color: #ffffff;\"><strong>CONTACTO<\/strong><\/span>[\/vc_column_text][vc_column_text css=\u00bb.vc_custom_1728474133864{background-color: #d8d8d8 !important;}\u00bb]<a href=\"mailto:gazteria@bilbao.eus\">gazteria@bilbao.eus<\/a><\/p>\n<p>944 20 30 98 (L-V de 9:00 a 14:00 y mi\u00e9rcoles hasta las 17:00)[\/vc_column_text][\/vc_column][\/vc_row]<\/p>\n","protected":false},"excerpt":{"rendered":"<p class=\"entry-summary\"> &nbsp; En colaboraci\u00f3n con Bilbao Zerbitzuak, las promotoras de esta iniciativa elaborar\u00e1n un\u00a0\u00abRecetas calendario 2025\u00bb\u00a0que traer\u00e1&hellip;<\/p>\n<div class=\"link-more\"><a href=\"https:\/\/bilbaogazte.bilbao.eus\/es\/recetas-calendario-2025\/\" class=\"more-link\">Continue reading<span class=\"screen-reader-text\"> &ldquo;RECETAS CALENDARIO 2025&rdquo;<\/span>&hellip;<\/a><\/div>","protected":false},"author":79,"featured_media":0,"parent":0,"menu_order":0,"comment_status":"closed","ping_status":"closed","template":"","meta":{"_monsterinsights_skip_tracking":false,"_monsterinsights_sitenote_active":false,"_monsterinsights_sitenote_note":"","_monsterinsights_sitenote_category":0,"footnotes":""},"_links":{"self":[{"href":"https:\/\/bilbaogazte.bilbao.eus\/es\/wp-json\/wp\/v2\/pages\/58782"}],"collection":[{"href":"https:\/\/bilbaogazte.bilbao.eus\/es\/wp-json\/wp\/v2\/pages"}],"about":[{"href":"https:\/\/bilbaogazte.bilbao.eus\/es\/wp-json\/wp\/v2\/types\/page"}],"author":[{"embeddable":true,"href":"https:\/\/bilbaogazte.bilbao.eus\/es\/wp-json\/wp\/v2\/users\/79"}],"replies":[{"embeddable":true,"href":"https:\/\/bilbaogazte.bilbao.eus\/es\/wp-json\/wp\/v2\/comments?post=58782"}],"version-history":[{"count":17,"href":"https:\/\/bilbaogazte.bilbao.eus\/es\/wp-json\/wp\/v2\/pages\/58782\/revisions"}],"predecessor-version":[{"id":59337,"href":"https:\/\/bilbaogazte.bilbao.eus\/es\/wp-json\/wp\/v2\/pages\/58782\/revisions\/59337"}],"wp:attachment":[{"href":"https:\/\/bilbaogazte.bilbao.eus\/es\/wp-json\/wp\/v2\/media?parent=58782"}],"curies":[{"name":"wp","href":"https:\/\/api.w.org\/{rel}","templated":true}]}}