{"id":58798,"date":"2024-10-09T12:21:59","date_gmt":"2024-10-09T10:21:59","guid":{"rendered":"https:\/\/bilbaogazte.bilbao.eus\/es\/hazibiziartea\/"},"modified":"2024-10-14T14:25:35","modified_gmt":"2024-10-14T12:25:35","slug":"hazibiziartea","status":"publish","type":"page","link":"https:\/\/bilbaogazte.bilbao.eus\/es\/hazibiziartea\/","title":{"rendered":"HaziBiziArtea: Ilustraci\u00f3n y caracterizaci\u00f3n de variedades tradicionales"},"content":{"rendered":"<p>[vc_row][vc_column][vc_empty_space][\/vc_column][\/vc_row][vc_row][vc_column width=\u00bb2\/3&#8243;][vc_column_text]<\/p>\n<p>&nbsp;<\/p>\n<p><span dir=\"ltr\" role=\"presentation\">El proyecto tiene como objetivo la creaci\u00f3n de un cat\u00e1logo de variedades de <\/span><span dir=\"ltr\" role=\"presentation\">cultivo de Euskadi, en el que se recojan las adaptaciones clim\u00e1ticas <\/span><span dir=\"ltr\" role=\"presentation\">espec\u00edficas como usos tradicionales adem\u00e1s de las ilustraciones relativas a <\/span><span dir=\"ltr\" role=\"presentation\">las variedades de cultivo. Ser\u00e1 elaborado por <\/span><a href=\"https:\/\/urldefense.com\/v3\/__http:\/linkedin.com\/in\/laura-gonzalez-hernandez-rodan__;!!DfqBIbPc!z3maersyLtnOtpnsxdZtzAdJBJ__XUDLQxo7QatGyPYsH0mzLFinqhQJwo64bcEPDWUxNGMf0Z-CQ8QjtE-73irZ$\"><span dir=\"ltr\" role=\"presentation\">Laura Gonz\u00e1lez<\/span><\/a><span dir=\"ltr\" role=\"presentation\">, con la <\/span><span dir=\"ltr\" role=\"presentation\">colaboraci\u00f3n de Joseba y Be\u00f1at de la <\/span><a href=\"https:\/\/haziensarea.org\/\"><span dir=\"ltr\" role=\"presentation\">Asociaci\u00f3n Hazien Sarea<\/span><\/a><span dir=\"ltr\" role=\"presentation\">, por lo que se <\/span><span dir=\"ltr\" role=\"presentation\">busca el seguimiento de las mismas desde el inicio de las siembras, pasando <\/span><span dir=\"ltr\" role=\"presentation\">por el crecimiento y cosechas de las variedades seleccionadas para <\/span><span dir=\"ltr\" role=\"presentation\">catalogar. El cat\u00e1logo tambi\u00e9n recoger\u00e1 aquellos usos tradicionales e <\/span><span dir=\"ltr\" role=\"presentation\">implicaciones de las variedades con habitantes del lugar, as\u00ed como con <\/span><span dir=\"ltr\" role=\"presentation\">voluntarias y voluntarios de la asociaci\u00f3n. Como resultado, se obtendr\u00e1<\/span><br role=\"presentation\" \/><span dir=\"ltr\" role=\"presentation\">material divulgativo sobre las variedades y sobre la importancia de su <\/span><span dir=\"ltr\" role=\"presentation\">mantenimiento.<\/span>[\/vc_column_text][\/vc_column][vc_column width=\u00bb1\/3&#8243;][vc_empty_space][vc_column_text css=\u00bb.vc_custom_1728908719056{margin-top: 4px !important;margin-right: 4px !important;margin-bottom: 4px !important;margin-left: 4px !important;padding-top: 4px !important;padding-right: 4px !important;padding-bottom: 4px !important;padding-left: 4px !important;background-color: #eb380e !important;}\u00bb]<span style=\"color: #ffffff;\"><strong>CONTACTO<\/strong><\/span>[\/vc_column_text][vc_column_text css=\u00bb.vc_custom_1728908730960{background-color: #d8d8d8 !important;}\u00bb]<a href=\"mailto:gazteria@bilbao.eus\">gazteria@bilbao.eus<\/a><\/p>\n<p>944 20 30 98 (L &#8211; V desde las 9:00 hasta 14:00 y mi\u00e9rcoles hasta las 17:00)[\/vc_column_text][\/vc_column][\/vc_row]<\/p>\n","protected":false},"excerpt":{"rendered":"<p class=\"entry-summary\"> &nbsp; El proyecto tiene como objetivo la creaci\u00f3n de un cat\u00e1logo de variedades de cultivo de&hellip;<\/p>\n<div class=\"link-more\"><a href=\"https:\/\/bilbaogazte.bilbao.eus\/es\/hazibiziartea\/\" class=\"more-link\">Continue reading<span class=\"screen-reader-text\"> &ldquo;HaziBiziArtea: Ilustraci\u00f3n y caracterizaci\u00f3n de variedades tradicionales&rdquo;<\/span>&hellip;<\/a><\/div>","protected":false},"author":79,"featured_media":0,"parent":0,"menu_order":0,"comment_status":"closed","ping_status":"closed","template":"","meta":{"_monsterinsights_skip_tracking":false,"_monsterinsights_sitenote_active":false,"_monsterinsights_sitenote_note":"","_monsterinsights_sitenote_category":0,"footnotes":""},"_links":{"self":[{"href":"https:\/\/bilbaogazte.bilbao.eus\/es\/wp-json\/wp\/v2\/pages\/58798"}],"collection":[{"href":"https:\/\/bilbaogazte.bilbao.eus\/es\/wp-json\/wp\/v2\/pages"}],"about":[{"href":"https:\/\/bilbaogazte.bilbao.eus\/es\/wp-json\/wp\/v2\/types\/page"}],"author":[{"embeddable":true,"href":"https:\/\/bilbaogazte.bilbao.eus\/es\/wp-json\/wp\/v2\/users\/79"}],"replies":[{"embeddable":true,"href":"https:\/\/bilbaogazte.bilbao.eus\/es\/wp-json\/wp\/v2\/comments?post=58798"}],"version-history":[{"count":13,"href":"https:\/\/bilbaogazte.bilbao.eus\/es\/wp-json\/wp\/v2\/pages\/58798\/revisions"}],"predecessor-version":[{"id":58909,"href":"https:\/\/bilbaogazte.bilbao.eus\/es\/wp-json\/wp\/v2\/pages\/58798\/revisions\/58909"}],"wp:attachment":[{"href":"https:\/\/bilbaogazte.bilbao.eus\/es\/wp-json\/wp\/v2\/media?parent=58798"}],"curies":[{"name":"wp","href":"https:\/\/api.w.org\/{rel}","templated":true}]}}