{"id":59076,"date":"2024-10-28T13:16:40","date_gmt":"2024-10-28T11:16:40","guid":{"rendered":"https:\/\/bilbaogazte.bilbao.eus\/es\/?page_id=59076"},"modified":"2026-04-01T15:15:45","modified_gmt":"2026-04-01T13:15:45","slug":"agenda-bilborock","status":"publish","type":"page","link":"https:\/\/bilbaogazte.bilbao.eus\/es\/bilborock\/agenda-bilborock\/","title":{"rendered":"Agenda de Bilborock"},"content":{"rendered":"<p>[vc_row][vc_column][vc_column_text][\/vc_column_text][\/vc_column][\/vc_row][vc_row][vc_column][vc_column_text][\/vc_column_text][\/vc_column][\/vc_row][vc_row][vc_column][\/vc_column][\/vc_row][vc_row][vc_column][\/vc_column][\/vc_row][vc_row][vc_column][\/vc_column][\/vc_row][vc_row][vc_column][vc_single_image image=\u00bb66989&#8243; img_size=\u00bbfull\u00bb][vc_column_text]\u00a1La programaci\u00f3n de abril en #Bilborock!<\/p>\n<p>Este mes, festivales, conciertos, comedia, proyecciones &#8230;..<\/p>\n<p>Aqu\u00ed puedes\u00a0 ver el programa completo:[\/vc_column_text][\/vc_column][\/vc_row][vc_row][vc_column][vc_custom_heading text=\u00bbABRIL 2026&#8243; google_fonts=\u00bbfont_family:Raleway%3A100%2C200%2C300%2Cregular%2C500%2C600%2C700%2C800%2C900|font_style:400%20regular%3A400%3Anormal\u00bb][\/vc_column][\/vc_row][vc_row][vc_column][vc_tta_accordion][vc_tta_section title=\u00bb2 de abril &gt; GAR\u00bb tab_id=\u00bb1758879588605-15fd797f-a4cf\u00bb][vc_column_text]<strong>20:00<\/strong><\/p>\n<p><span data-sheets-root=\"1\">GAR es el proyecto personal de Jon Garcia Zabala, que tras haber estado durante 15 a\u00f1os tocando en otra banda, en 2024 emprendi\u00f3 un proyecto en solitario. Una vez compuestas las canciones, su primer trabajo autobiogr\u00e1fico \u00abOraina eskuetan\u00bb vio la luz a finales de octubre de 2025, un disco donde la intimidad, nostalgia, profundidad y emoci\u00f3n son los principales ingredientes de sus letras y melod\u00edas.<\/span><\/p>\n<p><span data-sheets-root=\"1\">@garmusika<\/span><\/p>\n<p>Dentro de <span data-sheets-root=\"1\">BILBAO BASQUE FEST 2026<\/span><\/p>\n<div id=\"formula-bar\" class=\"formula-bar formulabar-disabled\">\n<div id=\"t-formula-bar-input-container\">\n<div dir=\"ltr\">\n<div id=\"t-formula-bar-input\" spellcheck=\"false\"><\/div>\n<\/div>\n<\/div>\n<\/div>\n<p><b>Gratis<\/b>[\/vc_column_text][vc_gallery interval=\u00bb3&#8243; images=\u00bb66999&#8243; img_size=\u00bbfull\u00bb][\/vc_tta_section][vc_tta_section title=\u00bb3 de abril &gt; MUGAN\u00bb tab_id=\u00bb1758879588653-1481cc94-de73&#8243;][vc_column_text]<strong>20:00<\/strong><\/p>\n<p><span data-sheets-root=\"1\">En esta ocasi\u00f3n, presentan su tercer \u00e1lbum de estudio, titulado \u00abBizitza ozen denean\u00bb. Un \u00e1lbum en dos partes. Dos maneras de abordar temas similares. Ante un mundo extra\u00f1o, una \u00fanica respuesta.<\/span><\/p>\n<p>@mugantaldea<\/p>\n<p>Dentro de <span data-sheets-root=\"1\">BILBAO BASQUE FEST 2026<\/span><\/p>\n<p><strong>Gratis<\/strong><\/p>\n<p>[\/vc_column_text][vc_gallery interval=\u00bb3&#8243; images=\u00bb67002&#8243; img_size=\u00bbfull\u00bb][\/vc_tta_section][vc_tta_section title=\u00bb4 de abril &gt; BISAI\u00bb tab_id=\u00bb1758880641030-aaa10ee2-6124&#8243;][vc_column_text]<strong>20:00<\/strong><\/p>\n<p><span data-sheets-root=\"1\">Somos BISAI, venimos del norte de Navarra. A principios de 2024 seg\u00fan se form\u00f3 la banda y empezamos a componer entramos al estudio MIK de Bera bajo la supervisi\u00f3n de Mikel Irazoki para grabar nuestro primer trabajo titulado Hemen naiz. Aqu\u00ed estamos, gu gara BISAI.<\/span><\/p>\n<p><span data-sheets-root=\"1\">@bisaii_<\/span><\/p>\n<p>Dentro de <span data-sheets-root=\"1\">BILBAO BASQUE FEST 2026<\/span><\/p>\n<p><strong>Gratis<\/strong>[\/vc_column_text][vc_gallery interval=\u00bb3&#8243; images=\u00bb67006&#8243; img_size=\u00bbfull\u00bb][\/vc_tta_section][vc_tta_section title=\u00bb8 de abril&gt; UNA Y PA\u00b4CASA\u00bb tab_id=\u00bb1758880857080-85849ebb-362e\u00bb][vc_column_text]<strong>20:00<\/strong><\/p>\n<p><span data-sheets-root=\"1\">UNA Y PA\u00b4CASA es un show de comedia donde se mezcla el stand up, la improvisaci\u00f3n y la participaci\u00f3n del p\u00fablico con sus an\u00e9cdotas m\u00e1s divertidas de una noche de fiesta. Un espect\u00e1culo donde Amets Arrieta y Dani Hern\u00e1ndez ser\u00e1n los anfitriones de la noche.<\/span><\/p>\n<p>@unaypacasashow<\/p>\n<p><strong>Entradas (10\u20ac preventa \/ 12,5\u20ac taquilla)<\/strong><\/p>\n<p><strong><a href=\"http:\/\/unaypacasa.es\/\" target=\"_blank\" rel=\"noopener\">Compra de entradas<\/a><\/strong>[\/vc_column_text][vc_gallery interval=\u00bb3&#8243; images=\u00bb67010&#8243; img_size=\u00bbfull\u00bb][\/vc_tta_section][vc_tta_section title=\u00bb10 de abril&gt; VSB26: Silitia + talde sailkatuen aurkezpena\u00bb tab_id=\u00bb1758881470287-66fe81fa-7eea\u00bb][vc_column_text]<strong><span data-sheets-root=\"1\">20:00\u00a0<\/span><\/strong><\/p>\n<p>VillaSoundBilbao<\/p>\n<p><strong>Gratis<\/strong>[\/vc_column_text][\/vc_tta_section][vc_tta_section title=\u00bb11 de abril &gt; SOUNDHOOD: TOLDOS VERDES + BIG SPECIAL + SPRINTS (areto nagosuan) + Showcase: STAFF + TRENDKILL + SUGER + VALENSKA (entsegu gelatan)\u00bb tab_id=\u00bb1758881768287-de042f6b-b97d\u00bb][vc_column_text]<strong>19:00 y 20:30<\/strong><\/p>\n<p><span data-sheets-root=\"1\">Soundhood es un proyecto de SON Estrella Galicia que trata de devolver la m\u00fasica al lugar de donde naci\u00f3: el barrio. A los bares, a las tiendas, a las salas. M\u00fasica, cultura de cerveza, gastronom\u00eda al lado de casa. Eso es Soundhood.<\/span><\/p>\n<p><span data-sheets-root=\"1\">#SONEstrellaGalicia<\/span><\/p>\n<p><strong>Entradas (39\/36)<\/strong><\/p>\n<p><strong><a href=\"http:\/\/dice.fm\/event\/69a954e879f20d00015ffc47\" target=\"_blank\" rel=\"noopener\">Compra de entradas<\/a><\/strong>[\/vc_column_text][vc_gallery interval=\u00bb3&#8243; images=\u00bb67013&#8243; img_size=\u00bbfull\u00bb][\/vc_tta_section][vc_tta_section title=\u00bb15 de abril &gt; Entrega de premios ETORKIZUNA MUSIKATAN \u00bb tab_id=\u00bb1758882022924-14de463a-979e\u00bb][vc_column_text]<strong>19:00<\/strong><\/p>\n<p><span data-sheets-root=\"1\">Estos premios pretenden reconocer a quienes se comprometen con la construcci\u00f3n comunitaria, la justicia social y el arte transformador. Es un homenaje a los proyectos y personas que, con mirada cr\u00edtica y pasi\u00f3n, creen en un presente y futuro m\u00e1s humano.<\/span><\/p>\n<p>@etorkizuna_musikatan<\/p>\n<p><strong>Con invitaci\u00f3n<\/strong>[\/vc_column_text][vc_gallery interval=\u00bb3&#8243; images=\u00bb67017&#8243;][\/vc_tta_section][vc_tta_section title=\u00bb16 de abril &gt; TETAS &#8211; RAIRA ROSENKJAR\u00bb tab_id=\u00bb1759406482124-039e45de-684b\u00bb][vc_column_text]<strong>19:30<\/strong><\/p>\n<p><span data-sheets-root=\"1\">En escena una mujer que fue tetas antes de ser mujer, y por ser tetas no pudo ser nada m\u00e1s sino una mujer.<\/span><\/p>\n<p><span data-sheets-root=\"1\">@rarosenkjar<\/span><\/p>\n<p>En <span data-sheets-root=\"1\">BLV-ART<\/span><\/p>\n<p><strong>Entradas (5\u20ac)<\/strong><\/p>\n<p><strong><a href=\"http:\/\/bilbaokultura.eus\" target=\"_blank\" rel=\"noopener\">Compra de entradas<\/a><\/strong>[\/vc_column_text][vc_gallery interval=\u00bb3&#8243; images=\u00bb67026&#8243;][\/vc_tta_section][vc_tta_section title=\u00bb17 de abril &gt; VSB26: NIERE + FR\u00cdA JANE + IZENA \u00bb tab_id=\u00bb1758882335561-d8dc2520-dfcb\u00bb][vc_column_text]<strong>20:00<\/strong><\/p>\n<p>VillaSoundBilbao<\/p>\n<p><strong>Gratis<\/strong>[\/vc_column_text][\/vc_tta_section][vc_tta_section title=\u00bb18 de abril &gt; VSB26: HARITZ OLAETA + JUNE MIAU + NEIFFER\u00bb tab_id=\u00bb1758882433179-8d6b4e0e-1057&#8243;][vc_column_text]<strong>20:00<\/strong><\/p>\n<p><span data-sheets-root=\"1\">VillaSoundBilbao<\/span><\/p>\n<p><strong>Gratis<\/strong>[\/vc_column_text][\/vc_tta_section][vc_tta_section title=\u00bb19 de abril &gt; 100 COSAS QUE HACER HOY MEJOR QUE VER ESTE ESPECT\u00c1CULO &#8211; PALOMA CALLE\u00bb tab_id=\u00bb1758883005700-92f48303-cca9&#8243;][vc_column_text]<span data-sheets-root=\"1\"><strong>17:00 a 21:00<\/strong> (se puede entrar en cualquier momento)<\/span><\/p>\n<p><span data-sheets-root=\"1\">El p\u00fablico podr\u00e1 entrar y salir cuando considere siempre respetando el funcionamiento del espect\u00e1culo. <\/span><\/p>\n<p><span data-sheets-root=\"1\">A lo largo de 4 horas Paloma Calle y la artista invitada para la ocasi\u00f3n, Jone Garcia, se meten en una espiral imparable de acciones de dos minutos de duraci\u00f3n avanzando hasta el final como un par de marionetas homicidas.<\/span><\/p>\n<p><span data-sheets-root=\"1\">@paloma_calle<\/span><\/p>\n<p><strong>Entradas (5\u20ac)<\/strong><\/p>\n<p><strong><a href=\"http:\/\/bilbaokultura.eus\" target=\"_blank\" rel=\"noopener\">Compra de entradas<\/a><\/strong>[\/vc_column_text][vc_gallery interval=\u00bb3&#8243; images=\u00bb67032&#8243; img_size=\u00bbfull\u00bb][\/vc_tta_section][vc_tta_section title=\u00bb22 de abril &gt; GEMIDOS DE UN CUERPO SIN \u00d3RGANOS\u00bb tab_id=\u00bb1769089482360-ce61cfb7-f2ce\u00bb][vc_column_text]<strong>19:30<\/strong><\/p>\n<p><span data-sheets-root=\"1\">Gemidos de un cuerpo sin \u00f3rganos agertokiko makineria bat da, publikoaren begiradan funtzionatzen duena, haren nahien eta eskaeren bidez (berariaz esandakoak nahiz isilduak). Proposamen eszeniko honetan, sedukzioak eta izugarritasunak bat egiten dute. Gemidos de un cuerpo sin \u00f3rganos es una maquinaria esc\u00e9nica que se desarrolla a trav\u00e9s de la mirada del p\u00fablico. A trav\u00e9s de sus deseos y sus peticiones: las explicitadas y las silenciadas. Una propuesta esc\u00e9nica en la que seducci\u00f3n y monstruosidad se encuentran.<\/span><\/p>\n<p><span data-sheets-root=\"1\">@ama.iurr <\/span><\/p>\n<p>En BLV-Art<\/p>\n<p><strong>Entradas (5\u20ac)<\/strong><\/p>\n<p><strong><a href=\"http:\/\/bilbaokultura.eus\" target=\"_blank\" rel=\"noopener\">Compra de entradas<\/a><\/strong>[\/vc_column_text][vc_gallery interval=\u00bb3&#8243; images=\u00bb67037&#8243; img_size=\u00bbfull\u00bb][\/vc_tta_section][vc_tta_section title=\u00bb23 de abril &gt; DELICE: Slow Fashion Night\u00bb tab_id=\u00bb1769675483994-8dffeda7-c958&#8243;][vc_column_text]<strong>19:30<\/strong><\/p>\n<p><span data-sheets-root=\"1\">Un desfile que rompe esquemas: elegante, vibrante y lleno de talento local. Un punto de encuentro donde dise\u00f1adores y artistas emergentes de Vizcaya se unen en un espect\u00e1culo que transformar\u00e1 tu forma de entender la moda. Porque comprar ropa tambi\u00e9n puede ser un acto consciente y creativo.<\/span><\/p>\n<p><span data-sheets-root=\"1\">@delice_slowfashion<\/span><\/p>\n<p><strong>Gratis<\/strong>[\/vc_column_text][vc_gallery interval=\u00bb3&#8243; images=\u00bb67041&#8243; img_size=\u00bbfull\u00bb][\/vc_tta_section][vc_tta_section title=\u00bb24 de abril &gt; VSB26: LAZYKIDD + LAPS. + MOSTAZA KARIZIA\u00bb tab_id=\u00bb1769675600458-e65486df-8b51&#8243;][vc_column_text]<strong>20:00<\/strong><\/p>\n<p><span data-sheets-root=\"1\">VillaSoundBilbao<\/span><\/p>\n<p><b>Gratis<\/b>[\/vc_column_text][\/vc_tta_section][vc_tta_section title=\u00bb25 de abril &gt; VSB26: UXUE KEREJETA + ANE MARTIJA + GAR\u00bb tab_id=\u00bb1772208443056-362623fd-7136&#8243;][vc_column_text]<strong>\u00a020:00<\/strong><\/p>\n<p><span data-sheets-root=\"1\">VillaSoundBilbao<\/span><\/p>\n<p><strong>Gratis<\/strong>[\/vc_column_text][\/vc_tta_section][vc_tta_section title=\u00bb26 de abril &gt; ALUSINASONS &#8211; JAUME CLOTET\u00bb tab_id=\u00bb1772208759143-8bf71abd-e857&#8243;][vc_column_text]<strong>19:00<\/strong><\/p>\n<p><span data-sheets-root=\"1\">\u00a0ALUSINASONS es una oda disruptiva al mundo festivo y al imaginario que lo acompa\u00f1a: un concierto instalativo donde un personaje se ve dominado y arrastrado por l\u00f3gicas alcoh\u00f3licas delirantes y caricaturescas.<\/span><\/p>\n<p><span data-sheets-root=\"1\">@jaume.clotet<\/span><\/p>\n<p><span data-sheets-root=\"1\"> @jaujeje<\/span><\/p>\n<p>En BLV-ART<\/p>\n<p><strong>Entradas (5\u20ac)<\/strong><\/p>\n<p><a href=\"http:\/\/bilbaokultura.eus\" target=\"_blank\" rel=\"noopener\"><strong>Compra de entradas<\/strong><\/a>[\/vc_column_text][vc_gallery interval=\u00bb3&#8243; images=\u00bb67074&#8243; img_size=\u00bbfull\u00bb][\/vc_tta_section][vc_tta_section title=\u00bb28 de abril &gt; DONDE LLORAN LOS OLIVOS\u00bb tab_id=\u00bb1772209124725-66e37124-08bb\u00bb][vc_column_text]<strong>19:00<\/strong><\/p>\n<p><span data-sheets-root=\"1\">Proyecci\u00f3n de \u00abDonde lloran los olivos\u00bb, documental dirigido por Hamdan Ballal y Yuval Abraham, sobre la ocupaci\u00f3n israel\u00ed en Palestina y posterior coloquio con Teresa Aranguren Am\u00e9zola, periodista y escritora espa\u00f1ola, especialista en el mundo \u00e1rabe oriental y en zonas de conflicto.<\/span><\/p>\n<p><span data-sheets-root=\"1\">@oee_zinema <\/span><\/p>\n<p><span data-sheets-root=\"1\">@kcdongd <\/span><\/p>\n<p><span data-sheets-root=\"1\">@terearanguren<\/span><\/p>\n<p><b>Gratis<\/b>[\/vc_column_text][vc_gallery interval=\u00bb3&#8243; images=\u00bb67049&#8243; img_size=\u00bbfull\u00bb][\/vc_tta_section][vc_tta_section title=\u00bb30 de abril &gt; DALE KALIGULA + NORMAN BATES\u00bb tab_id=\u00bb1775044660946-49d51f2d-6e3f\u00bb][vc_column_text]<strong>20:00<\/strong><\/p>\n<p><span data-sheets-root=\"1\">A Norman Bates y dale kaligula les une el amor por la m\u00fasica, la gente y compartir momentos. Todo ello lo har\u00e1n el 30 de Abril en la noche principal de la gira de ambas bandas, Norman Bates presentando EP (Motel) y nueva formaci\u00f3n, y dale kaligula presentando disco (Sasilanak). Dos de los principales representantes de la escena emergente de Uribe Kosta en un evento que sin duda perdurar\u00e1 en su memoria por muchos a\u00f1os. <\/span><\/p>\n<p><strong>Entradas (5\u20ac)<\/strong><\/p>\n<p><strong><a href=\"http:\/\/entradium.com\/events\/dale-kaligula-norman-bates\" target=\"_blank\" rel=\"noopener\">Compra de entradas<\/a><\/strong>[\/vc_column_text][vc_gallery interval=\u00bb3&#8243; images=\u00bb67052&#8243; img_size=\u00bbfull\u00bb][\/vc_tta_section][\/vc_tta_accordion][\/vc_column][\/vc_row][vc_row][vc_column][vc_single_image image=\u00bb66992&#8243; img_size=\u00bbfull\u00bb][\/vc_column][\/vc_row]<\/p>\n","protected":false},"excerpt":{"rendered":"<p class=\"entry-summary\">\u00a1La programaci\u00f3n de abril en #Bilborock! Este mes, festivales, conciertos, comedia, proyecciones &#8230;.. Aqu\u00ed puedes\u00a0 ver&hellip;<\/p>\n<div class=\"link-more\"><a href=\"https:\/\/bilbaogazte.bilbao.eus\/es\/bilborock\/agenda-bilborock\/\" class=\"more-link\">Continue reading<span class=\"screen-reader-text\"> &ldquo;Agenda de Bilborock&rdquo;<\/span>&hellip;<\/a><\/div>","protected":false},"author":79,"featured_media":0,"parent":512,"menu_order":0,"comment_status":"closed","ping_status":"closed","template":"","meta":{"_monsterinsights_skip_tracking":false,"_monsterinsights_sitenote_active":false,"_monsterinsights_sitenote_note":"","_monsterinsights_sitenote_category":0,"footnotes":""},"_links":{"self":[{"href":"https:\/\/bilbaogazte.bilbao.eus\/es\/wp-json\/wp\/v2\/pages\/59076"}],"collection":[{"href":"https:\/\/bilbaogazte.bilbao.eus\/es\/wp-json\/wp\/v2\/pages"}],"about":[{"href":"https:\/\/bilbaogazte.bilbao.eus\/es\/wp-json\/wp\/v2\/types\/page"}],"author":[{"embeddable":true,"href":"https:\/\/bilbaogazte.bilbao.eus\/es\/wp-json\/wp\/v2\/users\/79"}],"replies":[{"embeddable":true,"href":"https:\/\/bilbaogazte.bilbao.eus\/es\/wp-json\/wp\/v2\/comments?post=59076"}],"version-history":[{"count":250,"href":"https:\/\/bilbaogazte.bilbao.eus\/es\/wp-json\/wp\/v2\/pages\/59076\/revisions"}],"predecessor-version":[{"id":67076,"href":"https:\/\/bilbaogazte.bilbao.eus\/es\/wp-json\/wp\/v2\/pages\/59076\/revisions\/67076"}],"up":[{"embeddable":true,"href":"https:\/\/bilbaogazte.bilbao.eus\/es\/wp-json\/wp\/v2\/pages\/512"}],"wp:attachment":[{"href":"https:\/\/bilbaogazte.bilbao.eus\/es\/wp-json\/wp\/v2\/media?parent=59076"}],"curies":[{"name":"wp","href":"https:\/\/api.w.org\/{rel}","templated":true}]}}