{"id":59112,"date":"2024-10-28T13:10:05","date_gmt":"2024-10-28T11:10:05","guid":{"rendered":"https:\/\/bilbaogazte.bilbao.eus\/es\/erakusketa-eta-ikasgai-magistrala\/"},"modified":"2025-11-06T11:55:39","modified_gmt":"2025-11-06T09:55:39","slug":"exposicion-y-masterclass","status":"publish","type":"page","link":"https:\/\/bilbaogazte.bilbao.eus\/es\/exposicion-y-masterclass\/","title":{"rendered":"EXPOSICI\u00d3N Y MASTERCLASS"},"content":{"rendered":"<p>[vc_row][vc_column][vc_single_image image=\u00bb55596&#8243; img_size=\u00bbfull\u00bb onclick=\u00bbcustom_link\u00bb link=\u00bbhttps:\/\/bilbaogazte.bilbao.eus\/greenglam\/\u00bb][\/vc_column][\/vc_row][vc_row][vc_column width=\u00bb2\/3&#8243;][vc_column_text]<strong>EXPOSICI\u00d3N: \u201cNUEVAS NARRATIVAS TEXTILES\u201d<br \/>\n<\/strong><strong>MASTERCLASS: \u201cCUERPO, MATERIA Y NATURALEZA\u201d <\/strong><\/p>\n<p>Para cerrar la \u00faltima fase del programa Green Glam: Moda Sostenible de Konekta Ideiak y poder visualizar el trabajo tras el mentoring realizado por Estudio Bokashi durante 6 meses a los y las ganadoras de los proyectos <em>\u00abGuzedido\u00bb<\/em> e <em>\u00abInvestigaci\u00f3n, documentaci\u00f3n y registro del proceso de elaboraci\u00f3n de una americana con t\u00e9cnicas de sastrer\u00eda artesanal\u00bb, <\/em>contaremos con una <strong>EXPOSICI\u00d3N <\/strong>en La Perrera. En ella, tambi\u00e9n podremos ver algunas obras de la prestigiosa arquitecta y dise\u00f1adora Raquel Buj. Adem\u00e1s, contaremos con una masterclass gratuita en torno al bioarte textil impartida por Raquel Buj.[\/vc_column_text][\/vc_column][vc_column width=\u00bb1\/3&#8243;][vc_empty_space][vc_column_text css=\u00bb.vc_custom_1730198646829{background-color: #dd4f4f !important;}\u00bb]<\/p>\n<p style=\"text-align: center;\"><span style=\"color: #ffffff;\"><strong>CONTACTO<\/strong><\/span><\/p>\n<p>[\/vc_column_text][vc_column_text]<a href=\"mailto:gazteria@bilbao.eus\">gazteria@bilbao.eus<\/a><\/p>\n<p>94 465 47 75<br \/>\n(L-V de 9:00 a 14:00 y\u00a0 mi\u00e9rcoles hasta las 17:00)[\/vc_column_text][\/vc_column][\/vc_row][vc_row][vc_column width=\u00bb1\/4&#8243;][vc_btn title=\u00bbEXPOSICI\u00d3N\u00bb color=\u00bbpink\u00bb link=\u00bburl:https%3A%2F%2Fbilbaogazte.bilbao.eus%2Fes%2Ferakusketa-greemglam%2F|||\u00bb][\/vc_column][vc_column width=\u00bb1\/4&#8243;][vc_btn title=\u00bbMASTERCLASS\u00bb color=\u00bbpink\u00bb link=\u00bburl:https%3A%2F%2Fbilbaogazte.bilbao.eus%2Fes%2Fmasterclass-cuerpo-materia-y-naturaleza%2F|||\u00bb][\/vc_column][vc_column width=\u00bb1\/4&#8243;][\/vc_column][vc_column width=\u00bb1\/4&#8243;][\/vc_column][\/vc_row][vc_row][vc_column width=\u00bb5\/6&#8243;][vc_empty_space][vc_gallery type=\u00bbnivo\u00bb interval=\u00bb3&#8243; images=\u00bb59223,59226,59213,59210,59207,59187,59229,59204&#8243; img_size=\u00bbmedium\u00bb][\/vc_column][vc_column width=\u00bb1\/6&#8243;][\/vc_column][\/vc_row]<\/p>\n","protected":false},"excerpt":{"rendered":"<p class=\"entry-summary\">EXPOSICI\u00d3N: \u201cNUEVAS NARRATIVAS TEXTILES\u201d MASTERCLASS: \u201cCUERPO, MATERIA Y NATURALEZA\u201d Para cerrar la \u00faltima&hellip;<\/p>\n<div class=\"link-more\"><a href=\"https:\/\/bilbaogazte.bilbao.eus\/es\/exposicion-y-masterclass\/\" class=\"more-link\">Continue reading<span class=\"screen-reader-text\"> &ldquo;EXPOSICI\u00d3N Y MASTERCLASS&rdquo;<\/span>&hellip;<\/a><\/div>","protected":false},"author":79,"featured_media":0,"parent":0,"menu_order":0,"comment_status":"closed","ping_status":"closed","template":"","meta":{"_monsterinsights_skip_tracking":false,"_monsterinsights_sitenote_active":false,"_monsterinsights_sitenote_note":"","_monsterinsights_sitenote_category":0,"footnotes":""},"_links":{"self":[{"href":"https:\/\/bilbaogazte.bilbao.eus\/es\/wp-json\/wp\/v2\/pages\/59112"}],"collection":[{"href":"https:\/\/bilbaogazte.bilbao.eus\/es\/wp-json\/wp\/v2\/pages"}],"about":[{"href":"https:\/\/bilbaogazte.bilbao.eus\/es\/wp-json\/wp\/v2\/types\/page"}],"author":[{"embeddable":true,"href":"https:\/\/bilbaogazte.bilbao.eus\/es\/wp-json\/wp\/v2\/users\/79"}],"replies":[{"embeddable":true,"href":"https:\/\/bilbaogazte.bilbao.eus\/es\/wp-json\/wp\/v2\/comments?post=59112"}],"version-history":[{"count":18,"href":"https:\/\/bilbaogazte.bilbao.eus\/es\/wp-json\/wp\/v2\/pages\/59112\/revisions"}],"predecessor-version":[{"id":64904,"href":"https:\/\/bilbaogazte.bilbao.eus\/es\/wp-json\/wp\/v2\/pages\/59112\/revisions\/64904"}],"wp:attachment":[{"href":"https:\/\/bilbaogazte.bilbao.eus\/es\/wp-json\/wp\/v2\/media?parent=59112"}],"curies":[{"name":"wp","href":"https:\/\/api.w.org\/{rel}","templated":true}]}}