{"id":59135,"date":"2024-10-28T13:30:22","date_gmt":"2024-10-28T11:30:22","guid":{"rendered":"https:\/\/bilbaogazte.bilbao.eus\/es\/erakusketa-greemglam\/"},"modified":"2024-11-13T14:21:13","modified_gmt":"2024-11-13T12:21:13","slug":"erakusketa-greemglam","status":"publish","type":"page","link":"https:\/\/bilbaogazte.bilbao.eus\/es\/erakusketa-greemglam\/","title":{"rendered":"EXPOSICI\u00d3N: \u201cGREENGLAM: EXPLORANDO NUEVAS NARRATIVAS TEXTILES\u201d"},"content":{"rendered":"<p>[vc_row][vc_column][vc_single_image image=\u00bb55596&#8243; img_size=\u00bbfull\u00bb onclick=\u00bbcustom_link\u00bb link=\u00bbhttps:\/\/bilbaogazte.bilbao.eus\/greenglam\/\u00bb][\/vc_column][\/vc_row][vc_row][vc_column width=\u00bb2\/3&#8243;][vc_column_text]<strong>EXPOSICI\u00d3N: 19 \u2013 25 DE NOVIEMBRE | LA PERRERA<br \/>\n<b>20, 21, 22 y 25 de noviembre: 1<\/b><b>6<\/b><b>:30 \u2013 20:30<\/b><br \/>\n<b>23 de noviembre, s\u00e1bado: 11:00 &#8211; 15:00<\/b><\/strong><\/p>\n<p><strong>EVENTO: 19 DE NOVIEMBRE \u2013 19:00-21:00 | LA PERRERA<\/strong><\/p>\n<p>Podemos pensar la moda m\u00e1s all\u00e1 de la vestimenta, como una segunda piel expandida que construya nuevas relaciones entre cuerpos sintientes, materia y entorno. En medio de la crisis clim\u00e1tica en la que nos encontramos, resulta urgente aproximarse desde el dise\u00f1o a visiones menos antropoc\u00e9ntricas, salir de nuestro propio cuerpo para poner el foco en la materia, en sus posibilidades de transformaci\u00f3n y de creaci\u00f3n de nuevos relatos ecol\u00f3gicos.<\/p>\n<p>Esta exposici\u00f3n es el reflejo del cambio que se est\u00e1 produciendo en la metodolog\u00eda textil, desde un prisma tradicional hacia un nuevo despertar material.<\/p>\n<p><strong>Proyecto<\/strong> <strong><em>\u201cGuzedido\u201d<\/em><\/strong><\/p>\n<p><a href=\"https:\/\/www.martareparaz.com\/hypno-dzcv\">Marta Rep\u00e1raz<\/a> y <a href=\"https:\/\/www.martindelbusto.com\/\">Martin del Busto<\/a> han unido sus disciplinas en el arte para crear distintas piezas relacionadas con el mar; se podr\u00e1n observar diferentes obras como ejercicio para desdibujar las l\u00edneas entre la fotograf\u00eda y la moda. Han elaborado tambi\u00e9n un Fanzine que recoge informaci\u00f3n de todo el proceso a nivel visual y gr\u00e1fico.<\/p>\n<p>Respecto al creador y creadora de este trabajo, se\u00f1alar que Marta Rep\u00e1raz es una joven dise\u00f1adora bilba\u00edna, y en su carrera destacan el premio internacional Shima Seiki de Jap\u00f3n y el premio a la \u201cMejor Dise\u00f1adora Espa\u00f1ola Emergente\u201d de la Universidad Polit\u00e9cnica de Madrid.<\/p>\n<p>Martin del Busto, es un joven fot\u00f3grafo getxoarra formado en Londres (Universidad de Camberwell, UAL) que entiende la fotograf\u00eda como algo que no finaliza cuando captura las im\u00e1genes, sino que sigue en evoluci\u00f3n mediante la edici\u00f3n o la impresi\u00f3n.<\/p>\n<p><strong>Proyecto <em>\u201cInvestigaci\u00f3n, documentaci\u00f3n y registro del proceso de elaboraci\u00f3n de una americana con t\u00e9cnicas de sastrer\u00eda artesanal<\/em>\u201d<\/strong><\/p>\n<p><a href=\"https:\/\/www.instagram.com\/proyecto.sastreria.proiektua?igsh=enNvbGxmZ2FreDhm\">Arantxa Esparza<\/a> ha trabajado con el experimentado sastre jubilado Juan Antonio Andrade para revisar y preservar el proceso tradicional de sastrer\u00eda artesanal. Fruto del mismo, para la exposici\u00f3n, ha creado trajes que fusionan la tradici\u00f3n con innovaciones tecnol\u00f3gicas actuales, y en ella se podr\u00e1 ver tambi\u00e9n procesos de patrones y piezas de tejido cortadas, adem\u00e1s de un v\u00eddeo del trabajo realizado.<\/p>\n<p>Arantxa Esparza es ingeniera de telecomunicaciones, ha realizado un M\u00e1ster Universitario en Inteligencia Artificial, Reconocimiento de Formas e Imagen Digital, y, adem\u00e1s, cuenta con estudios de grado superior en Patronaje y Moda y con conocimientos sobre la moda sostenible, corte y confecci\u00f3n y Alta Sastrer\u00eda.[\/vc_column_text][\/vc_column][vc_column width=\u00bb1\/3&#8243;][vc_empty_space][vc_column_text css=\u00bb.vc_custom_1730118225577{background-color: #dd4f4f !important;}\u00bb]<\/p>\n<p style=\"text-align: center;\"><span style=\"color: #ffffff;\"><strong>CONTACTO<\/strong><\/span><\/p>\n<p>[\/vc_column_text][vc_column_text]<a href=\"mailto:gazteria@bilbao.eus\">\u00a0gazteria@bilbao.eus<\/a><\/p>\n<p>944 20 30 98<br \/>\n(L-V de 9:00 a1 4:00y los mi\u00e9rcoles hasta las 17:00)[\/vc_column_text][\/vc_column][\/vc_row][vc_row][vc_column width=\u00bb1\/4&#8243;][\/vc_column][vc_column width=\u00bb1\/4&#8243;][\/vc_column][vc_column width=\u00bb1\/4&#8243;][\/vc_column][vc_column width=\u00bb1\/4&#8243;][\/vc_column][\/vc_row]<\/p>\n","protected":false},"excerpt":{"rendered":"<p class=\"entry-summary\">EXPOSICI\u00d3N: 19 \u2013 25 DE NOVIEMBRE | LA PERRERA 20, 21, 22 y&hellip;<\/p>\n<div class=\"link-more\"><a href=\"https:\/\/bilbaogazte.bilbao.eus\/es\/erakusketa-greemglam\/\" class=\"more-link\">Continue reading<span class=\"screen-reader-text\"> &ldquo;EXPOSICI\u00d3N: \u201cGREENGLAM: EXPLORANDO NUEVAS NARRATIVAS TEXTILES\u201d&rdquo;<\/span>&hellip;<\/a><\/div>","protected":false},"author":79,"featured_media":0,"parent":0,"menu_order":0,"comment_status":"closed","ping_status":"closed","template":"","meta":{"_monsterinsights_skip_tracking":false,"_monsterinsights_sitenote_active":false,"_monsterinsights_sitenote_note":"","_monsterinsights_sitenote_category":0,"footnotes":""},"_links":{"self":[{"href":"https:\/\/bilbaogazte.bilbao.eus\/es\/wp-json\/wp\/v2\/pages\/59135"}],"collection":[{"href":"https:\/\/bilbaogazte.bilbao.eus\/es\/wp-json\/wp\/v2\/pages"}],"about":[{"href":"https:\/\/bilbaogazte.bilbao.eus\/es\/wp-json\/wp\/v2\/types\/page"}],"author":[{"embeddable":true,"href":"https:\/\/bilbaogazte.bilbao.eus\/es\/wp-json\/wp\/v2\/users\/79"}],"replies":[{"embeddable":true,"href":"https:\/\/bilbaogazte.bilbao.eus\/es\/wp-json\/wp\/v2\/comments?post=59135"}],"version-history":[{"count":6,"href":"https:\/\/bilbaogazte.bilbao.eus\/es\/wp-json\/wp\/v2\/pages\/59135\/revisions"}],"predecessor-version":[{"id":59334,"href":"https:\/\/bilbaogazte.bilbao.eus\/es\/wp-json\/wp\/v2\/pages\/59135\/revisions\/59334"}],"wp:attachment":[{"href":"https:\/\/bilbaogazte.bilbao.eus\/es\/wp-json\/wp\/v2\/media?parent=59135"}],"curies":[{"name":"wp","href":"https:\/\/api.w.org\/{rel}","templated":true}]}}