{"id":59142,"date":"2024-10-28T13:48:24","date_gmt":"2024-10-28T11:48:24","guid":{"rendered":"https:\/\/bilbaogazte.bilbao.eus\/es\/ikasgai-magistrala-gorputza-materia-eta-natura\/"},"modified":"2024-11-06T11:01:07","modified_gmt":"2024-11-06T09:01:07","slug":"masterclass-cuerpo-materia-y-naturaleza","status":"publish","type":"page","link":"https:\/\/bilbaogazte.bilbao.eus\/es\/masterclass-cuerpo-materia-y-naturaleza\/","title":{"rendered":"MASTERCLASS: \u201cCUERPO, MATERIA Y NATURALEZA\u201d"},"content":{"rendered":"<p>[vc_row][vc_column][vc_single_image image=\u00bb55596&#8243; img_size=\u00bbfull\u00bb onclick=\u00bbcustom_link\u00bb link=\u00bbhttps:\/\/bilbaogazte.bilbao.eus\/greenglam\/\u00bb][\/vc_column][\/vc_row][vc_row][vc_column width=\u00bb2\/3&#8243;][vc_column_text]<strong>MASTERCLASS: 19 DE NOVIEMBRE 11:00 \u2013 12:00 | LA PERRERA<\/strong><\/p>\n<p>La masterclass \u00ab<em>Cuerpo, materia y naturaleza<\/em>\u00bb introduce nuevas\u00a0materialidades en la moda, donde se mezclan distintas disciplinas, el arte, la danza, la arquitectura y la investigaci\u00f3n material.<\/p>\n<p>A trav\u00e9s de un recorrido por algunos trabajos realizados en el taller,\u00a0podr\u00e1s explorar otras maneras de trabajar alrededor del cuerpo, de manera que sea posible acercarnos al entorno, y hacernos m\u00e1s sensibles frente a \u00e9l.<\/p>\n<p>Esta masterclass <strong>gratuita<\/strong> ser\u00e1 impartida por\u00a0<a href=\"https:\/\/www.buj.studio\/\">Raquel Buj<\/a>, arquitecta y dise\u00f1adora de moda experimental especializada en nuevos materiales, artesan\u00edas innovadoras y fabricaci\u00f3n digital.[\/vc_column_text][\/vc_column][vc_column width=\u00bb1\/3&#8243;][vc_empty_space][vc_column_text css=\u00bb.vc_custom_1730198534463{background-color: #dd4f4f !important;}\u00bb]<\/p>\n<p style=\"text-align: center;\"><span style=\"color: #ffffff;\"><strong>MASTERCLASS<\/strong><\/span><\/p>\n<p>[\/vc_column_text][vc_column_text]\u00a1Inscr\u00edbete <a href=\"https:\/\/linktr.ee\/estudiobokashi?utm_source=linktree_profile_share&amp;ltsid=8699c2ef-4865-4545-bc48-1630a7323bb8\"><strong>aqu\u00ed<\/strong><\/a>![\/vc_column_text][\/vc_column][\/vc_row][vc_row][vc_column width=\u00bb1\/4&#8243;][\/vc_column][vc_column width=\u00bb1\/4&#8243;][\/vc_column][vc_column width=\u00bb1\/4&#8243;][\/vc_column][vc_column width=\u00bb1\/4&#8243;][\/vc_column][\/vc_row]<\/p>\n","protected":false},"excerpt":{"rendered":"<p class=\"entry-summary\">MASTERCLASS: 19 DE NOVIEMBRE 11:00 \u2013 12:00 | LA PERRERA La masterclass \u00abCuerpo,&hellip;<\/p>\n<div class=\"link-more\"><a href=\"https:\/\/bilbaogazte.bilbao.eus\/es\/masterclass-cuerpo-materia-y-naturaleza\/\" class=\"more-link\">Continue reading<span class=\"screen-reader-text\"> &ldquo;MASTERCLASS: \u201cCUERPO, MATERIA Y NATURALEZA\u201d&rdquo;<\/span>&hellip;<\/a><\/div>","protected":false},"author":79,"featured_media":0,"parent":0,"menu_order":0,"comment_status":"closed","ping_status":"closed","template":"","meta":{"_monsterinsights_skip_tracking":false,"_monsterinsights_sitenote_active":false,"_monsterinsights_sitenote_note":"","_monsterinsights_sitenote_category":0,"footnotes":""},"_links":{"self":[{"href":"https:\/\/bilbaogazte.bilbao.eus\/es\/wp-json\/wp\/v2\/pages\/59142"}],"collection":[{"href":"https:\/\/bilbaogazte.bilbao.eus\/es\/wp-json\/wp\/v2\/pages"}],"about":[{"href":"https:\/\/bilbaogazte.bilbao.eus\/es\/wp-json\/wp\/v2\/types\/page"}],"author":[{"embeddable":true,"href":"https:\/\/bilbaogazte.bilbao.eus\/es\/wp-json\/wp\/v2\/users\/79"}],"replies":[{"embeddable":true,"href":"https:\/\/bilbaogazte.bilbao.eus\/es\/wp-json\/wp\/v2\/comments?post=59142"}],"version-history":[{"count":7,"href":"https:\/\/bilbaogazte.bilbao.eus\/es\/wp-json\/wp\/v2\/pages\/59142\/revisions"}],"predecessor-version":[{"id":59253,"href":"https:\/\/bilbaogazte.bilbao.eus\/es\/wp-json\/wp\/v2\/pages\/59142\/revisions\/59253"}],"wp:attachment":[{"href":"https:\/\/bilbaogazte.bilbao.eus\/es\/wp-json\/wp\/v2\/media?parent=59142"}],"curies":[{"name":"wp","href":"https:\/\/api.w.org\/{rel}","templated":true}]}}