{"id":59753,"date":"2024-12-09T10:57:59","date_gmt":"2024-12-09T08:57:59","guid":{"rendered":"https:\/\/bilbaogazte.bilbao.eus\/es\/?page_id=59753"},"modified":"2024-12-09T12:23:22","modified_gmt":"2024-12-09T10:23:22","slug":"ia-robotics-lab","status":"publish","type":"page","link":"https:\/\/bilbaogazte.bilbao.eus\/es\/ia-robotics-lab\/","title":{"rendered":"IA &#038; ROBOTICS LAB"},"content":{"rendered":"<p>[vc_row][vc_column][vc_column_text]<\/p>\n<p>&nbsp;<\/p>\n<p>&nbsp;<\/p>\n<p><span style=\"font-weight: 400;\">IA &amp; Robotics Lab es un <strong>espacio de formaci\u00f3n tecnol\u00f3gica avanzada<\/strong>, el cual impulsa la formaci\u00f3n en <strong>inteligencia artificial<\/strong> y <strong>rob\u00f3tica<\/strong> para j\u00f3venes.\u00a0<\/span><\/p>\n<p><span style=\"font-weight: 400;\">Equipado con tecnolog\u00eda de \u00faltima generaci\u00f3n y desarrollado en colaboraci\u00f3n con UPV\/EHU, BAIC, el Ayuntamiento de Bilbao y Camp Tecnol\u00f3gico, este espacio<strong> promueve el aprendizaje pr\u00e1ctico, la innovaci\u00f3n y el desarrollo de competencias<\/strong> en sectores tecnol\u00f3gicos avanzados.\u00a0<\/span><\/p>\n<p><span style=\"font-weight: 400;\">Ofrece oportunidades para personas mayores de 18 a\u00f1os de aprender, experimentar y desarrollar proyectos innovadores.\u00a0<\/span><\/p>\n<p><span style=\"font-weight: 400;\">Buscamos fomentar la colaboraci\u00f3n mediante <strong>debates, seminarios, talleres y proyectos de investigaci\u00f3n<\/strong>, incentivando soluciones creativas a retos planteados por entidades o empresas.\u00a0<\/span>[\/vc_column_text][\/vc_column][\/vc_row]<\/p>\n","protected":false},"excerpt":{"rendered":"<p class=\"entry-summary\"> &nbsp; &nbsp; IA &amp; Robotics Lab es un espacio de formaci\u00f3n tecnol\u00f3gica avanzada, el cual impulsa la&hellip;<\/p>\n<div class=\"link-more\"><a href=\"https:\/\/bilbaogazte.bilbao.eus\/es\/ia-robotics-lab\/\" class=\"more-link\">Continue reading<span class=\"screen-reader-text\"> &ldquo;IA &#038; ROBOTICS LAB&rdquo;<\/span>&hellip;<\/a><\/div>","protected":false},"author":79,"featured_media":0,"parent":0,"menu_order":0,"comment_status":"closed","ping_status":"closed","template":"","meta":{"_monsterinsights_skip_tracking":false,"_monsterinsights_sitenote_active":false,"_monsterinsights_sitenote_note":"","_monsterinsights_sitenote_category":0,"footnotes":""},"_links":{"self":[{"href":"https:\/\/bilbaogazte.bilbao.eus\/es\/wp-json\/wp\/v2\/pages\/59753"}],"collection":[{"href":"https:\/\/bilbaogazte.bilbao.eus\/es\/wp-json\/wp\/v2\/pages"}],"about":[{"href":"https:\/\/bilbaogazte.bilbao.eus\/es\/wp-json\/wp\/v2\/types\/page"}],"author":[{"embeddable":true,"href":"https:\/\/bilbaogazte.bilbao.eus\/es\/wp-json\/wp\/v2\/users\/79"}],"replies":[{"embeddable":true,"href":"https:\/\/bilbaogazte.bilbao.eus\/es\/wp-json\/wp\/v2\/comments?post=59753"}],"version-history":[{"count":7,"href":"https:\/\/bilbaogazte.bilbao.eus\/es\/wp-json\/wp\/v2\/pages\/59753\/revisions"}],"predecessor-version":[{"id":59761,"href":"https:\/\/bilbaogazte.bilbao.eus\/es\/wp-json\/wp\/v2\/pages\/59753\/revisions\/59761"}],"wp:attachment":[{"href":"https:\/\/bilbaogazte.bilbao.eus\/es\/wp-json\/wp\/v2\/media?parent=59753"}],"curies":[{"name":"wp","href":"https:\/\/api.w.org\/{rel}","templated":true}]}}