{"id":59765,"date":"2024-12-09T11:11:22","date_gmt":"2024-12-09T09:11:22","guid":{"rendered":"https:\/\/bilbaogazte.bilbao.eus\/es\/?page_id=59765"},"modified":"2024-12-09T11:46:51","modified_gmt":"2024-12-09T09:46:51","slug":"visita-guiada-taller","status":"publish","type":"page","link":"https:\/\/bilbaogazte.bilbao.eus\/es\/visita-guiada-taller\/","title":{"rendered":"VISITA GUIADA + TALLER"},"content":{"rendered":"<p>&nbsp;<\/p>\n<p>&nbsp;<\/p>\n<p><span style=\"font-weight: 400;\">La Perrera ofrece una experiencia \u00fanica a los <strong>centros educativos<\/strong> (educaci\u00f3n secundaria e institutos) a trav\u00e9s de su programa de <\/span>Visita Guiada + Taller.<\/p>\n<p><span style=\"font-weight: 400;\">Esta actividad comienza con una visita guiada (30 minutos), donde las personas participantes recorren las <strong>instalaciones de La Perrera<\/strong>, conociendo su infraestructura tecnol\u00f3gica y los espacios dedicados a la innovaci\u00f3n social y al desarrollo de habilidades <strong>STEAM<\/strong> (Ciencia, Tecnolog\u00eda, Ingenier\u00eda, Arte y Matem\u00e1ticas).<\/span><\/p>\n<p><span style=\"font-weight: 400;\">En la segunda parte de la actividad, el alumnado participa en un <\/span><b>taller pr\u00e1ctico<\/b><span style=\"font-weight: 400;\"> (1 hora), dise\u00f1ado para fomentar habilidades creativas y tecnol\u00f3gicas. Las opciones de taller son las siguientes:<\/span><\/p>\n<ul>\n<li style=\"font-weight: 400;\" aria-level=\"1\"><b>Introducci\u00f3n a la impresi\u00f3n 3D<\/b><span style=\"font-weight: 400;\">: Dise\u00f1o y creaci\u00f3n de una pieza \u00fanica que las personas que asistan podr\u00e1n llevarse.<\/span><\/li>\n<li style=\"font-weight: 400;\" aria-level=\"1\"><b>Creaci\u00f3n de podcasts<\/b><span style=\"font-weight: 400;\">: Producci\u00f3n de un programa, aprendiendo sobre iluminaci\u00f3n, audio y grabaci\u00f3n profesional.<\/span><\/li>\n<li style=\"font-weight: 400;\" aria-level=\"1\"><b>Huerto urbano inteligente<\/b><span style=\"font-weight: 400;\">: Uso de sensores para recopilar datos ambientales y tomar decisiones basadas en ellos.<\/span><\/li>\n<\/ul>\n<p><span style=\"font-weight: 400;\">Esta actividad, realizada en horario de ma\u00f1ana y previa coordinaci\u00f3n con los centros, busca inspirar a los\/las j\u00f3venes mediante el aprendizaje pr\u00e1ctico, el pensamiento cr\u00edtico y el trabajo colaborativo en un entorno din\u00e1mico y creativo.<\/span><\/p>\n<p><span style=\"font-weight: 400;\"><a href=\"http:\/\/bilbaogazte.bilbao.eus\/wp-content\/uploads\/2024\/12\/01_es-La-Perrera_Propuesta-para-centros-educativos.pdf\" target=\"_blank\" rel=\"noopener\">M\u00e1s informaci\u00f3n<\/a> y reservas <a href=\"http:\/\/bilbaogazte.bilbao.eus\/wp-content\/uploads\/2024\/12\/03_Eskera-Ikastetxeak_Solicitud-Centros-educativos-1.pdf\" target=\"_blank\" rel=\"noopener\">aqu\u00ed<\/a>. <\/span><\/p>\n<p>&nbsp;<\/p>\n<p><span style=\"font-weight: 400;\">(Adjuntar el documento pdf eusk y castellano, y la hoja de reserva- como la reserva de salas).<\/span><\/p>\n<p><br style=\"font-weight: 400;\" \/><br style=\"font-weight: 400;\" \/><\/p>\n","protected":false},"excerpt":{"rendered":"<p class=\"entry-summary\">&nbsp; &nbsp; La Perrera ofrece una experiencia \u00fanica a los centros educativos (educaci\u00f3n secundaria e institutos) a trav\u00e9s&hellip;<\/p>\n<div class=\"link-more\"><a href=\"https:\/\/bilbaogazte.bilbao.eus\/es\/visita-guiada-taller\/\" class=\"more-link\">Continue reading<span class=\"screen-reader-text\"> &ldquo;VISITA GUIADA + TALLER&rdquo;<\/span>&hellip;<\/a><\/div>","protected":false},"author":79,"featured_media":0,"parent":0,"menu_order":0,"comment_status":"closed","ping_status":"closed","template":"","meta":{"_monsterinsights_skip_tracking":false,"_monsterinsights_sitenote_active":false,"_monsterinsights_sitenote_note":"","_monsterinsights_sitenote_category":0,"footnotes":""},"_links":{"self":[{"href":"https:\/\/bilbaogazte.bilbao.eus\/es\/wp-json\/wp\/v2\/pages\/59765"}],"collection":[{"href":"https:\/\/bilbaogazte.bilbao.eus\/es\/wp-json\/wp\/v2\/pages"}],"about":[{"href":"https:\/\/bilbaogazte.bilbao.eus\/es\/wp-json\/wp\/v2\/types\/page"}],"author":[{"embeddable":true,"href":"https:\/\/bilbaogazte.bilbao.eus\/es\/wp-json\/wp\/v2\/users\/79"}],"replies":[{"embeddable":true,"href":"https:\/\/bilbaogazte.bilbao.eus\/es\/wp-json\/wp\/v2\/comments?post=59765"}],"version-history":[{"count":7,"href":"https:\/\/bilbaogazte.bilbao.eus\/es\/wp-json\/wp\/v2\/pages\/59765\/revisions"}],"predecessor-version":[{"id":59784,"href":"https:\/\/bilbaogazte.bilbao.eus\/es\/wp-json\/wp\/v2\/pages\/59765\/revisions\/59784"}],"wp:attachment":[{"href":"https:\/\/bilbaogazte.bilbao.eus\/es\/wp-json\/wp\/v2\/media?parent=59765"}],"curies":[{"name":"wp","href":"https:\/\/api.w.org\/{rel}","templated":true}]}}