{"id":59839,"date":"2024-12-11T17:02:35","date_gmt":"2024-12-11T15:02:35","guid":{"rendered":"https:\/\/bilbaogazte.bilbao.eus\/es\/panel-joven-copy\/"},"modified":"2026-01-26T10:46:50","modified_gmt":"2026-01-26T08:46:50","slug":"panel-joven","status":"publish","type":"page","link":"https:\/\/bilbaogazte.bilbao.eus\/es\/panel-joven\/","title":{"rendered":"BILBOKO GAZTE PANELA 25\/26"},"content":{"rendered":"<p>[vc_row][vc_column width=\u00bb2\/3&#8243;][vc_single_image image=\u00bb60729&#8243; img_size=\u00bbfull\u00bb][vc_column_text]<\/p>\n<p class=\"p1\">El \u00c1rea de Juventud y Deporte del Ayuntamiento de Bilbao ha puesto en marcha la tercera edici\u00f3n de <strong>Bilboko Gazte Panela 25\/26<\/strong>, con el objetivo de acercar las pol\u00edticas municipales a la juventud bilba\u00edna y posibilitar su participaci\u00f3n en el dise\u00f1o de proyectos municipales.<\/p>\n<p class=\"p1\">En esta tercera edici\u00f3n, participar\u00e1n 28 j\u00f3venes; 24 j\u00f3venes residentes en Bilbao (3 por distrito) de entre 18 y 30 a\u00f1os, seleccionados y seleccionadas entre las personas interesadas. Adem\u00e1s, como novedad, 4 j\u00f3venes se incorporar\u00e1n a propuesta de asociaciones y agrupaciones juveniles con actividad en el municipio.<\/p>\n<p class=\"p1\">Los y las panelistas trabajar\u00e1n en los proyectos elegidos por ellos y ellas, y se determinar\u00e1 de forma conjunta en las primeras sesiones de la edici\u00f3n.<\/p>\n<p>El pasado <strong>20 de enero<\/strong> se llev\u00f3 a cabo una sesi\u00f3n informativa en La Perrera (Sabino Arana, 50) sobre el proceso de selecci\u00f3n, el n\u00famero de sesiones, su duraci\u00f3n, compensaci\u00f3n y otras cuestiones de inter\u00e9s.[\/vc_column_text][vc_column_text]<\/p>\n<ul>\n<li><a href=\"https:\/\/www.instagram.com\/reel\/DEj2WgptNKB\/\">V\u00eddeo Bilboko Gazte Panela 2024<\/a><\/li>\n<li><a href=\"https:\/\/www.instagram.com\/reel\/DGz7ShUBveS\/\">V\u00eddeo Bilboko Gazte Panela 25\/26, sesi\u00f3n 1<\/a><\/li>\n<li><a href=\"https:\/\/www.instagram.com\/reel\/DIBBNMdMJ7p\/\">V\u00eddeo Bilboko Gazte Panela 25\/26, sesi\u00f3n 2<\/a><\/li>\n<li><a href=\"https:\/\/www.instagram.com\/reel\/DLFr6YeoHBR\/\">V\u00eddeo Bilboko Gazte Panela 25\/26, sesi\u00f3n 3<\/a><\/li>\n<li><a href=\"https:\/\/www.instagram.com\/reel\/DMKUnSDtoQY\/\">V\u00eddeo Bilboko Gazte Panela 25\/26, sesi\u00f3n 4<\/a><\/li>\n<li><a href=\"https:\/\/www.instagram.com\/reel\/DPlTDDBk8qY\/\">V\u00eddeo Bilboko Gazte Panela 25\/26, sesi\u00f3n 5<\/a><\/li>\n<li><a href=\"https:\/\/www.instagram.com\/reel\/DRCXbkZj-Rd\/\">V\u00eddeo Bilboko Gazte Panela 25\/26, sesi\u00f3n 6<\/a><\/li>\n<li><a href=\"https:\/\/www.instagram.com\/reel\/DTQXmIwCgoE\/\">V\u00eddeo Bilboko Gazte Panela 25\/26, sesi\u00f3n 7<\/a><\/li>\n<\/ul>\n<p>[\/vc_column_text][vc_column_text]<\/p>\n<h4 class=\"western\"><span style=\"font-size: x-large;\">\u00bfQU\u00c9 ES GAZTE PANELA?<\/span><\/h4>\n<p>[\/vc_column_text][vc_column_text]<\/p>\n<p align=\"JUSTIFY\"><span style=\"font-weight: 400;\">Un espacio de participaci\u00f3n y di\u00e1logo entre j\u00f3venes y el Ayuntamiento para desarrollar la Agenda local de Juventud, para dar a conocer el funcionamiento y la acci\u00f3n municipal e identificar intereses e inquietudes de los y las j\u00f3venes de Bilbao.<\/span><\/p>\n<p>[\/vc_column_text][vc_accordion active_tab=\u00bb0&#8243;][vc_accordion_tab title=\u00bb\u00bfCu\u00e1les son los requisitos para participar?\u00bb][vc_column_text]<\/p>\n<ul>\n<li><span style=\"font-family: Calibri, serif;\">Tener entre 18 y 30 a\u00f1os<\/span><\/li>\n<li><span style=\"font-family: Calibri, serif;\">Vivir en Bilbao<\/span><\/li>\n<li><span style=\"font-family: Calibri, serif;\">Tener inter\u00e9s y motivaci\u00f3n <\/span><\/li>\n<\/ul>\n<p>[\/vc_column_text][\/vc_accordion_tab][vc_accordion_tab title=\u00bb\u00bfC\u00f3mo me apunto?\u00bb][vc_column_text]El periodo de inscripci\u00f3n para la 3\u00aa edici\u00f3n finaliz\u00f3 el pasado 22 de enero.[\/vc_column_text][\/vc_accordion_tab][vc_accordion_tab title=\u00bb\u00bfCu\u00e1ndo y d\u00f3nde tendr\u00e1 lugar el Bilboko Gazte Panela 25\/26?\u00bb][vc_column_text]El panel funcionar\u00e1 por sesiones de grupo y proyectos:<\/p>\n<p><strong>Sesiones de grupo<\/strong><br \/>\nSe ha estimado que Bilboko Gazte Panela 25\/26 se reunir\u00e1 7 veces a lo largo de este a\u00f1o 2025 de forma presencial en La Perrera<br \/>\n(Sabino Arana, 50) de 10:00 a 13:00, y 3 veces en 2026, adaptando las fechas lo m\u00e1ximo posible al calendario escolar.<br \/>\n&#8211; 2025: Febrero, marzo, mayo, junio, septiembre, octubre, noviembre<br \/>\n&#8211; 2026: Febrero, marzo, mayo<\/p>\n<p><strong>Proyectos<\/strong><br \/>\nCada equipo propondr\u00e1 un proyecto y lo desarrollar\u00e1 seg\u00fan cronograma y metodolog\u00eda definido por el equipo de trabajo junto con el<br \/>\n\u00c1rea de Juventud y Deporte.[\/vc_column_text][\/vc_accordion_tab][vc_accordion_tab title=\u00bb\u00bfQu\u00e9 recursos o compensaciones existen?\u00bb][vc_column_text]Por panelista:<br \/>\n&#8211; 50\u20ac por asistencia a cada una de las sesiones presenciales. En caso de no acudir a alguna de las sesiones, ese importe se sumar\u00e1 a una bolsa com\u00fan de su equipo de trabajo, que ser\u00e1 quien decidir\u00e1 de forma conjunta c\u00f3mo se repartir\u00e1 una vez finalizadas todas las sesiones.<br \/>\n&#8211; Cada equipo dispondr\u00e1 de 250\u20ac por participante, y el mismo equipo ser\u00e1 quien acuerde los criterios de distribuci\u00f3n de ese importe.<\/p>\n<p>Destinados al proyecto:<br \/>\n&#8211; Cada equipo de trabajo dispondr\u00e1 de una bolsa econ\u00f3mica de un importe m\u00e1ximo de 2.000\u20ac, que se destinar\u00e1 de forma justificada al desarrollo del proyecto.<br \/>\n&#8211; Utilizaci\u00f3n de los espacios del equipamiento de La Perrera seg\u00fan disponibilidad.<br \/>\n&#8211; Apoyo de personal t\u00e9cnico municipal para el desarrollo de los proyectos.[\/vc_column_text][\/vc_accordion_tab][vc_accordion_tab title=\u00bb\u00bfPor qu\u00e9 participar?\u00bb][vc_column_text]Tendr\u00e1s la oportunidad de:<br \/>\n&#8211; Dar voz a las necesidades y dificultades de las personas j\u00f3venes y recibir respuestas por parte del Ayuntamiento de Bilbao.<br \/>\n&#8211; Informarte y formarte sobre las labores y programas municipales.<br \/>\n&#8211; Desarrollar un proyecto que ser\u00e1 contrastado con el departamento municipal competente para analizar su idoneidad y<br \/>\nviabilidad.<br \/>\n&#8211; Conocer a personas j\u00f3venes con intereses comunes.<br \/>\n&#8211; Desarrollar competencias como el trabajo en equipo, gesti\u00f3n del tiempo y habilidades comunicativas[\/vc_column_text][\/vc_accordion_tab][vc_accordion_tab title=\u00bb\u00bfQu\u00e9 me va a suponer participar en el Bilboko Gazte Panela 25\/26?\u00bb][vc_column_text]- Preparar sesiones de grupo<br \/>\n&#8211; Desarrollar proyectos con tu equipo de trabajo.<br \/>\n&#8211; Colaborar con los y las compa\u00f1eras.<br \/>\n&#8211; Comunicaci\u00f3n y participaci\u00f3n efectiva.<br \/>\n&#8211; Difundir las actividades de Bilboko Gazte Panela 25\/26 a trav\u00e9s de tu entorno.[\/vc_column_text][\/vc_accordion_tab][vc_accordion_tab title=\u00bb\u00bfPuedo abandonar Bilboko Gazte Panela 25\/26?\u00bb][vc_column_text]Cualquier persona podr\u00e1 abandonar Bilboko Gazte Panela 25\/26 voluntariamente o a petici\u00f3n del \u00c1rea de Juventud y Deporte<br \/>\ncuando su participaci\u00f3n en el mismo no demuestre un cumplimiento responsable, adecuado y suficiente de los objetivos de Bilboko<br \/>\nGazte Panela 25\/26. En caso de cese o abandono injustificado, esta persona no tendr\u00e1 derecho a recibir compensaci\u00f3n econ\u00f3mica<br \/>\nalguna.[\/vc_column_text][\/vc_accordion_tab][vc_accordion_tab title=\u00bb\u00bfC\u00f3mo saber si he sido elegido o elegida?\u00bb][vc_column_text]La selecci\u00f3n ser\u00e1 llevada a cabo de forma conjunta por integrantes de Bilboko Gazte Panela 2024 y por el \u00c1rea de Juventud y<br \/>\nDeporte para buscar la mayor diversidad conforme a los siguientes criterios: sexo, edad, origen cultural, distrito de residencia, nivel<br \/>\nde estudios, actividad laboral, motivaci\u00f3n, \u00e1mbito de inter\u00e9s etc. Todas las personas inscritas, ser\u00e1n contactadas por el \u00c1rea de<br \/>\nJuventud y Deporte para informarles sobre el proceso de selecci\u00f3n.[\/vc_column_text][\/vc_accordion_tab][vc_accordion_tab title=\u00bb\u00bfQu\u00e9 ocurrir\u00e1 cuando finalice Bilboko Gazte Panela 25\/26?\u00bb][vc_column_text]Tras la \u00faltima sesi\u00f3n de grupo, el personal del \u00c1rea de Juventud y Deporte mantendr\u00e1 el contacto con todos y todas las panelistas<br \/>\npara informarles sobre otros proyectos, acciones y actividades relacionadas con el Panel Joven o que pudieran ser de su inter\u00e9s.[\/vc_column_text][\/vc_accordion_tab][\/vc_accordion][\/vc_column][vc_column width=\u00bb1\/3&#8243;][vc_empty_space][vc_single_image image=\u00bb51571&#8243; img_size=\u00bbfull\u00bb][vc_column_text]<\/p>\n<p data-pm-slice=\"1 1 []\">El periodo de inscripci\u00f3n para la 3\u00aa edici\u00f3n finaliz\u00f3 el pasado 22 de enero.<\/p>\n<p><a href=\"http:\/\/bilbaogazte.bilbao.eus\/wp-content\/uploads\/2025\/01\/Bases_Panel_Joven_2025_CAST.pdf\" target=\"_blank\" rel=\"noopener\"><b><i>Bases Bilboko Gazte Panela 25\/26<\/i><\/b><\/a><\/p>\n<p>Contacto:<\/p>\n<ul>\n<li><a href=\"mailto:gazteria@bilbao.eus\">gazteria@bilbao.eus<\/a><\/li>\n<li>944 20 30 98 (L-V de 9 a 14 y mi\u00e9rcoles hasta las 17:00)<\/li>\n<\/ul>\n<p>[\/vc_column_text][vc_btn title=\u00bbBilboko Gazte Panela 2024. Memoria\u00bb color=\u00bbviolet\u00bb align=\u00bbcenter\u00bb link=\u00bburl:http%3A%2F%2Fbilbaogazte.bilbao.eus%2Fwp-content%2Fuploads%2F2025%2F01%2FMEMORIA-2024-CASTELLANO.pdf||target:%20_blank|\u00bb][vc_btn title=\u00bbBilboko Gazte Panela 2023. Memoria\u00bb color=\u00bbpink\u00bb align=\u00bbcenter\u00bb link=\u00bburl:http%3A%2F%2Fbilbaogazte.bilbao.eus%2Fwp-content%2Fuploads%2F2024%2F01%2FMemoria_PJ23_con_anexos.pdf|||\u00bb][vc_images_carousel images=\u00bb59885,59882,59879,59876,59873,59870,59867,59864&#8243;][\/vc_column][\/vc_row]<\/p>\n","protected":false},"excerpt":{"rendered":"<p class=\"entry-summary\"> El \u00c1rea de Juventud y Deporte del Ayuntamiento de Bilbao ha puesto en marcha&hellip;<\/p>\n<div class=\"link-more\"><a href=\"https:\/\/bilbaogazte.bilbao.eus\/es\/panel-joven\/\" class=\"more-link\">Continue reading<span class=\"screen-reader-text\"> &ldquo;BILBOKO GAZTE PANELA 25\/26&rdquo;<\/span>&hellip;<\/a><\/div>","protected":false},"author":79,"featured_media":0,"parent":0,"menu_order":0,"comment_status":"closed","ping_status":"closed","template":"","meta":{"_monsterinsights_skip_tracking":false,"_monsterinsights_sitenote_active":false,"_monsterinsights_sitenote_note":"","_monsterinsights_sitenote_category":0,"footnotes":""},"_links":{"self":[{"href":"https:\/\/bilbaogazte.bilbao.eus\/es\/wp-json\/wp\/v2\/pages\/59839"}],"collection":[{"href":"https:\/\/bilbaogazte.bilbao.eus\/es\/wp-json\/wp\/v2\/pages"}],"about":[{"href":"https:\/\/bilbaogazte.bilbao.eus\/es\/wp-json\/wp\/v2\/types\/page"}],"author":[{"embeddable":true,"href":"https:\/\/bilbaogazte.bilbao.eus\/es\/wp-json\/wp\/v2\/users\/79"}],"replies":[{"embeddable":true,"href":"https:\/\/bilbaogazte.bilbao.eus\/es\/wp-json\/wp\/v2\/comments?post=59839"}],"version-history":[{"count":26,"href":"https:\/\/bilbaogazte.bilbao.eus\/es\/wp-json\/wp\/v2\/pages\/59839\/revisions"}],"predecessor-version":[{"id":65851,"href":"https:\/\/bilbaogazte.bilbao.eus\/es\/wp-json\/wp\/v2\/pages\/59839\/revisions\/65851"}],"wp:attachment":[{"href":"https:\/\/bilbaogazte.bilbao.eus\/es\/wp-json\/wp\/v2\/media?parent=59839"}],"curies":[{"name":"wp","href":"https:\/\/api.w.org\/{rel}","templated":true}]}}