{"id":60177,"date":"2025-01-09T12:24:17","date_gmt":"2025-01-09T10:24:17","guid":{"rendered":"https:\/\/bilbaogazte.bilbao.eus\/es\/bilborock\/villasound-bilbao-copy\/"},"modified":"2026-03-23T12:42:47","modified_gmt":"2026-03-23T10:42:47","slug":"villasound-bilbao","status":"publish","type":"page","link":"https:\/\/bilbaogazte.bilbao.eus\/es\/bilborock\/villasound-bilbao\/","title":{"rendered":"VillaSoundBilbao"},"content":{"rendered":"<p>[vc_row][vc_column width=\u00bb2\/3&#8243;][vc_single_image image=\u00bb65677&#8243; img_size=\u00bbfull\u00bb alignment=\u00bbcenter\u00bb][vc_column_text css=\u00bb.vc_custom_1610365563391{margin-top: 4px !important;margin-right: 4px !important;margin-bottom: 4px !important;margin-left: 4px !important;padding-top: 4px !important;padding-right: 4px !important;padding-bottom: 4px !important;padding-left: 4px !important;background-color: #eb380e !important;}\u00bb]<span style=\"color: #ffffff;\"><strong>QU\u00c9 ES VILLASOUND<\/strong><\/span>[\/vc_column_text][vc_column_text]<\/p>\n<p style=\"font-weight: 400;\">VillaSoundBilbao es un programa musical para <strong>promocionar y dar visibilidad\u00a0a grupos y solistas j\u00f3venes locales y acercar el panorama musical actual a la Villa<\/strong>.<\/p>\n<p style=\"font-weight: 400;\">\u00bfC\u00f3mo?<\/p>\n<ul>\n<li><a href=\"https:\/\/www.bilbao.eus\/cs\/Satellite?c=Page&amp;cid=1279201142494&amp;language=es&amp;pageid=1279201142494&amp;pagename=Bilbaonet%2FPage%2FBIO_contenidoFinal\">Abriendo una convocatoria <\/a><strong>(inscripci\u00f3n)<\/strong> a los grupos y solistas j\u00f3venes (<strong>16-35 a\u00f1os<\/strong>) de Euskadi y Navarra.<\/li>\n<li>Ofreci\u00e9ndoles actuar en directo en Bilborock en <strong>4 conciertos<\/strong> (<strong>VSB FEST<\/strong> en abril de 2026).<\/li>\n<li>Ofreci\u00e9ndoles formaci\u00f3n y asesor\u00eda especializada (<strong>VSB MENTORING<\/strong>) que les permita profesionalizar su actividad.<\/li>\n<li>Proyectando su talento con una\u00a0gira\u00a0de 3 conciertos (<strong>VSB TOUR<\/strong>) <strong>dentro del ciclo y salas Son Estrella Galicia<\/strong>.<\/li>\n<li>Ofreci\u00e9ndoles <strong>actuar en otros conciertos<\/strong>, de la mano de <strong>Musika Bulegoa<\/strong>, <strong>Aste Nagusia,<\/strong> <strong>BIME Live<\/strong> o <strong>Fundaci\u00f3n SGAE<\/strong>. Y adem\u00e1s: grabaci\u00f3n de video y audio del concierto en Bilborock, grabaci\u00f3n de un videoclip, pases BIME pro\u2026<\/li>\n<\/ul>\n<p>Haz tu inscripci\u00f3n\u00a0<strong>del 19 de enero al 17 de febrero<\/strong>\u00a0<a href=\"https:\/\/www.bilbao.eus\/cs\/Satellite?c=Page&amp;cid=1279201142494&amp;language=es&amp;pageid=1279201142494&amp;pagename=Bilbaonet%2FPage%2FBIO_contenidoFinal\">aqu\u00ed<\/a>[\/vc_column_text][vc_row_inner][vc_column_inner width=\u00bb1\/2&#8243;][vc_single_image image=\u00bb39566&#8243; img_size=\u00bb300&#215;150&#8243; onclick=\u00bbcustom_link\u00bb link=\u00bbhttps:\/\/bilbaogazte.bilbao.eus\/es\/bilborock\/vsb-fest-26\/\u00bb][\/vc_column_inner][vc_column_inner width=\u00bb1\/2&#8243;][vc_single_image image=\u00bb39569&#8243; img_size=\u00bb300&#215;150&#8243; onclick=\u00bbcustom_link\u00bb link=\u00bbhttps:\/\/bilbaogazte.bilbao.eus\/es\/vsb-mentoring\/\u00bb][\/vc_column_inner][\/vc_row_inner][vc_row_inner disable_element=\u00bbyes\u00bb][vc_column_inner][vc_single_image image=\u00bb43365&#8243; img_size=\u00bbfull\u00bb][\/vc_column_inner][\/vc_row_inner][vc_row_inner][vc_column_inner width=\u00bb1\/2&#8243;][vc_single_image image=\u00bb39618&#8243; img_size=\u00bb300&#215;150&#8243; onclick=\u00bbcustom_link\u00bb link=\u00bbhttps:\/\/bilbaogazte.bilbao.eus\/es\/vsb-tour\/\u00bb][\/vc_column_inner][vc_column_inner width=\u00bb1\/2&#8243;][\/vc_column_inner][\/vc_row_inner][vc_column_text]Patrocinadores:[\/vc_column_text][vc_single_image image=\u00bb65680&#8243; img_size=\u00bbfull\u00bb][vc_row_inner disable_element=\u00bbyes\u00bb][vc_column_inner width=\u00bb1\/2&#8243;][vc_single_image image=\u00bb39618&#8243; img_size=\u00bb300&#215;150&#8243; onclick=\u00bbcustom_link\u00bb link=\u00bbhttps:\/\/bilbaogazte.bilbao.eus\/es\/vsb-tour\/\u00bb][\/vc_column_inner][vc_column_inner width=\u00bb1\/2&#8243;][vc_single_image image=\u00bb39575&#8243; img_size=\u00bb300&#215;150&#8243; onclick=\u00bbcustom_link\u00bb link=\u00bbhttps:\/\/bilbaogazte.bilbao.eus\/es\/vsb-talk\/\u00bb][\/vc_column_inner][\/vc_row_inner][\/vc_column][vc_column width=\u00bb1\/3&#8243;][vc_empty_space][vc_column_text css=\u00bb.vc_custom_1768216283558{background-color: #eb380e !important;}\u00bb]<span style=\"color: #ffffff;\"><strong>INSCRIPCIONES VSB 2026<\/strong><\/span>[\/vc_column_text][vc_column_text]<strong>Haz tu inscripci\u00f3n<\/strong>\u00a0<a href=\"https:\/\/www.bilbao.eus\/cs\/Satellite?c=Page&amp;cid=1279201142494&amp;language=es&amp;pageid=1279201142494&amp;pagename=Bilbaonet%2FPage%2FBIO_contenidoFinal\">aqu\u00ed<\/a><\/p>\n<p>Plazo de inscripci\u00f3n <strong>del 19 de enero al 17 de febrero <\/strong><\/p>\n<p><a href=\"https:\/\/www.bilbao.eus\/cs\/Satellite?c=Page&amp;cid=1279201142494&amp;language=es&amp;pageid=1279201142494&amp;pagename=Bilbaonet%2FPage%2FBIO_contenidoFinal\"><strong>Bases de la convocatoria <\/strong><\/a>[\/vc_column_text][vc_column_text css=\u00bb.vc_custom_1746454532932{background-color: #eb380e !important;}\u00bb]<span style=\"color: #ffffff;\"><strong>INSTAGRAM<\/strong><\/span>[\/vc_column_text][vc_column_text]\u00a1Estamos en Instagram! \u00a1<a href=\"https:\/\/www.instagram.com\/villasoundbilbao\/\" target=\"_blank\" rel=\"noopener noreferrer\">S\u00edguenos<\/a>![\/vc_column_text][vc_single_image image=\u00bb39993&#8243; img_size=\u00bb50&#215;50&#8243; alignment=\u00bbcenter\u00bb onclick=\u00bbcustom_link\u00bb img_link_target=\u00bb_blank\u00bb link=\u00bbhttps:\/\/www.instagram.com\/villasoundbilbao\/\u00bb css=\u00bb.vc_custom_1603179196060{margin-top: -35px !important;}\u00bb][vc_column_text css=\u00bb.vc_custom_1768826589437{background-color: #eb380e !important;}\u00bb]<span style=\"color: #ffffff;\"><strong>WHATSAPP<\/strong><\/span>[\/vc_column_text][vc_column_text]\u00danete a nuestro <a href=\"https:\/\/whatsapp.com\/channel\/0029Vb75ZP5LCoX8ZPxsQ41M\">canal de Whatsapp<\/a> y recibe las novedades[\/vc_column_text][vc_single_image image=\u00bb17887&#8243; img_size=\u00bb50&#215;50&#8243; alignment=\u00bbcenter\u00bb onclick=\u00bbcustom_link\u00bb img_link_target=\u00bb_blank\u00bb link=\u00bbhttps:\/\/whatsapp.com\/channel\/0029Vb75ZP5LCoX8ZPxsQ41M\u00bb css=\u00bb.vc_custom_1768826558110{margin-top: -35px !important;}\u00bb][vc_separator color=\u00bbjuicy_pink\u00bb][vc_raw_html]JTNDdmlkZW8lMjBhdXRvcGxheSUyMG11dGVkJTIwbG9vcCUyMHBsYXlzaW5saW5lJTIwd2lkdGglM0QlMjI2NDAlMjIlMjBoZWlnaHQlM0QlMjIzNjAlMjIlMjBjb250cm9scyUzRSUwQSUyMCUyMCUyMCUyMCUzQ3NvdXJjZSUyMHNyYyUzRCUyMmh0dHAlM0ElMkYlMkZiaWxiYW9nYXp0ZS5iaWxiYW8uZXVzJTJGd3AtY29udGVudCUyRnVwbG9hZHMlMkYyMDI2JTJGMDIlMkZWaWRlby1wYXJhLXdlYi5tcDQlMjIlMjB0eXBlJTNEJTIydmlkZW8lMkZtcDQlMjIlM0UlMEElMjAlMjAlMjAlMjBUdSUyMG5hdmVnYWRvciUyMG5vJTIwc29wb3J0YSUyMGVsJTIwZWxlbWVudG8lMjBkZSUyMHZpZGVvLiUwQSUzQyUyRnZpZGVvJTNFJTBBJTBBJTBB[\/vc_raw_html][\/vc_column][\/vc_row][vc_row disable_element=\u00bbyes\u00bb][vc_column width=\u00bb2\/3&#8243;][vc_single_image image=\u00bb50546&#8243; img_size=\u00bbfull\u00bb alignment=\u00bbcenter\u00bb][vc_column_text css=\u00bb.vc_custom_1610365563391{margin-top: 4px !important;margin-right: 4px !important;margin-bottom: 4px !important;margin-left: 4px !important;padding-top: 4px !important;padding-right: 4px !important;padding-bottom: 4px !important;padding-left: 4px !important;background-color: #eb380e !important;}\u00bb]<span style=\"color: #ffffff;\"><strong>QU\u00c9 ES VILLASOUND<\/strong><\/span>[\/vc_column_text][vc_column_text]<span style=\"font-size: medium;\">VillaSoundBilbao es un programa musical para <\/span><span style=\"font-size: medium;\"><b>promocionar y dar visibilidad\u00a0a grupos y solistas j\u00f3venes locales y acercar el panorama musical actual a la Villa<\/b><\/span><span style=\"font-size: medium;\">.<\/span><\/p>\n<p><span style=\"font-size: medium;\">\u00bfC\u00f3mo?<br \/>\n\u2022\u00a0Abriendo una convocatoria\u00a0a los grupos y solistas j\u00f3venes (<\/span><span style=\"font-size: medium;\"><b>16-35 a\u00f1os<\/b><\/span><span style=\"font-size: medium;\">) de <\/span><span style=\"font-size: medium;\"><b>Euskadi y Navarra<\/b><\/span><span style=\"font-size: medium;\"> para que act\u00faen en directo en <\/span><span style=\"font-size: medium;\"><b>4 conciertos en Bilborock (VSB FEST <\/b><\/span><span style=\"font-size: medium;\">en abril).<br \/>\n\u2022 Ofreci\u00e9ndoles <\/span><span style=\"font-size: medium;\"><b>formaci\u00f3n y\u00a0mentor\u00eda especializada<\/b><\/span><span style=\"font-size: medium;\">\u00a0(MENTORING) que les permita profesionalizar su actividad.<br \/>\n\u2022 Proyectando su talento con una\u00a0<\/span><span style=\"font-size: medium;\"><b>gira\u00a0por 4 ciudades (VSB TOUR) dentro del ciclo y salas Son Estrella Galicia.<\/b><\/span><\/p>\n<ul>\n<li><span style=\"font-size: medium;\">Ofreci\u00e9ndoles actuar en <\/span><span style=\"font-size: medium;\"><b>otros conciertos<\/b><\/span><span style=\"font-size: medium;\">, de la mano de Musika Bulegoa, Aste Nagusia, BIME Live o Bilbao Basket. Y adem\u00e1s: grabaci\u00f3n de video y audio del concierto en Bilborock, grabaci\u00f3n de un videoclip, pases BIME pro\u2026<\/span><\/li>\n<\/ul>\n<p><span style=\"font-size: medium;\">Haz tu inscripci\u00f3n\u00a0<\/span><span style=\"font-size: medium;\"><b>del 22 de enero al 22 de febrero<\/b><\/span><span style=\"font-size: medium;\">\u00a0<a href=\"https:\/\/www.bilbao.eus\/cs\/Satellite?c=Page&amp;cid=1279201142494&amp;language=es&amp;pageid=1279201142494&amp;pagename=Bilbaonet%2FPage%2FBIO_contenidoFinal\">aqu\u00ed<\/a><\/span>[\/vc_column_text][vc_row_inner][vc_column_inner][vc_btn title=\u00bbToda la informaci\u00f3n aqu\u00ed\u00bb color=\u00bbdanger\u00bb link=\u00bburl:http%3A%2F%2Fbilbaogazte.bilbao.eus%2Fwp-content%2Fuploads%2F2024%2F01%2FBases-VillaSoundBilbao-2024-CAS.pdf|||\u00bb][\/vc_column_inner][\/vc_row_inner][vc_row_inner][vc_column_inner width=\u00bb1\/2&#8243;][vc_single_image image=\u00bb39566&#8243; img_size=\u00bb300&#215;150&#8243; onclick=\u00bbcustom_link\u00bb link=\u00bbhttps:\/\/bilbaogazte.bilbao.eus\/es\/vsb-fest\/\u00bb][\/vc_column_inner][vc_column_inner width=\u00bb1\/2&#8243;][vc_single_image image=\u00bb39569&#8243; img_size=\u00bb300&#215;150&#8243; onclick=\u00bbcustom_link\u00bb link=\u00bbhttps:\/\/bilbaogazte.bilbao.eus\/es\/vsb-mentoring\/\u00bb][\/vc_column_inner][\/vc_row_inner][vc_row_inner disable_element=\u00bbyes\u00bb][vc_column_inner][vc_single_image image=\u00bb43365&#8243; img_size=\u00bbfull\u00bb][\/vc_column_inner][\/vc_row_inner][vc_row_inner][vc_column_inner width=\u00bb1\/2&#8243;][vc_single_image image=\u00bb39618&#8243; img_size=\u00bb300&#215;150&#8243; onclick=\u00bbcustom_link\u00bb link=\u00bbhttps:\/\/bilbaogazte.bilbao.eus\/es\/vsb-tour\/\u00bb][\/vc_column_inner][vc_column_inner width=\u00bb1\/2&#8243;][\/vc_column_inner][\/vc_row_inner][vc_row_inner disable_element=\u00bbyes\u00bb][vc_column_inner width=\u00bb1\/2&#8243;][vc_single_image image=\u00bb39618&#8243; img_size=\u00bb300&#215;150&#8243; onclick=\u00bbcustom_link\u00bb link=\u00bbhttps:\/\/bilbaogazte.bilbao.eus\/es\/vsb-tour\/\u00bb][\/vc_column_inner][vc_column_inner width=\u00bb1\/2&#8243;][vc_single_image image=\u00bb39575&#8243; img_size=\u00bb300&#215;150&#8243; onclick=\u00bbcustom_link\u00bb link=\u00bbhttps:\/\/bilbaogazte.bilbao.eus\/es\/vsb-talk\/\u00bb][\/vc_column_inner][\/vc_row_inner][\/vc_column][vc_column width=\u00bb1\/3&#8243;][vc_empty_space][vc_column_text css=\u00bb.vc_custom_1685968603408{margin-top: 4px !important;margin-right: 4px !important;margin-bottom: 4px !important;margin-left: 4px !important;padding-top: 4px !important;padding-right: 4px !important;padding-bottom: 4px !important;padding-left: 4px !important;background-color: #eb380e !important;}\u00bb]<span style=\"color: #ffffff;\"><strong>VIDEOS CONCIERTOS<\/strong><\/span>[\/vc_column_text][vc_column_text]Aqu\u00ed tienes los conciertos de todos los grupos participantes en el VSB Fest 23[\/vc_column_text][vc_column_text css=\u00bb.vc_custom_1602589659536{margin-top: 4px !important;margin-right: 4px !important;margin-bottom: 4px !important;margin-left: 4px !important;padding-top: 4px !important;padding-right: 4px !important;padding-bottom: 4px !important;padding-left: 4px !important;background-color: #eb380e !important;}\u00bb]<span style=\"color: #ffffff;\"><strong>INSTAGRAM<\/strong><\/span>[\/vc_column_text][vc_column_text]\u00a1Estamos en Instagram! \u00a1<a href=\"https:\/\/www.instagram.com\/villasoundbilbao\/\" target=\"_blank\" rel=\"noopener noreferrer\">S\u00edguenos<\/a>![\/vc_column_text][vc_single_image image=\u00bb39993&#8243; img_size=\u00bb50&#215;50&#8243; alignment=\u00bbcenter\u00bb onclick=\u00bbcustom_link\u00bb img_link_target=\u00bb_blank\u00bb link=\u00bbhttps:\/\/www.instagram.com\/villasoundbilbao\/\u00bb css=\u00bb.vc_custom_1603179196060{margin-top: -35px !important;}\u00bb][vc_video link=\u00bbhttps:\/\/www.youtube.com\/playlist?list=PL3Z6QYuth3HRjYVMigAdlMdxkR3cojjaZ\u00bb][\/vc_column][\/vc_row][vc_row disable_element=\u00bbyes\u00bb css=\u00bb.vc_custom_1566903250642{padding-top: 25px !important;padding-right: 15px !important;padding-left: 5px !important;background-color: #f6f6f6 !important;}\u00bb el_class=\u00bbintroSinFoto\u00bb][vc_column el_class=\u00bbcajaPliegue\u00bb][vc_column_text]<\/p>\n<h3>The contest (information in english)<\/h3>\n<ul>\n<li><a href=\"http:\/\/bilbaogazte.bilbao.eus\/wp-content\/uploads\/2019\/03\/Bases-ingles-31Villa.pdf\">Terms and conditions<\/a><\/li>\n<li><a href=\"https:\/\/www.bilbao.eus\/VillaWar\/jsp\/altagrupo.jsp?idioma=i&amp;color=rojo&amp;\" target=\"_blank\" rel=\"noopener noreferrer\">Registrations<\/a><\/li>\n<\/ul>\n<h3>Le concours (information en fran\u00e7ais)<\/h3>\n<ul>\n<li><a href=\"http:\/\/bilbaogazte.bilbao.eus\/wp-content\/uploads\/2019\/03\/Bases-frances-31Villa.pdf\" target=\"_blank\" rel=\"noopener noreferrer\">Termes et conditions<\/a><\/li>\n<li><a href=\"https:\/\/www.bilbao.eus\/VillaWar\/jsp\/altagrupo.jsp?idioma=i&amp;color=rojo&amp;\" target=\"_blank\" rel=\"noopener noreferrer\">Inscriptions<\/a><\/li>\n<\/ul>\n<h3>Contacto<\/h3>\n<p>Bilborock<br \/>\nMuelle La Merced, 1.<br \/>\n48003 Bilbao<br \/>\n<strong>Tel\u00e9fono:<\/strong> 944 151 306<br \/>\n<strong>Fax: <\/strong>944 155 919<br \/>\n<strong>E mail:<\/strong> <a href=\"mailto:bilborock@ayto.bilbao.net\" target=\"_blank\" rel=\"noopener noreferrer\">bilborock@bilbao.eus<\/a><\/p>\n<h3><\/h3>\n<p>[\/vc_column_text][vc_raw_html]JTNDdmlkZW8lMjBjbGFzcyUzRCUyMmFsaWduY2VudGVyJTIyJTIwc3JjJTNEJTIyaHR0cCUzQSUyRiUyRmJpbGJhb2dhenRlLmJpbGJhby5ldXMlMkZ3cC1jb250ZW50JTJGdXBsb2FkcyUyRjIwMTklMkYxMCUyRkZJTkFMRVNfVklMTEFERUJJTEJBT18zMUVESUNJT05fMjAxOV9WNC5tcDQlMjIlMjBjb250cm9scyUzRCUyMmNvbnRyb2xzJTIyJTIwcG9zdGVyJTNEJTIyaHR0cCUzQSUyRiUyRmJpbGJhb2dhenRlLmJpbGJhby5ldXMlMkZ3cC1jb250ZW50JTJGdXBsb2FkcyUyRjIwMTklMkYxMCUyRkZpbmFsYWsuanBnJTIyJTNFJTNDJTJGdmlkZW8lM0U=[\/vc_raw_html][vc_single_image image=\u00bb39446&#8243; img_size=\u00bbfull\u00bb][\/vc_column][\/vc_row][vc_row][vc_column][\/vc_column][\/vc_row][vc_row][vc_column][\/vc_column][\/vc_row][vc_row][vc_column][vc_raw_html]JTNDbWV0YSUyMGh0dHAtZXF1aXYlM0QlMjJyZWZyZXNoJTIyJTIwY29udGVudCUzRCUyMjMlM0IlMjBVUkwlM0RodHRwcyUzQSUyRiUyRmJpbGJhb2dhenRlLmJpbGJhby5ldXMlMkZlcyUyRmJpbGJvcm9jayUyRnZzYi1mZXN0LTI2JTJGJTIyJTIwJTJGJTNF[\/vc_raw_html][\/vc_column][\/vc_row]<\/p>\n","protected":false},"excerpt":{"rendered":"<p class=\"entry-summary\">[vc_column_text css=\u00bb.vc_custom_1610365563391{margin-top: 4px !important;margin-right: 4px !important;margin-bottom: 4px !important;margin-left: 4px !important;padding-top: 4px !important;padding-right: 4px !important;padding-bottom:&hellip;<\/p>\n<div class=\"link-more\"><a href=\"https:\/\/bilbaogazte.bilbao.eus\/es\/bilborock\/villasound-bilbao\/\" class=\"more-link\">Continue reading<span class=\"screen-reader-text\"> &ldquo;VillaSoundBilbao&rdquo;<\/span>&hellip;<\/a><\/div>","protected":false},"author":65,"featured_media":0,"parent":512,"menu_order":0,"comment_status":"closed","ping_status":"closed","template":"templates\/page-pagina.php","meta":{"_monsterinsights_skip_tracking":false,"_monsterinsights_sitenote_active":false,"_monsterinsights_sitenote_note":"","_monsterinsights_sitenote_category":0,"footnotes":""},"_links":{"self":[{"href":"https:\/\/bilbaogazte.bilbao.eus\/es\/wp-json\/wp\/v2\/pages\/60177"}],"collection":[{"href":"https:\/\/bilbaogazte.bilbao.eus\/es\/wp-json\/wp\/v2\/pages"}],"about":[{"href":"https:\/\/bilbaogazte.bilbao.eus\/es\/wp-json\/wp\/v2\/types\/page"}],"author":[{"embeddable":true,"href":"https:\/\/bilbaogazte.bilbao.eus\/es\/wp-json\/wp\/v2\/users\/65"}],"replies":[{"embeddable":true,"href":"https:\/\/bilbaogazte.bilbao.eus\/es\/wp-json\/wp\/v2\/comments?post=60177"}],"version-history":[{"count":45,"href":"https:\/\/bilbaogazte.bilbao.eus\/es\/wp-json\/wp\/v2\/pages\/60177\/revisions"}],"predecessor-version":[{"id":66815,"href":"https:\/\/bilbaogazte.bilbao.eus\/es\/wp-json\/wp\/v2\/pages\/60177\/revisions\/66815"}],"up":[{"embeddable":true,"href":"https:\/\/bilbaogazte.bilbao.eus\/es\/wp-json\/wp\/v2\/pages\/512"}],"wp:attachment":[{"href":"https:\/\/bilbaogazte.bilbao.eus\/es\/wp-json\/wp\/v2\/media?parent=60177"}],"curies":[{"name":"wp","href":"https:\/\/api.w.org\/{rel}","templated":true}]}}