{"id":60370,"date":"2025-01-28T16:19:48","date_gmt":"2025-01-28T14:19:48","guid":{"rendered":"https:\/\/bilbaogazte.bilbao.eus\/es\/greenglam-copy\/"},"modified":"2026-03-23T16:08:36","modified_gmt":"2026-03-23T14:08:36","slug":"greenglam","status":"publish","type":"page","link":"https:\/\/bilbaogazte.bilbao.eus\/es\/greenglam\/","title":{"rendered":"GREENGLAM"},"content":{"rendered":"<p>[vc_row][vc_column][vc_single_image image=\u00bb60568&#8243; img_size=\u00bbfull\u00bb][\/vc_column][\/vc_row][vc_row][vc_column width=\u00bb2\/3&#8243;][vc_column_text]<\/p>\n<div class=\"page\" title=\"Page 1\">\n<div class=\"section\">\n<div class=\"layoutArea\">\n<div class=\"column\"><\/div>\n<div class=\"page\" title=\"Page 1\">\n<div class=\"section\">\n<div class=\"layoutArea\">\n<div class=\"page\" title=\"Page 1\">\n<div class=\"layoutArea\">\n<div class=\"column\">\n<p><strong>Konekta Ideiak: GREEN GLAM \u2013 Moda Sostenible<\/strong> es un programa que celebra su 3\u00aa edici\u00f3n para impulsar la exploraci\u00f3n de pr\u00e1cticas sostenibles en los campos de la moda y el textil en sus vertientes art\u00edsticas, y que pretende fomentar el emprendimiento.<\/p>\n<p>La convocatoria busca apoyar el desarrollo de personas j\u00f3venes (de 18 a 35 a\u00f1os) con inter\u00e9s en ofrecer alternativas textiles para un futuro m\u00e1s sostenible y \u00e9tico.<\/p>\n<p>Esta iniciativa est\u00e1 comisariada por <a href=\"https:\/\/www.estudiobokashi.com\/?utm_source=ig&amp;utm_medium=social&amp;utm_content=link_in_bio&amp;fbclid=PAZXh0bgNhZW0CMTEAc3J0YwZhcHBfaWQMMjU2MjgxMDQwNTU4AAGn39z_W1vn78i4wa7VisCNFPFBCHYHPdGhl1qZwOIIVFNMpKWDFGaeaQGgx88_aem_spurKRqmRZuFX6JqyoubCQ\">Bokashi<\/a>.<\/p>\n<\/div>\n<\/div>\n<\/div>\n<\/div>\n<\/div>\n<\/div>\n<\/div>\n<\/div>\n<\/div>\n<p>[\/vc_column_text][vc_row_inner][vc_column_inner width=\u00bb1\/2&#8243;][vc_btn title=\u00bbTALK &amp; SHOW\u00bb style=\u00bbcustom\u00bb custom_background=\u00bb#ffb8c7&#8243; custom_text=\u00bb#f4f4f4&#8243; size=\u00bblg\u00bb link=\u00bburl:https%3A%2F%2Fbilbaogazte.bilbao.eus%2Fes%2Fgreenglamtalk%2F|||\u00bb][\/vc_column_inner][vc_column_inner width=\u00bb1\/2&#8243;][vc_btn title=\u00bbCONVOCATORIA DE PROYECTOS\u00bb style=\u00bbcustom\u00bb custom_background=\u00bb#ffb8c7&#8243; custom_text=\u00bb#ffffff\u00bb size=\u00bblg\u00bb link=\u00bburl:https%3A%2F%2Fbilbaogazte.bilbao.eus%2Fes%2Fgreenglamconvocatoriaproyectos%2F|||\u00bb][\/vc_column_inner][\/vc_row_inner][\/vc_column][vc_column width=\u00bb1\/3&#8243;][vc_empty_space height=\u00bb40px\u00bb][vc_column_text]<span style=\"color: #ff4433;\"><b>CONTACTO<\/b><\/span>[\/vc_column_text][vc_column_text]<a href=\"mailto:gazteria@bilbao.eus\">gazteria@bilbao.eus<\/a><\/p>\n<p>94 465 47 75[\/vc_column_text][vc_btn title=\u00bbBios artistas\u00bb color=\u00bbdanger\u00bb align=\u00bbleft\u00bb link=\u00bburl:https%3A%2F%2Fbilbaogazte.bilbao.eus%2Fes%2Fgreenglam-bio-artistas%2F|||\u00bb][\/vc_column][\/vc_row][vc_row][vc_column][vc_column_text]<\/p>\n<p>&nbsp;<\/p>\n<p>&nbsp;<\/p>\n<p>[\/vc_column_text][\/vc_column][\/vc_row][vc_row disable_element=\u00bbyes\u00bb][vc_column][vc_single_image image=\u00bb60568&#8243; img_size=\u00bbfull\u00bb][\/vc_column][\/vc_row][vc_row disable_element=\u00bbyes\u00bb][vc_column][vc_column_text]Comienza la segunda edici\u00f3n de GREENGLAM, programa de formaci\u00f3n y apoyo al emprendimiento en torno a la moda y la sostenibilidad dirigido a j\u00f3venes de entre 18 y 35 a\u00f1os de Bilbao.<\/p>\n<p>El objetivo es sensibilizar a los y las j\u00f3venes sobre el impacto medioambiental, social y econ\u00f3mico de la \u00abmoda r\u00e1pida\u00bb, acercarles al sector vasco de la \u00abmoda sostenible\u00bb y respaldar iniciativas que propicien un futuro textil m\u00e1s \u00e9tico y equilibrado.<\/p>\n<p style=\"font-weight: 400;\">El programa se desarrollar\u00e1 en dos fases: la primera dirigida a informar, inspirar y experimentar a trav\u00e9s de diferentes talleres y workshops; la segunda orientada a una convocatoria abierta de proyectos en la que se seleccionan dos iniciativas que contar\u00e1n con apoyo t\u00e9cnico y log\u00edstico para su desarrollo.<\/p>\n<p>Esta iniciativa est\u00e1 comisariada por <a href=\"https:\/\/www.instagram.com\/estudiobokashi\/?hl=es\">Estudio Bokashi.<\/a>[\/vc_column_text][vc_btn title=\u00bbCartel 2025&#8243; color=\u00bbdanger\u00bb link=\u00bburl:http%3A%2F%2Fbilbaogazte.bilbao.eus%2Fwp-content%2Fuploads%2F2025%2F02%2FGREEN_GLAM_cartelA3_sinmarcas.pdf|title:Cartel||\u00bb][\/vc_column][\/vc_row][vc_row disable_element=\u00bbyes\u00bb][vc_column width=\u00bb1\/4&#8243;][vc_single_image image=\u00bb60406&#8243; img_size=\u00bbfull\u00bb onclick=\u00bbcustom_link\u00bb link=\u00bbhttps:\/\/bilbaogazte.bilbao.eus\/es\/greenglam-opening\/\u00bb][\/vc_column][vc_column width=\u00bb1\/4&#8243;][vc_single_image image=\u00bb60413&#8243; img_size=\u00bbfull\u00bb onclick=\u00bbcustom_link\u00bb link=\u00bbhttps:\/\/bilbaogazte.bilbao.eus\/es\/greenglam-workshops\/\u00bb][\/vc_column][vc_column width=\u00bb1\/4&#8243;][vc_single_image image=\u00bb64452&#8243; img_size=\u00bbfull\u00bb onclick=\u00bbcustom_link\u00bb link=\u00bbhttps:\/\/bilbaogazte.bilbao.eus\/es\/greenglam-proyectos-ganadores\/\u00bb][\/vc_column][vc_column width=\u00bb1\/4&#8243;][vc_single_image image=\u00bb60442&#8243; img_size=\u00bbfull\u00bb onclick=\u00bbcustom_link\u00bb link=\u00bbhttps:\/\/bilbaogazte.bilbao.eus\/es\/greenglam2024&#8243;][\/vc_column][\/vc_row]<\/p>\n","protected":false},"excerpt":{"rendered":"<p class=\"entry-summary\"> Konekta Ideiak: GREEN GLAM \u2013 Moda Sostenible es un programa que celebra su 3\u00aa&hellip;<\/p>\n<div class=\"link-more\"><a href=\"https:\/\/bilbaogazte.bilbao.eus\/es\/greenglam\/\" class=\"more-link\">Continue reading<span class=\"screen-reader-text\"> &ldquo;GREENGLAM&rdquo;<\/span>&hellip;<\/a><\/div>","protected":false},"author":79,"featured_media":0,"parent":0,"menu_order":0,"comment_status":"closed","ping_status":"closed","template":"","meta":{"_monsterinsights_skip_tracking":false,"_monsterinsights_sitenote_active":false,"_monsterinsights_sitenote_note":"","_monsterinsights_sitenote_category":0,"footnotes":""},"_links":{"self":[{"href":"https:\/\/bilbaogazte.bilbao.eus\/es\/wp-json\/wp\/v2\/pages\/60370"}],"collection":[{"href":"https:\/\/bilbaogazte.bilbao.eus\/es\/wp-json\/wp\/v2\/pages"}],"about":[{"href":"https:\/\/bilbaogazte.bilbao.eus\/es\/wp-json\/wp\/v2\/types\/page"}],"author":[{"embeddable":true,"href":"https:\/\/bilbaogazte.bilbao.eus\/es\/wp-json\/wp\/v2\/users\/79"}],"replies":[{"embeddable":true,"href":"https:\/\/bilbaogazte.bilbao.eus\/es\/wp-json\/wp\/v2\/comments?post=60370"}],"version-history":[{"count":32,"href":"https:\/\/bilbaogazte.bilbao.eus\/es\/wp-json\/wp\/v2\/pages\/60370\/revisions"}],"predecessor-version":[{"id":66864,"href":"https:\/\/bilbaogazte.bilbao.eus\/es\/wp-json\/wp\/v2\/pages\/60370\/revisions\/66864"}],"wp:attachment":[{"href":"https:\/\/bilbaogazte.bilbao.eus\/es\/wp-json\/wp\/v2\/media?parent=60370"}],"curies":[{"name":"wp","href":"https:\/\/api.w.org\/{rel}","templated":true}]}}