{"id":60379,"date":"2025-01-30T11:25:13","date_gmt":"2025-01-30T09:25:13","guid":{"rendered":"https:\/\/bilbaogazte.bilbao.eus\/es\/greenglam-fase-1-copy\/"},"modified":"2025-02-03T17:09:39","modified_gmt":"2025-02-03T15:09:39","slug":"greenglam-opening","status":"publish","type":"page","link":"https:\/\/bilbaogazte.bilbao.eus\/es\/greenglam-opening\/","title":{"rendered":"OPENING &#8211; COLOQUIO"},"content":{"rendered":"<p>[vc_row][vc_column][vc_single_image image=\u00bb60568&#8243; img_size=\u00bbfull\u00bb onclick=\u00bbcustom_link\u00bb link=\u00bbhttps:\/\/bilbaogazte.bilbao.eus\/es\/greenglam\/\u00bb][\/vc_column][\/vc_row][vc_row][vc_column][vc_column_text]<strong>11 de febrero 19:00 Sala Konekta, La Perrera (SABINO ARANA 50).<\/strong><\/p>\n<p><a href=\"https:\/\/linktr.ee\/estudiobokashi\">INSCR\u00cdBETE AQU\u00cd.<\/a><\/p>\n<p style=\"font-weight: 400;\">El objetivo es anunciar y dar a conocer el proyecto y motivar a las personas asistentes a participar tanto en la fase de conocimiento y experimentaci\u00f3n (workshops), como en la segunda fase de convocatoria de proyectos para la puesta en marcha de iniciativas juveniles con apoyo t\u00e9cnico y econ\u00f3mico.<\/p>\n<p style=\"font-weight: 400;\">PARTICIPAN:<\/p>\n<ul>\n<li><a href=\"https:\/\/www.linkedin.com\/in\/esparzaarantxa\/\"><strong>Arantxa Esparza<\/strong><\/a><\/li>\n<\/ul>\n<p style=\"font-weight: 400;\">Creadora de una de las dos ideas ganadoras de la convocatoria de la primera edici\u00f3n Green Glam: Moda Sostenible, con su proyecto \u201cInvestigaci\u00f3n, documentaci\u00f3n y registro del proceso de elaboraci\u00f3n de una americana con t\u00e9cnicas de sastrer\u00eda artesanal\u201d. Arantxa ha trabajado mediante este proyecto en la revisi\u00f3n y la preservaci\u00f3n del proceso tradicional de sastrer\u00eda artesanal, creando trajes que fusionan la tradici\u00f3n con innovaciones tecnol\u00f3gicas actuales.<\/p>\n<p style=\"font-weight: 400;\">LinkedIn: <a href=\"https:\/\/www.linkedin.com\/in\/esparzaarantxa\/\">Arantxa Esparza<\/a>; su proyecto: <a href=\"https:\/\/www.instagram.com\/proyecto.sastreria.proiektua\/\">Sastrer\u00eda Artesanal<\/a><\/p>\n<ul>\n<li><a href=\"https:\/\/www.instagram.com\/miriamocarizmiguel\/\"><strong>Miriam Oc\u00e1riz<\/strong><\/a><\/li>\n<\/ul>\n<p style=\"font-weight: 400;\">Licenciada en Bellas Artes y Dise\u00f1adora de Moda. En 1998 fund\u00f3 su propia empresa, con la que desarroll\u00f3 las colecciones que, durante a\u00f1os, present\u00f3 en las pasarelas Gaud\u00ed Barcelona y Cibeles Madrid (Madrid Fashion Week). Ha sido responsable de la Direcci\u00f3n Creativa de Armand Basi, y ha desarrollado colecciones de calzado para firmas como Fosco y Farrutx. Sus dise\u00f1os se han vendido en varios pa\u00edses, estando presentes en conocidas boutiques de Par\u00eds, Nueva York o Tokio. Durante a\u00f1os, combina la direcci\u00f3n de su empresa y su profesi\u00f3n de dise\u00f1adora, exponiendo en diferentes galer\u00edas de Arte. Actualmente, tambi\u00e9n imparte clases de ilustraci\u00f3n de Moda y estampaci\u00f3n textil en el IED KUNSTHAL Bilbao.<\/p>\n<p style=\"font-weight: 400;\">Instagram: <a href=\"https:\/\/www.instagram.com\/miriamocarizmiguel\/\">Miriam Oc\u00e1riz<\/a>, <a href=\"https:\/\/www.instagram.com\/miriamocarizstudio\/\">Miriam Ocariz Studio<\/a><\/p>\n<ul>\n<li><strong><a href=\"http:\/\/www.proyectohemen.com\/\">Estela de Miguel<\/a><\/strong><\/li>\n<\/ul>\n<p style=\"font-weight: 400;\">\u00a0Produce y dirige el Proyecto Hemen junto a Markel Gonzalez,\u00a0espacio de creaci\u00f3n contempor\u00e1nea que sit\u00faa el textil y la cer\u00e1mica como ejes para el desarrollo creativo. Creen en la idea de compartir herramientas, tiempo y procesos para generar sinergias y pensamiento cr\u00edtico revisitando t\u00e9cnicas tradicionales para hacer llegar el valor de los objetos. All\u00ed se desarroll\u00f3 <a href=\"http:\/\/www.h05bilbao.com\/\">H05<\/a>, una marca de prendas y objetos elaborados de manera local con escala humana, cuidada y cercana.<\/p>\n<p style=\"font-weight: 400;\">Sitios web: <a href=\"http:\/\/www.proyectohemen.com\/\">Proyecto Hemen<\/a>, <a href=\"http:\/\/www.h05bilbao.com\/\">H05 Bilbao<\/a><\/p>\n<p>[\/vc_column_text][\/vc_column][\/vc_row][vc_row][vc_column][\/vc_column][\/vc_row]<\/p>\n","protected":false},"excerpt":{"rendered":"<p class=\"entry-summary\">11 de febrero 19:00 Sala Konekta, La Perrera (SABINO ARANA 50). INSCR\u00cdBETE AQU\u00cd. El&hellip;<\/p>\n<div class=\"link-more\"><a href=\"https:\/\/bilbaogazte.bilbao.eus\/es\/greenglam-opening\/\" class=\"more-link\">Continue reading<span class=\"screen-reader-text\"> &ldquo;OPENING &#8211; COLOQUIO&rdquo;<\/span>&hellip;<\/a><\/div>","protected":false},"author":79,"featured_media":0,"parent":0,"menu_order":0,"comment_status":"closed","ping_status":"closed","template":"","meta":{"_monsterinsights_skip_tracking":false,"_monsterinsights_sitenote_active":false,"_monsterinsights_sitenote_note":"","_monsterinsights_sitenote_category":0,"footnotes":""},"_links":{"self":[{"href":"https:\/\/bilbaogazte.bilbao.eus\/es\/wp-json\/wp\/v2\/pages\/60379"}],"collection":[{"href":"https:\/\/bilbaogazte.bilbao.eus\/es\/wp-json\/wp\/v2\/pages"}],"about":[{"href":"https:\/\/bilbaogazte.bilbao.eus\/es\/wp-json\/wp\/v2\/types\/page"}],"author":[{"embeddable":true,"href":"https:\/\/bilbaogazte.bilbao.eus\/es\/wp-json\/wp\/v2\/users\/79"}],"replies":[{"embeddable":true,"href":"https:\/\/bilbaogazte.bilbao.eus\/es\/wp-json\/wp\/v2\/comments?post=60379"}],"version-history":[{"count":7,"href":"https:\/\/bilbaogazte.bilbao.eus\/es\/wp-json\/wp\/v2\/pages\/60379\/revisions"}],"predecessor-version":[{"id":60596,"href":"https:\/\/bilbaogazte.bilbao.eus\/es\/wp-json\/wp\/v2\/pages\/60379\/revisions\/60596"}],"wp:attachment":[{"href":"https:\/\/bilbaogazte.bilbao.eus\/es\/wp-json\/wp\/v2\/media?parent=60379"}],"curies":[{"name":"wp","href":"https:\/\/api.w.org\/{rel}","templated":true}]}}