{"id":60404,"date":"2025-01-30T12:08:17","date_gmt":"2025-01-30T10:08:17","guid":{"rendered":"https:\/\/bilbaogazte.bilbao.eus\/es\/?page_id=60404"},"modified":"2025-02-03T16:55:10","modified_gmt":"2025-02-03T14:55:10","slug":"greenglam-workshops","status":"publish","type":"page","link":"https:\/\/bilbaogazte.bilbao.eus\/es\/greenglam-workshops\/","title":{"rendered":"WORKSHOPS"},"content":{"rendered":"<p>[vc_row][vc_column][vc_single_image image=\u00bb60568&#8243; img_size=\u00bbfull\u00bb onclick=\u00bbcustom_link\u00bb link=\u00bbhttps:\/\/bilbaogazte.bilbao.eus\/es\/greenglam\/\u00bb][\/vc_column][\/vc_row][vc_row][\/vc_row][vc_column][\/vc_column][vc_column_text]Durante la primera fase, a trav\u00e9s de 3 talleres dirigidos a personas j\u00f3venes de entre 18 y 35 a\u00f1os de Bilbao, se dar\u00e1 la oportunidad de aprender, experimentar e investigar sobre la moda, la sostenibilidad y econom\u00eda circular en diferentes \u00e1mbitos de la mano de profesionales del sector:<\/p>\n<ul>\n<li><strong>Workshop Inspiraci\u00f3n y emprendimiento: \u201cEncuentros y desencuentros. Un camino en la moda\u201d | <\/strong><a href=\"https:\/\/www.instagram.com\/miriamocarizmiguel\/\"><strong>Miriam Oc\u00e1riz<\/strong><\/a><\/li>\n<\/ul>\n<p style=\"font-weight: 400;\"><strong>20 de febrero, 18:00 \u2013 20:00. Sala Coworking, La Perrera (Sabino Arana, 50)<\/strong><\/p>\n<p style=\"font-weight: 400;\"><a href=\"https:\/\/linktr.ee\/estudiobokashi\">\u00a1Inscr\u00edbete aqu\u00ed! <\/a><br \/>\nEn este primer workshop, Miriam Oc\u00e1riz ofrecer\u00e1 un encuentro inspiracional donde explicar\u00e1 el recorrido de su carrera y visualizar\u00e1 las luces y sombras de emprender en el negocio textil.<\/p>\n<ul>\n<li><strong>Workshop WANNABE | <\/strong><a href=\"http:\/\/www.h05bilbao.com\/\"><strong>H05<\/strong><\/a><\/li>\n<\/ul>\n<p style=\"font-weight: 400;\"><strong>25 de febrero, 17:00 \u2013 20:00. Sala Konekta, La Perrera (Sabino Arana, 50)<\/strong><\/p>\n<p style=\"font-weight: 400;\"><a href=\"https:\/\/linktr.ee\/estudiobokashi\">\u00a1Inscr\u00edbete aqu\u00ed!\u00a0<\/a><\/p>\n<p style=\"font-weight: 400;\">H05 (Estela de Miguel y Markel Gonzalez) es una marca de prendas y objetos elaborados de manera local con escala humana, cuidada y cercana. Ofrecer\u00e1n el workshop Wannabe con la idea de dise\u00f1ar y crear dispositivos corporales heterog\u00e9neos transformando objetos dom\u00e9sticos comunes y materiales pl\u00e1sticos que permitan reformular los l\u00edmites de nuestro cuerpo, al tiempo que pensamos ideas en torno a lo est\u00e9tico, lo utilitario, lo identitario y lo cultural.<\/p>\n<ul>\n<li><strong>Workshop Bio-Materialidades vibrantes | <\/strong><a href=\"https:\/\/www.instagram.com\/betiana_jpg\/\"><strong>Betiana Pav\u00f3n<\/strong><\/a><\/li>\n<\/ul>\n<p style=\"font-weight: 400;\"><strong>11 de marzo, 17:00 \u2013 20:00. Sala Konekta, La Perrera (Sabino Arana, 50)<\/strong><\/p>\n<p style=\"font-weight: 400;\"><a href=\"https:\/\/linktr.ee\/estudiobokashi\">\u00a1Inscr\u00edbete aqu\u00ed!\u00a0<\/a><\/p>\n<p style=\"font-weight: 400;\">Betiana Pav\u00f3n, biodise\u00f1adora e investigadora argentina, ofrecer\u00e1 este workshop para abordar la problem\u00e1tica actual en cuanto a la gesti\u00f3n y aprovechamiento de los desechos de una forma circular ofreciendo soluciones creativas en conexi\u00f3n con el dise\u00f1o y la pr\u00e1ctica art\u00edstica.<\/p>\n<p>\u00a0[\/vc_column_text]<\/p>\n","protected":false},"excerpt":{"rendered":"<p class=\"entry-summary\">Durante la primera fase, a trav\u00e9s de 3 talleres dirigidos a personas j\u00f3venes de&hellip;<\/p>\n<div class=\"link-more\"><a href=\"https:\/\/bilbaogazte.bilbao.eus\/es\/greenglam-workshops\/\" class=\"more-link\">Continue reading<span class=\"screen-reader-text\"> &ldquo;WORKSHOPS&rdquo;<\/span>&hellip;<\/a><\/div>","protected":false},"author":79,"featured_media":0,"parent":0,"menu_order":0,"comment_status":"closed","ping_status":"closed","template":"","meta":{"_monsterinsights_skip_tracking":false,"_monsterinsights_sitenote_active":false,"_monsterinsights_sitenote_note":"","_monsterinsights_sitenote_category":0,"footnotes":""},"_links":{"self":[{"href":"https:\/\/bilbaogazte.bilbao.eus\/es\/wp-json\/wp\/v2\/pages\/60404"}],"collection":[{"href":"https:\/\/bilbaogazte.bilbao.eus\/es\/wp-json\/wp\/v2\/pages"}],"about":[{"href":"https:\/\/bilbaogazte.bilbao.eus\/es\/wp-json\/wp\/v2\/types\/page"}],"author":[{"embeddable":true,"href":"https:\/\/bilbaogazte.bilbao.eus\/es\/wp-json\/wp\/v2\/users\/79"}],"replies":[{"embeddable":true,"href":"https:\/\/bilbaogazte.bilbao.eus\/es\/wp-json\/wp\/v2\/comments?post=60404"}],"version-history":[{"count":10,"href":"https:\/\/bilbaogazte.bilbao.eus\/es\/wp-json\/wp\/v2\/pages\/60404\/revisions"}],"predecessor-version":[{"id":60583,"href":"https:\/\/bilbaogazte.bilbao.eus\/es\/wp-json\/wp\/v2\/pages\/60404\/revisions\/60583"}],"wp:attachment":[{"href":"https:\/\/bilbaogazte.bilbao.eus\/es\/wp-json\/wp\/v2\/media?parent=60404"}],"curies":[{"name":"wp","href":"https:\/\/api.w.org\/{rel}","templated":true}]}}