{"id":60703,"date":"2025-02-10T11:19:01","date_gmt":"2025-02-10T09:19:01","guid":{"rendered":"https:\/\/bilbaogazte.bilbao.eus\/es\/?page_id=60703"},"modified":"2025-03-07T13:46:13","modified_gmt":"2025-03-07T11:46:13","slug":"gaztegunak","status":"publish","type":"page","link":"https:\/\/bilbaogazte.bilbao.eus\/es\/gaztegunak\/","title":{"rendered":"GAZTEGUNAK"},"content":{"rendered":"<p>[vc_row][vc_column][vc_column_text]<img loading=\"lazy\" decoding=\"async\" class=\"alignnone wp-image-61177 size-medium\" src=\"http:\/\/bilbaogazte.bilbao.eus\/wp-content\/uploads\/2025\/03\/800-872x491.jpg\" alt=\"\" width=\"872\" height=\"491\" srcset=\"https:\/\/bilbaogazte.bilbao.eus\/wp-content\/uploads\/2025\/03\/800-872x491.jpg 872w, https:\/\/bilbaogazte.bilbao.eus\/wp-content\/uploads\/2025\/03\/800-1408x792.jpg 1408w, https:\/\/bilbaogazte.bilbao.eus\/wp-content\/uploads\/2025\/03\/800-480x270.jpg 480w, https:\/\/bilbaogazte.bilbao.eus\/wp-content\/uploads\/2025\/03\/800-768x432.jpg 768w, https:\/\/bilbaogazte.bilbao.eus\/wp-content\/uploads\/2025\/03\/800-1536x864.jpg 1536w, https:\/\/bilbaogazte.bilbao.eus\/wp-content\/uploads\/2025\/03\/800.jpg 1920w\" sizes=\"(max-width: 872px) 100vw, 872px\" \/><\/p>\n<div class=\"row\">\n<div class=\"col-md-12 col-xs-12\">\n<p>Con el fin de fomentar otras acciones y la participaci\u00f3n proactiva de y <strong>para colectivos j\u00f3venes y de estos sectores y p\u00fablicos objetivos<\/strong> espec\u00edficos que <strong>no dispongan de medios suficientes<\/strong>, se valora puntualmente la <strong>cesi\u00f3n de la sala de manera gratuita con la tarifa necesaria<\/strong> y aportando los medios necesarios para apoyarles, dando la <strong>oportunidad<\/strong> de que puedan <strong>realizar su actividad<\/strong> con la suficiente calidad.<\/p>\n<\/div>\n<\/div>\n<p>[\/vc_column_text][\/vc_column][\/vc_row][vc_row][vc_column][vc_btn title=\u00bbFORMULARIO\u00bb color=\u00bbdanger\u00bb link=\u00bburl:https%3A%2F%2Fbilbaogazte.bilbao.eus%2Fwp-content%2Fuploads%2F2024%2F04%2Fformulario_GAZTE_EGUNAK_2024.pdf|||\u00bb][\/vc_column][\/vc_row]<\/p>\n","protected":false},"excerpt":{"rendered":"<p class=\"entry-summary\"> Con el fin de fomentar otras acciones y la participaci\u00f3n proactiva de y para colectivos j\u00f3venes y&hellip;<\/p>\n<div class=\"link-more\"><a href=\"https:\/\/bilbaogazte.bilbao.eus\/es\/gaztegunak\/\" class=\"more-link\">Continue reading<span class=\"screen-reader-text\"> &ldquo;GAZTEGUNAK&rdquo;<\/span>&hellip;<\/a><\/div>","protected":false},"author":79,"featured_media":0,"parent":0,"menu_order":0,"comment_status":"closed","ping_status":"closed","template":"","meta":{"_monsterinsights_skip_tracking":false,"_monsterinsights_sitenote_active":false,"_monsterinsights_sitenote_note":"","_monsterinsights_sitenote_category":0,"footnotes":""},"_links":{"self":[{"href":"https:\/\/bilbaogazte.bilbao.eus\/es\/wp-json\/wp\/v2\/pages\/60703"}],"collection":[{"href":"https:\/\/bilbaogazte.bilbao.eus\/es\/wp-json\/wp\/v2\/pages"}],"about":[{"href":"https:\/\/bilbaogazte.bilbao.eus\/es\/wp-json\/wp\/v2\/types\/page"}],"author":[{"embeddable":true,"href":"https:\/\/bilbaogazte.bilbao.eus\/es\/wp-json\/wp\/v2\/users\/79"}],"replies":[{"embeddable":true,"href":"https:\/\/bilbaogazte.bilbao.eus\/es\/wp-json\/wp\/v2\/comments?post=60703"}],"version-history":[{"count":4,"href":"https:\/\/bilbaogazte.bilbao.eus\/es\/wp-json\/wp\/v2\/pages\/60703\/revisions"}],"predecessor-version":[{"id":61201,"href":"https:\/\/bilbaogazte.bilbao.eus\/es\/wp-json\/wp\/v2\/pages\/60703\/revisions\/61201"}],"wp:attachment":[{"href":"https:\/\/bilbaogazte.bilbao.eus\/es\/wp-json\/wp\/v2\/media?parent=60703"}],"curies":[{"name":"wp","href":"https:\/\/api.w.org\/{rel}","templated":true}]}}