{"id":60877,"date":"2025-02-27T10:44:25","date_gmt":"2025-02-27T08:44:25","guid":{"rendered":"https:\/\/bilbaogazte.bilbao.eus\/es\/mix-a-copy\/"},"modified":"2025-03-07T13:45:08","modified_gmt":"2025-03-07T11:45:08","slug":"spam","status":"publish","type":"page","link":"https:\/\/bilbaogazte.bilbao.eus\/es\/spam\/","title":{"rendered":"#SPAM!"},"content":{"rendered":"<p>[vc_row][vc_column][vc_column_text]<img loading=\"lazy\" decoding=\"async\" class=\"alignnone wp-image-61173 size-medium\" src=\"http:\/\/bilbaogazte.bilbao.eus\/wp-content\/uploads\/2025\/03\/700-872x491.jpg\" alt=\"\" width=\"872\" height=\"491\" srcset=\"https:\/\/bilbaogazte.bilbao.eus\/wp-content\/uploads\/2025\/03\/700-872x491.jpg 872w, https:\/\/bilbaogazte.bilbao.eus\/wp-content\/uploads\/2025\/03\/700-1408x792.jpg 1408w, https:\/\/bilbaogazte.bilbao.eus\/wp-content\/uploads\/2025\/03\/700-480x270.jpg 480w, https:\/\/bilbaogazte.bilbao.eus\/wp-content\/uploads\/2025\/03\/700-768x432.jpg 768w, https:\/\/bilbaogazte.bilbao.eus\/wp-content\/uploads\/2025\/03\/700-1536x864.jpg 1536w, https:\/\/bilbaogazte.bilbao.eus\/wp-content\/uploads\/2025\/03\/700.jpg 1920w\" sizes=\"(max-width: 872px) 100vw, 872px\" \/><\/p>\n<p>Jornadas enfocadas en <strong>impulsar a las personas j\u00f3venes emprendedoras en el \u00e1mbito de las industrias culturales y creativas de Bilbao.<\/strong><\/p>\n<p>Los <strong>objetivos<\/strong> son:<\/p>\n<ul>\n<li><strong>Hacer foco en las personas j\u00f3venes de Bilbao que quieran emprender en las ICCs<\/strong> y se acerquen as\u00ed a <strong>recursos, instituciones, informaci\u00f3n e inspiraci\u00f3n alineando la estrategia del \u00e1rea de juventud \/ Bilbao Hiri Gaztea<\/strong>, haciendo especial hincapi\u00e9 en el <strong>\u00e1mbito del emprendimiento cultural y creativo.<\/strong><\/li>\n<li>Trabajar con profesionales y entidades relacionadas con <strong>Artes Visuales, Esc\u00e9nicas y Audiovisuales.<\/strong><\/li>\n<li><strong>\u00abDes-aburrir\u00bb el emprendimiento en el \u00e1mbito creativo cultural joven<\/strong> desde un prisma diferente a los servicios \u00abtradicionales\u00bb de emprendimiento.<\/li>\n<\/ul>\n<p>[\/vc_column_text][\/vc_column][\/vc_row][vc_row][vc_column][vc_column_text]<strong>MARZO 11:\u00a0<\/strong><\/p>\n<p>SESI\u00d3N SPAM! (2,5h + 1h) &#8211; 18:00 hrs<\/p>\n<ul>\n<li><strong>Ponencias recursos p\u00fablicos<\/strong><\/li>\n<li><strong>Ponencias 3 casos de \u00e9xito<\/strong><\/li>\n<li><strong>Networking<\/strong><\/li>\n<\/ul>\n<p>&nbsp;<\/p>\n<p><strong>MARZO 12:<\/strong><\/p>\n<p>SESI\u00d3N SPAM! (2,5h + 1h) &#8211; 18 hrs<\/p>\n<ul>\n<li><strong>Ponencias 2 casos de \u00e9xito<\/strong><\/li>\n<li><strong>Presentaciones de proyectos participantes<\/strong><\/li>\n<li><strong>Networking<\/strong><\/li>\n<\/ul>\n<p>&nbsp;<\/p>\n<p><strong>MARZO 26:\u00a0<\/strong><\/p>\n<p>SESI\u00d3N SPAM! (Exhibici\u00f3n de proyectos) &#8211; 19 hrs<\/p>\n<ul>\n<li><strong>Sesi\u00f3n l\u00fadica abierta al p\u00fablico de exhibici\u00f3n de proyectos e iniciativas culturales\u00a0<\/strong>existentes a modo inspiracional y tambi\u00e9n otros que muestran sus proyectos detectados de los participantes en las jornadas<\/li>\n<li><strong>Exhibici\u00f3n de proyectos participantes en las dos primeras sesiones,<\/strong> que tengan una propuesta interesante y\/o suficientemente desarrollada, para mostrar en esta jornada. En las dos primeras jornadas realizaremos una din\u00e1mica a modo de \u00abCasting\u00bb para detectar estas propuestas, que ser\u00e1n <strong>acompa\u00f1adas en formato mentoring<\/strong> para quienes lo necesiten<\/li>\n<li><strong>Networking<\/strong><\/li>\n<\/ul>\n<p>[\/vc_column_text][\/vc_column][\/vc_row]<\/p>\n","protected":false},"excerpt":{"rendered":"<p class=\"entry-summary\"> Jornadas enfocadas en impulsar a las personas j\u00f3venes emprendedoras en el \u00e1mbito de las industrias culturales y&hellip;<\/p>\n<div class=\"link-more\"><a href=\"https:\/\/bilbaogazte.bilbao.eus\/es\/spam\/\" class=\"more-link\">Continue reading<span class=\"screen-reader-text\"> &ldquo;#SPAM!&rdquo;<\/span>&hellip;<\/a><\/div>","protected":false},"author":79,"featured_media":0,"parent":0,"menu_order":0,"comment_status":"closed","ping_status":"closed","template":"","meta":{"_monsterinsights_skip_tracking":false,"_monsterinsights_sitenote_active":false,"_monsterinsights_sitenote_note":"","_monsterinsights_sitenote_category":0,"footnotes":""},"_links":{"self":[{"href":"https:\/\/bilbaogazte.bilbao.eus\/es\/wp-json\/wp\/v2\/pages\/60877"}],"collection":[{"href":"https:\/\/bilbaogazte.bilbao.eus\/es\/wp-json\/wp\/v2\/pages"}],"about":[{"href":"https:\/\/bilbaogazte.bilbao.eus\/es\/wp-json\/wp\/v2\/types\/page"}],"author":[{"embeddable":true,"href":"https:\/\/bilbaogazte.bilbao.eus\/es\/wp-json\/wp\/v2\/users\/79"}],"replies":[{"embeddable":true,"href":"https:\/\/bilbaogazte.bilbao.eus\/es\/wp-json\/wp\/v2\/comments?post=60877"}],"version-history":[{"count":7,"href":"https:\/\/bilbaogazte.bilbao.eus\/es\/wp-json\/wp\/v2\/pages\/60877\/revisions"}],"predecessor-version":[{"id":61200,"href":"https:\/\/bilbaogazte.bilbao.eus\/es\/wp-json\/wp\/v2\/pages\/60877\/revisions\/61200"}],"wp:attachment":[{"href":"https:\/\/bilbaogazte.bilbao.eus\/es\/wp-json\/wp\/v2\/media?parent=60877"}],"curies":[{"name":"wp","href":"https:\/\/api.w.org\/{rel}","templated":true}]}}