{"id":61016,"date":"2025-03-03T11:45:10","date_gmt":"2025-03-03T09:45:10","guid":{"rendered":"https:\/\/bilbaogazte.bilbao.eus\/es\/?page_id=61016"},"modified":"2025-03-06T16:00:49","modified_gmt":"2025-03-06T14:00:49","slug":"bilbao-gazte-steam-eguna","status":"publish","type":"page","link":"https:\/\/bilbaogazte.bilbao.eus\/es\/bilbao-gazte-steam-eguna\/","title":{"rendered":"BILBAO GAZTE STEAM EGUNA"},"content":{"rendered":"<p>[vc_row][vc_column width=\u00bb2\/3&#8243;][vc_single_image image=\u00bb61135&#8243; img_size=\u00bbfull\u00bb][vc_column_text]<\/p>\n<h4 class=\"western\"><span style=\"font-size: x-large;\">\u00bfQU\u00c9 ES BILBAO GAZTE STEAM EGUNA?<\/span><\/h4>\n<p>[\/vc_column_text][vc_column_text]<\/p>\n<p align=\"JUSTIFY\">\u200bEl <strong data-renderer-mark=\"true\">Bilbao Gazte STEAM Eguna<\/strong> es una jornada dedicada a acercar las disciplinas de Ciencia, Tecnolog\u00eda, Ingenier\u00eda, Arte y Matem\u00e1ticas (STEAM) al p\u00fablico joven de Bilbao. Durante todo el d\u00eda, en <strong data-renderer-mark=\"true\">La Perrera<\/strong>, se desarrollar\u00e1n diversas actividades como una feria de stands educativos y tecnol\u00f3gicos, presentaciones de proyectos en formato pitch, demostraciones y talleres interactivos. El objetivo principal es divulgar la oferta de programaci\u00f3n STEAM disponible en la ciudad y acercar al alumnado de 3\u00ba y 4\u00ba de secundaria, bachillerato y ciclos formativos a las competencias y profesiones relacionadas con estas \u00e1reas.<\/p>\n<p align=\"JUSTIFY\">Horario: 09:30-14:00 y 18:00-20:30h.<\/p>\n<p>[\/vc_column_text][vc_column_text]<\/p>\n<h4 class=\"western\"><span style=\"font-size: x-large;\">ACTIVIDADES<\/span><\/h4>\n<p>[\/vc_column_text][vc_column_text]<\/p>\n<h2 class=\"p1\"><strong>Feria Stands<\/strong><\/h2>\n<p>Horario: 09:30 a 14:00h.<\/p>\n<p class=\"p1\">&#8216;El Futuro de las profesiones STEAM en Bilbao&#8217;.<\/p>\n<p>Espacios para que universidades, centros de formaci\u00f3n profesional, escuelas tecnol\u00f3gicas, clusters y empresas puedan mostrar su oferta educativa y sus proyectos de innovaci\u00f3n.<\/p>\n<h2><strong>Pitching Proyectos Steam<\/strong><\/h2>\n<p>Horario: 11:00 a 13.00h.<\/p>\n<p>Presentaci\u00f3n de 10 proyectos STEAM por alumnado y personas j\u00f3venes (formato pitching).<\/p>\n<p>Los proyectos que se presentan han sido desarrollados entre 2022-2025 en las \u00e1reas de sostenibilidad, tecnolog\u00eda, innovaci\u00f3n social, dise\u00f1o, creaci\u00f3nista, moda, ciencia, etc.<\/p>\n<h2><strong>Demos Steam<\/strong><\/h2>\n<p>Horario: 09:30-14:00h y 18:00-20:30h.<\/p>\n<p>Experiencias tecnol\u00f3gicas y ci\u00e9nt\u00edficas, demostraciones y talleres que se desarrollar\u00e1n de forma simult\u00e1nea en diferentes espacios de La Perrera. Las actividades incluidas suponen una muestra de las actividades ofertadas por el \u00c1rea de Juventud y Deporte en los diferentes STEAM Guneak municipales.<\/p>\n<ul>\n<li><strong>Drone Soccer:<\/strong> Nueva disciplina tecnodeportiva de Corea del Sur. Dos equipos de 3 jugadores compiten para pasar su dron de bal\u00f3n de f\u00fatbol a la<br \/>\nporter\u00eda contraria.<\/li>\n<li><strong>Green Power:<\/strong> Los coches el\u00e9ctricos de los equipos de Bilbao realizar\u00e1n los<br \/>\nmantenimientos y las pruebas previas a la competici\u00f3n de San Mam\u00e9s del<br \/>\n15 de abril.<\/li>\n<li><strong>Simulador de vuelo drones:<\/strong> Control de un dron a trav\u00e9s de un simulador de vuelo para familiarizarse con mandos y t\u00e9cnicas de pilotaje.<\/li>\n<li><strong>Impresi\u00f3n 3D:<\/strong> Explicaci\u00f3n sobre tecnolog\u00edas de impresi\u00f3n 3D y procesos de reciclado, con demostraci\u00f3n en tiempo real de creaci\u00f3n de objetos.<\/li>\n<li><strong>First Lego League:<\/strong> Exhibici\u00f3n de robots construidos por equipos que participaron en la competici\u00f3n del 22 de febrero.<\/li>\n<li><strong>Robot cuadr\u00fapedo:<\/strong> Demostraci\u00f3n de las capacidades del robot cuadr\u00fapedo Unitree G02 con coreograf\u00edas preprogramadas.<\/li>\n<li><strong>Laboratorio IA &amp; Rob\u00f3tica:<\/strong> Presentaci\u00f3n del Laboratorio de Inteligencia Artificial y Rob\u00f3tica, mostrando actividades actuales y planes futuros.<\/li>\n<\/ul>\n<h2><strong>Talleres Steam<\/strong><\/h2>\n<p><strong>Horario:<\/strong><br \/>\nMa\u00f1ana: 09:30-10:30, 11:00-12:00 y 12:30-13:30.<br \/>\nTarde: 18:00-19:00 y 19:30-20:30.<\/p>\n<p>Mediante inscripci\u00f3n previa, grupos de j\u00f3venes podr\u00e1n participar en diferentes talleres:<\/p>\n<ul>\n<li><strong>Brazo Rob\u00f3tico:<\/strong> Programaci\u00f3n de movimientos para recoger y apilar cubos utilizando tres brazos rob\u00f3ticos Dobot Magician.<\/li>\n<li><strong>Producci\u00f3n musical digital:<\/strong> Exploraci\u00f3n del mundo de la producci\u00f3n musical utilizando herramientas digitales y software de composici\u00f3n.<\/li>\n<li><strong>Papelera inteligente con Arduino:<\/strong> Construcci\u00f3n de una maqueta de papelera inteligente con sensor de ultrasonidos y servo para apertura autom\u00e1tica sin contacto.<\/li>\n<\/ul>\n<p>[\/vc_column_text][\/vc_column][vc_column width=\u00bb1\/3&#8243;][vc_empty_space][vc_single_image image=\u00bb59857&#8243; img_size=\u00bbfull\u00bb css=\u00bb.vc_custom_1734002398514{padding-bottom: 0px !important;}\u00bb][vc_column_text]<a href=\"https:\/\/docs.google.com\/forms\/d\/e\/1FAIpQLScn_0u4ZLPqHFiGqCRCNqWsVFHkr99t6QzKJpdKXnKVkPO0pA\/viewform\"><b><i>Formulario de inscripci\u00f3n &#8211; Centros formativos<\/i><\/b><\/a><\/p>\n<p><a href=\"https:\/\/docs.google.com\/forms\/d\/e\/1FAIpQLSd6sMzLxMUYvvJ39mTo2bnPQL98xCX-c9LlXQMscBOL3Tl5IQ\/viewform\"><b><i>Formulario de inscripci\u00f3n &#8211; Talleres<\/i><\/b><\/a><\/p>\n<p><strong>Contacto<\/strong>:<\/p>\n<ul>\n<li>laperrera@bilbao.eus<\/li>\n<li>661 73 12 94<\/li>\n<li>C\/ Sabino Arana 50<\/li>\n<\/ul>\n<p>[\/vc_column_text][vc_btn title=\u00bbDossier Bilbao Gazte Steam Eguna\u00bb color=\u00bbpink\u00bb align=\u00bbcenter\u00bb link=\u00bburl:http%3A%2F%2Fbilbaogazte.bilbao.eus%2Fwp-content%2Fuploads%2F2025%2F03%2FBILBAO_GAZTE_STEAM_EGUNA_cast_compressed.pdf|||\u00bb][vc_images_carousel images=\u00bb61105,61108,61111,61114,61117&#8243;][\/vc_column][\/vc_row]<\/p>\n","protected":false},"excerpt":{"rendered":"<p class=\"entry-summary\"> \u00bfQU\u00c9 ES BILBAO GAZTE STEAM EGUNA?  \u200bEl Bilbao Gazte STEAM Eguna es una&hellip;<\/p>\n<div class=\"link-more\"><a href=\"https:\/\/bilbaogazte.bilbao.eus\/es\/bilbao-gazte-steam-eguna\/\" class=\"more-link\">Continue reading<span class=\"screen-reader-text\"> &ldquo;BILBAO GAZTE STEAM EGUNA&rdquo;<\/span>&hellip;<\/a><\/div>","protected":false},"author":79,"featured_media":0,"parent":0,"menu_order":0,"comment_status":"closed","ping_status":"closed","template":"","meta":{"_monsterinsights_skip_tracking":false,"_monsterinsights_sitenote_active":false,"_monsterinsights_sitenote_note":"","_monsterinsights_sitenote_category":0,"footnotes":""},"_links":{"self":[{"href":"https:\/\/bilbaogazte.bilbao.eus\/es\/wp-json\/wp\/v2\/pages\/61016"}],"collection":[{"href":"https:\/\/bilbaogazte.bilbao.eus\/es\/wp-json\/wp\/v2\/pages"}],"about":[{"href":"https:\/\/bilbaogazte.bilbao.eus\/es\/wp-json\/wp\/v2\/types\/page"}],"author":[{"embeddable":true,"href":"https:\/\/bilbaogazte.bilbao.eus\/es\/wp-json\/wp\/v2\/users\/79"}],"replies":[{"embeddable":true,"href":"https:\/\/bilbaogazte.bilbao.eus\/es\/wp-json\/wp\/v2\/comments?post=61016"}],"version-history":[{"count":19,"href":"https:\/\/bilbaogazte.bilbao.eus\/es\/wp-json\/wp\/v2\/pages\/61016\/revisions"}],"predecessor-version":[{"id":61142,"href":"https:\/\/bilbaogazte.bilbao.eus\/es\/wp-json\/wp\/v2\/pages\/61016\/revisions\/61142"}],"wp:attachment":[{"href":"https:\/\/bilbaogazte.bilbao.eus\/es\/wp-json\/wp\/v2\/media?parent=61016"}],"curies":[{"name":"wp","href":"https:\/\/api.w.org\/{rel}","templated":true}]}}