{"id":61448,"date":"2025-03-13T13:36:46","date_gmt":"2025-03-13T11:36:46","guid":{"rendered":"https:\/\/bilbaogazte.bilbao.eus\/es\/bilborock\/vsb-fest-copy\/"},"modified":"2025-04-04T13:58:52","modified_gmt":"2025-04-04T11:58:52","slug":"vsb-fest","status":"publish","type":"page","link":"https:\/\/bilbaogazte.bilbao.eus\/es\/bilborock\/vsb-fest\/","title":{"rendered":"VSB Fest"},"content":{"rendered":"<p>[vc_row disable_element=\u00bbyes\u00bb css=\u00bb.vc_custom_1566903250642{padding-top: 25px !important;padding-right: 15px !important;padding-left: 5px !important;background-color: #f6f6f6 !important;}\u00bb el_class=\u00bbintroSinFoto\u00bb][vc_column el_class=\u00bbcajaPliegue\u00bb][vc_column_text]<br \/>\n[\/vc_column_text][\/vc_column][\/vc_row][vc_row][vc_column width=\u00bb2\/3&#8243;][vc_single_image image=\u00bb39623&#8243; img_size=\u00bbfull\u00bb][vc_column_text]\u00bfQU\u00c9 ES VSB FEST?<\/p>\n<p>La <strong>V Edici\u00f3n de VillaSoundBilbao<\/strong> (VSB) ofrece las actuaciones de los 12 grupos y solistas seleccionados, <strong>todos los viernes<\/strong> <strong>entre el 21 de marzo y el 11 de abril<\/strong> (ambos inclusive) en Bilborock, a las 20:00 h, con entrada libre hasta completar aforo.[\/vc_column_text][vc_btn title=\u00bbGRUPOS SELECCIONADOS\u00bb color=\u00bbdanger\u00bb align=\u00bbcenter\u00bb link=\u00bburl:https%3A%2F%2Fbilbaogazte.bilbao.eus%2Fes%2Fgrupos-y-solistas-seleccionadas-villasoundbilbao-2025%2F|||\u00bb][vc_column_text]Todos recibir\u00e1n posteriormente la grabaci\u00f3n en video del concierto, realizada a 3 c\u00e1maras, as\u00ed como la grabaci\u00f3n por pistas en audio de su directo, para su edici\u00f3n y remasterizaci\u00f3n.<\/p>\n<p>VillaSoundBilbao repartir\u00e1 otros premios entre las bandas y solistas participantes, que ser\u00e1n anunciados durante <strong>VSB Sariak<\/strong>, un concierto a celebrar en Bilborock el <strong>3 de mayo<\/strong> y que contar\u00e1 con la actuaci\u00f3n de <strong>Aiko el grupo<\/strong>, de la mano del ciclo <strong>SON Estrella Galicia<\/strong>.<\/p>\n<p>Premios:<\/p>\n<ul>\n<li>Un <strong>Tour de 4 conciertos<\/strong> en sendas ciudades del Estado, <strong>dentro del ciclo y salas Son Estrella Galicia<\/strong>, para uno de los grupos o solistas. Las 4 actuaciones ser\u00e1n remuneradas.<\/li>\n<li>Una actuaci\u00f3n en <strong>Aste Nagusia, en la Muestra de Pop-Rock local<\/strong>, para un grupo\/solista de Bizkaia seleccionado por el Jurado<\/li>\n<li>Una actuaci\u00f3n en una <strong>sala socia de Musika Bulegoa<\/strong> y 1.000 \u20ac + IVA en concepto de dietas para un grupo\/solista. Selecci\u00f3n efectuada por <strong>Musika Bulegoa<\/strong>.<\/li>\n<li>Una actuaci\u00f3n en <strong>BIME Live<\/strong> para un grupo\/solista, de la mano de <strong>BIME<\/strong><\/li>\n<li>Una actuaci\u00f3n en un<strong> evento de m\u00fasica urban<\/strong> en 2025 para un grupo\/solista, organizado por <strong>Fundaci\u00f3n SGAE<\/strong><\/li>\n<li><strong>Pases BIME Pro<\/strong> para los 6 grupos\/solistas seleccionados para la mentor\u00eda personalizada<\/li>\n<li>Grabaci\u00f3n de un <strong>video clip \u201cLokal Session\u201d<\/strong> en los locales de <strong>Bilborock<\/strong> para un grupo\/solista<\/li>\n<\/ul>\n<p>[\/vc_column_text][vc_column_text css=\u00bb.vc_custom_1709646580485{margin-top: 4px !important;margin-right: 4px !important;margin-bottom: 4px !important;margin-left: 4px !important;padding-top: 4px !important;padding-right: 4px !important;padding-bottom: 4px !important;padding-left: 4px !important;background-color: #eb380e !important;}\u00bb]<\/p>\n<p style=\"text-align: left;\" align=\"CENTER\"><span style=\"font-size: large;\"><b>JURADO VSB<\/b><\/span><\/p>\n<p>[\/vc_column_text][vc_row_inner][vc_column_inner width=\u00bb1\/2&#8243;][vc_column_text]<b>IKER BARBARA<\/b><\/p>\n<p>Iker B\u00e1rbara es un bilba\u00edno apasionado de la m\u00fasica que comenz\u00f3 a involucrarse en nuestra escena local hace 20 a\u00f1os a trav\u00e9s de diversos colectivos (Bunch, 2 late Night, Garage Club\u2026). Desde finales de 2012 es el responsable de Zarata, la edici\u00f3n de Euskadi, Navarra y La Rioja de la revista musical Mondo Sonoro.<\/p>\n<p>Es un habitual en los jurados de concursos musicales (Musiketxeak, El Certamen de San Adri\u00e1n, Rockein, BBK Soinu Berriak\u2026). Tambi\u00e9n ha estado al cargo de la edici\u00f3n del Anuario de la M\u00fasica de 2018 de EHMBE (Euskal Herriko Musika Bulego Elkartea).<\/p>\n<p>Otro de sus proyectos, Basques On Decks, es un medio musical que se encarga de recoger todo lo relacionado con la escena DJ de Euskal Herria y alrededores.[\/vc_column_text][\/vc_column_inner][vc_column_inner width=\u00bb1\/2&#8243;][vc_single_image image=\u00bb56494&#8243; img_size=\u00bbfull\u00bb][\/vc_column_inner][\/vc_row_inner][vc_row_inner][vc_column_inner width=\u00bb1\/2&#8243;][vc_single_image image=\u00bb56497&#8243; img_size=\u00bbfull\u00bb][\/vc_column_inner][vc_column_inner width=\u00bb1\/2&#8243;][vc_column_text]<b>VITTERSWEET<\/b><\/p>\n<p>Cantante y compositora de Bilbao, lleva a\u00f1os dedicada a la m\u00fasica. Empez\u00f3\u00a0haciendo Reggae y Dancehall, y en la actualidad su m\u00fasica tiene matices de R&amp;b, Soul, pinceladas de Pop o incluso Rap.<\/p>\n<p>Su experiencia en el escenario y su naturalidad hacen que sea, como dicen, la mezcla perfecta entre personalidad y profesionalidad, ofreciendo un show din\u00e1mico y de alto nivel t\u00e9cnico.<\/p>\n<p>Se encuentra preparando \u00e1lbum, que ver\u00e1 la luz en este 2024 y en el que nos sorprender\u00e1 atrevi\u00e9ndose con alg\u00fan g\u00e9nero en el que a\u00fan no la hemos escuchado.[\/vc_column_text][\/vc_column_inner][\/vc_row_inner][vc_row_inner][vc_column_inner width=\u00bb1\/2&#8243;][vc_column_text]<b>DEU TXAKARTEGI<\/b><\/p>\n<p>Nacido en Bilbao en 1976 pero getxotarra de residencia, ejerci\u00f3 de arquitecto hasta que la m\u00fasica centr\u00f3 toda su atenci\u00f3n cuando su banda (primero Standard, luego We Are Standard, WAS) comenz\u00f3 a despuntar y a tocar por escenarios de todo el mundo (Espa\u00f1a, Francia, UK, Alemania, Suecia, Holanda, Italia, EEUU y Canad\u00e1) all\u00e1 por el 2005.<\/p>\n<p>WAS dej\u00f3 los conciertos en 2019 tras 4 discos, 1 EP y varios Maxis de remezclas, cuando de nuevo vuelve a ejercer de arquitecto aunque nunca ha dejado de ejercer de DJ y es uno de los agitadores de la noche bilba\u00edna. Ha promovido conciertos y festivales colaborando con varias salas de Bilbao. En el momento actual dirige el ciclo Freskure de Bilborock, tiene una secci\u00f3n musical semanal en Radio Euskadi y ejerce de DJ residente en la sala Crystal adem\u00e1s de su profesi\u00f3n de arquitecto.[\/vc_column_text][\/vc_column_inner][vc_column_inner width=\u00bb1\/2&#8243;][vc_single_image image=\u00bb56500&#8243; img_size=\u00bbfull\u00bb][\/vc_column_inner][\/vc_row_inner][vc_row_inner][vc_column_inner width=\u00bb1\/2&#8243;][vc_single_image image=\u00bb56503&#8243; img_size=\u00bbfull\u00bb][\/vc_column_inner][vc_column_inner width=\u00bb1\/2&#8243;][vc_column_text]<b>ANNE SALAZAR<\/b><\/p>\n<p>Responsable del festival de showcases BIME Live. Con m\u00e1s de 5 a\u00f1os de trayectoria en la industria musical ha trabajado en \u00e1reas como la programaci\u00f3n art\u00edstica, el ticketing, la curaci\u00f3n de programa de BIME y la comunicaci\u00f3n. Adicionalmente a su trabajo en Last Tour ha participado en otros proyectos como la propuesta art\u00edstica del bilba\u00edno Suave y la promotora de m\u00fasica electr\u00f3nica Random Apocalypse.[\/vc_column_text][\/vc_column_inner][\/vc_row_inner][vc_row_inner][vc_column_inner width=\u00bb1\/2&#8243;][vc_column_text]<b>JON FDEZ ITURREGUI<\/b><\/p>\n<p>Nacido en Santutxu (Bilbao) en 1995, es guitarrista y voz del grupo Txopet, power trio que particip\u00f3 en la segunda edici\u00f3n de VillaSoundBilbao, y que posteriormente gan\u00f3 el Maketa Lehiaketa de Gaztea y el Hiriko Soinuak. Su bautismo de fuego en un gran festival fue en el BBK Live 2023, acaban de presentar su primer disco y est\u00e1n disfrutando de la gira presentaci\u00f3n del mismo.<\/p>\n<p>Habitual como p\u00fablico en la mayor\u00eda de los conciertos que ocurren en la zona de Bilbao, anteriormente particip\u00f3 en bandas como Godoys, Chakka y fugazmente como bater\u00eda en Otoi. De formaci\u00f3n educador social, compagina el mundo musical con el de la intervenci\u00f3n social con el colectivo migrante.[\/vc_column_text][\/vc_column_inner][vc_column_inner width=\u00bb1\/2&#8243;][vc_single_image image=\u00bb56510&#8243; img_size=\u00bbfull\u00bb][\/vc_column_inner][\/vc_row_inner][vc_row_inner][\/vc_row_inner][vc_column_inner width=\u00bb1\/2&#8243;][\/vc_column_inner][\/vc_column][vc_column width=\u00bb1\/3&#8243;][vc_empty_space][vc_column_text css=\u00bb.vc_custom_1716289404249{margin-top: 4px !important;margin-right: 4px !important;margin-bottom: 4px !important;margin-left: 4px !important;padding-top: 4px !important;padding-right: 4px !important;padding-bottom: 4px !important;padding-left: 4px !important;background-color: #eb380e !important;}\u00bb]<span style=\"color: #ffffff;\"><strong>VIDEOS CONCIERTOS<\/strong><\/span>[\/vc_column_text][vc_column_text]Aqu\u00ed tienes los conciertos de todos los grupos participantes en el VSB Fest 25<\/p>\n<p><iframe loading=\"lazy\" title=\"VillaSoundBilbao 25: REELER\" width=\"1408\" height=\"792\" src=\"https:\/\/www.youtube.com\/embed\/gJz5BoeoQpE?list=PL3Z6QYuth3HQXpjjb5Iaal_QsW_a88mpo\" frameborder=\"0\" allow=\"accelerometer; autoplay; clipboard-write; encrypted-media; gyroscope; picture-in-picture; web-share\" referrerpolicy=\"strict-origin-when-cross-origin\" allowfullscreen><\/iframe><\/p>\n<p>[\/vc_column_text][vc_column_text css=\u00bb.vc_custom_1602589659536{margin-top: 4px !important;margin-right: 4px !important;margin-bottom: 4px !important;margin-left: 4px !important;padding-top: 4px !important;padding-right: 4px !important;padding-bottom: 4px !important;padding-left: 4px !important;background-color: #eb380e !important;}\u00bb]<span style=\"color: #ffffff;\"><strong>INSTAGRAM<\/strong><\/span>[\/vc_column_text][vc_column_text]\u00a1Estamos en Instagram! \u00a1<a href=\"https:\/\/www.instagram.com\/villasoundbilbao\/\" target=\"_blank\" rel=\"noopener noreferrer\">S\u00edguenos<\/a>![\/vc_column_text][vc_single_image image=\u00bb39993&#8243; img_size=\u00bb50&#215;50&#8243; alignment=\u00bbcenter\u00bb onclick=\u00bbcustom_link\u00bb img_link_target=\u00bb_blank\u00bb link=\u00bbhttps:\/\/www.instagram.com\/villasoundbilbao\/\u00bb css=\u00bb.vc_custom_1603179196060{margin-top: -35px !important;}\u00bb][vc_column_text css=\u00bb.vc_custom_1603207603784{margin-top: 4px !important;margin-right: 4px !important;margin-bottom: 4px !important;margin-left: 4px !important;padding-top: 4px !important;padding-right: 4px !important;padding-bottom: 4px !important;padding-left: 4px !important;background-color: #eb380e !important;}\u00bb]<span style=\"color: #ffffff;\"><strong>M\u00c1S INFORMACI\u00d3N<\/strong><\/span>[\/vc_column_text][vc_single_image image=\u00bb40054&#8243; img_size=\u00bb\u00bb onclick=\u00bbcustom_link\u00bb link=\u00bbhttps:\/\/bilbaogazte.bilbao.eus\/es\/bilborock\/vsb-mentoring\/\u00bb css=\u00bb.vc_custom_1603211360726{padding-top: 2px !important;padding-right: 2px !important;padding-bottom: 2px !important;padding-left: 2px !important;}\u00bb][vc_single_image image=\u00bb40051&#8243; img_size=\u00bbfull\u00bb onclick=\u00bbcustom_link\u00bb link=\u00bbhttps:\/\/bilbaogazte.bilbao.eus\/es\/bilborock\/vsb-tour\/\u00bb css=\u00bb.vc_custom_1603211368712{margin-top: -20px !important;}\u00bb][\/vc_column][\/vc_row]<\/p>\n<p>[vc_row disable_element=\u00bbyes\u00bb][vc_column width=\u00bb2\/3&#8243;][vc_single_image image=\u00bb39623&#8243; img_size=\u00bbfull\u00bb][vc_column_text]<strong>CALENDARIO DE CONCIERTOS<\/strong>[\/vc_column_text][vc_btn title=\u00bbGrupos y solistas seleccionados\u00bb color=\u00bbprimary\u00bb link=\u00bburl:https%3A%2F%2Fbilbaogazte.bilbao.eus%2Fes%2Fgrupos-y-solistas-seleccionadas-villasoundbilbao-2023%2F||target:%20_blank|\u00bb css=\u00bb.vc_custom_1677672766158{background-color: #f20000 !important;}\u00bb][vc_tta_accordion][vc_tta_section title=\u00bb9 Marzo\u00bb tab_id=\u00bb1646911787933-b81392c1-7fc6&#8243;][vc_column_text]Sofia V (Bizkaia), Ziris (Nafarroa) y NKO (Bizkaia) Bilborock, 20:00, entrada libre hasta completar aforo.<\/p>\n<p><a href=\"https:\/\/youtube.com\/live\/qKDwDnT5u8E?feature=share\">Ver streaming en directo.\u00a0<\/a>[\/vc_column_text][\/vc_tta_section][vc_tta_section title=\u00bb16 Marzo\u00bb tab_id=\u00bb1646911787986-12b43b7c-ee7a\u00bb][vc_column_text]Lova Lois (Bizkaia), Lemak (Gipuzkoa) y HXDESZ (Bizkaia) Bilborock, 20:00, entrada libre hasta completar aforo.<\/p>\n<p><a href=\"https:\/\/youtube.com\/live\/fxauG2asXAA?feature=share\">Ver streaming en directo.\u00a0<\/a>[\/vc_column_text][\/vc_tta_section][vc_tta_section title=\u00bb23 Marzo\u00bb tab_id=\u00bb1646912186508-28516d69-115d\u00bb][vc_column_text]De\u00f1e (Gipuzkoa), Julen (Gipuzkoa) y Marban (Bizkaia) Bilborock, 20:00, entrada libre hasta completar aforo.<\/p>\n<p><a href=\"https:\/\/youtube.com\/live\/o61e-ynWTsQ?feature=share\">Ver streaming en directo.<\/a>[\/vc_column_text][\/vc_tta_section][vc_tta_section title=\u00bb30 Marzo\u00bb tab_id=\u00bb1646912191032-2b6bcb6e-fab3&#8243;][vc_column_text]Ithaka (Gipuzkoa), Calathea (Bizkaia) y Entropia (Araba) Bilborock, 20:00, entrada libre hasta completar aforo.<\/p>\n<p><a href=\"https:\/\/youtube.com\/live\/NDYBij1cFIE?feature=share\">Ver streaming en directo.\u00a0<\/a>[\/vc_column_text][\/vc_tta_section][\/vc_tta_accordion][vc_column_text]FEST tiene dos momentos:<\/p>\n<ul>\n<li><strong>4 conciertos en Bilborock con 12 bandas j\u00f3venes de Euskadi y Navarra<\/strong>, previamente inscritas y seleccionadas por un jurado profesional. Se celebrar\u00e1n los d\u00edas <strong>9, 16, 23 y 30 de abril de 2021<\/strong>, y las bandas actuar\u00e1n acompa\u00f1adas en cada uno de dichos d\u00edas por un <strong>grupo invitado<\/strong>.<\/li>\n<\/ul>\n<p>[\/vc_column_text][vc_column_text]<\/p>\n<ul>\n<li><strong>5 conciertos en diferentes espacios de la ciudad<\/strong> con 10 grupos invitados por la organizaci\u00f3n. Los d\u00edas <strong>7, 8 y 9 de mayo de 2021<\/strong>.<\/li>\n<\/ul>\n<p>[\/vc_column_text][vc_btn title=\u00bbFormulario para votar\u00bb color=\u00bbprimary\u00bb link=\u00bburl:https%3A%2F%2Fform.jotform.com%2F211192659805359||target:%20_blank|\u00bb css=\u00bb.vc_custom_1619781799282{background-color: #f20000 !important;}\u00bb][vc_column_text css=\u00bb.vc_custom_1646912138364{margin-top: 4px !important;margin-right: 4px !important;margin-bottom: 4px !important;margin-left: 4px !important;padding-top: 4px !important;padding-right: 4px !important;padding-bottom: 4px !important;padding-left: 4px !important;background-color: #eb380e !important;}\u00bb]<span style=\"color: #ffffff;\"><strong>CALENDARIO DE CONCIERTOS<\/strong><\/span>[\/vc_column_text][vc_tta_accordion active_section=\u00bb0&#8243; collapsible_all=\u00bbtrue\u00bb][vc_tta_section title=\u00bb\u00bfQUI\u00c9N PUEDE PARTICIPAR?\u00bb tab_id=\u00bb1616877541438-680e2d52-df2a\u00bb][vc_column_text]Los grupos o solistas cuyas propuestas se enmarquen en las m\u00fasicas actuales (rock, pop, metal, rap, trap, electr\u00f3nica, folk, autor&#8230;) o fusiones entre \u00e9stas.<\/p>\n<p>Dichos grupos o solistas deben ser de la Comunidad Aut\u00f3noma Vasca o de Navarra, y cumplir los siguientes requisitos:<\/p>\n<ul>\n<li>Procedencia: al menos la mitad de los componentes del grupo deben ser residentes en alguna localidad de la Comunidad Aut\u00f3noma Vasca y\/o de Navarra.<\/li>\n<li>Edad: la fecha de nacimiento de cada componente debe estar comprendida entre el 1 de enero de 1990 y el 31 de diciembre de 2004. En los grupos compuestos por dos o m\u00e1s componentes se admitir\u00e1 que un solo miembro del mismo haya nacido entre el 1 de enero de 1985 y el 31 de diciembre de 1989.<\/li>\n<li>Repertorio: los temas presentados al Concurso deben ser originales. En caso de que lo requiera la organizaci\u00f3n se deber\u00e1 demostrar su autor\u00eda.<\/li>\n<li>No podr\u00e1n tener un contrato discogr\u00e1fico en vigor, si bien no es motivo de exclusi\u00f3n cualquier contrato de colaboraci\u00f3n, autoproducci\u00f3n o de licencia en vigor.<\/li>\n<\/ul>\n<p>[\/vc_column_text][\/vc_tta_section][vc_tta_section title=\u00bb\u00bfC\u00d3MO Y CU\u00c1NDO NOS PODEMOS INSCRIBIR?\u00bb tab_id=\u00bb1616877541660-b06ea654-6bf0&#8243;][vc_column_text]\u00bfCU\u00c1NDO NOS PODEMOS INSCRIBIR?<br \/>\nEl plazo de inscripci\u00f3n ser\u00e1 del 1 de octubre al 9 de noviembre de 2020 ambos inclusive.<\/p>\n<p>\u00bfC\u00d3MO?<br \/>\nLas inscripciones se realizar\u00e1n a trav\u00e9s de la p\u00e1gina web: <a href=\"http:\/\/www.bilbao.eus\/bilborock\" target=\"_blank\" rel=\"noopener noreferrer\">www.bilbao.eus\/bilborock<\/a>, para lo cual se deber\u00e1 cumplimentar el Formulario y adjuntar:<\/p>\n<ul>\n<li>3 temas en formato mp3, ogg o wma.<\/li>\n<li>Una fotograf\u00eda en formato jpg, bmp o png.<\/li>\n<li>El historial del grupo en formato doc, docx, odt o pdf.<\/li>\n<li>Perfiles de redes sociales del grupo o solista (Facebook, Instagram, etc.)<\/li>\n<li>Un enlace a un v\u00eddeo no editado, ya sea de un directo o de un ensayo (tocando en directo, no un videoclip)<\/li>\n<\/ul>\n<p>La persona que conste en la inscripci\u00f3n como \u00abrepresentante\u00bb debe ser miembro del grupo y tendr\u00e1 la obligaci\u00f3n de acudir al concierto de Bilborock.[\/vc_column_text][\/vc_tta_section][vc_tta_section title=\u00bbJURADO\u00bb tab_id=\u00bb1616877541840-0412dd9e-1dcf\u00bb][vc_column_text]Bikendi Cadelo, Mari Jose Aranguren, Iker B\u00e1rbara, Lorea Argarate y Jon Herv\u00e1s componen el jurado de VillaSoundBilbao. Puedes consultar toda su biograf\u00eda <a href=\"https:\/\/bilbaogazte.bilbao.eus\/es\/jurado-villasoundbilbao\/\">aqu\u00ed<\/a>.[\/vc_column_text][\/vc_tta_section][vc_tta_section title=\u00bbADEM\u00c1S DE LOS CONCIERTOS&#8230;.\u00bb tab_id=\u00bb1616877542039-6f725523-b3d6&#8243;][vc_column_text]Los <strong>doce grupos\/solistas seleccionados<\/strong> para los conciertos de Bilborock pod\u00e9is obtener:<\/p>\n<ul>\n<li>Una <strong>actuaci\u00f3n en Aste Nagusia 2021<\/strong> dentro del escenario dedicado al Rock Local (s\u00f3lo para grupos de Bizkaia*)<\/li>\n<li>Un <strong>concierto en una sala de Kultura Live<\/strong> fuera de la provincia de origen del grupo\/solista <strong>y 400 \u20ac<\/strong> en concepto de dietas (selecci\u00f3n efectuada por la propia sala).<\/li>\n<li><strong>100 horas en locales de ensayo de Bilborock<\/strong> (s\u00f3lo para grupos\/solistas de Bizkaia)<\/li>\n<li><strong>Grabaci\u00f3n en audio<\/strong> de los conciertos<\/li>\n<\/ul>\n<p><strong>Y los 6 seleccionados para el <a href=\"https:\/\/bilbaogazte.bilbao.eus\/es\/bilborock\/vsb-mentoring\/\">Mentoring<\/a><\/strong>, adem\u00e1s de la formaci\u00f3n, pod\u00e9is obtener:<\/p>\n<ul>\n<li>Una actuaci\u00f3n en el <strong>Azkena Rock 2022<\/strong> para uno de ellos, seleccionado por el Jurado. Si el grupo\/solista que resultase ganadora no encajara en dicho festival, se ver\u00eda su inclusi\u00f3n en otro festival (Bilbao Bbk Live\u2026).<\/li>\n<li><strong>Edici\u00f3n de 250 CD para tres bandas\/solistas<\/strong> destacadas por el Jurado.<\/li>\n<\/ul>\n<p><strong>Uno de las 6 grupos\/solistas<\/strong> participantes en el Mentoring ser\u00e1 seleccionado para <strong>un <a href=\"https:\/\/bilbaogazte.bilbao.eus\/es\/bilborock\/vsb-tour\/\">Tour<\/a> de 4 conciertos en sendas ciudades estatales<\/strong>, durante el \u00faltimo trimestre de 2021 y <strong>acompa\u00f1ado por una banda<\/strong> de cada una de las ciudades y percibir\u00e1 <strong>600\u20ac<\/strong> en concepto de gastos de desplazamiento para cada una de dichas actuaciones.<\/p>\n<p>Estos premios podr\u00edan verse alterados como consecuencia del Covid-19.<\/p>\n<p>Se podr\u00e1 declarar desierto cualquier premio.[\/vc_column_text][\/vc_tta_section][\/vc_tta_accordion][\/vc_column][vc_column width=\u00bb1\/3&#8243;][\/vc_column][\/vc_row]<\/p>\n","protected":false},"excerpt":{"rendered":"<p class=\"entry-summary\"> \u00bfQU\u00c9 ES&hellip;<\/p>\n<div class=\"link-more\"><a href=\"https:\/\/bilbaogazte.bilbao.eus\/es\/bilborock\/vsb-fest\/\" class=\"more-link\">Continue reading<span class=\"screen-reader-text\"> &ldquo;VSB Fest&rdquo;<\/span>&hellip;<\/a><\/div>","protected":false},"author":65,"featured_media":0,"parent":512,"menu_order":0,"comment_status":"closed","ping_status":"closed","template":"templates\/page-pagina.php","meta":{"_monsterinsights_skip_tracking":false,"_monsterinsights_sitenote_active":false,"_monsterinsights_sitenote_note":"","_monsterinsights_sitenote_category":0,"footnotes":""},"_links":{"self":[{"href":"https:\/\/bilbaogazte.bilbao.eus\/es\/wp-json\/wp\/v2\/pages\/61448"}],"collection":[{"href":"https:\/\/bilbaogazte.bilbao.eus\/es\/wp-json\/wp\/v2\/pages"}],"about":[{"href":"https:\/\/bilbaogazte.bilbao.eus\/es\/wp-json\/wp\/v2\/types\/page"}],"author":[{"embeddable":true,"href":"https:\/\/bilbaogazte.bilbao.eus\/es\/wp-json\/wp\/v2\/users\/65"}],"replies":[{"embeddable":true,"href":"https:\/\/bilbaogazte.bilbao.eus\/es\/wp-json\/wp\/v2\/comments?post=61448"}],"version-history":[{"count":7,"href":"https:\/\/bilbaogazte.bilbao.eus\/es\/wp-json\/wp\/v2\/pages\/61448\/revisions"}],"predecessor-version":[{"id":62037,"href":"https:\/\/bilbaogazte.bilbao.eus\/es\/wp-json\/wp\/v2\/pages\/61448\/revisions\/62037"}],"up":[{"embeddable":true,"href":"https:\/\/bilbaogazte.bilbao.eus\/es\/wp-json\/wp\/v2\/pages\/512"}],"wp:attachment":[{"href":"https:\/\/bilbaogazte.bilbao.eus\/es\/wp-json\/wp\/v2\/media?parent=61448"}],"curies":[{"name":"wp","href":"https:\/\/api.w.org\/{rel}","templated":true}]}}