{"id":61658,"date":"2025-03-20T11:48:02","date_gmt":"2025-03-20T09:48:02","guid":{"rendered":"https:\/\/bilbaogazte.bilbao.eus\/es\/greenglam-copy\/"},"modified":"2025-11-06T11:47:08","modified_gmt":"2025-11-06T09:47:08","slug":"greenkaleak","status":"publish","type":"page","link":"https:\/\/bilbaogazte.bilbao.eus\/es\/greenkaleak\/","title":{"rendered":"GREEN KALEAK"},"content":{"rendered":"<p>[vc_row][vc_column][vc_single_image image=\u00bb61663&#8243; img_size=\u00bbfull\u00bb][\/vc_column][\/vc_row][vc_row][vc_column width=\u00bb2\/3&#8243;][vc_column_text]<strong>GREEN KALEAK<\/strong>: Ocio sostenible\u00a0es un programa dise\u00f1ado para analizar y transformar el impacto del ocio en los barrios de Bilbao.<\/p>\n<p>Dise\u00f1ado para\u00a0j\u00f3venes de 18 a 35 a\u00f1os, ofrece una experiencia teo\u0301rica y pra\u0301ctica, permitiendo a los y las participantes trabajar en estos aspectos en torno a cuestiones relacionadas con la turistificaci\u00f3n, el consumo r\u00e1pido, la gentrificaci\u00f3n y las pr\u00e1cticas de ocio poco sostenibles.<\/p>\n<p>El objetivo es ofrecer herramientas para mejorar el entorno, promover una conciencia cr\u00edtica a favor de la sostenibilidad, fortalecer las redes comunitarias y generar nuevas formas de ocio m\u00e1s responsables; todo ello desde una perspectiva inclusiva y colaborativa.<\/p>\n<p>Esta iniciativa forma parte del Programa KONEKTA IDEIAK que promueve el \u00c1rea de Juventud y Deporte y esta\u0301 comisariada por\u00a0<a href=\"https:\/\/globalshapersbilbao.org\/\" target=\"_blank\" rel=\"noopener\">Global Shapers Bilbao.<\/a>[\/vc_column_text][\/vc_column][vc_column width=\u00bb1\/3&#8243;][vc_empty_space height=\u00bb40px\u00bb][vc_column_text]<span style=\"color: #ff4433;\"><b>CONTACTO<\/b><\/span>[\/vc_column_text][vc_column_text]<a href=\"mailto:gazteria@bilbao.eus\">gazteria@bilbao.eus<\/a><\/p>\n<p>94 465 47 75 (Lun-vie de 9: 00 a 14:00 y mi\u00e9rcoles hasta las 17:00)[\/vc_column_text][\/vc_column][\/vc_row][vc_row][vc_column width=\u00bb1\/3&#8243;][vc_btn title=\u00bbOPENING\u00bb color=\u00bbsuccess\u00bb size=\u00bblg\u00bb link=\u00bburl:https%3A%2F%2Fbilbaogazte.bilbao.eus%2Fes%2Fgreen-kaleak-opening%2F|||\u00bb][\/vc_column][vc_column width=\u00bb1\/3&#8243;][vc_btn title=\u00bbWORKSHOPS\u00bb color=\u00bbsuccess\u00bb size=\u00bblg\u00bb link=\u00bburl:https%3A%2F%2Fbilbaogazte.bilbao.eus%2Fes%2Fgreen-kaleak-talleres%2F|||\u00bb][\/vc_column][vc_column width=\u00bb1\/3&#8243;][vc_btn title=\u00bbCONVOCATORIA DE PROYECTOS\u00bb color=\u00bbsuccess\u00bb size=\u00bblg\u00bb link=\u00bburl:https%3A%2F%2Fbilbaogazte.bilbao.eus%2Fes%2Fgreen-kaleak-proiektuen-deialdia%2F|||\u00bb][\/vc_column][\/vc_row][vc_row][vc_column][vc_single_image image=\u00bb63645&#8243; img_size=\u00bbfull\u00bb][\/vc_column][\/vc_row]<\/p>\n","protected":false},"excerpt":{"rendered":"<p class=\"entry-summary\">GREEN KALEAK: Ocio sostenible\u00a0es un programa dise\u00f1ado para analizar y transformar el impacto del ocio&hellip;<\/p>\n<div class=\"link-more\"><a href=\"https:\/\/bilbaogazte.bilbao.eus\/es\/greenkaleak\/\" class=\"more-link\">Continue reading<span class=\"screen-reader-text\"> &ldquo;GREEN KALEAK&rdquo;<\/span>&hellip;<\/a><\/div>","protected":false},"author":79,"featured_media":0,"parent":0,"menu_order":0,"comment_status":"closed","ping_status":"closed","template":"","meta":{"_monsterinsights_skip_tracking":false,"_monsterinsights_sitenote_active":false,"_monsterinsights_sitenote_note":"","_monsterinsights_sitenote_category":0,"footnotes":""},"_links":{"self":[{"href":"https:\/\/bilbaogazte.bilbao.eus\/es\/wp-json\/wp\/v2\/pages\/61658"}],"collection":[{"href":"https:\/\/bilbaogazte.bilbao.eus\/es\/wp-json\/wp\/v2\/pages"}],"about":[{"href":"https:\/\/bilbaogazte.bilbao.eus\/es\/wp-json\/wp\/v2\/types\/page"}],"author":[{"embeddable":true,"href":"https:\/\/bilbaogazte.bilbao.eus\/es\/wp-json\/wp\/v2\/users\/79"}],"replies":[{"embeddable":true,"href":"https:\/\/bilbaogazte.bilbao.eus\/es\/wp-json\/wp\/v2\/comments?post=61658"}],"version-history":[{"count":32,"href":"https:\/\/bilbaogazte.bilbao.eus\/es\/wp-json\/wp\/v2\/pages\/61658\/revisions"}],"predecessor-version":[{"id":64897,"href":"https:\/\/bilbaogazte.bilbao.eus\/es\/wp-json\/wp\/v2\/pages\/61658\/revisions\/64897"}],"wp:attachment":[{"href":"https:\/\/bilbaogazte.bilbao.eus\/es\/wp-json\/wp\/v2\/media?parent=61658"}],"curies":[{"name":"wp","href":"https:\/\/api.w.org\/{rel}","templated":true}]}}