{"id":61675,"date":"2025-03-20T13:10:20","date_gmt":"2025-03-20T11:10:20","guid":{"rendered":"https:\/\/bilbaogazte.bilbao.eus\/es\/greenglam-opening-copy\/"},"modified":"2025-03-21T11:43:18","modified_gmt":"2025-03-21T09:43:18","slug":"greenkaleak-opening","status":"publish","type":"page","link":"https:\/\/bilbaogazte.bilbao.eus\/es\/greenkaleak-opening\/","title":{"rendered":"OPENING"},"content":{"rendered":"<p>[vc_row][vc_column][vc_single_image image=\u00bb61663&#8243; img_size=\u00bbfull\u00bb onclick=\u00bbcustom_link\u00bb][\/vc_column][\/vc_row][vc_row][vc_column][vc_column_text]<b>OPENING: \u00abGOZATU, ZAINDU\u00bb<\/b><\/p>\n<p><strong>8 de abril, 17:00, Sala Konekta, La Perrera (SABINO ARANA 50).<\/strong><\/p>\n<p><a href=\"https:\/\/linktr.ee\/ADivassonJ\">INSCR\u00cdBETE AQU\u00cd.<\/a><\/p>\n<p>El objetivo es anunciar y dar a conocer el proyecto y motivar a las personas asistentes a participar tanto en la fase de conocimiento y experimentaci\u00f3n (talleres), como en la segunda fase de convocatoria de proyectos para la puesta en marcha de iniciativas juveniles con apoyo t\u00e9cnico y econ\u00f3mico.<\/p>\n<p>PARTICIPAN:<\/p>\n<ul>\n<li><a href=\"https:\/\/bilbaogazte.bilbao.eus\/es\/panel-joven\/\">Bilboko Gazte Panela:<\/a> j\u00f3venes representantes del espacio de relaci\u00f3n entre el Ayuntamiento y personas j\u00f3venes de Bilbao para la participaci\u00f3n de las mismas en el dise\u00f1o de la Agenda Local de juventud y para identificar sus intereses e inquietudes, entre otras.<\/li>\n<li><a href=\"https:\/\/globalshapersbilbao.org\/\">Global Shapers Bilbao:<\/a> red de j\u00f3venes l\u00edderes comprometidos con la sostenibilidad y la innovaci\u00f3n social. Son parte de la red internacional de j\u00f3venes Global Shapers Community, una iniciativa del Foro Econ\u00f3mico Mundial, que une a personas de entre 18 y 30 a\u00f1os para crear proyectos de impacto social.<\/li>\n<li><a href=\"https:\/\/www.instagram.com\/equipo_europa?utm_source=ig_web_button_share_sheet&amp;igsh=ZDNlZDc0MzIxNw%3D%3D\">Equipo Europa:<\/a> plataforma de j\u00f3venes activistas con un enfoque en pol\u00edticas europeas y participaci\u00f3n ciudadana.<\/li>\n<li><a href=\"https:\/\/www.instagram.com\/sare_berdeak?utm_source=ig_web_button_share_sheet&amp;igsh=ZDNlZDc0MzIxNw%3D%3D\">Sare Berdeak:<\/a> proyecto para crear alianzas entre entidades, empresas, personas&#8230; con el fin de contribuir a la mejora de su entorno. Pretenden canalizar acciones e iniciativas transformadoras que se lleven a cabo en Bizkaia.<\/li>\n<li><a href=\"https:\/\/www.instagram.com\/fridaysforfuture.bilbao\/?hl=es\">Fridays For Future:<\/a> movimiento juvenil global que lucha contra el cambio clim\u00e1tico y promueve pol\u00edticas ambientales m\u00e1s ambiciosas.<\/li>\n<\/ul>\n<p>[\/vc_column_text][\/vc_column][\/vc_row][vc_row][vc_column][\/vc_column][\/vc_row]<\/p>\n","protected":false},"excerpt":{"rendered":"<p class=\"entry-summary\">OPENING: \u00abGOZATU, ZAINDU\u00bb 8 de abril, 17:00, Sala Konekta, La Perrera (SABINO ARANA 50). INSCR\u00cdBETE&hellip;<\/p>\n<div class=\"link-more\"><a href=\"https:\/\/bilbaogazte.bilbao.eus\/es\/greenkaleak-opening\/\" class=\"more-link\">Continue reading<span class=\"screen-reader-text\"> &ldquo;OPENING&rdquo;<\/span>&hellip;<\/a><\/div>","protected":false},"author":79,"featured_media":0,"parent":0,"menu_order":0,"comment_status":"closed","ping_status":"closed","template":"","meta":{"_monsterinsights_skip_tracking":false,"_monsterinsights_sitenote_active":false,"_monsterinsights_sitenote_note":"","_monsterinsights_sitenote_category":0,"footnotes":""},"_links":{"self":[{"href":"https:\/\/bilbaogazte.bilbao.eus\/es\/wp-json\/wp\/v2\/pages\/61675"}],"collection":[{"href":"https:\/\/bilbaogazte.bilbao.eus\/es\/wp-json\/wp\/v2\/pages"}],"about":[{"href":"https:\/\/bilbaogazte.bilbao.eus\/es\/wp-json\/wp\/v2\/types\/page"}],"author":[{"embeddable":true,"href":"https:\/\/bilbaogazte.bilbao.eus\/es\/wp-json\/wp\/v2\/users\/79"}],"replies":[{"embeddable":true,"href":"https:\/\/bilbaogazte.bilbao.eus\/es\/wp-json\/wp\/v2\/comments?post=61675"}],"version-history":[{"count":6,"href":"https:\/\/bilbaogazte.bilbao.eus\/es\/wp-json\/wp\/v2\/pages\/61675\/revisions"}],"predecessor-version":[{"id":61776,"href":"https:\/\/bilbaogazte.bilbao.eus\/es\/wp-json\/wp\/v2\/pages\/61675\/revisions\/61776"}],"wp:attachment":[{"href":"https:\/\/bilbaogazte.bilbao.eus\/es\/wp-json\/wp\/v2\/media?parent=61675"}],"curies":[{"name":"wp","href":"https:\/\/api.w.org\/{rel}","templated":true}]}}