{"id":61685,"date":"2025-03-20T13:52:16","date_gmt":"2025-03-20T11:52:16","guid":{"rendered":"https:\/\/bilbaogazte.bilbao.eus\/es\/greenglam-workshops-copy\/"},"modified":"2025-03-21T11:48:51","modified_gmt":"2025-03-21T09:48:51","slug":"greenkaleak-workshops","status":"publish","type":"page","link":"https:\/\/bilbaogazte.bilbao.eus\/es\/greenkaleak-workshops\/","title":{"rendered":"WORKSHOPS"},"content":{"rendered":"<p>[vc_row][vc_column][vc_single_image image=\u00bb61663&#8243; img_size=\u00bbfull\u00bb onclick=\u00bbcustom_link\u00bb][\/vc_column][\/vc_row][vc_row][\/vc_row][vc_column][\/vc_column][vc_column_text]Durante la primera fase, a trav\u00e9s de 3 talleres dirigidos a personas j\u00f3venes de entre 18 y 35 a\u00f1os de Bilbao, se dar\u00e1 la oportunidad de aprender, experimentar e investigar sobre el ocio sostenible en diferentes \u00e1mbitos de la mano de profesionales del sector:<\/p>\n<p><strong>Workshop 1: Sostenibilidad Ambiental en el Ocio<\/strong><\/p>\n<p><strong>10 de abril, 17:00, Sala Coworking, La Perrera (SABINO ARANA, 50).<\/strong><\/p>\n<p><a href=\"https:\/\/linktr.ee\/ADivassonJ\">INSCR\u00cdBETE AQU\u00cd.<\/a><\/p>\n<p>Aprende a reducir el impacto ambiental en eventos y espacios p\u00fablicos con estrategia de econom\u00eda circular, gesti\u00f3n de residuos y metodolog\u00edas sostenibles.<\/p>\n<p>Participan:<\/p>\n<ul>\n<li><a href=\"https:\/\/globalshapersbilbao.org\/\">Global Shapers Bilbao:<\/a> red de j\u00f3venes l\u00edderes comprometidos con la sostenibilidad y la innovaci\u00f3n social. Son parte de la red internacional de j\u00f3venes Global Shapers Community, una iniciativa del Foro Econ\u00f3mico Mundial, que une a personas de entre 18 y 30 a\u00f1os para crear proyectos de impacto social.<\/li>\n<li><a href=\"https:\/\/www.ihobe.eus\/inicio\">IHOBE<\/a>, Sociedad P\u00fablica de Gesti\u00f3n Ambiental, adscrita al Departamento de Industria, Transici\u00f3n Energ\u00e9tica y Sostenibilidad del Gobierno Vasco.<\/li>\n<li><a href=\"https:\/\/www.instagram.com\/sare_berdeak?utm_source=ig_web_button_share_sheet&amp;igsh=ZDNlZDc0MzIxNw%3D%3D\">Sare Berdeak:<\/a> proyecto para crear alianzas entre entidades, empresas, personas&#8230; con el fin de contribuir a la mejora de su entorno. Pretenden canalizar acciones e iniciativas transformadoras que se lleven a cabo en Bizkaia.<\/li>\n<li><a href=\"https:\/\/laukariz.eus\/\">Ekosistema Laukariz:<\/a> Asociaci\u00f3n centrada en sostenibilidad y econom\u00eda circular a nivel local, con experiencia en la implementaci\u00f3n de estrategias sostenibles en empresas y comunidades.<\/li>\n<\/ul>\n<p><strong>Workshop 2: Ocio Inclusivo y Accesible<\/strong><\/p>\n<p><strong>28 de abril, 17:00, Sala de reuniones, La Perrera (SABINO ARANA, 50).<\/strong><\/p>\n<p><a href=\"https:\/\/linktr.ee\/ADivassonJ\">INSCR\u00cdBETE AQU\u00cd.<\/a><\/p>\n<p>Descubre c\u00f3mo dise\u00f1ar actividades sin barreras, garantizando un ocio accesible para todas las personas. Conoce buenas pr\u00e1cticas y equilibra diversi\u00f3n, responsabilidad social y sostenibilidad.<\/p>\n<p>Participan:<\/p>\n<ul>\n<li><a href=\"https:\/\/globalshapersbilbao.org\/\">Global Shapers Bilbao<\/a><\/li>\n<li>\u00c1rea de Igualdad y Fiestas del Ayuntamiento de Bilbao. <a href=\"http:\/\/bilbaogazte.bilbao.eus\/wp-content\/uploads\/2025\/03\/Aste_Nagusia_2024_2025.pdf\">Carta de Servicios: Accesibilidad Aste Nagusia.<\/a><\/li>\n<li><a href=\"https:\/\/www.instagram.com\/nai_02gz\/?hl=es\">Naia Gonz\u00e1lez:<\/a> Activista por los derechos y la accesibilidad de personas con movilidad reducida, aportando su conocimiento y experiencia en c\u00f3mo dise\u00f1ar eventos que sean verdaderamente inclusivos y accesibles para todos los colectivos.<\/li>\n<li>Proyectos Futuros Clim\u00e1ticos: iniciativa joven centrada en comprender los fundamentos de la ecoansiedad en las personas j\u00f3venes y analizar su impacto en la construcci\u00f3n de la identidad juvenil.<\/li>\n<\/ul>\n<p><strong>Taller 3: Comunicaci\u00f3n y Branding Sostenible<\/strong><\/p>\n<p><strong>29 de abril, 17:00, Sala de reuniones, La Perrera (SABINO ARANA, 50)<\/strong><\/p>\n<p><a href=\"https:\/\/linktr.ee\/ADivassonJ\">INSCR\u00cdBETE AQU\u00cd.<\/a><\/p>\n<p>Potencia la visibilidad de tu asociaci\u00f3n con estrategias de comunicaci\u00f3n efectiva y branding con impacto. Aprende a contar tu historia de manera atractiva y a conectar mejor con tu audiencia.<\/p>\n<p>Participan:<\/p>\n<ul>\n<li><a href=\"https:\/\/www.instagram.com\/nai_02gz\/?hl=es\">Global Shapers Bilbao.<\/a><\/li>\n<li><a href=\"https:\/\/www.turiskopio.com\/\">Turiskopio:<\/a> Equipo experto en comunicaci\u00f3n y branding sostenible, aportan estrategias para mejorar la visibilidad de iniciativas ecol\u00f3gicas, ayudando a asociaciones y colectivos a comunicar su impacto de manera efectiva.<\/li>\n<li><a href=\"https:\/\/www.instagram.com\/gaztekontseilua?utm_source=ig_web_button_share_sheet&amp;igsh=ZDNlZDc0MzIxNw%3D%3D\">Consejo de la Juventud de Euskadi (EGK):<\/a> recoge la voz de las personas j\u00f3venes de Euskadi con el objetivo de influir en pol\u00edticas p\u00fablicas para que reflejen sus necesidades. Organiza proyectos, encuentros y grupos de trabajo en \u00e1reas clave (empleo, educaci\u00f3n, igualdad y convivencia&#8230;) abiertos a cualquier joven, y presenta sus resultados a instituciones y la sociedad.<\/li>\n<li><a href=\"https:\/\/www.bcorpspain.es\/blog\/tag\/Comunidad+B+Norte\">Comunidad B Norte:<\/a> Representantes del movimiento B Corp, impulsan la comunicaci\u00f3n de valores sostenibles en empresas y organizaciones.<\/li>\n<\/ul>\n<p>[\/vc_column_text]<\/p>\n","protected":false},"excerpt":{"rendered":"<p class=\"entry-summary\">Durante la primera fase, a trav\u00e9s de 3 talleres dirigidos a personas j\u00f3venes de entre&hellip;<\/p>\n<div class=\"link-more\"><a href=\"https:\/\/bilbaogazte.bilbao.eus\/es\/greenkaleak-workshops\/\" class=\"more-link\">Continue reading<span class=\"screen-reader-text\"> &ldquo;WORKSHOPS&rdquo;<\/span>&hellip;<\/a><\/div>","protected":false},"author":79,"featured_media":0,"parent":0,"menu_order":0,"comment_status":"closed","ping_status":"closed","template":"","meta":{"_monsterinsights_skip_tracking":false,"_monsterinsights_sitenote_active":false,"_monsterinsights_sitenote_note":"","_monsterinsights_sitenote_category":0,"footnotes":""},"_links":{"self":[{"href":"https:\/\/bilbaogazte.bilbao.eus\/es\/wp-json\/wp\/v2\/pages\/61685"}],"collection":[{"href":"https:\/\/bilbaogazte.bilbao.eus\/es\/wp-json\/wp\/v2\/pages"}],"about":[{"href":"https:\/\/bilbaogazte.bilbao.eus\/es\/wp-json\/wp\/v2\/types\/page"}],"author":[{"embeddable":true,"href":"https:\/\/bilbaogazte.bilbao.eus\/es\/wp-json\/wp\/v2\/users\/79"}],"replies":[{"embeddable":true,"href":"https:\/\/bilbaogazte.bilbao.eus\/es\/wp-json\/wp\/v2\/comments?post=61685"}],"version-history":[{"count":11,"href":"https:\/\/bilbaogazte.bilbao.eus\/es\/wp-json\/wp\/v2\/pages\/61685\/revisions"}],"predecessor-version":[{"id":61778,"href":"https:\/\/bilbaogazte.bilbao.eus\/es\/wp-json\/wp\/v2\/pages\/61685\/revisions\/61778"}],"wp:attachment":[{"href":"https:\/\/bilbaogazte.bilbao.eus\/es\/wp-json\/wp\/v2\/media?parent=61685"}],"curies":[{"name":"wp","href":"https:\/\/api.w.org\/{rel}","templated":true}]}}