{"id":61698,"date":"2025-03-20T14:44:33","date_gmt":"2025-03-20T12:44:33","guid":{"rendered":"https:\/\/bilbaogazte.bilbao.eus\/es\/greenglam-convocatoria-copy\/"},"modified":"2025-03-21T11:53:05","modified_gmt":"2025-03-21T09:53:05","slug":"greenkaleak-convocatoria","status":"publish","type":"page","link":"https:\/\/bilbaogazte.bilbao.eus\/es\/greenkaleak-convocatoria\/","title":{"rendered":"CONVOCATORIA DE PROYECTO"},"content":{"rendered":"<p>[vc_row][vc_column][vc_single_image image=\u00bb61663&#8243; img_size=\u00bbfull\u00bb onclick=\u00bbcustom_link\u00bb][\/vc_column][\/vc_row][vc_row][vc_column width=\u00bb2\/3&#8243;][vc_column_text]El \u00c1rea de Juventud y Deporte del Ayuntamiento de Bilbao lanza la convocatoria KONEKTA IDEIAK centrada en el \u00e1mbito del ocio sostenible, con los siguientes objetivos:<\/p>\n<ul>\n<li>sensibilizar sobre los desaf\u00edos que plantea al respecto la Agenda 2030,<\/li>\n<li>\u00a0apoyar el desarrollo de iniciativas y fomentar el esp\u00edritu emprendedor en el contexto del ocio sostenible,<\/li>\n<li>acercar el mundo del emprendimiento de este \u00e1mbito a las personas j\u00f3venes.<\/li>\n<\/ul>\n<p><strong>\u00bfQui\u00e9nes pueden presentar los proyectos?<\/strong><\/p>\n<ul>\n<li>J\u00f3venes, bien de manera individual o en grupo.<\/li>\n<li>Edad: entre 18 y 35 a\u00f1os.<\/li>\n<li>Residentes en Bilbao o que tengan alguna vinculaci\u00f3n con la ciudad. En el caso de grupos, al menos una de las personas deber\u00e1 ser residente en Bilbao y deber\u00e1n nombrar a una de ellas que actuar\u00e1 como representante del grupo ante el \u00c1rea de Juventud y Deporte.<\/li>\n<\/ul>\n<p><strong>\u00bfCu\u00e1ndo y c\u00f3mo puedes presentar tu\/vuestro proyecto?<\/strong><\/p>\n<p>Puedes presentar el proyecto del 8 de abril al 30 de mayo. Los proyectos deber\u00e1n ser originales, siendo responsabilidad \u00fanica de las personas autoras garantizarlo.<\/p>\n<p>Env\u00eda cumplimentada la <a href=\"http:\/\/bilbaogazte.bilbao.eus\/wp-content\/uploads\/2025\/03\/LP-Formulario-Inscripcion-Green-Kaleak-proyectos.pdf\">ficha<\/a> adjunta a <a href=\"mailto:gazteria@bilbao.eus\">gazteria@bilbao.eus<\/a>[\/vc_column_text][\/vc_column][vc_column width=\u00bb1\/3&#8243;][vc_empty_space][vc_column_text]<\/p>\n<p>[\/vc_column_text][vc_column_text]<span style=\"color: #ff0000;\"><strong>INSCRIPCI\u00d3N CONVOCATORIA<\/strong><\/span>[\/vc_column_text][vc_column_text]<a href=\"http:\/\/bilbaogazte.bilbao.eus\/wp-content\/uploads\/2025\/03\/01_Bases-de-la-convocatoria-GreenKaleak-V2-1.pdf\">Bases de la convocatoria<\/a>[\/vc_column_text][vc_column_text]<a href=\"http:\/\/bilbaogazte.bilbao.eus\/wp-content\/uploads\/2025\/03\/LP-Formulario-Inscripcion-Green-Kaleak-proyectos.pdf\">Ficha del proyecto<\/a>[\/vc_column_text][vc_column_text]<span style=\"color: #ff0000;\"><strong>CONTACTO<\/strong><\/span>[\/vc_column_text][vc_column_text]<a href=\"mailto:gazteria@bilbao.eus\">gazteria@bilbao.eus<\/a><\/p>\n<p>944 20 30 98 (lun &#8211; vie 9:00 a 14:00 y mi\u00e9coles hasta las 17:00)[\/vc_column_text][\/vc_column][\/vc_row]<\/p>\n","protected":false},"excerpt":{"rendered":"<p class=\"entry-summary\">El \u00c1rea de Juventud y Deporte del Ayuntamiento de Bilbao lanza la convocatoria KONEKTA&hellip;<\/p>\n<div class=\"link-more\"><a href=\"https:\/\/bilbaogazte.bilbao.eus\/es\/greenkaleak-convocatoria\/\" class=\"more-link\">Continue reading<span class=\"screen-reader-text\"> &ldquo;CONVOCATORIA DE PROYECTO&rdquo;<\/span>&hellip;<\/a><\/div>","protected":false},"author":79,"featured_media":0,"parent":0,"menu_order":0,"comment_status":"closed","ping_status":"closed","template":"","meta":{"_monsterinsights_skip_tracking":false,"_monsterinsights_sitenote_active":false,"_monsterinsights_sitenote_note":"","_monsterinsights_sitenote_category":0,"footnotes":""},"_links":{"self":[{"href":"https:\/\/bilbaogazte.bilbao.eus\/es\/wp-json\/wp\/v2\/pages\/61698"}],"collection":[{"href":"https:\/\/bilbaogazte.bilbao.eus\/es\/wp-json\/wp\/v2\/pages"}],"about":[{"href":"https:\/\/bilbaogazte.bilbao.eus\/es\/wp-json\/wp\/v2\/types\/page"}],"author":[{"embeddable":true,"href":"https:\/\/bilbaogazte.bilbao.eus\/es\/wp-json\/wp\/v2\/users\/79"}],"replies":[{"embeddable":true,"href":"https:\/\/bilbaogazte.bilbao.eus\/es\/wp-json\/wp\/v2\/comments?post=61698"}],"version-history":[{"count":5,"href":"https:\/\/bilbaogazte.bilbao.eus\/es\/wp-json\/wp\/v2\/pages\/61698\/revisions"}],"predecessor-version":[{"id":61779,"href":"https:\/\/bilbaogazte.bilbao.eus\/es\/wp-json\/wp\/v2\/pages\/61698\/revisions\/61779"}],"wp:attachment":[{"href":"https:\/\/bilbaogazte.bilbao.eus\/es\/wp-json\/wp\/v2\/media?parent=61698"}],"curies":[{"name":"wp","href":"https:\/\/api.w.org\/{rel}","templated":true}]}}