{"id":61699,"date":"2025-03-20T14:44:35","date_gmt":"2025-03-20T12:44:35","guid":{"rendered":"https:\/\/bilbaogazte.bilbao.eus\/es\/greenglam-convocatoria-copy-2\/"},"modified":"2025-03-20T14:44:35","modified_gmt":"2025-03-20T12:44:35","slug":"greenglam-convocatoria-copy-2","status":"publish","type":"page","link":"https:\/\/bilbaogazte.bilbao.eus\/es\/greenglam-convocatoria-copy-2\/","title":{"rendered":"CONVOCATORIA DE PROYECTOS  Copy"},"content":{"rendered":"<p>[vc_row][vc_column][vc_single_image image=\u00bb60568&#8243; img_size=\u00bbfull\u00bb onclick=\u00bbcustom_link\u00bb link=\u00bbhttps:\/\/bilbaogazte.bilbao.eus\/es\/greenglam\/\u00bb][\/vc_column][\/vc_row][vc_row][vc_column width=\u00bb2\/3&#8243;][vc_column_text]<\/p>\n<p style=\"font-weight: 400;\">El A\u0301rea de Juventud y Deporte del Ayuntamiento de Bilbao lanza la segunda convocatoria de KONEKTA IDEIAK \u201cGreen Glam: Moda Sostenible\u201d centrada en el a\u0301mbito de la sostenibilidad en la moda, con los siguientes objetivos:<\/p>\n<ul>\n<li>sensibilizar sobre los desaf\u00edos que plantea al respecto la Agenda 2030,<\/li>\n<li>apoyar el desarrollo de iniciativas y fomentar el esp\u00edritu emprendedor en el contexto de la econom\u00eda circular y la moda sostenible,<\/li>\n<li>acercar el mundo del emprendimiento y la moda sostenible a las personas j\u00f3venes.<\/li>\n<\/ul>\n<p style=\"font-weight: 400;\"><strong>\u00bfQuie\u0301nes pueden presentar los proyectos?<\/strong><\/p>\n<ul>\n<li>J\u00f3venes, bien de manera individual o en grupo.<\/li>\n<li>Edad: entre 18 y 35 a\u00f1os.<\/li>\n<li>Residentes en Bilbao o que tengan alguna vinculaci\u00f3n con la ciudad. En el caso de grupos, al menos una de las personas deber\u00e1 ser residente en Bilbao y deber\u00e1n nombrar a una de ellas que actuar\u00e1 como representante del grupo ante el \u00c1rea de Juventud y Deporte.<\/li>\n<\/ul>\n<p style=\"font-weight: 400;\"><strong>\u00bfCu\u00e1ndo y c\u00f3mo puedes presentar tu\/vuestro proyecto?<\/strong><\/p>\n<p style=\"font-weight: 400;\">Puedes presentar el proyecto del <strong>11 de febrero al 21 de marzo.<\/strong> Los proyectos deber\u00e1n ser originales, siendo responsabilidad \u00fanica de las personas autoras garantizarlo.<\/p>\n<p style=\"font-weight: 400;\">Env\u00eda cumplimentada la\u00a0<strong><a href=\"http:\/\/bilbaogazte.bilbao.eus\/wp-content\/uploads\/2025\/02\/01_Bases-de-la-convocatoria-Greenglam-II-Edicion.pdf\">ficha<\/a>\u00a0adjunta a\u00a0<\/strong><a href=\"mailto:gazteria@bilbao.eus\"><strong>gazteria@bilbao.eus<\/strong><\/a><\/p>\n<p>[\/vc_column_text][\/vc_column][vc_column width=\u00bb1\/3&#8243;][vc_empty_space][vc_column_text]<\/p>\n<p>[\/vc_column_text][vc_column_text]<span style=\"color: #ff0000;\"><strong>INSCRIPCI\u00d3N CONVOCATORIA<\/strong><\/span>[\/vc_column_text][vc_column_text]<a href=\"http:\/\/bilbaogazte.bilbao.eus\/wp-content\/uploads\/2025\/02\/01_Bases-de-la-convocatoria-Greenglam-II-Edicion.pdf\">Bases de la convocatoria<\/a><\/p>\n<p>[\/vc_column_text][vc_column_text]<a href=\"http:\/\/bilbaogazte.bilbao.eus\/wp-content\/uploads\/2025\/02\/LP-Formulario-Inscripcion-Green-Glam.pdf\">Ficha del proyecto<\/a><\/p>\n<p>[\/vc_column_text][vc_column_text]<span style=\"color: #ff0000;\"><strong>CONTACTO<\/strong><\/span>[\/vc_column_text][vc_column_text]<a href=\"mailto:gazteria@bilbao.eus\">gazteria@bilbao.eus<\/a><\/p>\n<p>944 20 30 98 (lun &#8211; vie 9:00 a 14:00 y mi\u00e9coles hasta las 17:00)[\/vc_column_text][\/vc_column][\/vc_row]<\/p>\n","protected":false},"excerpt":{"rendered":"<p class=\"entry-summary\"> El A\u0301rea de Juventud y Deporte del Ayuntamiento de Bilbao lanza la&hellip;<\/p>\n<div class=\"link-more\"><a href=\"https:\/\/bilbaogazte.bilbao.eus\/es\/greenglam-convocatoria-copy-2\/\" class=\"more-link\">Continue reading<span class=\"screen-reader-text\"> &ldquo;CONVOCATORIA DE PROYECTOS  Copy&rdquo;<\/span>&hellip;<\/a><\/div>","protected":false},"author":79,"featured_media":0,"parent":0,"menu_order":0,"comment_status":"closed","ping_status":"closed","template":"","meta":{"_monsterinsights_skip_tracking":false,"_monsterinsights_sitenote_active":false,"_monsterinsights_sitenote_note":"","_monsterinsights_sitenote_category":0,"footnotes":""},"_links":{"self":[{"href":"https:\/\/bilbaogazte.bilbao.eus\/es\/wp-json\/wp\/v2\/pages\/61699"}],"collection":[{"href":"https:\/\/bilbaogazte.bilbao.eus\/es\/wp-json\/wp\/v2\/pages"}],"about":[{"href":"https:\/\/bilbaogazte.bilbao.eus\/es\/wp-json\/wp\/v2\/types\/page"}],"author":[{"embeddable":true,"href":"https:\/\/bilbaogazte.bilbao.eus\/es\/wp-json\/wp\/v2\/users\/79"}],"replies":[{"embeddable":true,"href":"https:\/\/bilbaogazte.bilbao.eus\/es\/wp-json\/wp\/v2\/comments?post=61699"}],"version-history":[{"count":0,"href":"https:\/\/bilbaogazte.bilbao.eus\/es\/wp-json\/wp\/v2\/pages\/61699\/revisions"}],"wp:attachment":[{"href":"https:\/\/bilbaogazte.bilbao.eus\/es\/wp-json\/wp\/v2\/media?parent=61699"}],"curies":[{"name":"wp","href":"https:\/\/api.w.org\/{rel}","templated":true}]}}