{"id":61781,"date":"2025-03-25T11:11:21","date_gmt":"2025-03-25T09:11:21","guid":{"rendered":"https:\/\/bilbaogazte.bilbao.eus\/es\/gaztekluba-copy-2\/"},"modified":"2026-04-16T09:35:06","modified_gmt":"2026-04-16T07:35:06","slug":"gaztekluba","status":"publish","type":"page","link":"https:\/\/bilbaogazte.bilbao.eus\/es\/gaztekluba\/","title":{"rendered":"GazteKLUBA"},"content":{"rendered":"<p>[vc_row][vc_column width=\u00bb2\/3&#8243;][vc_column_text]<video class=\"aligncenter\" src=\"http:\/\/bilbaogazte.bilbao.eus\/wp-content\/uploads\/2018\/10\/GazteKLUBA.mp4\" poster=\"http:\/\/bilbaogazte.bilbao.eus\/wp-content\/uploads\/2016\/06\/Banner_home_actualizado.jpg\" loop=\"loop\" controls=\"controls\" width=\"661\" height=\"330\" data-mce-fragment=\"1\"><\/video>[\/vc_column_text][vc_column_text]<strong>#GazteKLUBA<\/strong>\u00a0te da la oportunidad de conocer gente nueva y participar en las actividades que se celebran cada fin de semana en Bilbao. Actividades de diferentes estilos y para todos los gustos, pensadas\u00a0<strong>para j\u00f3venes de 12 a 17 a\u00f1os,\u00a0<\/strong>personas nacidas entre 2008 y 2013 en el curso escolar de septiembre de 2025 a junio de 2026.<\/p>\n<p>\u00a1Y no olvides hacerte socio\/a de\u00a0<strong><a href=\"http:\/\/bilbaogazte.bilbao.eus\/es\/presentacion-gaztekluba\/\">#GazteKLUBA Txartela<\/a><\/strong>\u00a0para participar en las actividades!<\/p>\n<p data-pm-slice=\"1 1 []\"><strong>Todas las inscripciones se realizar\u00e1n a partir de las 10:00 de la ma\u00f1ana y hasta completar las plazas.<\/strong><\/p>\n<p>Este programa municipal cuenta con la financiaci\u00f3n de la\u00a0<a href=\"http:\/\/bilbaogazte.bilbao.eus\/wp-content\/uploads\/2022\/01\/minis.jpeg\">Delegaci\u00f3n del Gobierno<\/a> para el Plan Nacional sobre Drogas.[\/vc_column_text][vc_custom_heading text=\u00bb#GAZTEKLUBA | PR\u00d3XIMAS ACTIVIDADES &#8211; ABRIL\u00bb font_container=\u00bbtag:h2|text_align:left|color:%23ffffff|line_height:1.5&#8243; google_fonts=\u00bbfont_family:Raleway%3A100%2C200%2C300%2Cregular%2C500%2C600%2C700%2C800%2C900|font_style:700%20bold%20regular%3A700%3Anormal\u00bb css=\u00bb.vc_custom_1772218963757{background-color: #000000 !important;border-radius: 5px !important;}\u00bb]<\/p>\n<p>[vc_accordion active_tab=\u00bb0&#8243;][vc_accordion_tab title=\u00bb17 de abril &gt; Cocina italiana\u00bb][vc_column_text]<b>17:00 \u2013 19:00. <\/b>\u00a1Manos a la masa!<br \/>\nAprenderemos a cocinar comida italiana sin complicaciones: recetas ricas, tips f\u00e1ciles y mucha diversi\u00f3n. Ideal para experimentar, compartir y disfrutar mientras creamos platos al puro estilo italiano.<\/p>\n<p>+ 12 a\u00f1os. Cast\/Eusk.<\/p>\n<p><strong>Precio:\u00a0<\/strong>gratis.<\/p>\n<p><strong>N\u00ba m\u00ednimo y m\u00e1ximo de plazas:<\/strong> 5 y 15.<\/p>\n<p><strong>Lugar: <\/strong>Gaztegune OTXARKOAGA. Ram\u00f3n y Cajal. Langaran, 27<\/p>\n<p><strong>Lugar de quedada: <\/strong>Gaztegune OTXARKOAGA. Ram\u00f3n y Cajal. Langaran, 27<\/p>\n<p><strong>Inscripciones:<br \/>\n<\/strong>\u2013 Del 8 al 15 de abril<\/p>\n<p class=\"p1\">Gaztegune OTXARKOAGA. Ram\u00f3n y Cajal. Langaran 27.<br \/>\n<a href=\"mailto:gaztegune.otxarkoaga@bibao.eus\">gaztegune.otxarkoaga@bibao.eus<\/a><\/p>\n<p class=\"p1\"><em>Necesario para la inscripci\u00f3n:<\/em><br \/>\nNombre y dos apellidos<br \/>\nN\u00ba de carnet<br \/>\n3 personas m\u00e1ximo por inscripci\u00f3n<\/p>\n<p><a href=\"whatsapp:\/\/send?text=http%3A%2F%2Fbilbaogazte.bilbao.eus%2Fgazte-kluba%2F%23ui-id-1\" data-action=\"share\/whatsapp\/share\"><strong>\u00a1Comp\u00e1rtelo con tus amigo\/as!<\/strong><\/a><a href=\"whatsapp:\/\/send?text=http%3A%2F%2Fbilbaogazte.bilbao.eus%2Fgazte-kluba%2F%23ui-id-5\" data-action=\"share\/whatsapp\/share\"><br \/>\n<img loading=\"lazy\" decoding=\"async\" src=\"http:\/\/bilbaogazte.bilbao.eus\/wp-content\/uploads\/2018\/01\/WhatsApp-Logo.png\" width=\"25\" height=\"25\" border=\"0\" \/><\/a>[\/vc_column_text][\/vc_accordion_tab][vc_accordion_tab title=\u00bb17 de abril &gt; Marco r\u00fastico\u00bb][vc_column_text]<span style=\"color: #808080;\"><b>17:30-19:30. <\/b><\/span>Haremos un marco de fotos r\u00fastico con diferentes materiales. Usaremos palos, flores, cart\u00f3n, acuarelas\u2026 \u00a1lo que quieras!<\/p>\n<p><span style=\"color: #808080;\"><span style=\"font-weight: 400;\">+ 12 a\u00f1os. Cast\/Eusk.<\/span><\/span><\/p>\n<p><span style=\"color: #808080;\"><strong>Precio:<\/strong><span style=\"font-weight: 400;\"> gratis<\/span><\/span><\/p>\n<p><span style=\"color: #808080;\"><strong>N\u00ba m\u00ednimo y m\u00e1ximo de plazas:<\/strong> 5 y 12.<\/span><\/p>\n<p><span style=\"font-weight: 400; color: #808080;\"><strong style=\"font-weight: 400;\">Lugar: <\/strong><\/span>Gaztegune BEGO\u00d1A. Calle Circo Amateur del Club Deportivo, 2<\/p>\n<p><span style=\"color: #808080;\"><strong>Lugar de quedada: <\/strong><\/span>Gaztegune BEGO\u00d1A. Calle Circo Amateur del Club Deportivo, 2<\/p>\n<p><span style=\"font-weight: 400; color: #808080;\"><strong>Inscripciones:<br \/>\n<\/strong>&#8211; Del 8 al 15 de abril.<\/span><\/p>\n<p><span style=\"font-weight: 400; color: #808080;\">Gaztegune BEGO\u00d1A Calle Circo Amateur Del Club Deportivo, 2.<br \/>\n<a href=\"mailto:gaztegune.begona@bilbao.eus\">gaztegune.begona@bilbao.eus<\/a><\/span><\/p>\n<p><em>Necesario para la inscripci\u00f3n:<\/em><br \/>\nNombre y dos apellidos<br \/>\nN\u00ba de carnet<br \/>\n3 personas m\u00e1ximo por inscripci\u00f3n<\/p>\n<p><a href=\"whatsapp:\/\/send?text=http%3A%2F%2Fbilbaogazte.bilbao.eus%2Fgazte-kluba%2F%23ui-id-5\" data-action=\"share\/whatsapp\/share\"><b>\u00a1Comp\u00e1rtelo\u00a0con tus amigo\/as!<\/b><br \/>\n<img loading=\"lazy\" decoding=\"async\" src=\"http:\/\/bilbaogazte.bilbao.eus\/wp-content\/uploads\/2018\/01\/WhatsApp-Logo.png\" width=\"25\" height=\"25\" border=\"0\" \/>\u00a0<\/a>[\/vc_column_text][\/vc_accordion_tab][vc_accordion_tab title=\u00bb18 de abrl &gt; Misi\u00f3n: orientaci\u00f3n\u00bb][vc_column_text]<span style=\"color: #808080;\"><b>17:30 &#8211; 19:30. <\/b><\/span>Prep\u00e1rate para una aventura llena de pistas, decisiones r\u00e1pidas y trabajo en equipo.Necesitar\u00e9is ingenio, mapa y br\u00fajula para encontrar rutas ocultas, resolver peque\u00f1os retos y avanzar en el recorrido. \u00a1Completa la misi\u00f3n!<\/p>\n<p><span style=\"color: #808080;\"><span style=\"font-weight: 400;\">12-17 a\u00f1os. Eusk.<\/span><\/span><\/p>\n<p><span style=\"color: #808080;\"><strong>Precio:<\/strong> gratis.<\/span><\/p>\n<p><span style=\"color: #808080;\"><strong>N\u00ba m\u00ednimo y m\u00e1ximo de plazas: <\/strong>6 y 15.<\/span><\/p>\n<p><span style=\"font-weight: 400; color: #808080;\"><strong>Lugar: <\/strong><\/span>Gaztegune ESPERANTZA. Esperantza 4<\/p>\n<p><span style=\"color: #808080;\"><strong>Lugar de quedada:<\/strong>Gaztegune ESPERANTZA. Esperantza 4<\/span><\/p>\n<p><span style=\"font-weight: 400; color: #808080;\"><strong>Inscripciones:<br \/>\n<\/strong>&#8211; Del<\/span><span style=\"font-weight: 400; color: #808080;\"> 30 de marzo al 13 de abril.<\/span><\/p>\n<p>Gaztegune ESPERANTZA. Esperantza, 4.<br \/>\n<a href=\"mailto:koordinatzaileaesperantza@bilbao.eus\">koordinatzaileaesperantza@bilbao.eus<\/a><\/p>\n<p><span style=\"font-weight: 400; color: #808080;\"><em>Necesario para la inscripci\u00f3n:<\/em><br \/>\nNombre y dos apellidos<br \/>\nN\u00ba de carnet<br \/>\n3 personas m\u00e1ximo por inscripci\u00f3n<\/span><\/p>\n<p><a href=\"whatsapp:\/\/send?text=http%3A%2F%2Fbilbaogazte.bilbao.eus%2Fgazte-kluba%2F%23ui-id-3\" data-action=\"share\/whatsapp\/share\"><b>\u00a1Comp\u00e1rtelo\u00a0con tus amigo\/as!<\/b><br \/>\n<img loading=\"lazy\" decoding=\"async\" src=\"http:\/\/bilbaogazte.bilbao.eus\/wp-content\/uploads\/2018\/01\/WhatsApp-Logo.png\" width=\"25\" height=\"25\" border=\"0\" \/><\/a>[\/vc_column_text][\/vc_accordion_tab][vc_accordion_tab title=\u00bb18 de abril &gt; Jump Yard Derio\u00bb][vc_column_text]<span style=\"color: #808080;\"><b>10:45 &#8211; 14:15. <\/b><\/span>En JumpYard todo el mundo puede divertirse y siempre hay algo nuevo por descubrir: Camas el\u00e1sticas, Valo TV, Clip \u2018N Climb escalada, aventurarte en el Ninja Course\u2026<br \/>\n\u00a1Que no te lo cuenten! \u00a1\u00a1V\u00cdVELO!!<\/p>\n<p><span style=\"color: #808080;\"><span style=\"font-weight: 400;\">+ 12 a\u00f1os. Cast\/Eusk.<\/span><\/span><\/p>\n<p><span style=\"color: #808080;\"><strong>Precio: <\/strong><span style=\"font-weight: 400;\">2\u20ac<\/span><\/span><\/p>\n<p><span style=\"color: #808080;\"><strong>N\u00ba m\u00ednimo y m\u00e1ximo de plazas:<\/strong>\u00a0 8 y 16.<\/span><\/p>\n<p><span style=\"font-weight: 400; color: #808080;\"><strong>Lugar: <\/strong><\/span>JUMP YARD DERIO Poligono Industrial Ugaldeguren 1, P6 1, 48160<\/p>\n<p><span style=\"color: #808080;\"><strong>Lugar de quedada: <\/strong><\/span>Metro Casco Viejo (San Nicol\u00e1s)<\/p>\n<p><span style=\"font-weight: 400; color: #808080;\"><strong>Inscripciones:<br \/>\n<\/strong>&#8211; Del 8 al 15 de abril.<\/span><\/p>\n<p class=\"p1\">Gaztegune IRALA. Plaza Jaro de Arane, s\/n.<br \/>\n<a href=\"mailto:gaztegune.irala@bilbao.eus\">gaztegune.irala@bilbao.eus<\/a><\/p>\n<p class=\"p1\"><span style=\"font-weight: 400; color: #808080;\"><em>Necesario para la inscripci\u00f3n:<\/em><br \/>\nNombre y dos apellidos<br \/>\nN\u00ba de carnet<br \/>\n3 personas m\u00e1ximo por inscripci\u00f3n<\/span><\/p>\n<p><a href=\"whatsapp:\/\/send?text=http%3A%2F%2Fbilbaogazte.bilbao.eus%2Fgazte-kluba%2F%23ui-id-5\" data-action=\"share\/whatsapp\/share\"><b>\u00a1Comp\u00e1rtelo\u00a0con tus amigo\/as!<\/b><br \/>\n<img loading=\"lazy\" decoding=\"async\" src=\"http:\/\/bilbaogazte.bilbao.eus\/wp-content\/uploads\/2018\/01\/WhatsApp-Logo.png\" width=\"25\" height=\"25\" border=\"0\" \/>\u00a0<\/a>[\/vc_column_text][\/vc_accordion_tab][vc_accordion_tab title=\u00bb18 de abril &gt; Dise\u00f1a y crea cer\u00e1mica\u00bb][vc_column_text]<span style=\"color: #808080;\"><b>10:30 &#8211; 13:30. <\/b>Ven a conocer la disciplina art\u00edstica de la cer\u00e1mica. Cdise\u00f1a, crea y colorea tu pieza con la ayuda de profesionales, y \u00a1ll\u00e9vatela a casa!<\/span><\/p>\n<p><span style=\"color: #808080;\"><span style=\"font-weight: 400;\">+ 12 a\u00f1os. Cast\/Eusk.<\/span><\/span><\/p>\n<p><span style=\"color: #808080;\"><strong>Precio: <\/strong>2\u20ac<\/span><\/p>\n<p><span style=\"color: #808080;\"><strong>N\u00ba m\u00ednimo y m\u00e1ximo de plazas:<\/strong> 7 y 10.<\/span><\/p>\n<p><span style=\"font-weight: 400; color: #808080;\"><strong>Lugar: <\/strong>Gaztegune DEUSTO. Lehendakaria Aguirre, 42, <\/span><\/p>\n<p><span style=\"color: #808080;\"><strong>Lugar de quedada: <\/strong><\/span>Estaci\u00f3n de tren Abando-Indalecio Prieto (al lado de la librer\u00eda central)<\/p>\n<p><span style=\"font-weight: 400; color: #808080;\"><strong>Inscripciones:<br \/>\n<\/strong>&#8211; Del 8 al 15 de abril.<\/span><span style=\"font-weight: 400; color: #808080;\"><br \/>\n<\/span><\/p>\n<p class=\"p1\">Gaztegune DEUSTO. Lehendakaria Aguirre, 42.<br \/>\n<a href=\"mailto:gaztegune.deusto@bilbao.eus\">gaztegune.deusto@bilbao.eus<\/a><\/p>\n<p><span style=\"font-weight: 400; color: #808080;\"><em>Necesario para la inscripci\u00f3n:<\/em><br \/>\nNombre y dos apellidos<br \/>\nN\u00ba de carnet<br \/>\n3 personas m\u00e1ximo por inscripci\u00f3n<\/span><\/p>\n<p><a href=\"whatsapp:\/\/send?text=http%3A%2F%2Fbilbaogazte.bilbao.eus%2Fgazte-kluba%2F%23ui-id-5\" data-action=\"share\/whatsapp\/share\"><b>\u00a1Comp\u00e1rtelo\u00a0con tus amigo\/as!<\/b><br \/>\n<img loading=\"lazy\" decoding=\"async\" src=\"http:\/\/bilbaogazte.bilbao.eus\/wp-content\/uploads\/2018\/01\/WhatsApp-Logo.png\" width=\"25\" height=\"25\" border=\"0\" \/>\u00a0<\/a>[\/vc_column_text][\/vc_accordion_tab][vc_accordion_tab title=\u00bb25 de abril &gt; Piscinas Climatizadas de San Mam\u00e9s\u00bb][vc_column_text]<span style=\"color: #808080;\"><b>11:00 &#8211; 14:00. <\/b><\/span>Un d\u00eda en las piscinas climatizadas de San Mam\u00e9s es una oportunidad para desconectar, activarnos y disfrutar en grupo.<br \/>\nDisfrutaremos de sus 50 metros, o de las piscinas calientes con chorros&#8230; pero, sobre todo, \u00a1compartiremos un buen rato!<\/p>\n<p><span style=\"color: #808080;\"><span style=\"font-weight: 400;\">+ 12 a\u00f1os. Cast\/Eusk.<\/span><\/span><\/p>\n<p><span style=\"color: #808080;\"><strong>Precio:<\/strong><span style=\"font-weight: 400;\"> gratis<\/span><\/span><\/p>\n<p><span style=\"color: #808080;\"><strong>N\u00ba m\u00ednimo y m\u00e1ximo de plazas: <\/strong>10 y 20.<\/span><\/p>\n<p><span style=\"font-weight: 400; color: #808080;\"><strong>Lugar: <\/strong>Polideportivo de San Mam\u00e9s\u00a0<\/span><\/p>\n<p><span style=\"color: #808080;\"><strong>Lugar de quedada: <\/strong><\/span>Salida Metro San Mam\u00e9s calle Luis Bri\u00f1as, 25<\/p>\n<p><span style=\"font-weight: 400; color: #808080;\"><strong>Inscripciones:<br \/>\n<\/strong>&#8211; Del 15 al 22 de abril.<br \/>\n<\/span><\/p>\n<p class=\"p1\">Gaztegune ZORROZA. Fray Juan, 33.<br \/>\n<a href=\"mailto:gaztegune.zorroza@bilbao.eus\">gaztegune.zorroza@bilbao.eus<\/a><\/p>\n<p><span style=\"font-weight: 400; color: #808080;\"><em>Necesario para la inscripci\u00f3n:<\/em><br \/>\nNombre y dos apellidos<br \/>\nN\u00ba de carnet<br \/>\n3 personas m\u00e1ximo por inscripci\u00f3n<\/span><\/p>\n<p><a href=\"whatsapp:\/\/send?text=http%3A%2F%2Fbilbaogazte.bilbao.eus%2Fgazte-kluba%2F%23ui-id-5\" data-action=\"share\/whatsapp\/share\"><b>\u00a1Comp\u00e1rtelo\u00a0con tus amigo\/as!<\/b><br \/>\n<img loading=\"lazy\" decoding=\"async\" src=\"http:\/\/bilbaogazte.bilbao.eus\/wp-content\/uploads\/2018\/01\/WhatsApp-Logo.png\" width=\"25\" height=\"25\" border=\"0\" \/>\u00a0<\/a>[\/vc_column_text][\/vc_accordion_tab][vc_accordion_tab title=\u00bb25 de abril &gt; Museo San Mames\u00bb][vc_column_text]<span style=\"color: #808080;\"><b>17:30 &#8211; 19:30. <\/b><\/span>\u00a1Iremos a visitar el Museo de San Mam\u00e9s! All\u00ed aprenderemos m\u00e1s sobre la historia del f\u00fatbol, conoceremos exposiciones interesantes y podremos ver de cerca el interior del estadio. \u00a1Animate a participar en esta experiencia \u00fanica!<\/p>\n<p><span style=\"color: #808080;\"><span style=\"font-weight: 400;\">+ 12 a\u00f1os. Cast\/Eusk.<\/span><\/span><\/p>\n<p><span style=\"color: #808080;\"><strong>Precio:<\/strong><span style=\"font-weight: 400;\"> 2\u20ac.<\/span><\/span><\/p>\n<p><span style=\"color: #808080;\"><strong>N\u00ba m\u00ednimo y m\u00e1ximo de plazas: <\/strong>6 y 15.<\/span><\/p>\n<p><span style=\"font-weight: 400; color: #808080;\"><strong>Lugar: <\/strong>Estadio San Mam\u00e9s<\/span><\/p>\n<p><span style=\"color: #808080;\"><strong>Lugar de quedada: <\/strong><\/span>Entre las puertas 19 y 20 del estadio San Mam\u00e9s<\/p>\n<p><span style=\"font-weight: 400; color: #808080;\"><strong>Inscripciones:<br \/>\n<\/strong>&#8211; Del 1 al 17 de abril.<br \/>\n<\/span><\/p>\n<p class=\"p1\">Gaztegune MIRIBILLA. Santiago de Compostela, 12.<br \/>\n<a href=\"mailto:hgmiribilla@bilbao.eus\">hgmiribilla@bilbao.eus<\/a><\/p>\n<p class=\"p1\"><span style=\"font-weight: 400; color: #808080;\"><em>Necesario para la inscripci\u00f3n:<\/em><br \/>\nNombre y dos apellidos<br \/>\nN\u00ba de carnet<br \/>\n3 personas m\u00e1ximo por inscripci\u00f3n<\/span><\/p>\n<p><a href=\"whatsapp:\/\/send?text=http%3A%2F%2Fbilbaogazte.bilbao.eus%2Fgazte-kluba%2F%23ui-id-5\" data-action=\"share\/whatsapp\/share\"><b>\u00a1Comp\u00e1rtelo\u00a0con tus amigo\/as!<\/b><br \/>\n<img loading=\"lazy\" decoding=\"async\" src=\"http:\/\/bilbaogazte.bilbao.eus\/wp-content\/uploads\/2018\/01\/WhatsApp-Logo.png\" width=\"25\" height=\"25\" border=\"0\" \/>\u00a0<\/a>[\/vc_column_text][\/vc_accordion_tab][\/vc_accordion][\/vc_column][vc_column width=\u00bb1\/3&#8243;]<\/p>\n<p>[vc_empty_space height=\u00bb40px\u00bb][vc_single_image image=\u00bb48024&#8243; img_size=\u00bbfull\u00bb][vc_single_image image=\u00bb48029&#8243; img_size=\u00bbfull\u00bb onclick=\u00bbcustom_link\u00bb img_link_target=\u00bb_blank\u00bb css=\u00bb.vc_custom_1643014994154{margin-top: -35px !important;}\u00bb link=\u00bbhttps:\/\/bilbaogazte.bilbao.eus\/es\/gaztekluba\/\u00bb][vc_single_image image=\u00bb46820&#8243; img_size=\u00bbfull\u00bb onclick=\u00bbcustom_link\u00bb css=\u00bb.vc_custom_1634906931522{margin-top: -35px !important;}\u00bb link=\u00bbhttps:\/\/bilbaogazte.bilbao.eus\/es\/presentacion-gaztekluba\/\u00bb][vc_single_image image=\u00bb47895&#8243; img_size=\u00bbfull\u00bb onclick=\u00bbcustom_link\u00bb img_link_target=\u00bb_blank\u00bb css=\u00bb.vc_custom_1768813659640{margin-top: -35px !important;}\u00bb link=\u00bbhttps:\/\/bilbaogazte.bilbao.eus\/wp-content\/uploads\/2025\/09\/00Normativa_2025-2026.pdf\u00bb][vc_single_image image=\u00bb46811&#8243; img_size=\u00bbfull\u00bb onclick=\u00bbcustom_link\u00bb img_link_target=\u00bb_blank\u00bb css=\u00bb.vc_custom_1768813697514{margin-top: -35px !important;}\u00bb link=\u00bbhttps:\/\/docs.google.com\/forms\/d\/e\/1FAIpQLScCVdbQ10EcSAxpX_IFxqaU5MdKwV978klFaF9n-iNlYgnnFg\/viewform?usp=sf_link\u00bb][vc_single_image image=\u00bb36577&#8243; img_size=\u00bbfull\u00bb css=\u00bb.vc_custom_1580903168232{margin-top: -20px !important;}\u00bb][vc_single_image image=\u00bb46823&#8243; img_size=\u00bbfull\u00bb onclick=\u00bbcustom_link\u00bb css=\u00bb.vc_custom_1634906979946{margin-top: -35px !important;}\u00bb link=\u00bbhttps:\/\/bilbaogazte.bilbao.eus\/es\/gazteguneak-bilbao\/\u00bb][\/vc_column][vc_column][\/vc_column][\/vc_row][vc_row disable_element=\u00bbyes\u00bb][vc_column][vc_single_image image=\u00bb36497&#8243; img_size=\u00bbfull\u00bb onclick=\u00bbcustom_link\u00bb css=\u00bb.vc_custom_1595240561503{margin-top: -35px !important;}\u00bb link=\u00bbhttp:\/\/bilbaogazte.bilbao.eus\/gazte-kluba\/\u00bb][vc_single_image image=\u00bb37203&#8243; img_size=\u00bblarge\u00bb onclick=\u00bbcustom_link\u00bb link=\u00bbhttp:\/\/bilbaogazte.bilbao.eus\/gaztekluba\/#ui-id-1&#8243; css=\u00bb.vc_custom_1583836719691{margin-top: -35px !important;}\u00bb][vc_single_image image=\u00bb36574&#8243; img_size=\u00bbfull\u00bb css=\u00bb.vc_custom_1580903160167{margin-top: -20px !important;}\u00bb][vc_single_image image=\u00bb36586&#8243; img_size=\u00bbfull\u00bb onclick=\u00bbcustom_link\u00bb css=\u00bb.vc_custom_1580892015347{margin-top: -35px !important;}\u00bb link=\u00bbhttp:\/\/bilbaogazte.bilbao.eus\/gaztekluba-ideiak\/\u00bb][vc_single_image image=\u00bb36580&#8243; img_size=\u00bbfull\u00bb onclick=\u00bbcustom_link\u00bb img_link_target=\u00bb_blank\u00bb css=\u00bb.vc_custom_1580891918734{margin-top: -35px !important;}\u00bb link=\u00bbhttp:\/\/bilbaogazte.bilbao.eus\/wp-content\/uploads\/2020\/01\/Formulario-Solicitud-Eg-1.pdf\u00bb][vc_single_image image=\u00bb36589&#8243; img_size=\u00bbfull\u00bb onclick=\u00bbcustom_link\u00bb css=\u00bb.vc_custom_1580891952566{margin-top: -35px !important;}\u00bb link=\u00bbhttp:\/\/bilbaogazte.bilbao.eus\/wp-content\/uploads\/2020\/01\/Tutorial-Formato-Cast.pdf\u00bb][vc_column_text]<\/p>\n<p style=\"text-align: left;\"><small>Finantzatzen du:<\/small><\/p>\n<p style=\"text-align: left;\"><img loading=\"lazy\" decoding=\"async\" class=\"alignnone size-medium wp-image-20961\" src=\"http:\/\/bilbaogazte.bilbao.eus\/wp-content\/uploads\/2017\/11\/LOGO-MINISTERIO-Y-DGPNSD-872x190.jpg\" alt=\"\" width=\"320\" height=\"190\" \/><\/p>\n<p>[\/vc_column_text][\/vc_column][\/vc_row][vc_row][vc_column width=\u00bb2\/3&#8243;][\/vc_column][vc_column width=\u00bb1\/3&#8243;][\/vc_column][\/vc_row]<\/p>\n","protected":false},"excerpt":{"rendered":"<p class=\"entry-summary\">#GazteKLUBA\u00a0te da la oportunidad de conocer gente nueva y participar en las actividades que se celebran cada&hellip;<\/p>\n<div class=\"link-more\"><a href=\"https:\/\/bilbaogazte.bilbao.eus\/es\/gaztekluba\/\" class=\"more-link\">Continue reading<span class=\"screen-reader-text\"> &ldquo;GazteKLUBA&rdquo;<\/span>&hellip;<\/a><\/div>","protected":false},"author":79,"featured_media":0,"parent":0,"menu_order":0,"comment_status":"closed","ping_status":"closed","template":"","meta":{"_monsterinsights_skip_tracking":false,"_monsterinsights_sitenote_active":false,"_monsterinsights_sitenote_note":"","_monsterinsights_sitenote_category":0,"footnotes":""},"_links":{"self":[{"href":"https:\/\/bilbaogazte.bilbao.eus\/es\/wp-json\/wp\/v2\/pages\/61781"}],"collection":[{"href":"https:\/\/bilbaogazte.bilbao.eus\/es\/wp-json\/wp\/v2\/pages"}],"about":[{"href":"https:\/\/bilbaogazte.bilbao.eus\/es\/wp-json\/wp\/v2\/types\/page"}],"author":[{"embeddable":true,"href":"https:\/\/bilbaogazte.bilbao.eus\/es\/wp-json\/wp\/v2\/users\/79"}],"replies":[{"embeddable":true,"href":"https:\/\/bilbaogazte.bilbao.eus\/es\/wp-json\/wp\/v2\/comments?post=61781"}],"version-history":[{"count":107,"href":"https:\/\/bilbaogazte.bilbao.eus\/es\/wp-json\/wp\/v2\/pages\/61781\/revisions"}],"predecessor-version":[{"id":67135,"href":"https:\/\/bilbaogazte.bilbao.eus\/es\/wp-json\/wp\/v2\/pages\/61781\/revisions\/67135"}],"wp:attachment":[{"href":"https:\/\/bilbaogazte.bilbao.eus\/es\/wp-json\/wp\/v2\/media?parent=61781"}],"curies":[{"name":"wp","href":"https:\/\/api.w.org\/{rel}","templated":true}]}}