{"id":62765,"date":"2025-05-21T11:33:21","date_gmt":"2025-05-21T09:33:21","guid":{"rendered":"https:\/\/bilbaogazte.bilbao.eus\/es\/?page_id=62765"},"modified":"2025-07-09T09:08:32","modified_gmt":"2025-07-09T07:08:32","slug":"gazteklubauda","status":"publish","type":"page","link":"https:\/\/bilbaogazte.bilbao.eus\/es\/gazteklubauda\/","title":{"rendered":"GazteKLUBA UDA"},"content":{"rendered":"<p>[vc_row][vc_column width=\u00bb2\/3&#8243;][vc_column_text]<video class=\"aligncenter\" src=\"http:\/\/bilbaogazte.bilbao.eus\/wp-content\/uploads\/2018\/10\/GazteKLUBA.mp4\" poster=\"http:\/\/bilbaogazte.bilbao.eus\/wp-content\/uploads\/2016\/06\/Banner_home_actualizado.jpg\" loop=\"loop\" controls=\"controls\" width=\"661\" height=\"330\" data-mce-fragment=\"1\"><\/video>[\/vc_column_text][vc_column_text]<strong>#GazteKLUBA<\/strong>\u00a0te da la oportunidad de conocer gente nueva y participar en las actividades que se celebran cada fin de semana en Bilbao. Actividades de diferentes estilos y para todos los gustos, pensadas\u00a0<strong>para j\u00f3venes de 12 a 17 a\u00f1os,\u00a0<\/strong>personas nacidas entre 2007 y 2012 en el curso escolar de septiembre de 2024 a junio de 2025.<\/p>\n<p>\u00a1Y no olvides hacerte socio\/a de\u00a0<strong><a href=\"http:\/\/bilbaogazte.bilbao.eus\/es\/presentacion-gaztekluba\/\">#GazteKLUBA Txartela<\/a><\/strong>\u00a0para participar en las actividades!<\/p>\n<p>Este programa municipal cuenta con la financiaci\u00f3n de la\u00a0<a href=\"http:\/\/bilbaogazte.bilbao.eus\/wp-content\/uploads\/2022\/01\/minis.jpeg\">Delegaci\u00f3n del Gobierno<\/a>\u00a0para el Plan Nacional sobre Drogas.<\/p>\n<p data-pm-slice=\"1 1 []\"><strong>INFORMACI\u00d3N IMPORTANTE <\/strong>para rellenar las inscripciones de las actividades de GazteKLUBA uda:<\/p>\n<p data-pm-slice=\"1 1 []\"><strong>Todas las inscripciones se realizar\u00e1n a partir de las 10:00 de la ma\u00f1ana y hasta completar las plazas.<\/strong><\/p>\n<p style=\"font-weight: 400;\"><strong>INSCRIPCIONES:<\/strong>\u00a0individual o grupal (m\u00e1ximo 3 personas)<\/p>\n<p style=\"font-weight: 400;\"><strong>FORMULARIOS<\/strong><br \/>\n3 formularios independientes: Ekaina, Uztaila y Uretako aktibitateak.<\/p>\n<p style=\"font-weight: 400;\"><strong>PROCEDIMIENTO<br \/>\n<\/strong>&#8211; \u00fanicamente se realizar\u00e1 una inscripci\u00f3n por persona, tanto si se hace de manera individual, como en grupo en cada formulario. Es decir, ninguna persona podr\u00e1 aparecer en otra inscripci\u00f3n con otro grupo de personas, quedando eliminada autom\u00e1ticamente.<\/p>\n<p style=\"font-weight: 400;\">&#8211; se pueden elegir hasta 3 actividades de los diferentes bloques (Ekaina, Uztaila y Uretako Aktibitateak) debiendo realizar un formulario por cada bloque.<\/p>\n<p style=\"font-weight: 400;\">&#8211; las inscripciones se har\u00e1n con el nombre de la persona joven, NUNCA con el nombre de sus progenitores o tutores.<\/p>\n<p>[\/vc_column_text][vc_custom_heading text=\u00bb#GAZTEKLUBA UDA| SALIDAS &#8211; JUNIO\u00bb font_container=\u00bbtag:h2|text_align:left|color:%230a0a0a|line_height:1.5&#8243; google_fonts=\u00bbfont_family:Raleway%3A100%2C200%2C300%2Cregular%2C500%2C600%2C700%2C800%2C900|font_style:700%20bold%20regular%3A700%3Anormal\u00bb css=\u00bb.vc_custom_1747820110590{background-color: #ffffff !important;}\u00bb][vc_custom_heading text=\u00bbInscripciones aqu\u00ed \u00bb font_container=\u00bbtag:h3|text_align:left|color:%230a0a0a|line_height:1.5&#8243; google_fonts=\u00bbfont_family:Raleway%3A100%2C200%2C300%2Cregular%2C500%2C600%2C700%2C800%2C900|font_style:700%20bold%20regular%3A700%3Anormal\u00bb css=\u00bb.vc_custom_1748416675329{background-color: #ffffff !important;}\u00bb link=\u00bburl:https%3A%2F%2Fwww.bilbao.eus%2Faytoonline%2Fjsp%2Fgaztekluba%2Fact_previa.jsp%3Fidioma%3Dc%26idPrograma%3Dudaekaina2025|||\u00bb][vc_accordion active_tab=\u00bb0&#8243;][vc_accordion_tab title=\u00bb24 de junio &gt; SOPUERTA ABENTURA\u00bb][vc_column_text]<b><span style=\"color: #808080;\">11: -16:30.<\/span><\/b> <span style=\"color: #808080;\">Parque de 10 circuitos en los \u00e1rboles, repartidos en una superficie de m\u00e1s de 32.000 metros cuadrados, que proponen m\u00e1s de 100 aventuras o retos, donde disfrutaremos poniendo a prueba nuestra agilidad y equilibrio. 3 de los circuitos son de tirolinas.<\/span><\/p>\n<p><span style=\"color: #808080;\"><span style=\"font-weight: 400;\">+12 a\u00f1os. Cast-Eusk.<\/span><\/span><\/p>\n<p><span style=\"color: #808080;\"><strong>Precio:<\/strong> 5\u20ac<\/span><\/p>\n<p><strong>N\u00ba m\u00e1ximo de plazas:<\/strong> 50<\/p>\n<p><span style=\"font-weight: 400; color: #808080;\"><strong>Lugar:<\/strong> Sopuerta Abentura; Barrio San Cristobal 48190 Sopuerta<\/span><\/p>\n<p><strong>Lugar de quedada<\/strong>: Frente Palacio Euskalduna. Abandoibarra 4. Parada Bus larga estancia<\/p>\n<p><span style=\"font-weight: 400; color: #808080;\"><strong>Inscripci\u00f3n:<\/strong><\/span><\/p>\n<p>-Del 28 de mayo al 5 de junio.<\/p>\n<p>-Formulario<\/p>\n<p><a href=\"whatsapp:\/\/send?text=http%3A%2F%2Fbilbaogazte.bilbao.eus%2Fgazte-kluba%2F%23ui-id-1\" data-action=\"share\/whatsapp\/share\"><strong>\u00a1Comp\u00e1rtelo con tus amigo\/as!<\/strong><\/a><a href=\"whatsapp:\/\/send?text=http%3A%2F%2Fbilbaogazte.bilbao.eus%2Fgazte-kluba%2F%23ui-id-3\" data-action=\"share\/whatsapp\/share\"><br \/>\n<img loading=\"lazy\" decoding=\"async\" src=\"http:\/\/bilbaogazte.bilbao.eus\/wp-content\/uploads\/2018\/01\/WhatsApp-Logo.png\" width=\"25\" height=\"25\" border=\"0\" \/><\/a>[\/vc_column_text][\/vc_accordion_tab][vc_accordion_tab title=\u00bb25 de junio &gt; COASTEERING + GYMKANA EN LA PLAYA\u00bb][vc_column_text]<span style=\"color: #808080;\"><b>10:00-18:30. <\/b>An\u00edmate a realizar el recorrido de la costa de una manera diferente: saltos, escalada, nataci\u00f3n, pasillos naturales\u2026 Adem\u00e1s, tambi\u00e9n habr\u00e1 tiempo para participar en una ginkana en la playa.<\/span><\/p>\n<p><span style=\"color: #808080;\"><span style=\"font-weight: 400;\">+12 a\u00f1os. Cast-Eusk.<\/span><\/span><\/p>\n<p><span style=\"color: #808080;\"><strong>Precio:<\/strong> 5\u20ac.<\/span><\/p>\n<p><strong>N\u00ba m\u00e1ximo de plazas:<\/strong> 40<\/p>\n<p><span style=\"font-weight: 400; color: #808080;\"><strong>Lugar:<\/strong> Lekeitio &#8211; Kostaldea eta hondartza (Karraspio)<\/span><\/p>\n<p><strong>Lugar de quedada<\/strong>: Frente Palacio Euskalduna. Abandoibarra 4. Parada Bus larga estancia<\/p>\n<p><span style=\"font-weight: 400; color: #808080;\"><strong>Inscripci\u00f3n:<\/strong><\/span><\/p>\n<p>-Del 28 de mayo al 5 de junio<\/p>\n<p>-Formulario<\/p>\n<p><a href=\"whatsapp:\/\/send?text=http%3A%2F%2Fbilbaogazte.bilbao.eus%2Fgazte-kluba%2F%23ui-id-1\" data-action=\"share\/whatsapp\/share\"><strong>\u00a1Comp\u00e1rtelo con tus amigo\/as!<\/strong><\/a><a href=\"whatsapp:\/\/send?text=http%3A%2F%2Fbilbaogazte.bilbao.eus%2Fgazte-kluba%2F%23ui-id-3\" data-action=\"share\/whatsapp\/share\"><br \/>\n<img loading=\"lazy\" decoding=\"async\" src=\"http:\/\/bilbaogazte.bilbao.eus\/wp-content\/uploads\/2018\/01\/WhatsApp-Logo.png\" width=\"25\" height=\"25\" border=\"0\" \/><\/a>[\/vc_column_text][\/vc_accordion_tab][vc_accordion_tab title=\u00bb26 de junio &gt; PASEO A CABALLO POR LA PLAYA\u00bb][vc_column_text]<span style=\"color: #808080;\"><b>11:00-16:30. <\/b>An\u00edmate a montar a caballo y dar un divertido paseo por la playa mientras disfrutamos de las vistas. \u00a1Ser\u00e1 una experiencia inolvidable que no puedes perderte!<\/span><\/p>\n<p><span style=\"color: #808080;\"><span style=\"font-weight: 400;\">+12 a\u00f1os. Cast-Eusk.<\/span><\/span><\/p>\n<p><span style=\"color: #808080;\"><strong>Precio:<\/strong> 5\u20ac.<\/span><\/p>\n<p><strong>N\u00ba m\u00e1ximo de plazas:<\/strong> 40<\/p>\n<p><span style=\"font-weight: 400; color: #808080;\"><strong>Lugar:<\/strong> EL SABLE LAREDO, Ctra. al Camping Playa Regat\u00f3n, 1 (Junto al Hospital) 39770 Laredo (Cantabria)<\/span><\/p>\n<p><strong>Lugar de quedada<\/strong>: EUSKALDUNA, Avda. Abandoibarra, 4 \u00b7 48011, Bilbao<\/p>\n<p><span style=\"font-weight: 400; color: #808080;\"><strong>Inscripci\u00f3n:<\/strong><\/span><\/p>\n<p>&#8211; Del 28 de mayo al\u00a0 al 5 de junio<\/p>\n<p>&#8211; Formulario<\/p>\n<p><a href=\"whatsapp:\/\/send?text=http%3A%2F%2Fbilbaogazte.bilbao.eus%2Fgazte-kluba%2F%23ui-id-1\" data-action=\"share\/whatsapp\/share\"><strong>\u00a1Comp\u00e1rtelo con tus amigo\/as!<\/strong><\/a><a href=\"whatsapp:\/\/send?text=http%3A%2F%2Fbilbaogazte.bilbao.eus%2Fgazte-kluba%2F%23ui-id-3\" data-action=\"share\/whatsapp\/share\"><br \/>\n<img loading=\"lazy\" decoding=\"async\" src=\"http:\/\/bilbaogazte.bilbao.eus\/wp-content\/uploads\/2018\/01\/WhatsApp-Logo.png\" width=\"25\" height=\"25\" border=\"0\" \/><\/a>[\/vc_column_text][\/vc_accordion_tab][vc_accordion_tab title=\u00bb27 de junio &gt; ESCALADA + PISCINA\u00bb][vc_column_text]<span style=\"color: #808080;\"><b>09:45-16:30. <\/b>Ven a aprender escalada en un entorno espectacular como es el desfiladero de Sobr\u00f3n. Pasaremos el d\u00eda escalando y disfrutaremos de un ba\u00f1o merecido en las piscinas. \u00a1Planazo de d\u00eda!<\/span><\/p>\n<p><span style=\"color: #808080;\"><span style=\"font-weight: 400;\">+12 a\u00f1os. Cast-Eusk.<\/span><\/span><\/p>\n<p><span style=\"color: #808080;\"><strong>Precio:<\/strong> 5\u20ac.<\/span><\/p>\n<p><strong>N\u00ba m\u00e1ximo de plazas:<\/strong> 35<\/p>\n<p><span style=\"font-weight: 400; color: #808080;\"><strong>Lugar:<\/strong> Aventura Sobr\u00f3n; La Playa Kalea, 11, 01423 Sobr\u00f3n, Araba<\/span><\/p>\n<p><strong>Lugar de quedada<\/strong>: Palacio Euskalduna<\/p>\n<p><span style=\"font-weight: 400; color: #808080;\"><strong>Inscripci\u00f3n:<\/strong><\/span><\/p>\n<p>&#8211; Del 28 de mayo al 5 de junio.<\/p>\n<p>&#8211; Formulario<\/p>\n<p><a href=\"whatsapp:\/\/send?text=http%3A%2F%2Fbilbaogazte.bilbao.eus%2Fgazte-kluba%2F%23ui-id-1\" data-action=\"share\/whatsapp\/share\"><strong>\u00a1Comp\u00e1rtelo con tus amigo\/as!<\/strong><\/a><a href=\"whatsapp:\/\/send?text=http%3A%2F%2Fbilbaogazte.bilbao.eus%2Fgazte-kluba%2F%23ui-id-3\" data-action=\"share\/whatsapp\/share\"><br \/>\n<img loading=\"lazy\" decoding=\"async\" src=\"http:\/\/bilbaogazte.bilbao.eus\/wp-content\/uploads\/2018\/01\/WhatsApp-Logo.png\" width=\"25\" height=\"25\" border=\"0\" \/><\/a>[\/vc_column_text][\/vc_accordion_tab][\/vc_accordion][vc_custom_heading text=\u00bb#GAZTEKLUBA UDA| SALIDAS &#8211; JULIO\u00bb font_container=\u00bbtag:h2|text_align:left|color:%230a0a0a|line_height:1.5&#8243; google_fonts=\u00bbfont_family:Raleway%3A100%2C200%2C300%2Cregular%2C500%2C600%2C700%2C800%2C900|font_style:700%20bold%20regular%3A700%3Anormal\u00bb css=\u00bb.vc_custom_1747821011822{background-color: #ffffff !important;}\u00bb][vc_custom_heading text=\u00bbInscripciones aqu\u00ed \u00bb font_container=\u00bbtag:h3|text_align:left|color:%230a0a0a|line_height:1.5&#8243; google_fonts=\u00bbfont_family:Raleway%3A100%2C200%2C300%2Cregular%2C500%2C600%2C700%2C800%2C900|font_style:700%20bold%20regular%3A700%3Anormal\u00bb css=\u00bb.vc_custom_1748416731927{background-color: #ffffff !important;}\u00bb link=\u00bburl:https%3A%2F%2Fwww.bilbao.eus%2Faytoonline%2Fjsp%2Fgaztekluba%2Fact_previa.jsp%3Fidioma%3Dc%26idPrograma%3Dudauztaila2025|||\u00bb][vc_accordion active_tab=\u00bb0&#8243;][vc_accordion_tab title=\u00bb1 de julio &gt; SURF EN SOPELANA\u00bb][vc_column_text]<b><span style=\"color: #808080;\">12:00 -18:00.<\/span><\/b> Una incre\u00edble oportunidad para coger tus primeras olas. Clase de surf con instructores que har\u00e1n de este d\u00eda una gran experiencia \u00a1No te lo pierdas!<\/p>\n<p><span style=\"color: #808080;\"><span style=\"font-weight: 400;\">+12 a\u00f1os. Cast-Eusk.<\/span><\/span><\/p>\n<p><span style=\"color: #808080;\"><strong>Precio:<\/strong> 5\u20ac<\/span><\/p>\n<p><strong>N\u00ba m\u00e1ximo de plazas:<\/strong> 45<\/p>\n<p><span style=\"font-weight: 400; color: #808080;\"><strong>Lugar:<\/strong> Sopelana<\/span><\/p>\n<p><strong>Lugar de quedada<\/strong>: Frente Palacio Euskalduna. Abandoibarra 4. Parada Bus larga estancia \/ egonaldi luzeko autob\u00fas geltokian<\/p>\n<p><span style=\"font-weight: 400; color: #808080;\"><strong>Inscripci\u00f3n:<\/strong><\/span><\/p>\n<p>-Del 28 de mayo al 5 de junio.<\/p>\n<p>-Formulario<\/p>\n<p><a href=\"whatsapp:\/\/send?text=http%3A%2F%2Fbilbaogazte.bilbao.eus%2Fgazte-kluba%2F%23ui-id-1\" data-action=\"share\/whatsapp\/share\"><strong>\u00a1Comp\u00e1rtelo con tus amigo\/as!<\/strong><\/a><a href=\"whatsapp:\/\/send?text=http%3A%2F%2Fbilbaogazte.bilbao.eus%2Fgazte-kluba%2F%23ui-id-3\" data-action=\"share\/whatsapp\/share\"><br \/>\n<img loading=\"lazy\" decoding=\"async\" src=\"http:\/\/bilbaogazte.bilbao.eus\/wp-content\/uploads\/2018\/01\/WhatsApp-Logo.png\" width=\"25\" height=\"25\" border=\"0\" \/><\/a>[\/vc_column_text][\/vc_accordion_tab][vc_accordion_tab title=\u00bb3 de julio &gt; MENDEXA ABENTURA PARK\u00bb][vc_column_text]<span style=\"color: #808080;\"><b>09:00-16:00. <\/b>Vive una experiencia inolvidable en el parque de tirolinas m\u00e1s novedoso de la costa vasca. Sum\u00e9rgete en un bosque en plena naturaleza con 6 circuitos diferentes, 23 tirolinas y m\u00e1s de 75 retos que superar. \u00a1An\u00edmate y pasar\u00e1s un d\u00eda lleno de desaf\u00edos!<\/span><\/p>\n<p><span style=\"color: #808080;\"><span style=\"font-weight: 400;\">+12 a\u00f1os. Cast-Eusk.<\/span><\/span><\/p>\n<p><span style=\"color: #808080;\"><strong>Precio:<\/strong> 5\u20ac.<\/span><\/p>\n<p><strong>N\u00ba m\u00e1ximo de plazas:<\/strong> 50<\/p>\n<p><span style=\"font-weight: 400; color: #808080;\"><strong>Lugar:<\/strong> Mendexa Abentura Park<\/span><\/p>\n<p><strong>Lugar de quedada:<\/strong> Frente Palacio Euskalduna. Abandoibarra 4. Parada Bus larga estancia \/ egonaldi luzeko autob\u00fas geltokian<\/p>\n<p><span style=\"font-weight: 400; color: #808080;\"><strong>Inscripci\u00f3n:<\/strong><\/span><\/p>\n<p>-Del 28 de mayo al 5 de junio<\/p>\n<p>-Formulario<\/p>\n<p><a href=\"whatsapp:\/\/send?text=http%3A%2F%2Fbilbaogazte.bilbao.eus%2Fgazte-kluba%2F%23ui-id-1\" data-action=\"share\/whatsapp\/share\"><strong>\u00a1Comp\u00e1rtelo con tus amigo\/as!<\/strong><\/a><a href=\"whatsapp:\/\/send?text=http%3A%2F%2Fbilbaogazte.bilbao.eus%2Fgazte-kluba%2F%23ui-id-3\" data-action=\"share\/whatsapp\/share\"><br \/>\n<img loading=\"lazy\" decoding=\"async\" src=\"http:\/\/bilbaogazte.bilbao.eus\/wp-content\/uploads\/2018\/01\/WhatsApp-Logo.png\" width=\"25\" height=\"25\" border=\"0\" \/><\/a>[\/vc_column_text][\/vc_accordion_tab][vc_accordion_tab title=\u00bb8 de julio &gt; BIG SUP + PIRAGUAK EN LA COSTA DE BIZKAIA\u00bb][vc_column_text]<span style=\"color: #808080;\"><b>09:30-16:00. <\/b>Una salida de d\u00eda, que combina deporte y aventura en un espacio natural extraordinariamente bello.<\/span><\/p>\n<p><span style=\"color: #808080;\"><span style=\"font-weight: 400;\">+12 a\u00f1os. Cast-Eusk.<\/span><\/span><\/p>\n<p><span style=\"color: #808080;\"><strong>Precio:<\/strong> 5\u20ac.<\/span><\/p>\n<p><strong>N\u00ba m\u00e1ximo de plazas:<\/strong> 40<\/p>\n<p><span style=\"font-weight: 400; color: #808080;\"><strong>Lugar:<\/strong> Kostaldean<\/span><\/p>\n<p><strong>Lugar de quedada<\/strong>: Abandoibarra 4, Bilbao (en frente del Palacio Euskalduna)<\/p>\n<p><span style=\"font-weight: 400; color: #808080;\"><strong>Inscripci\u00f3n:<\/strong><\/span><\/p>\n<p>&#8211; Del 28 de mayo al\u00a0 al 5 de junio<\/p>\n<p>&#8211; Formulario<\/p>\n<p><a href=\"whatsapp:\/\/send?text=http%3A%2F%2Fbilbaogazte.bilbao.eus%2Fgazte-kluba%2F%23ui-id-1\" data-action=\"share\/whatsapp\/share\"><strong>\u00a1Comp\u00e1rtelo con tus amigo\/as!<\/strong><\/a><a href=\"whatsapp:\/\/send?text=http%3A%2F%2Fbilbaogazte.bilbao.eus%2Fgazte-kluba%2F%23ui-id-3\" data-action=\"share\/whatsapp\/share\"><br \/>\n<img loading=\"lazy\" decoding=\"async\" src=\"http:\/\/bilbaogazte.bilbao.eus\/wp-content\/uploads\/2018\/01\/WhatsApp-Logo.png\" width=\"25\" height=\"25\" border=\"0\" \/><\/a>[\/vc_column_text][\/vc_accordion_tab][vc_accordion_tab title=\u00bb10 de julio &gt; ESCALADA + ESPELEOLOG\u00cdA\u00bb][vc_column_text]<span style=\"color: #808080;\"><b>09:30-16:30. <\/b>Actividad de Espeleolog\u00eda en Jentilzubi, situada en las inmediaciones de Dima (Bizkaia), realizando la ruta de mitolog\u00eda para tambi\u00e9n conocer la Cueva de Baltzola y Cueva de Axlor (lugar donode se descubri\u00f3 que el neardental tiene capacidad cognitiva). Actividad de Escalada en Indusi, en una zona de escalada adaptada como sector propicio para la iniciaci\u00f3n en la escalada en roca.Todo ello, en un marco incomparable como es el Parque Natural de Urkiola.<\/span><\/p>\n<p><span style=\"color: #808080;\"><span style=\"font-weight: 400;\">+12 a\u00f1os. Cast-Eusk.<\/span><\/span><\/p>\n<p><span style=\"color: #808080;\"><strong>Precio:<\/strong> 5\u20ac.<\/span><\/p>\n<p><strong>N\u00ba m\u00e1ximo de plazas:<\/strong> 30<\/p>\n<p><span style=\"font-weight: 400; color: #808080;\"><strong>Lugar:<\/strong> Urkiolako Parkean<\/span><\/p>\n<p><strong>Lugar de quedada<\/strong>: Abandoibarra 4, Bilbao (en frente del Palacio Euskalduna)<\/p>\n<p><span style=\"font-weight: 400; color: #808080;\"><strong>Inscripci\u00f3n:<\/strong><\/span><\/p>\n<p>&#8211; Del 28 de mayo al 5 de junio.<\/p>\n<p>&#8211; Formulario<\/p>\n<p><a href=\"whatsapp:\/\/send?text=http%3A%2F%2Fbilbaogazte.bilbao.eus%2Fgazte-kluba%2F%23ui-id-1\" data-action=\"share\/whatsapp\/share\"><strong>\u00a1Comp\u00e1rtelo con tus amigo\/as!<\/strong><\/a><a href=\"whatsapp:\/\/send?text=http%3A%2F%2Fbilbaogazte.bilbao.eus%2Fgazte-kluba%2F%23ui-id-3\" data-action=\"share\/whatsapp\/share\"><br \/>\n<img loading=\"lazy\" decoding=\"async\" src=\"http:\/\/bilbaogazte.bilbao.eus\/wp-content\/uploads\/2018\/01\/WhatsApp-Logo.png\" width=\"25\" height=\"25\" border=\"0\" \/><\/a>[\/vc_column_text][\/vc_accordion_tab][\/vc_accordion][vc_custom_heading text=\u00bb#GAZTEKLUBA UDA| ACTIVIDADES ACU\u00c1TICAS\u00bb font_container=\u00bbtag:h2|text_align:left|color:%230a0a0a|line_height:1.5&#8243; google_fonts=\u00bbfont_family:Raleway%3A100%2C200%2C300%2Cregular%2C500%2C600%2C700%2C800%2C900|font_style:700%20bold%20regular%3A700%3Anormal\u00bb css=\u00bb.vc_custom_1748260001790{background-color: #ffffff !important;}\u00bb][vc_custom_heading text=\u00bbInscripciones aqu\u00ed \u00bb font_container=\u00bbtag:h3|text_align:left|color:%230a0a0a|line_height:1.5&#8243; google_fonts=\u00bbfont_family:Raleway%3A100%2C200%2C300%2Cregular%2C500%2C600%2C700%2C800%2C900|font_style:700%20bold%20regular%3A700%3Anormal\u00bb css=\u00bb.vc_custom_1748416762227{background-color: #ffffff !important;}\u00bb link=\u00bburl:https%3A%2F%2Fwww.bilbao.eus%2Faytoonline%2Fjsp%2Fgaztekluba%2Fact_previa.jsp%3Fidioma%3Dc%26idPrograma%3Dudauztaila2025_uretakojarduerak|||\u00bb][vc_accordion active_tab=\u00bb0&#8243;][vc_accordion_tab title=\u00bb2 de julio &gt; PIRAGUAS EN LA R\u00cdA\u00bb][vc_column_text]<b><span style=\"color: #808080;\">11:30 -13:30.<\/span><\/b> En piraguas individuales se conocer\u00e1n los secretos de la r\u00eda y de sus orillas. Se dar\u00e1 una peque\u00f1a clase con las nociones b\u00e1sicas para realizar diferentes retos y juegos acu\u00e1ticos.<\/p>\n<p><span style=\"color: #808080;\"><span style=\"font-weight: 400;\">+12 a\u00f1os. Cast-Eusk.<\/span><\/span><\/p>\n<p><span style=\"color: #808080;\"><strong>Precio:<\/strong> 2\u20ac<\/span><\/p>\n<p><strong>N\u00ba m\u00e1ximo de plazas:<\/strong> 25<\/p>\n<p><span style=\"font-weight: 400; color: #808080;\"><strong>Lugar:<\/strong> Bilbobentura. Ram\u00f3n de la Sota, 1.<\/span><\/p>\n<p><strong>Lugar de quedada<\/strong>: Bilbobentura. Ram\u00f3n de la Sota, 1.<\/p>\n<p><span style=\"font-weight: 400; color: #808080;\"><strong>Inscripci\u00f3n:<\/strong><\/span><\/p>\n<p>-Del 28 de mayo al 5 de junio.<\/p>\n<p>-Formulario<\/p>\n<p><a href=\"whatsapp:\/\/send?text=http%3A%2F%2Fbilbaogazte.bilbao.eus%2Fgazte-kluba%2F%23ui-id-1\" data-action=\"share\/whatsapp\/share\"><strong>\u00a1Comp\u00e1rtelo con tus amigo\/as!<\/strong><\/a><a href=\"whatsapp:\/\/send?text=http%3A%2F%2Fbilbaogazte.bilbao.eus%2Fgazte-kluba%2F%23ui-id-3\" data-action=\"share\/whatsapp\/share\"><br \/>\n<img loading=\"lazy\" decoding=\"async\" src=\"http:\/\/bilbaogazte.bilbao.eus\/wp-content\/uploads\/2018\/01\/WhatsApp-Logo.png\" width=\"25\" height=\"25\" border=\"0\" \/><\/a>[\/vc_column_text][\/vc_accordion_tab][vc_accordion_tab title=\u00bb9 de julio &gt; PADDLE SUP\u00bb][vc_column_text]<span style=\"color: #808080;\"><b>11:30-13:30. <\/b>Desde el Museo Mar\u00edtimo hasta el puente de Calatrava, remaremos de pie en un Paddle Sup. Los y las monitoras especializadas ense\u00f1ar\u00e1n diferentes t\u00e9cnicas de equilibrio y pedaleo para que los y las j\u00f3venes puedan ser autosuficientes en la actividad acu\u00e1tica.<\/span><\/p>\n<p><span style=\"color: #808080;\"><span style=\"font-weight: 400;\">+12 a\u00f1os. Cast-Eusk.<\/span><\/span><\/p>\n<p><span style=\"color: #808080;\"><strong>Precio:<\/strong> 2\u20ac.<\/span><\/p>\n<p><strong>N\u00ba m\u00e1ximo de plazas:<\/strong> 25<\/p>\n<p><span style=\"font-weight: 400; color: #808080;\"><strong>Lugar:<\/strong> Bilbobentura. Ram\u00f3n de la Sota, 1.<\/span><\/p>\n<p><strong>Lugar de quedada:<\/strong> Bilbobentura. Ram\u00f3n de la Sota, 1.<\/p>\n<p><span style=\"font-weight: 400; color: #808080;\"><strong>Inscripci\u00f3n:<\/strong><\/span><\/p>\n<p>-Del 28 de mayo al 5 de junio<\/p>\n<p>-Formulario<\/p>\n<p><a href=\"whatsapp:\/\/send?text=http%3A%2F%2Fbilbaogazte.bilbao.eus%2Fgazte-kluba%2F%23ui-id-1\" data-action=\"share\/whatsapp\/share\"><strong>\u00a1Comp\u00e1rtelo con tus amigo\/as!<\/strong><\/a><a href=\"whatsapp:\/\/send?text=http%3A%2F%2Fbilbaogazte.bilbao.eus%2Fgazte-kluba%2F%23ui-id-3\" data-action=\"share\/whatsapp\/share\"><br \/>\n<img loading=\"lazy\" decoding=\"async\" src=\"http:\/\/bilbaogazte.bilbao.eus\/wp-content\/uploads\/2018\/01\/WhatsApp-Logo.png\" width=\"25\" height=\"25\" border=\"0\" \/><\/a>[\/vc_column_text][\/vc_accordion_tab][\/vc_accordion][\/vc_column][vc_column width=\u00bb1\/3&#8243;][vc_empty_space height=\u00bb40px\u00bb][vc_single_image image=\u00bb48022&#8243; img_size=\u00bbfull\u00bb][vc_single_image image=\u00bb48763&#8243; img_size=\u00bbfull\u00bb onclick=\u00bbcustom_link\u00bb css=\u00bb.vc_custom_1752044909470{margin-top: -35px !important;}\u00bb link=\u00bbhttps:\/\/bilbaogazte.bilbao.eus\/es\/gazteklubauda\/\u00bb][vc_single_image image=\u00bb48640&#8243; img_size=\u00bbfull\u00bb onclick=\u00bbcustom_link\u00bb css=\u00bb.vc_custom_1751979372495{margin-top: -35px !important;}\u00bb link=\u00bbhttp:\/\/bilbaogazte.bilbao.eus\/es\/presentacion-gaztekluba\/\u00bb][vc_single_image image=\u00bb47895&#8243; img_size=\u00bbfull\u00bb onclick=\u00bbcustom_link\u00bb img_link_target=\u00bb_blank\u00bb css=\u00bb.vc_custom_1751979483391{margin-top: -35px !important;}\u00bb link=\u00bbhttp:\/\/bilbaogazte.bilbao.eus\/wp-content\/uploads\/2025\/07\/Normativa-GazteKluba-2025-2026-cas.pdf\u00bb][vc_single_image image=\u00bb48643&#8243; img_size=\u00bbfull\u00bb onclick=\u00bbcustom_link\u00bb img_link_target=\u00bb_blank\u00bb css=\u00bb.vc_custom_1751979560378{margin-top: -35px !important;}\u00bb link=\u00bbhttps:\/\/docs.google.com\/forms\/d\/1BTNThBWTpDT5sW94SQD03-AxZEh3zRFD80uimeWEl6Y\/edit\u00bb][vc_single_image image=\u00bb36577&#8243; img_size=\u00bbfull\u00bb css=\u00bb.vc_custom_1580912666142{margin-top: -20px !important;}\u00bb][vc_single_image image=\u00bb48780&#8243; img_size=\u00bbfull\u00bb onclick=\u00bbcustom_link\u00bb css=\u00bb.vc_custom_1751979697856{margin-top: -35px !important;}\u00bb link=\u00bbhttp:\/\/bilbaogazte.bilbao.eus\/es\/gazteguneak-bilbao\/\u00bb][\/vc_column][\/vc_row]<\/p>\n","protected":false},"excerpt":{"rendered":"<p class=\"entry-summary\">#GazteKLUBA\u00a0te da la oportunidad de conocer gente nueva y participar en las actividades que se celebran cada&hellip;<\/p>\n<div class=\"link-more\"><a href=\"https:\/\/bilbaogazte.bilbao.eus\/es\/gazteklubauda\/\" class=\"more-link\">Continue reading<span class=\"screen-reader-text\"> &ldquo;GazteKLUBA UDA&rdquo;<\/span>&hellip;<\/a><\/div>","protected":false},"author":79,"featured_media":0,"parent":0,"menu_order":0,"comment_status":"closed","ping_status":"closed","template":"","meta":{"_monsterinsights_skip_tracking":false,"_monsterinsights_sitenote_active":false,"_monsterinsights_sitenote_note":"","_monsterinsights_sitenote_category":0,"footnotes":""},"_links":{"self":[{"href":"https:\/\/bilbaogazte.bilbao.eus\/es\/wp-json\/wp\/v2\/pages\/62765"}],"collection":[{"href":"https:\/\/bilbaogazte.bilbao.eus\/es\/wp-json\/wp\/v2\/pages"}],"about":[{"href":"https:\/\/bilbaogazte.bilbao.eus\/es\/wp-json\/wp\/v2\/types\/page"}],"author":[{"embeddable":true,"href":"https:\/\/bilbaogazte.bilbao.eus\/es\/wp-json\/wp\/v2\/users\/79"}],"replies":[{"embeddable":true,"href":"https:\/\/bilbaogazte.bilbao.eus\/es\/wp-json\/wp\/v2\/comments?post=62765"}],"version-history":[{"count":29,"href":"https:\/\/bilbaogazte.bilbao.eus\/es\/wp-json\/wp\/v2\/pages\/62765\/revisions"}],"predecessor-version":[{"id":63103,"href":"https:\/\/bilbaogazte.bilbao.eus\/es\/wp-json\/wp\/v2\/pages\/62765\/revisions\/63103"}],"wp:attachment":[{"href":"https:\/\/bilbaogazte.bilbao.eus\/es\/wp-json\/wp\/v2\/media?parent=62765"}],"curies":[{"name":"wp","href":"https:\/\/api.w.org\/{rel}","templated":true}]}}