{"id":62989,"date":"2025-05-30T11:55:09","date_gmt":"2025-05-30T09:55:09","guid":{"rendered":"https:\/\/bilbaogazte.bilbao.eus\/es\/tarifasbonificadas-copy\/"},"modified":"2026-02-09T12:33:38","modified_gmt":"2026-02-09T10:33:38","slug":"tickets","status":"publish","type":"page","link":"https:\/\/bilbaogazte.bilbao.eus\/es\/tickets\/","title":{"rendered":"COMPRA TUS TICKETS"},"content":{"rendered":"<p>[vc_row][vc_column][vc_column_text]<\/p>\n<p>&nbsp;<\/p>\n<p>&nbsp;<\/p>\n<p>\u00bfYa sabes a qu\u00e9 plan te vas a apuntar? Aqu\u00ed puedes conseguir <strong>tus entradas de forma r\u00e1pida y sencilla<\/strong>. Hemos reunido en esta p\u00e1gina todos los enlaces a la venta de tickets de nuestras actividades, conciertos, talleres y eventos especiales.<\/p>\n<p>\u00a1\u00a1Elige tu plan y hazte con tu entrada antes de que se agoten!![\/vc_column_text][\/vc_column][\/vc_row][vc_row][vc_column][vc_btn title=\u00bbMAFALDA CARDENAL: Mis Notas de Voz\u00bb color=\u00bbdanger\u00bb link=\u00bburl:https%3A%2F%2Ftickets.intromusica.com%2Fmafaldacardenal%2Fmafalda-cardenal-bilbao|||\u00bb][vc_btn title=\u00bbEUROPEAN OUTDOOR FILM TOUR Edici\u00f3n 2025&#8243; color=\u00bbdanger\u00bb link=\u00bburl:https%3A%2F%2Feventbrite.es%2Fe%2Fentradas-european-outdoor-film-tour-edicion-2526-bilbao-1691840653939%3Faff%3Doddtdtcreator|||\u00bb][vc_btn title=\u00bbWEDNESDAY + BLEARY EYED\u00bb color=\u00bbdanger\u00bb link=\u00bburl:https%3A%2F%2Fdice.fm%2Fevent%2Foe6gya-wednesday-bleary-eyed-en-bilbao-son-estrella-galicia-14th-feb-bilborock-bilbao-tickets%3Flng%3Des|||\u00bb][vc_btn title=\u00bbVICTOR PATRASCAN\u00bb color=\u00bbdanger\u00bb link=\u00bburl:https%3A%2F%2Ffienta.com%2Fstand-up-comedy-in-broken-english-victor-patrascan-bilbao|||\u00bb][vc_btn title=\u00bbI JORNADAS \/ JARDUNALDIAK EKAE!\u00bb color=\u00bbdanger\u00bb link=\u00bburl:https%3A%2F%2Flasinsorga.com%2Fzer-da-ekonomia-kultural-feminista-que-es-la-economia-cultural-feminista%2F|||\u00bb][vc_btn title=\u00bbMIENTRAS ESTEMOS AQU\u00cd\u00bb color=\u00bbdanger\u00bb link=\u00bburl:https%3A%2F%2Fwww.instagram.com%2Fmuzzikteatro%2F|||\u00bb][vc_btn title=\u00bbMIENTRAS ESTEMOS AQU\u00cd\u00bb color=\u00bbdanger\u00bb link=\u00bburl:https%3A%2F%2Fwww.instagram.com%2Falexelactor0%2F|||\u00bb][vc_btn title=\u00bb\u00bfPITO CABALLO? PUES NO HAY M\u00c1S MUS\u00bb color=\u00bbdanger\u00bb link=\u00bburl:https%3A%2F%2Fvivetix.com%2Fes%2Fentradas-pito-caballo-pues-no-hay-mas-mus-9jt9%3Fs%3Dlink|||\u00bb][vc_btn title=\u00bbBALA + SEXPEARES\u00bb color=\u00bbdanger\u00bb link=\u00bburl:https%3A%2F%2Fentradium.com%2Fevents%2Ffreskure-berezia-bala-sexpeares|||\u00bb][\/vc_column][\/vc_row]<\/p>\n","protected":false},"excerpt":{"rendered":"<p class=\"entry-summary\"> &nbsp; &nbsp; \u00bfYa sabes a qu\u00e9 plan te vas a apuntar? Aqu\u00ed puedes conseguir tus entradas de&hellip;<\/p>\n<div class=\"link-more\"><a href=\"https:\/\/bilbaogazte.bilbao.eus\/es\/tickets\/\" class=\"more-link\">Continue reading<span class=\"screen-reader-text\"> &ldquo;COMPRA TUS TICKETS&rdquo;<\/span>&hellip;<\/a><\/div>","protected":false},"author":79,"featured_media":0,"parent":0,"menu_order":0,"comment_status":"closed","ping_status":"closed","template":"","meta":{"_monsterinsights_skip_tracking":false,"_monsterinsights_sitenote_active":false,"_monsterinsights_sitenote_note":"","_monsterinsights_sitenote_category":0,"footnotes":""},"_links":{"self":[{"href":"https:\/\/bilbaogazte.bilbao.eus\/es\/wp-json\/wp\/v2\/pages\/62989"}],"collection":[{"href":"https:\/\/bilbaogazte.bilbao.eus\/es\/wp-json\/wp\/v2\/pages"}],"about":[{"href":"https:\/\/bilbaogazte.bilbao.eus\/es\/wp-json\/wp\/v2\/types\/page"}],"author":[{"embeddable":true,"href":"https:\/\/bilbaogazte.bilbao.eus\/es\/wp-json\/wp\/v2\/users\/79"}],"replies":[{"embeddable":true,"href":"https:\/\/bilbaogazte.bilbao.eus\/es\/wp-json\/wp\/v2\/comments?post=62989"}],"version-history":[{"count":16,"href":"https:\/\/bilbaogazte.bilbao.eus\/es\/wp-json\/wp\/v2\/pages\/62989\/revisions"}],"predecessor-version":[{"id":66056,"href":"https:\/\/bilbaogazte.bilbao.eus\/es\/wp-json\/wp\/v2\/pages\/62989\/revisions\/66056"}],"wp:attachment":[{"href":"https:\/\/bilbaogazte.bilbao.eus\/es\/wp-json\/wp\/v2\/media?parent=62989"}],"curies":[{"name":"wp","href":"https:\/\/api.w.org\/{rel}","templated":true}]}}