{"id":63315,"date":"2025-09-04T11:55:09","date_gmt":"2025-09-04T09:55:09","guid":{"rendered":"https:\/\/bilbaogazte.bilbao.eus\/es\/?page_id=63315"},"modified":"2025-09-08T16:41:23","modified_gmt":"2025-09-08T14:41:23","slug":"green-kaleak-opening","status":"publish","type":"page","link":"https:\/\/bilbaogazte.bilbao.eus\/es\/green-kaleak-opening\/","title":{"rendered":"GREEN KALEAK &#8211; OPENING"},"content":{"rendered":"<p>[vc_row][vc_column][vc_column_text]<span style=\"color: white;\"><strong>OPENING: \u201cGOZATU, ZAINDU\u201d<br \/>\n7 de octubre, 17:00 Sala Konekta, LA PERRERA (Sabino Arana, 50).<\/strong><\/span>[\/vc_column_text][vc_column_text]<a href=\"https:\/\/linktr.ee\/ADivassonJ\" target=\"_blank\" rel=\"noopener\"><strong>INSCR\u00cdBETE AQU\u00cd<\/strong><\/a>.<\/p>\n<p><strong>En esta sesi\u00f3n se busca abrir un espacio de reflexi\u00f3n y di\u00e1logo sobre el ocio sostenible en Bilbao,<\/strong> para impulsar iniciativas con impacto social y ambiental, integrando distintas perspectivas institucionales, asociativas y juveniles. Adem\u00e1s, se impartir\u00e1 el taller \u201cBuena Vida\u201d para reforzar la perspectiva juvenil en la construcci\u00f3n de modelos de ocio m\u00e1s sostenibles, y se presentar\u00e1 el programa Green Kaleak y su contenido (workshops, convocatoria de proyectos).<\/p>\n<p>PARTICIPAN:<\/p>\n<ul>\n<li><a href=\"https:\/\/bilbaogazte.bilbao.eus\/es\/panel-joven\/\" target=\"_blank\" rel=\"noopener\"><strong>Bilboko Gazte Panela<\/strong><\/a>: integrado por j\u00f3venes representantes del espacio de relaci\u00f3n entre el Ayuntamiento y personas j\u00f3venes de Bilbao para promover la participaci\u00f3n de las mismas en el dise\u00f1o de la Agenda Local de juventud y para conocer sus intereses e inquietudes, entre otras.<\/li>\n<li><a href=\"https:\/\/www.bilbao.eus\/cs\/Satellite?c=Page&amp;cid=3000047078&amp;language=es&amp;pageid=3000047078&amp;pagename=Bilbaonet%2FPage%2FBIO_homeArea\" target=\"_blank\" rel=\"noopener\"><strong>\u00c1rea de Movilidad y Sostenibilidad del Ayuntamiento de Bilbao<\/strong><\/a><strong>: <\/strong>presentar\u00e1 el \u00e1mbito de actuaci\u00f3n del \u00e1rea y su vinculaci\u00f3n con Green Kaleak, as\u00ed como al movimiento asociativo de Bilbao.<\/li>\n<li><a href=\"https:\/\/globalshapersbilbao.org\/\" target=\"_blank\" rel=\"noopener\"><strong>Global Shapers Bilbao<\/strong><\/a>: se encargar\u00e1n de impartir el taller \u00abBuena Vida\u00bb con el objetivo de reforzar la perspectiva juvenil en la construcci\u00f3n de modelos de ocio m\u00e1s sostenibles. Se trata de una red de j\u00f3venes l\u00edderes comprometidos con la sostenibilidad y la innovaci\u00f3n social. Son parte de la red internacional de j\u00f3venes Global Shapers Community, una iniciativa del Foro Econ\u00f3mico Mundial, que une a personas de entre 18 y 30 a\u00f1os para crear proyectos de impacto social.<\/li>\n<li><a href=\"https:\/\/www.instagram.com\/equipo_europa?utm_source=ig_web_button_share_sheet&amp;igsh=ZDNlZDc0MzIxNw==\" target=\"_blank\" rel=\"noopener\"><strong>Equipo Europa<\/strong><\/a>: aportar\u00e1n una visi\u00f3n cr\u00edtica sobre la responsabilidad colectiva en nuestros h\u00e1bitos de consumo y su impacto en la sociedad. Equipo Europa es una plataforma de j\u00f3venes activistas con un enfoque en pol\u00edticas europeas y participaci\u00f3n ciudadana.<\/li>\n<li><a href=\"https:\/\/www.instagram.com\/sare_berdeak?utm_source=ig_web_button_share_sheet&amp;igsh=ZDNlZDc0MzIxNw==\" target=\"_blank\" rel=\"noopener\"><strong>Sare Berdeak<\/strong><\/a>: aportar\u00e1n una perspectiva desde la sostenibilidad y la responsabilidad ambiental en el consumo y el ocio. Se trata de un proyecto que promueve la creaci\u00f3n de\u00a0alianzas\u00a0entre entidades, empresas, personas\u2026 con el fin de contribuir a la mejora de su entorno.<\/li>\n<li><a href=\"https:\/\/www.instagram.com\/fridaysforfuture.bilbao\/?hl=es\" target=\"_blank\" rel=\"noopener\"><strong>Fridays For Future<\/strong><\/a><strong>: <\/strong>aportar\u00e1 una visi\u00f3n activista y de movilizaci\u00f3n social, subrayando la importancia de la acci\u00f3n clim\u00e1tica desde la juventud y su impacto en las decisiones pol\u00edticas y econ\u00f3micas. Se trata de un movimiento juvenil global que lucha contra el cambio clim\u00e1tico y promueve pol\u00edticas ambientales m\u00e1s ambiciosas.<\/li>\n<\/ul>\n<p>[\/vc_column_text][\/vc_column][vc_column][\/vc_column][\/vc_row][vc_row][vc_column][\/vc_column][\/vc_row]<\/p>\n","protected":false},"excerpt":{"rendered":"<p class=\"entry-summary\">OPENING: \u201cGOZATU, ZAINDU\u201d 7 de octubre, 17:00 Sala Konekta, LA PERRERA (Sabino Arana, 50).INSCR\u00cdBETE AQU\u00cd. En esta sesi\u00f3n&hellip;<\/p>\n<div class=\"link-more\"><a href=\"https:\/\/bilbaogazte.bilbao.eus\/es\/green-kaleak-opening\/\" class=\"more-link\">Continue reading<span class=\"screen-reader-text\"> &ldquo;GREEN KALEAK &#8211; OPENING&rdquo;<\/span>&hellip;<\/a><\/div>","protected":false},"author":84,"featured_media":0,"parent":0,"menu_order":0,"comment_status":"closed","ping_status":"closed","template":"","meta":{"_monsterinsights_skip_tracking":false,"_monsterinsights_sitenote_active":false,"_monsterinsights_sitenote_note":"","_monsterinsights_sitenote_category":0,"footnotes":""},"_links":{"self":[{"href":"https:\/\/bilbaogazte.bilbao.eus\/es\/wp-json\/wp\/v2\/pages\/63315"}],"collection":[{"href":"https:\/\/bilbaogazte.bilbao.eus\/es\/wp-json\/wp\/v2\/pages"}],"about":[{"href":"https:\/\/bilbaogazte.bilbao.eus\/es\/wp-json\/wp\/v2\/types\/page"}],"author":[{"embeddable":true,"href":"https:\/\/bilbaogazte.bilbao.eus\/es\/wp-json\/wp\/v2\/users\/84"}],"replies":[{"embeddable":true,"href":"https:\/\/bilbaogazte.bilbao.eus\/es\/wp-json\/wp\/v2\/comments?post=63315"}],"version-history":[{"count":6,"href":"https:\/\/bilbaogazte.bilbao.eus\/es\/wp-json\/wp\/v2\/pages\/63315\/revisions"}],"predecessor-version":[{"id":63675,"href":"https:\/\/bilbaogazte.bilbao.eus\/es\/wp-json\/wp\/v2\/pages\/63315\/revisions\/63675"}],"wp:attachment":[{"href":"https:\/\/bilbaogazte.bilbao.eus\/es\/wp-json\/wp\/v2\/media?parent=63315"}],"curies":[{"name":"wp","href":"https:\/\/api.w.org\/{rel}","templated":true}]}}