{"id":63319,"date":"2025-09-04T11:55:13","date_gmt":"2025-09-04T09:55:13","guid":{"rendered":"https:\/\/bilbaogazte.bilbao.eus\/es\/?page_id=63319"},"modified":"2025-09-08T16:48:53","modified_gmt":"2025-09-08T14:48:53","slug":"green-kaleak-talleres","status":"publish","type":"page","link":"https:\/\/bilbaogazte.bilbao.eus\/es\/green-kaleak-talleres\/","title":{"rendered":"GREEN KALEAK &#8211; WORKSHOPS"},"content":{"rendered":"<p>[vc_row][vc_column][vc_column_text]<\/p>\n<p>&nbsp;<\/p>\n<p>Durante la primera fase, a trav\u00e9s de 3 talleres dirigidos a personas j\u00f3venes de entre 18 y 35 a\u00f1os de Bilbao, se dar\u00e1 la oportunidad de aprender, experimentar e investigar sobre el ocio sostenible en diferentes \u00e1mbitos de la mano de profesionales del sector:<\/p>\n<ul>\n<li><strong><u>Workshop 1: OCIO INCLUSIVO Y ACCESIBLE<br \/>\n<\/u><\/strong><strong>14 de octubre, 17:00, Sala Coworking, LA PERRERA (Sabino Arana, 50).<\/strong><\/li>\n<\/ul>\n<p><strong><a href=\"https:\/\/linktr.ee\/ADivassonJ\" target=\"_blank\" rel=\"noopener\">INSCR\u00cdBETE AQU\u00cd\u00a0\u00a0<\/a><\/strong><\/p>\n<p>Conoce buenas pr\u00e1cticas en el \u00e1mbito de la responsabilidad social y de la sostenibilidad. Descubre c\u00f3mo dise\u00f1ar actividades sin barreras, garantizando un ocio accesible para todas las personas.<\/p>\n<p>Participan:<\/p>\n<p><a href=\"https:\/\/www.bilbao.eus\/cs\/Satellite?c=Page&amp;cid=1279228092923&amp;language=es&amp;pageid=1279228092923&amp;pagename=Bilbaonet%2FPage%2FBIO_homeArea\" target=\"_blank\" rel=\"noopener\"><strong>\u00c1rea de Igualdad y Fiestas del Ayuntamiento de Bilbao<\/strong><\/a><strong>: <\/strong>compartir\u00e1 su experiencia en la organizaci\u00f3n de eventos multitudinarios en la ciudad, con especial atenci\u00f3n a la aplicaci\u00f3n de criterios de accesibilidad e inclusi\u00f3n en las festividades, destacando la <a href=\"https:\/\/www.bilbao.eus\/cs\/Satellite?blobcol=urldata&amp;blobheader=application%2Fpdf&amp;blobheadername1=Content-disposition&amp;blobheadername2=pragma&amp;blobheadervalue1=attachment%3B+filename%3DAste_Nagusia_2024_2025.pdf&amp;blobheadervalue2=public&amp;blobkey=id&amp;blobtable=MungoBlobs&amp;blobwhere=1274417077935&amp;ssbinary=true\" target=\"_blank\" rel=\"noopener\">Carta de Servicios de Accesibilidad de Aste Nagusia<\/a> como referencia pr\u00e1ctica.<\/p>\n<p><a style=\"background-color: #fafcfe;\" href=\"https:\/\/www.instagram.com\/nai_02gz\/?hl=es\" target=\"_blank\" rel=\"noopener\"><strong>Naia Gonz\u00e1lez<\/strong><\/a>: activista por los derechos y la accesibilidad de personas con movilidad reducida, aportar\u00e1 su conocimiento y experiencia en c\u00f3mo dise\u00f1ar eventos que sean verdaderamente inclusivos y accesibles para todos los colectivos.<\/p>\n<p><a style=\"background-color: #fafcfe;\" href=\"https:\/\/www.deusto.es\/es\/inicio\/somos-deusto\/facultades\/ciencias-sociales-humanas\" target=\"_blank\" rel=\"noopener\"><strong>Facultad de Ciencias Sociales y Humanidades de la Universidad de Deusto<\/strong><\/a>. Contribuir\u00e1 con una perspectiva acad\u00e9mica y metodol\u00f3gica para enriquecer el debate, subrayando la importancia de la investigaci\u00f3n y la innovaci\u00f3n social en la construcci\u00f3n de un ocio m\u00e1s accesible.<\/p>\n<ul>\n<li><strong><u>Workshop 2: SOSTENIBILIDAD AMBIENTAL EN EL OCIO<br \/>\n<\/u>12 de noviembre, 17:00, Sala Coworking, LA PERRERA (Sabino Arana, 50).<br \/>\n<a href=\"https:\/\/linktr.ee\/ADivassonJ\" target=\"_blank\" rel=\"noopener\">INSCR\u00cdBETE AQU\u00cd\u00a0\u00a0<\/a><br \/>\n<\/strong><\/li>\n<\/ul>\n<p>Aprende a reducir el impacto ambiental en eventos y espacios p\u00fablicos con estrategias de econom\u00eda circular, gesti\u00f3n de residuos y metodolog\u00edas sostenibles.<\/p>\n<p>Participan:<\/p>\n<p><a href=\"https:\/\/www.bilbao.eus\/cs\/Satellite?c=Page&amp;cid=3000047078&amp;language=es&amp;pageid=3000047078&amp;pagename=Bilbaonet%2FPage%2FBIO_homeArea\" target=\"_blank\" rel=\"noopener\"><strong>\u00c1rea de Movilidad y Sostenibilidad del Ayuntamiento de Bilbao<\/strong><\/a><strong>: <\/strong>presentar\u00e1 actuaciones y procesos en marcha para reducir la huella ambiental de la ciudad, con especial atenci\u00f3n a la gesti\u00f3n de eventos y al uso responsable de los espacios p\u00fablicos.<\/p>\n<p><a href=\"https:\/\/www.ihobe.eus\/inicio\" target=\"_blank\" rel=\"noopener\"><strong>IHOBE<\/strong><\/a>, como Sociedad P\u00fablica de Gesti\u00f3n Ambiental, adscrita al Departamento de Industria, Transici\u00f3n Energ\u00e9tica y Sostenibilidad del Gobierno Vasco, presentar\u00e1 la metodolog\u00eda Erronka Garbia, dise\u00f1ada para lograr eventos sostenibles, y compartir\u00e1 ejemplos de \u00e9xito.<\/p>\n<p><a href=\"https:\/\/www.instagram.com\/sare_berdeak?utm_source=ig_web_button_share_sheet&amp;igsh=ZDNlZDc0MzIxNw==\" target=\"_blank\" rel=\"noopener\"><strong>Sare Berdeak<\/strong><\/a>: expondr\u00e1 su campa\u00f1a \u00ab<em>Por unas fiestas limpias<\/em>\u00ab, mostrando c\u00f3mo la participaci\u00f3n ciudadana puede transformar el impacto ambiental de las celebraciones locales.<\/p>\n<p><a href=\"https:\/\/laukariz.eus\/\" target=\"_blank\" rel=\"noopener\"><strong>Ekosistema Laukariz<\/strong><\/a>: compartir\u00e1 su experiencia en sostenibilidad comunitaria y presentar\u00e1 los resultados del reciente Ekongreso, un espacio de reflexi\u00f3n e innovaci\u00f3n en torno al medio ambiente. Es una asociaci\u00f3n centrada en sostenibilidad y econom\u00eda circular a nivel local, con experiencia en la implementaci\u00f3n de estrategias sostenibles en empresas y comunidades.<\/p>\n<ul>\n<li><strong><u>Workshop 3: COMUNICACI\u00d3N Y BRANDING SOSTENIBLE<br \/>\n<\/u><\/strong><strong>18 de noviembre, 17:00, Sala Coworking, LA PERRERA (Sabino Arana, 50).<br \/>\n<\/strong><strong><a href=\"https:\/\/linktr.ee\/ADivassonJ\" target=\"_blank\" rel=\"noopener\">INSCR\u00cdBETE AQU\u00cd\u00a0\u00a0<\/a>\u00a0\u00a0<\/strong><\/li>\n<\/ul>\n<p>Potencia la visibilidad de tu asociaci\u00f3n con estrategias de comunicaci\u00f3n efectiva y <em>branding<\/em> con impacto. Aprende a contar tu historia de manera atractiva y a conectar mejor con tu audiencia.<\/p>\n<p>Participan:<\/p>\n<p><a href=\"https:\/\/www.instagram.com\/turiskopio\/?hl=es\"><strong>Turiskopio<\/strong><\/a>: Equipo experto en comunicaci\u00f3n y branding sostenible, aportar\u00e1n estrategias para mejorar la visibilidad de iniciativas ecol\u00f3gicas, ayudando a asociaciones y colectivos a comunicar su impacto de manera efectiva.<\/p>\n<p><a href=\"https:\/\/www.instagram.com\/gaztekontseilua?utm_source=ig_web_button_share_sheet&amp;igsh=ZDNlZDc0MzIxNw==\" target=\"_blank\" rel=\"noopener\"><strong>Consejo de la Juventud de Euskadi (EGK)<\/strong><\/a><strong>: <\/strong>aportar\u00e1 su experiencia sobre el papel de las asociaciones en la sociedad vasca y c\u00f3mo estas pueden fortalecer su voz colectiva a trav\u00e9s de la comunicaci\u00f3n.<\/p>\n<p><a href=\"https:\/\/www.bcorpspain.es\/blog\/tag\/Comunidad+B+Norte\" target=\"_blank\" rel=\"noopener\"><strong>Comunidad B Norte<\/strong><\/a>: compartir\u00e1n claves sobre c\u00f3mo las empresas y organizaciones alineadas con la sostenibilidad comunican sus valores, y c\u00f3mo estas pr\u00e1cticas pueden inspirar a colectivos sociales a potenciar su propio branding con prop\u00f3sito. Se trata de representantes del movimiento B Corp, impulsan la comunicaci\u00f3n de valores sostenibles en empresas y organizaciones.[\/vc_column_text][\/vc_column][\/vc_row]<\/p>\n","protected":false},"excerpt":{"rendered":"<p class=\"entry-summary\"> &nbsp; Durante la primera fase, a trav\u00e9s de 3 talleres dirigidos a personas j\u00f3venes de entre 18&hellip;<\/p>\n<div class=\"link-more\"><a href=\"https:\/\/bilbaogazte.bilbao.eus\/es\/green-kaleak-talleres\/\" class=\"more-link\">Continue reading<span class=\"screen-reader-text\"> &ldquo;GREEN KALEAK &#8211; WORKSHOPS&rdquo;<\/span>&hellip;<\/a><\/div>","protected":false},"author":84,"featured_media":0,"parent":0,"menu_order":0,"comment_status":"closed","ping_status":"closed","template":"","meta":{"_monsterinsights_skip_tracking":false,"_monsterinsights_sitenote_active":false,"_monsterinsights_sitenote_note":"","_monsterinsights_sitenote_category":0,"footnotes":""},"_links":{"self":[{"href":"https:\/\/bilbaogazte.bilbao.eus\/es\/wp-json\/wp\/v2\/pages\/63319"}],"collection":[{"href":"https:\/\/bilbaogazte.bilbao.eus\/es\/wp-json\/wp\/v2\/pages"}],"about":[{"href":"https:\/\/bilbaogazte.bilbao.eus\/es\/wp-json\/wp\/v2\/types\/page"}],"author":[{"embeddable":true,"href":"https:\/\/bilbaogazte.bilbao.eus\/es\/wp-json\/wp\/v2\/users\/84"}],"replies":[{"embeddable":true,"href":"https:\/\/bilbaogazte.bilbao.eus\/es\/wp-json\/wp\/v2\/comments?post=63319"}],"version-history":[{"count":13,"href":"https:\/\/bilbaogazte.bilbao.eus\/es\/wp-json\/wp\/v2\/pages\/63319\/revisions"}],"predecessor-version":[{"id":63772,"href":"https:\/\/bilbaogazte.bilbao.eus\/es\/wp-json\/wp\/v2\/pages\/63319\/revisions\/63772"}],"wp:attachment":[{"href":"https:\/\/bilbaogazte.bilbao.eus\/es\/wp-json\/wp\/v2\/media?parent=63319"}],"curies":[{"name":"wp","href":"https:\/\/api.w.org\/{rel}","templated":true}]}}