{"id":63352,"date":"2025-08-06T15:30:31","date_gmt":"2025-08-06T13:30:31","guid":{"rendered":"https:\/\/bilbaogazte.bilbao.eus\/es\/?page_id=63352"},"modified":"2025-11-06T11:50:08","modified_gmt":"2025-11-06T09:50:08","slug":"green-kaleak-proiektuen-deialdia","status":"publish","type":"page","link":"https:\/\/bilbaogazte.bilbao.eus\/es\/green-kaleak-proiektuen-deialdia\/","title":{"rendered":"GREEN KALEAK &#8211; CONVOCATORIA DE PROYECTOS"},"content":{"rendered":"<p>[vc_row][vc_column width=\u00bb2\/3&#8243;][vc_column_text]<\/p>\n<p>&nbsp;<\/p>\n<p>&nbsp;<\/p>\n<p>El A\u0301rea de Juventud y Deporte del Ayuntamiento de Bilbao lanza la convocatoria KONEKTA IDEIAK centrada en el a\u0301mbito del ocio sostenible, con los siguientes objetivos:<\/p>\n<ul>\n<li>Promover una conciencia cr\u00edtica a favor de la sostenibilidad y los desaf\u00edos de la Agenda 2030,<\/li>\n<li>Fomentar un ocio que minimice el impacto ambiental y promueva la equidad social.<\/li>\n<li>Apoyar el desarrollo de iniciativas y fomentar el esp\u00edritu emprendedor en el \u00e1mbito del ocio sostenible.<\/li>\n<\/ul>\n<p><strong>\u00a0<\/strong><strong>\u00bfQuie\u0301nes pueden presentar los proyectos?<\/strong><\/p>\n<ul>\n<li>J\u00f3venes, bien de manera individual o en grupo.<\/li>\n<li>Edad: entre 18 y 35 a\u00f1os.<\/li>\n<li>Residentes en Bilbao o que tengan alguna vinculaci\u00f3n con la ciudad. En el caso de grupos, al menos una de las personas deber\u00e1 ser residente en Bilbao y deber\u00e1n nombrar a una de ellas que actuar\u00e1 como representante del grupo ante el \u00c1rea de Juventud y Deporte.<\/li>\n<\/ul>\n<p><strong>\u00bfCu\u00e1ndo y c\u00f3mo puedes presentar tu\/vuestro proyecto?<\/strong><\/p>\n<p>Puedes presentar el proyecto del 7 de octubre al 24 de noviembre.\u00a0Los proyectos deber\u00e1n ser originales, siendo responsabilidad \u00fanica de las personas autoras garantizarlo.<\/p>\n<p>Env\u00eda cumplimentada la <a href=\"http:\/\/bilbaogazte.bilbao.eus\/wp-content\/uploads\/2025\/08\/LP-Formulario-Inscripcion-Green-Kaleak-proyectos.pdf\" target=\"_blank\" rel=\"noopener\">ficha adjunta<\/a> y env\u00edala a <a href=\"mailto:gazteria@bilbao.eus\" target=\"_blank\" rel=\"noopener\">gazteria@bilbao.eus<\/a>[\/vc_column_text][\/vc_column][vc_column width=\u00bb1\/3&#8243;][vc_empty_space height=\u00bb40px\u00bb][vc_empty_space height=\u00bb40px\u00bb][vc_column_text css=\u00bb.vc_custom_1762422592169{background-color: #bcbcbc !important;}\u00bb]<strong><span style=\"color: #ff4433;\">\u00a0 INSCRIPCI\u00d3N EN LA\u00a0 \u00a0CONVOCATORIA<\/span><\/strong><\/p>\n<p><span style=\"color: #ff4433;\">\u00a0<a href=\"http:\/\/bilbaogazte.bilbao.eus\/wp-content\/uploads\/2025\/09\/02_Bases_de_la_convocatoria_oct-nov_GreenKaleak_EUS_CAST.pdf\" target=\"_blank\" rel=\"noopener\"> Bases de la convocatoria<\/a><\/span><\/p>\n<p><span style=\"color: #ff4433;\">\u00a0 <a href=\"http:\/\/bilbaogazte.bilbao.eus\/wp-content\/uploads\/2025\/08\/LP-Formulario-Inscripcion-Green-Kaleak-proyectos.pdf\" target=\"_blank\" rel=\"noopener\">Ficha de inscripci\u00f3n<\/a><\/span><\/p>\n<p><strong><span style=\"color: #ff4433;\">\u00a0 CONTACTO<\/span><\/strong><\/p>\n<p><a href=\"mailto:gazteria@bilbao.eus\" target=\"_blank\" rel=\"noopener\">gazteria@bilbao.eus<\/a><\/p>\n<p>94 465 47 75 (lunes a viernes de 9:00-14:00, y mi\u00e9rcoles hasta las 17:00)[\/vc_column_text][\/vc_column][\/vc_row]<\/p>\n","protected":false},"excerpt":{"rendered":"<p class=\"entry-summary\"> &nbsp; &nbsp; El A\u0301rea de Juventud y Deporte del Ayuntamiento de Bilbao lanza la convocatoria KONEKTA&hellip;<\/p>\n<div class=\"link-more\"><a href=\"https:\/\/bilbaogazte.bilbao.eus\/es\/green-kaleak-proiektuen-deialdia\/\" class=\"more-link\">Continue reading<span class=\"screen-reader-text\"> &ldquo;GREEN KALEAK &#8211; CONVOCATORIA DE PROYECTOS&rdquo;<\/span>&hellip;<\/a><\/div>","protected":false},"author":84,"featured_media":0,"parent":0,"menu_order":0,"comment_status":"closed","ping_status":"closed","template":"","meta":{"_monsterinsights_skip_tracking":false,"_monsterinsights_sitenote_active":false,"_monsterinsights_sitenote_note":"","_monsterinsights_sitenote_category":0,"footnotes":""},"_links":{"self":[{"href":"https:\/\/bilbaogazte.bilbao.eus\/es\/wp-json\/wp\/v2\/pages\/63352"}],"collection":[{"href":"https:\/\/bilbaogazte.bilbao.eus\/es\/wp-json\/wp\/v2\/pages"}],"about":[{"href":"https:\/\/bilbaogazte.bilbao.eus\/es\/wp-json\/wp\/v2\/types\/page"}],"author":[{"embeddable":true,"href":"https:\/\/bilbaogazte.bilbao.eus\/es\/wp-json\/wp\/v2\/users\/84"}],"replies":[{"embeddable":true,"href":"https:\/\/bilbaogazte.bilbao.eus\/es\/wp-json\/wp\/v2\/comments?post=63352"}],"version-history":[{"count":11,"href":"https:\/\/bilbaogazte.bilbao.eus\/es\/wp-json\/wp\/v2\/pages\/63352\/revisions"}],"predecessor-version":[{"id":64899,"href":"https:\/\/bilbaogazte.bilbao.eus\/es\/wp-json\/wp\/v2\/pages\/63352\/revisions\/64899"}],"wp:attachment":[{"href":"https:\/\/bilbaogazte.bilbao.eus\/es\/wp-json\/wp\/v2\/media?parent=63352"}],"curies":[{"name":"wp","href":"https:\/\/api.w.org\/{rel}","templated":true}]}}