{"id":63379,"date":"2025-09-09T16:52:48","date_gmt":"2025-09-09T14:52:48","guid":{"rendered":"https:\/\/bilbaogazte.bilbao.eus\/es\/?page_id=63379"},"modified":"2026-03-20T14:32:50","modified_gmt":"2026-03-20T12:32:50","slug":"konekta-ideiak-iccsia","status":"publish","type":"page","link":"https:\/\/bilbaogazte.bilbao.eus\/es\/konekta-ideiak-iccsia\/","title":{"rendered":"KONEKTA IDEIAK ICC+IA"},"content":{"rendered":"<p>[vc_row][vc_column][vc_empty_space][vc_empty_space][\/vc_column][\/vc_row][vc_row][vc_column width=\u00bb2\/3&#8243;][vc_column_text]<strong>KONEKTA IDEIAK ICC+IA: <\/strong>una iniciativa que aplica la inteligencia artificial como recurso transversal para proyectos del \u00e1mbito de las Industrias Creativas y Culturales en las siguientes tem\u00e1ticas: audiovisual,\u00a0 videojuegos y otras periferIAS.<\/p>\n<p>Dise\u00f1ado para\u00a0j\u00f3venes de <strong>18 a 35 a\u00f1os<\/strong>, ofrece una experiencia teo\u0301rica y pra\u0301ctica con referentes cercanos, con el objetivo de activar el potencial creativo de las personas j\u00f3venes de Bilbao mediante un proceso de innovaci\u00f3n abierta y colaborativa en el marco de las ICC, fomentando la participaci\u00f3n juvenil en la vida cultural y creativa de la ciudad.<\/p>\n<p>Un espacio donde las personas j\u00f3venes puedan analizar cr\u00edticamente su entorno y proponer respuestas creativas desde sus propios lenguajes, vinculando pensamiento y acci\u00f3n.<\/p>\n<p>Esta iniciativa forma parte del Programa KONEKTA IDEIAK que promueve el \u00c1rea de Juventud y Deporte y est\u00e1 comisariada por ART FOR LIFE \u00a0<a href=\"https:\/\/artforlife.es\/es\/\">Art for Life!, creatividad para las organizaciones<\/a> y cuenta con la colaboraci\u00f3n de KSIgune.[\/vc_column_text][\/vc_column][vc_column width=\u00bb1\/3&#8243;][vc_column_text]<span style=\"color: #ff4433;\"><strong>CONTACTO<\/strong><\/span><\/p>\n<p><a href=\"mailto:gazteria@bilbao.eus\">gazteria@bilbao.eus<\/a><\/p>\n<p>94 405 95 52<br \/>\n(L-V de 9:00 a 14:00 y mi\u00e9rcoles hasta las 17:00)[\/vc_column_text][\/vc_column][\/vc_row][vc_row][vc_column width=\u00bb1\/3&#8243;][vc_btn title=\u00bbOPEN SHOW &amp;TALK\u00bb color=\u00bbsuccess\u00bb align=\u00bbcenter\u00bb link=\u00bburl:https%3A%2F%2Fbilbaogazte.bilbao.eus%2Fes%2Fkonekta-ideiak-iccsia-open-show-talk%2F|||\u00bb][\/vc_column][vc_column width=\u00bb1\/3&#8243;][vc_btn title=\u00bbEXPOSICIONES PROYECTOS GANADORES\u00bb color=\u00bbsuccess\u00bb align=\u00bbcenter\u00bb link=\u00bburl:https%3A%2F%2Fbilbaogazte.bilbao.eus%2Fes%2Fkonekta-ideiak-iccsia-exposiciones-proyectos-ganadores%2F|||\u00bb][\/vc_column][vc_column width=\u00bb1\/3&#8243;][\/vc_column][\/vc_row][vc_row][vc_column width=\u00bb1\/3&#8243;][\/vc_column][\/vc_row][vc_row disable_element=\u00bbyes\u00bb][vc_column width=\u00bb1\/3&#8243;][vc_btn title=\u00bbOPEN SHOW &amp;TALK\u00bb color=\u00bbsuccess\u00bb align=\u00bbcenter\u00bb link=\u00bburl:https%3A%2F%2Fbilbaogazte.bilbao.eus%2Fes%2Fkonekta-ideiak-iccsia-open-show-talk%2F|||\u00bb][\/vc_column][vc_column width=\u00bb1\/3&#8243;][vc_btn title=\u00bbAUPA HI!: Trayectorias que inspiran\u00bb color=\u00bbsuccess\u00bb align=\u00bbcenter\u00bb link=\u00bburl:https%3A%2F%2Fbilbaogazte.bilbao.eus%2Fes%2Fkonekta-ideiak-iccsia-aupa-hi-trayectorias-que-inspiran%2F|||\u00bb][\/vc_column][vc_column width=\u00bb1\/3&#8243;][vc_btn title=\u00bbWORKSHOP\u00bb color=\u00bbsuccess\u00bb align=\u00bbcenter\u00bb link=\u00bburl:https%3A%2F%2Fbilbaogazte.bilbao.eus%2Fes%2Fkonekta-ideiak-iccsia-workshop%2F|||\u00bb][\/vc_column][\/vc_row][vc_row disable_element=\u00bbyes\u00bb][vc_column width=\u00bb1\/3&#8243;][vc_btn title=\u00bbNETWORKING\u00bb color=\u00bbsuccess\u00bb align=\u00bbcenter\u00bb link=\u00bburl:https%3A%2F%2Fbilbaogazte.bilbao.eus%2Fes%2Fkonekta-ideiak-iccsia-networkingcontrasta-tus-ideas%2F|||\u00bb][\/vc_column][vc_column width=\u00bb1\/3&#8243;][\/vc_column][vc_column width=\u00bb1\/3&#8243;][vc_btn title=\u00bbCONVOCATORIA DE PROYECTOS\u00bb color=\u00bbsuccess\u00bb align=\u00bbcenter\u00bb link=\u00bburl:https%3A%2F%2Fbilbaogazte.bilbao.eus%2Fes%2Fkonekta-ideiak-iccsia-convocatoria-de-proyectos%2F|||\u00bb][\/vc_column][\/vc_row][vc_row disable_element=\u00bbyes\u00bb][vc_column][vc_column_text]<\/p>\n<p>&nbsp;<\/p>\n<p><a href=\"https:\/\/linktr.ee\/artforlife_\" target=\"_blank\" rel=\"noopener\"><strong>INSCRIPCIONES<\/strong> <\/a>a todas las actividades[\/vc_column_text][\/vc_column][\/vc_row][vc_row disable_element=\u00bbyes\u00bb][vc_column][vc_single_image image=\u00bb63912&#8243; img_size=\u00bbfull\u00bb][\/vc_column][\/vc_row]<\/p>\n","protected":false},"excerpt":{"rendered":"<p class=\"entry-summary\">KONEKTA IDEIAK ICC+IA: una iniciativa que aplica la inteligencia artificial como recurso transversal para proyectos del \u00e1mbito&hellip;<\/p>\n<div class=\"link-more\"><a href=\"https:\/\/bilbaogazte.bilbao.eus\/es\/konekta-ideiak-iccsia\/\" class=\"more-link\">Continue reading<span class=\"screen-reader-text\"> &ldquo;KONEKTA IDEIAK ICC+IA&rdquo;<\/span>&hellip;<\/a><\/div>","protected":false},"author":84,"featured_media":0,"parent":0,"menu_order":0,"comment_status":"closed","ping_status":"closed","template":"","meta":{"_monsterinsights_skip_tracking":false,"_monsterinsights_sitenote_active":false,"_monsterinsights_sitenote_note":"","_monsterinsights_sitenote_category":0,"footnotes":""},"_links":{"self":[{"href":"https:\/\/bilbaogazte.bilbao.eus\/es\/wp-json\/wp\/v2\/pages\/63379"}],"collection":[{"href":"https:\/\/bilbaogazte.bilbao.eus\/es\/wp-json\/wp\/v2\/pages"}],"about":[{"href":"https:\/\/bilbaogazte.bilbao.eus\/es\/wp-json\/wp\/v2\/types\/page"}],"author":[{"embeddable":true,"href":"https:\/\/bilbaogazte.bilbao.eus\/es\/wp-json\/wp\/v2\/users\/84"}],"replies":[{"embeddable":true,"href":"https:\/\/bilbaogazte.bilbao.eus\/es\/wp-json\/wp\/v2\/comments?post=63379"}],"version-history":[{"count":19,"href":"https:\/\/bilbaogazte.bilbao.eus\/es\/wp-json\/wp\/v2\/pages\/63379\/revisions"}],"predecessor-version":[{"id":66808,"href":"https:\/\/bilbaogazte.bilbao.eus\/es\/wp-json\/wp\/v2\/pages\/63379\/revisions\/66808"}],"wp:attachment":[{"href":"https:\/\/bilbaogazte.bilbao.eus\/es\/wp-json\/wp\/v2\/media?parent=63379"}],"curies":[{"name":"wp","href":"https:\/\/api.w.org\/{rel}","templated":true}]}}