{"id":63392,"date":"2025-08-27T12:53:13","date_gmt":"2025-08-27T10:53:13","guid":{"rendered":"https:\/\/bilbaogazte.bilbao.eus\/es\/?page_id=63392"},"modified":"2025-10-06T12:44:20","modified_gmt":"2025-10-06T10:44:20","slug":"konekta-ideiak-iccsia-open-show-talk","status":"publish","type":"page","link":"https:\/\/bilbaogazte.bilbao.eus\/es\/konekta-ideiak-iccsia-open-show-talk\/","title":{"rendered":"KONEKTA IDEIAK ICC+IA OPEN SHOW &#038; TALK"},"content":{"rendered":"<p>[vc_row][vc_column][vc_empty_space][vc_empty_space][\/vc_column][\/vc_row][vc_row][vc_column][vc_column_text]<\/p>\n<h2><strong>ICC (AUDIOVISUALES, VIDEOJUEGOS &amp; PERIFERIAS)+IA<\/strong><strong> \u00a0<\/strong><\/h2>\n<p><strong>24 de septiembre, 19:00, \u00a0LA PERRERA (Sabino Arana, 50-Basurtu).<\/strong><\/p>\n<p>En esta sesi\u00f3n hablaremos entre artistas sobre su proceso creativo, c\u00f3mo trabajan con la IA en sus proyectos creativos y pondremos encima de la mesa debates, reflexiones y nuevas preguntas. \u00a0Daremos a conocer tambi\u00e9n las pr\u00f3ximas fases de este programa: Aupa Hi! Trayectorias que inspiran; Workshop (formaci\u00f3n en herramientas IA para proyectos audiovisuales, de videojuegos y otras periferIAs; Networking+contrasta tus ideas.<\/p>\n<p>PARTICIPAN:<\/p>\n<ul>\n<li><strong>Colectivia Femias (docentes universitarias): <\/strong>nos mostrar\u00e1n su trabajo y la confluencia entre el arte, la tecnolog\u00eda (IA) y los feminismos, desde un pensamiento cr\u00edtico y las pr\u00e1cticas conscientes.<br \/>\n<a href=\"https:\/\/femias.art\/quienes-somos-femias\/\"><strong>https:\/\/femias.art\/quienes-somos-femias\/<\/strong><\/a><\/li>\n<li><strong>Imanol Zubiauz: <\/strong>Doctor en Bellas Artes, por la Universidad del Pa\u00eds Vasco UPV-EHU, actualmente trabaja como docente en la Universidad del Pa\u00eds Vasco. Trabaja con la luz como elemento para construir espacios.<br \/>\n<a href=\"https:\/\/imanolzubiauz.com\/index.php\/about\/\"><strong>https:\/\/imanolzubiauz.com\/index.php\/about\/<\/strong><\/a><\/li>\n<\/ul>\n<p><strong>\u00a0<\/strong>[\/vc_column_text][\/vc_column][\/vc_row]<\/p>\n","protected":false},"excerpt":{"rendered":"<p class=\"entry-summary\"> ICC (AUDIOVISUALES, VIDEOJUEGOS &amp; PERIFERIAS)+IA \u00a0 24 de septiembre, 19:00, \u00a0LA PERRERA (Sabino Arana, 50-Basurtu). En esta&hellip;<\/p>\n<div class=\"link-more\"><a href=\"https:\/\/bilbaogazte.bilbao.eus\/es\/konekta-ideiak-iccsia-open-show-talk\/\" class=\"more-link\">Continue reading<span class=\"screen-reader-text\"> &ldquo;KONEKTA IDEIAK ICC+IA OPEN SHOW &#038; TALK&rdquo;<\/span>&hellip;<\/a><\/div>","protected":false},"author":84,"featured_media":0,"parent":0,"menu_order":0,"comment_status":"closed","ping_status":"closed","template":"","meta":{"_monsterinsights_skip_tracking":false,"_monsterinsights_sitenote_active":false,"_monsterinsights_sitenote_note":"","_monsterinsights_sitenote_category":0,"footnotes":""},"_links":{"self":[{"href":"https:\/\/bilbaogazte.bilbao.eus\/es\/wp-json\/wp\/v2\/pages\/63392"}],"collection":[{"href":"https:\/\/bilbaogazte.bilbao.eus\/es\/wp-json\/wp\/v2\/pages"}],"about":[{"href":"https:\/\/bilbaogazte.bilbao.eus\/es\/wp-json\/wp\/v2\/types\/page"}],"author":[{"embeddable":true,"href":"https:\/\/bilbaogazte.bilbao.eus\/es\/wp-json\/wp\/v2\/users\/84"}],"replies":[{"embeddable":true,"href":"https:\/\/bilbaogazte.bilbao.eus\/es\/wp-json\/wp\/v2\/comments?post=63392"}],"version-history":[{"count":5,"href":"https:\/\/bilbaogazte.bilbao.eus\/es\/wp-json\/wp\/v2\/pages\/63392\/revisions"}],"predecessor-version":[{"id":64348,"href":"https:\/\/bilbaogazte.bilbao.eus\/es\/wp-json\/wp\/v2\/pages\/63392\/revisions\/64348"}],"wp:attachment":[{"href":"https:\/\/bilbaogazte.bilbao.eus\/es\/wp-json\/wp\/v2\/media?parent=63392"}],"curies":[{"name":"wp","href":"https:\/\/api.w.org\/{rel}","templated":true}]}}