{"id":63395,"date":"2025-09-09T17:06:22","date_gmt":"2025-09-09T15:06:22","guid":{"rendered":"https:\/\/bilbaogazte.bilbao.eus\/es\/?page_id=63395"},"modified":"2025-10-06T12:23:29","modified_gmt":"2025-10-06T10:23:29","slug":"konekta-ideiak-iccsia-aupa-hi-trayectorias-que-inspiran","status":"publish","type":"page","link":"https:\/\/bilbaogazte.bilbao.eus\/es\/konekta-ideiak-iccsia-aupa-hi-trayectorias-que-inspiran\/","title":{"rendered":"KONEKTA IDEIAK ICC+IA AUPA HI!: TRAYECTORIAS QUE INSPIRAN:"},"content":{"rendered":"<p>[vc_row][vc_column][vc_empty_space][vc_empty_space][\/vc_column][\/vc_row][vc_row][vc_column][vc_column_text]<\/p>\n<h2><strong>ICC (AUDIOVISUALES, VIDEOJUEGOS &amp; PERIFERIAS)+IA<\/strong><strong> \u00a0<\/strong><\/h2>\n<p><strong>9 de octubre, 19:00,\u00a0 LA PERRERA (Sabino Arana, 50-Basurtu).<\/strong><\/p>\n<ul>\n<li><strong>B\u00e1rbara Gragirena: <\/strong>directora de arte especializada en largometrajes de animaci\u00f3n. Compartir\u00e1 su experiencia, su trayectoria y qu\u00e9 le ayuda a inspirarse.<br \/>\n@barbaragragirena<\/li>\n<\/ul>\n<p><strong>INSCR\u00cdBETE <a href=\"https:\/\/linktr.ee\/artforlife_\" target=\"_blank\" rel=\"noopener\">AQU\u00cd<\/a>.<\/strong>[\/vc_column_text][\/vc_column][\/vc_row]<\/p>\n","protected":false},"excerpt":{"rendered":"<p class=\"entry-summary\"> ICC (AUDIOVISUALES, VIDEOJUEGOS &amp; PERIFERIAS)+IA \u00a0 9 de octubre, 19:00,\u00a0 LA PERRERA (Sabino Arana, 50-Basurtu). B\u00e1rbara Gragirena:&hellip;<\/p>\n<div class=\"link-more\"><a href=\"https:\/\/bilbaogazte.bilbao.eus\/es\/konekta-ideiak-iccsia-aupa-hi-trayectorias-que-inspiran\/\" class=\"more-link\">Continue reading<span class=\"screen-reader-text\"> &ldquo;KONEKTA IDEIAK ICC+IA AUPA HI!: TRAYECTORIAS QUE INSPIRAN:&rdquo;<\/span>&hellip;<\/a><\/div>","protected":false},"author":84,"featured_media":0,"parent":0,"menu_order":0,"comment_status":"closed","ping_status":"closed","template":"","meta":{"_monsterinsights_skip_tracking":false,"_monsterinsights_sitenote_active":false,"_monsterinsights_sitenote_note":"","_monsterinsights_sitenote_category":0,"footnotes":""},"_links":{"self":[{"href":"https:\/\/bilbaogazte.bilbao.eus\/es\/wp-json\/wp\/v2\/pages\/63395"}],"collection":[{"href":"https:\/\/bilbaogazte.bilbao.eus\/es\/wp-json\/wp\/v2\/pages"}],"about":[{"href":"https:\/\/bilbaogazte.bilbao.eus\/es\/wp-json\/wp\/v2\/types\/page"}],"author":[{"embeddable":true,"href":"https:\/\/bilbaogazte.bilbao.eus\/es\/wp-json\/wp\/v2\/users\/84"}],"replies":[{"embeddable":true,"href":"https:\/\/bilbaogazte.bilbao.eus\/es\/wp-json\/wp\/v2\/comments?post=63395"}],"version-history":[{"count":6,"href":"https:\/\/bilbaogazte.bilbao.eus\/es\/wp-json\/wp\/v2\/pages\/63395\/revisions"}],"predecessor-version":[{"id":64345,"href":"https:\/\/bilbaogazte.bilbao.eus\/es\/wp-json\/wp\/v2\/pages\/63395\/revisions\/64345"}],"wp:attachment":[{"href":"https:\/\/bilbaogazte.bilbao.eus\/es\/wp-json\/wp\/v2\/media?parent=63395"}],"curies":[{"name":"wp","href":"https:\/\/api.w.org\/{rel}","templated":true}]}}