{"id":63403,"date":"2025-09-09T17:11:00","date_gmt":"2025-09-09T15:11:00","guid":{"rendered":"https:\/\/bilbaogazte.bilbao.eus\/es\/?page_id=63403"},"modified":"2025-10-06T12:23:51","modified_gmt":"2025-10-06T10:23:51","slug":"konekta-ideiak-iccsia-workshop","status":"publish","type":"page","link":"https:\/\/bilbaogazte.bilbao.eus\/es\/konekta-ideiak-iccsia-workshop\/","title":{"rendered":"KONEKTA IDEIAK ICC+IA WORKSHOP"},"content":{"rendered":"<p>[vc_row][vc_column][vc_empty_space][vc_empty_space][\/vc_column][\/vc_row][vc_row][vc_column][vc_column_text]<\/p>\n<h2><strong>ICC (AUDIOVISUALES, VIDEOJUEGOS &amp; PERIFERIAS)+IA<\/strong><strong>\u00a0 \u00a0<\/strong><\/h2>\n<p><strong>16 de octubre, 19:00-21:00,\u00a0 LA PERRERA (Sabino Arana, 50-Basurtu).<\/strong><\/p>\n<ul>\n<li><strong>WORKSHOP \u00abFormaci\u00f3n en herramientas IA para tus proyectos audiovisuales, de videojuegos y otras periferIAs\u00bb.<\/strong><\/li>\n<\/ul>\n<p>En este workshop, dirigido a personas j\u00f3venes de entre 18 y 35 a\u00f1os de Bilbao, tendr\u00e1s la oportunidad de ampliar la mirada y conocer nuevas herramientas de IA para tus proyectos. Durante el proceso tendr\u00e1s acompa\u00f1amiento para que puedas aterrizar tus ideas.\u00a0 El resultado del workshop podr\u00e1 verse en La Perrera durante 1 semana.<\/p>\n<p><strong><em>IMPARTE<\/em><\/strong>: <strong><em>Danel Garay (investigador)<\/em><\/strong>: artista cuya obra se enfoca en el \u00e1mbito de lo tecnol\u00f3gico, trabajando en diferentes soportes que abarcan las instalaciones, el videoarte, el arte sonoro y la m\u00fasica.<br \/>\n@danel_garay<\/p>\n<p><strong>INSCR\u00cdBETE <a href=\"https:\/\/linktr.ee\/artforlife_\" target=\"_blank\" rel=\"noopener\">AQU\u00cd<\/a>.<\/strong>[\/vc_column_text][\/vc_column][\/vc_row]<\/p>\n","protected":false},"excerpt":{"rendered":"<p class=\"entry-summary\"> ICC (AUDIOVISUALES, VIDEOJUEGOS &amp; PERIFERIAS)+IA\u00a0 \u00a0 16 de octubre, 19:00-21:00,\u00a0 LA PERRERA (Sabino Arana, 50-Basurtu). WORKSHOP \u00abFormaci\u00f3n&hellip;<\/p>\n<div class=\"link-more\"><a href=\"https:\/\/bilbaogazte.bilbao.eus\/es\/konekta-ideiak-iccsia-workshop\/\" class=\"more-link\">Continue reading<span class=\"screen-reader-text\"> &ldquo;KONEKTA IDEIAK ICC+IA WORKSHOP&rdquo;<\/span>&hellip;<\/a><\/div>","protected":false},"author":84,"featured_media":0,"parent":0,"menu_order":0,"comment_status":"closed","ping_status":"closed","template":"","meta":{"_monsterinsights_skip_tracking":false,"_monsterinsights_sitenote_active":false,"_monsterinsights_sitenote_note":"","_monsterinsights_sitenote_category":0,"footnotes":""},"_links":{"self":[{"href":"https:\/\/bilbaogazte.bilbao.eus\/es\/wp-json\/wp\/v2\/pages\/63403"}],"collection":[{"href":"https:\/\/bilbaogazte.bilbao.eus\/es\/wp-json\/wp\/v2\/pages"}],"about":[{"href":"https:\/\/bilbaogazte.bilbao.eus\/es\/wp-json\/wp\/v2\/types\/page"}],"author":[{"embeddable":true,"href":"https:\/\/bilbaogazte.bilbao.eus\/es\/wp-json\/wp\/v2\/users\/84"}],"replies":[{"embeddable":true,"href":"https:\/\/bilbaogazte.bilbao.eus\/es\/wp-json\/wp\/v2\/comments?post=63403"}],"version-history":[{"count":8,"href":"https:\/\/bilbaogazte.bilbao.eus\/es\/wp-json\/wp\/v2\/pages\/63403\/revisions"}],"predecessor-version":[{"id":63902,"href":"https:\/\/bilbaogazte.bilbao.eus\/es\/wp-json\/wp\/v2\/pages\/63403\/revisions\/63902"}],"wp:attachment":[{"href":"https:\/\/bilbaogazte.bilbao.eus\/es\/wp-json\/wp\/v2\/media?parent=63403"}],"curies":[{"name":"wp","href":"https:\/\/api.w.org\/{rel}","templated":true}]}}