{"id":63408,"date":"2025-09-09T17:01:59","date_gmt":"2025-09-09T15:01:59","guid":{"rendered":"https:\/\/bilbaogazte.bilbao.eus\/es\/?page_id=63408"},"modified":"2025-10-06T12:21:30","modified_gmt":"2025-10-06T10:21:30","slug":"konekta-ideiak-iccsia-networkingcontrasta-tus-ideas","status":"publish","type":"page","link":"https:\/\/bilbaogazte.bilbao.eus\/es\/konekta-ideiak-iccsia-networkingcontrasta-tus-ideas\/","title":{"rendered":"KONEKTA IDEIAK ICC+IA NETWORKING+CONTRASTA TUS IDEAS"},"content":{"rendered":"<p>[vc_row][vc_column][vc_empty_space][vc_empty_space][\/vc_column][\/vc_row][vc_row][vc_column][vc_column_text]<\/p>\n<h2><strong>ICC (AUDIOVISUALES, VIDEOJUEGOS &amp; PERIFERIAS)+IA<\/strong><strong>\u00a0 \u00a0<\/strong><\/h2>\n<p><strong>23 de octubre, 19:00-21:00,\u00a0 LA PERRERA (Sabino Arana, 50-Basurtu).<\/strong><\/p>\n<p>Dirigido a personas j\u00f3venes de entre 18 y 35 a\u00f1os de Bilbao. En esta sesi\u00f3n podr\u00e1s conocer a gente que tiene intereses parecidos a los tuyos, compartir ideas, inspirarse mutuamente.<\/p>\n<p><strong><em>FACILITADORA<\/em><\/strong>: <strong><em>Miren Lauzirika<\/em><\/strong>. Facilitadora de procesos creativos.<\/p>\n<p><strong>INSCR\u00cdBETE <a href=\"https:\/\/linktr.ee\/artforlife_\" target=\"_blank\" rel=\"noopener\">AQU\u00cd<\/a>.<\/strong>[\/vc_column_text][\/vc_column][\/vc_row]<\/p>\n","protected":false},"excerpt":{"rendered":"<p class=\"entry-summary\"> ICC (AUDIOVISUALES, VIDEOJUEGOS &amp; PERIFERIAS)+IA\u00a0 \u00a0 23 de octubre, 19:00-21:00,\u00a0 LA PERRERA (Sabino Arana, 50-Basurtu). Dirigido a&hellip;<\/p>\n<div class=\"link-more\"><a href=\"https:\/\/bilbaogazte.bilbao.eus\/es\/konekta-ideiak-iccsia-networkingcontrasta-tus-ideas\/\" class=\"more-link\">Continue reading<span class=\"screen-reader-text\"> &ldquo;KONEKTA IDEIAK ICC+IA NETWORKING+CONTRASTA TUS IDEAS&rdquo;<\/span>&hellip;<\/a><\/div>","protected":false},"author":84,"featured_media":0,"parent":0,"menu_order":0,"comment_status":"closed","ping_status":"closed","template":"","meta":{"_monsterinsights_skip_tracking":false,"_monsterinsights_sitenote_active":false,"_monsterinsights_sitenote_note":"","_monsterinsights_sitenote_category":0,"footnotes":""},"_links":{"self":[{"href":"https:\/\/bilbaogazte.bilbao.eus\/es\/wp-json\/wp\/v2\/pages\/63408"}],"collection":[{"href":"https:\/\/bilbaogazte.bilbao.eus\/es\/wp-json\/wp\/v2\/pages"}],"about":[{"href":"https:\/\/bilbaogazte.bilbao.eus\/es\/wp-json\/wp\/v2\/types\/page"}],"author":[{"embeddable":true,"href":"https:\/\/bilbaogazte.bilbao.eus\/es\/wp-json\/wp\/v2\/users\/84"}],"replies":[{"embeddable":true,"href":"https:\/\/bilbaogazte.bilbao.eus\/es\/wp-json\/wp\/v2\/comments?post=63408"}],"version-history":[{"count":3,"href":"https:\/\/bilbaogazte.bilbao.eus\/es\/wp-json\/wp\/v2\/pages\/63408\/revisions"}],"predecessor-version":[{"id":64344,"href":"https:\/\/bilbaogazte.bilbao.eus\/es\/wp-json\/wp\/v2\/pages\/63408\/revisions\/64344"}],"wp:attachment":[{"href":"https:\/\/bilbaogazte.bilbao.eus\/es\/wp-json\/wp\/v2\/media?parent=63408"}],"curies":[{"name":"wp","href":"https:\/\/api.w.org\/{rel}","templated":true}]}}