{"id":63412,"date":"2025-09-09T17:18:50","date_gmt":"2025-09-09T15:18:50","guid":{"rendered":"https:\/\/bilbaogazte.bilbao.eus\/es\/?page_id=63412"},"modified":"2025-11-06T12:01:06","modified_gmt":"2025-11-06T10:01:06","slug":"konekta-ideiak-iccsia-convocatoria-de-proyectos","status":"publish","type":"page","link":"https:\/\/bilbaogazte.bilbao.eus\/es\/konekta-ideiak-iccsia-convocatoria-de-proyectos\/","title":{"rendered":"KONEKTA IDEIAK ICC+IA CONVOCATORIA DE PROYECTOS"},"content":{"rendered":"<p>[vc_row][vc_column][vc_empty_space][vc_empty_space][\/vc_column][\/vc_row][vc_row][vc_column width=\u00bb2\/3&#8243;][vc_column_text]<\/p>\n<h2><strong>ICC (AUDIOVISUALES, VIDEOJUEGOS &amp; PERIFERIAS)+IA<\/strong><strong>\u00a0<\/strong><\/h2>\n<p>El A\u0301rea de Juventud y Deporte del Ayuntamiento de Bilbao lanza la convocatoria <strong>KONEKTA IDEIAK \u201cICC (AUDIOVISUALES, VIDEOJUEGOS &amp; PERIFERIAS)+IA\u201d <\/strong>poniendo el foco en la IA como tecnolog\u00eda transversal aplicada a proyectos audiovisuales, de videojuegos y otras periferIAs. Una herramienta al servicio del mensaje, con un uso integrador e inclusivo, capaz de generar impacto positivo en los procesos creativos y en los entornos sociales donde se insertan.<\/p>\n<p>Esta iniciativa pretende acercar el mundo del emprendimiento de estos \u00e1mbitos a las personas j\u00f3venes.<\/p>\n<p><strong>\u00bfQuie\u0301nes pueden presentar los proyectos?<\/strong><\/p>\n<ul>\n<li>J\u00f3venes, bien de manera individual o en grupo.<\/li>\n<li>Edad: entre 18 y 35 a\u00f1os.<\/li>\n<li>Residentes en Bilbao o que tengan alguna vinculaci\u00f3n con la ciudad. En el caso de grupos, al menos una de las personas deber\u00e1 ser residente en Bilbao y deber\u00e1n nombrar a una de ellas que actuar\u00e1 como representante del grupo ante el \u00c1rea de Juventud y Deporte.<\/li>\n<\/ul>\n<p><strong>\u00bfCu\u00e1ndo y c\u00f3mo puedes presentar tu\/vuestro proyecto?<\/strong><\/p>\n<p>Puedes presentar el proyecto del 9 de octubre al 21 de noviembre.\u00a0Los proyectos deber\u00e1n ser originales, siendo responsabilidad \u00fanica de las personas autoras garantizarlo.<\/p>\n<p>Env\u00eda cumplimentada la <a href=\"http:\/\/bilbaogazte.bilbao.eus\/wp-content\/uploads\/2025\/09\/Ficha_Presentacion_Proyecto.pdf\" target=\"_blank\" rel=\"noopener\"><strong><u>ficha<\/u><\/strong><\/a>\u00a0adjunta a\u00a0<a href=\"mailto:gazteria@bilbao.eus\">gazteria@bilbao.eus<\/a>[\/vc_column_text][\/vc_column][vc_column width=\u00bb1\/3&#8243;][vc_column_text]<span style=\"color: #ff4433;\"><strong>INSCRIPCI\u00d3N CONVOCATORIA<\/strong><\/span><\/p>\n<p><a href=\"http:\/\/bilbaogazte.bilbao.eus\/wp-content\/uploads\/2025\/09\/Bases_ICCs_IA_Eus_Cas.pdf\" target=\"_blank\" rel=\"noopener\">Bases de la convocatoria<\/a><\/p>\n<p><a href=\"http:\/\/bilbaogazte.bilbao.eus\/wp-content\/uploads\/2025\/09\/Ficha_Presentacion_Proyecto.pdf\" target=\"_blank\" rel=\"noopener\">Ficha del proyecto<\/a><\/p>\n<p><span style=\"color: #ff4433;\"><strong>CONTACTO<\/strong><\/span><\/p>\n<p><a href=\"mailto:gazteria@bilbao.eus\">gazteria@bilbao.eus<\/a><\/p>\n<p>94 405 95 52 (Lun-vie de 9:00 a 14:00)[\/vc_column_text][\/vc_column][\/vc_row]<\/p>\n","protected":false},"excerpt":{"rendered":"<p class=\"entry-summary\"> ICC (AUDIOVISUALES, VIDEOJUEGOS &amp; PERIFERIAS)+IA\u00a0 El A\u0301rea de Juventud y Deporte del Ayuntamiento de Bilbao lanza&hellip;<\/p>\n<div class=\"link-more\"><a href=\"https:\/\/bilbaogazte.bilbao.eus\/es\/konekta-ideiak-iccsia-convocatoria-de-proyectos\/\" class=\"more-link\">Continue reading<span class=\"screen-reader-text\"> &ldquo;KONEKTA IDEIAK ICC+IA CONVOCATORIA DE PROYECTOS&rdquo;<\/span>&hellip;<\/a><\/div>","protected":false},"author":84,"featured_media":0,"parent":0,"menu_order":0,"comment_status":"closed","ping_status":"closed","template":"","meta":{"_monsterinsights_skip_tracking":false,"_monsterinsights_sitenote_active":false,"_monsterinsights_sitenote_note":"","_monsterinsights_sitenote_category":0,"footnotes":""},"_links":{"self":[{"href":"https:\/\/bilbaogazte.bilbao.eus\/es\/wp-json\/wp\/v2\/pages\/63412"}],"collection":[{"href":"https:\/\/bilbaogazte.bilbao.eus\/es\/wp-json\/wp\/v2\/pages"}],"about":[{"href":"https:\/\/bilbaogazte.bilbao.eus\/es\/wp-json\/wp\/v2\/types\/page"}],"author":[{"embeddable":true,"href":"https:\/\/bilbaogazte.bilbao.eus\/es\/wp-json\/wp\/v2\/users\/84"}],"replies":[{"embeddable":true,"href":"https:\/\/bilbaogazte.bilbao.eus\/es\/wp-json\/wp\/v2\/comments?post=63412"}],"version-history":[{"count":7,"href":"https:\/\/bilbaogazte.bilbao.eus\/es\/wp-json\/wp\/v2\/pages\/63412\/revisions"}],"predecessor-version":[{"id":64909,"href":"https:\/\/bilbaogazte.bilbao.eus\/es\/wp-json\/wp\/v2\/pages\/63412\/revisions\/64909"}],"wp:attachment":[{"href":"https:\/\/bilbaogazte.bilbao.eus\/es\/wp-json\/wp\/v2\/media?parent=63412"}],"curies":[{"name":"wp","href":"https:\/\/api.w.org\/{rel}","templated":true}]}}