{"id":64429,"date":"2025-10-15T10:16:19","date_gmt":"2025-10-15T08:16:19","guid":{"rendered":"https:\/\/bilbaogazte.bilbao.eus\/es\/greenglam-convocatoria-copy\/"},"modified":"2025-11-06T11:53:55","modified_gmt":"2025-11-06T09:53:55","slug":"greenglam-proyectos-ganadores","status":"publish","type":"page","link":"https:\/\/bilbaogazte.bilbao.eus\/es\/greenglam-proyectos-ganadores\/","title":{"rendered":"GREENGLAM-PROYECTOS GANADORES"},"content":{"rendered":"<p>[vc_row][vc_column][vc_single_image image=\u00bb60568&#8243; img_size=\u00bbfull\u00bb onclick=\u00bbcustom_link\u00bb link=\u00bbhttps:\/\/bilbaogazte.bilbao.eus\/es\/greenglam\/\u00bb][\/vc_column][\/vc_row][vc_row][vc_column width=\u00bb2\/3&#8243;][vc_column_text]<b>EXPOSICI\u00d3N VUELTA, CRUZ, VUELTA<\/b><\/p>\n<p><span style=\"font-weight: 400;\">El proyecto de la dise\u00f1adora Jaione Anzola tiene como objetivo poner en valor la importancia de las t\u00e9cnicas textiles tradicionales, como el encaje de bolillos, y su relevancia en el contexto contempor\u00e1neo de la moda, invitando a la reflexi\u00f3n sobre la sostenibilidad y el valor cultural de la artesan\u00eda.<\/span><span style=\"font-weight: 400;\"><br \/>\n<\/span><span style=\"font-weight: 400;\">Tras una investigaci\u00f3n antropol\u00f3gica para indagar de qu\u00e9 manera estos oficios artesanales\u00a0 forman parte de nuestra cultura, usos y tradiciones, la autora ha creado un di\u00e1logo entre la tradici\u00f3n y la contemporaneidad, invitando al p\u00fablico a reflexionar sobre la innovaci\u00f3n textil, la sostenibilidad y la importancia de preservar los oficios tradicionales.<\/span><\/p>\n<ul>\n<li style=\"font-weight: 400;\" aria-level=\"1\"><b>NOMBRE: <\/b>EXPOSICI\u00d3N <span style=\"font-weight: 400;\">VUELTA, CRUZ, VUELTA.\u00a0<\/span><\/li>\n<li style=\"font-weight: 400;\" aria-level=\"1\"><b>FECHAS:<\/b><span style=\"font-weight: 400;\"> 21-27 noviembre<\/span><\/li>\n<li style=\"font-weight: 400;\" aria-level=\"1\"><b>HORARIO: <\/b><span style=\"font-weight: 400;\">18:00-20:00 (domingo cerrado)<\/span><\/li>\n<li><strong>INAUGURACI\u00d3N:<\/strong> 21 noviembre a las 19:00<\/li>\n<li><strong>FILAND\u00d3N GREEN GLAM:<\/strong> 22 de noviembre de 11:00 a 14:00<br \/>\n<a href=\"https:\/\/tally.so\/r\/worVKX\">Inscr\u00edbete aqu\u00ed<\/a><\/li>\n<li style=\"font-weight: 400;\" aria-level=\"1\"><b>LUGAR:<\/b> <span style=\"font-weight: 400;\">La Perrera (Sabino Arana, 50)<\/span><\/li>\n<\/ul>\n<p><b>EVENTO MERKATRUKE<\/b><\/p>\n<p><span style=\"font-weight: 400;\">Proyecto de intercambio de ropa de segunda mano que promueve el consumo responsable y fomenta la creaci\u00f3n de v\u00ednculos vecinales y comunitarios. Surge como una alternativa al consumismo desmesurado actual y como respuesta al impacto negativo de la fast fashion, modelos de producci\u00f3n y consumo que consideran insostenibles.<\/span><span style=\"font-weight: 400;\"><br \/>\n<\/span><span style=\"font-weight: 400;\">El proyecto est\u00e1 gestionado por una red de personas voluntarias que se encargan de todo el proceso: desde la coordinaci\u00f3n, el recuento y la clasificaci\u00f3n, hasta la gesti\u00f3n de las prendas y la organizaci\u00f3n del evento.<\/span><\/p>\n<ul>\n<li style=\"font-weight: 400;\" aria-level=\"1\"><b>NOMBRE: <\/b><span style=\"font-weight: 400;\">MERKATRUKE. Evento de intercambio de ropa dentro del programa Konekta Ideiak: GreenGlam<\/span><\/li>\n<li style=\"font-weight: 400;\" aria-level=\"1\"><b>FECHA:<\/b><span style=\"font-weight: 400;\"> 22 noviembre<\/span><\/li>\n<li style=\"font-weight: 400;\" aria-level=\"1\"><b>HORARIO:\u00a0<\/b><span style=\"font-weight: 400;\">\u00a0<\/span>\n<ul>\n<li style=\"font-weight: 400;\" aria-level=\"2\"><span style=\"font-weight: 400;\">11:30-13:30 Merkatruke<\/span><\/li>\n<li style=\"font-weight: 400;\" aria-level=\"2\"><span style=\"font-weight: 400;\">13:30-14:30 Actuaci\u00f3n\u00a0<\/span><\/li>\n<li style=\"font-weight: 400;\" aria-level=\"2\"><span style=\"font-weight: 400;\">14:30-15:00 Lunch<\/span><\/li>\n<\/ul>\n<\/li>\n<li style=\"font-weight: 400;\" aria-level=\"1\"><b>LUGAR: <\/b><span style=\"font-weight: 400;\">Calle Moncada 12, Bilbao<\/span><\/li>\n<\/ul>\n<p>[\/vc_column_text][\/vc_column][vc_column width=\u00bb1\/3&#8243;][vc_empty_space][vc_column_text]<\/p>\n<p>[\/vc_column_text][vc_column_text]<span style=\"color: #ff0000;\"><strong>CONTACTO<\/strong><\/span>[\/vc_column_text][vc_column_text]<a href=\"mailto:gazteria@bilbao.eus\">gazteria@bilbao.eus<\/a><\/p>\n<p>94 465 47 75 (lun &#8211; vie 9:00 a 14:00 y mi\u00e9coles hasta las 17:00)[\/vc_column_text][\/vc_column][\/vc_row]<\/p>\n","protected":false},"excerpt":{"rendered":"<p class=\"entry-summary\">EXPOSICI\u00d3N VUELTA, CRUZ, VUELTA El proyecto de la dise\u00f1adora Jaione Anzola tiene como&hellip;<\/p>\n<div class=\"link-more\"><a href=\"https:\/\/bilbaogazte.bilbao.eus\/es\/greenglam-proyectos-ganadores\/\" class=\"more-link\">Continue reading<span class=\"screen-reader-text\"> &ldquo;GREENGLAM-PROYECTOS GANADORES&rdquo;<\/span>&hellip;<\/a><\/div>","protected":false},"author":79,"featured_media":0,"parent":0,"menu_order":0,"comment_status":"closed","ping_status":"closed","template":"","meta":{"_monsterinsights_skip_tracking":false,"_monsterinsights_sitenote_active":false,"_monsterinsights_sitenote_note":"","_monsterinsights_sitenote_category":0,"footnotes":""},"_links":{"self":[{"href":"https:\/\/bilbaogazte.bilbao.eus\/es\/wp-json\/wp\/v2\/pages\/64429"}],"collection":[{"href":"https:\/\/bilbaogazte.bilbao.eus\/es\/wp-json\/wp\/v2\/pages"}],"about":[{"href":"https:\/\/bilbaogazte.bilbao.eus\/es\/wp-json\/wp\/v2\/types\/page"}],"author":[{"embeddable":true,"href":"https:\/\/bilbaogazte.bilbao.eus\/es\/wp-json\/wp\/v2\/users\/79"}],"replies":[{"embeddable":true,"href":"https:\/\/bilbaogazte.bilbao.eus\/es\/wp-json\/wp\/v2\/comments?post=64429"}],"version-history":[{"count":8,"href":"https:\/\/bilbaogazte.bilbao.eus\/es\/wp-json\/wp\/v2\/pages\/64429\/revisions"}],"predecessor-version":[{"id":64902,"href":"https:\/\/bilbaogazte.bilbao.eus\/es\/wp-json\/wp\/v2\/pages\/64429\/revisions\/64902"}],"wp:attachment":[{"href":"https:\/\/bilbaogazte.bilbao.eus\/es\/wp-json\/wp\/v2\/media?parent=64429"}],"curies":[{"name":"wp","href":"https:\/\/api.w.org\/{rel}","templated":true}]}}