{"id":64492,"date":"2025-10-20T17:22:27","date_gmt":"2025-10-20T15:22:27","guid":{"rendered":"https:\/\/bilbaogazte.bilbao.eus\/es\/?page_id=64492"},"modified":"2026-03-31T15:03:20","modified_gmt":"2026-03-31T13:03:20","slug":"partekatzen","status":"publish","type":"page","link":"https:\/\/bilbaogazte.bilbao.eus\/es\/partekatzen\/","title":{"rendered":"BILBAO GAZTE PARTEKATZEN"},"content":{"rendered":"<p>[vc_row][vc_column width=\u00bb2\/3&#8243;][vc_row_inner][vc_column_inner][vc_single_image image=\u00bb64777&#8243; img_size=\u00bbfull\u00bb][\/vc_column_inner][\/vc_row_inner][vc_column_text]<strong>Bilbao Gazte Partekatzen<\/strong> ofrece la oportunidad de adelantar la primera experiencia de emancipaci\u00f3n a personas j\u00f3venes de 22 a 29 a\u00f1os empadronadas en Bilbao que hasta ahora resid\u00edan en sus respectivos hogares familiares. A trav\u00e9s de Bilbao Gazte Partekatzen, un total de personas 9 j\u00f3venes compartir\u00e1n piso municipal en el barrio de Otxarkoaga por un plazo m\u00e1ximo de 3 a\u00f1os, abonando un alquiler mensual de 55 euros m\u00e1s contribuci\u00f3n a los gastos comunes y 4 horas de trabajo en beneficio de la comunidad.<\/p>\n<p>El programa ofrece un contrato de arrendamiento de habitaci\u00f3n (distinto al de vivienda), con de una duraci\u00f3n anual prorrogable por plazos iguales hasta un m\u00e1ximo de 3 a\u00f1os. Como contraprestaci\u00f3n, las personas adjudicatarias se comprometen a abonar 55 euros al mes (los gastos de luz, agua y gas no est\u00e1n incluidos) y a realizar servicios a la comunidad con una dedicaci\u00f3n m\u00ednima de 4 horas a la semana.[\/vc_column_text][vc_custom_heading text=\u00bbPREGUNTAS FRECUENTES\u00bb font_container=\u00bbtag:h2|text_align:center|color:%23ffffff\u00bb google_fonts=\u00bbfont_family:Raleway%3A100%2C200%2C300%2Cregular%2C500%2C600%2C700%2C800%2C900|font_style:400%20regular%3A400%3Anormal\u00bb css=\u00bb.vc_custom_1762250492528{background-color: #dd3333 !important;border-radius: 5px !important;}\u00bb][vc_row_inner][vc_column_inner][vc_toggle title=\u00bb\u00bfQu\u00e9 es el Programa \u201cBilbao Gazte Partekatzen\u201d?\u00bb el_id=\u00bb1762250612772-0f9bab12-6aab\u00bb]Es una iniciativa del Ayuntamiento de Bilbao para facilitar la primera experiencia de emancipaci\u00f3n a j\u00f3venes de la ciudad, mediante alquiler compartido en pisos municipales con un coste simb\u00f3lico.[\/vc_toggle][vc_toggle title=\u00bb\u00bfQui\u00e9n puede participar?\u00bb el_id=\u00bb1762250726910-ee314b13-60f0&#8243;]J\u00f3venes de 22 a 29 a\u00f1os (m\u00e1ximo 28 en el momento de la solicitud), que residan en Bilbao en el domicilio familiar desde hace al menos 6 meses, inscritos e inscritas en Etxebide como demandantes de alquiler, con ingresos entre 16.520 \u20ac y 21.000 \u20ac brutos anuales. No pueden tener personas a su cargo ni disponer de otra vivienda.[\/vc_toggle][vc_toggle title=\u00bb\u00bfQu\u00e9 pasa si no cumplo los requisitos?\u00bb el_id=\u00bb1762250849279-2d227df1-5238&#8243;]Ser\u00e1n excluidas las solicitudes que no cumplan los requisitos del Programa o no los acrediten suficientemente a petici\u00f3n del Ayuntamiento.[\/vc_toggle][vc_toggle title=\u00bb\u00bfD\u00f3nde est\u00e1n los pisos y c\u00f3mo son?\u00bb el_id=\u00bb1762250852622-f645c40f-8352&#8243;]Los pisos est\u00e1n en el barrio de Otxarkoaga (calles Irumineta, Txotena y Larratundu). Son viviendas compartidas por 2 o 3 j\u00f3venes, con habitaciones individuales y zonas comunes amuebladas.[\/vc_toggle][vc_toggle title=\u00bb\u00bfCu\u00e1nto cuesta vivir en estos pisos?\u00bb el_id=\u00bb1762250877727-dc28263e-e2b3&#8243;]Se paga una renta simb\u00f3lica de 55 \u20ac al mes, m\u00e1s los gastos de suministros (aprox. 60 \u20ac\/mes). Al inicio hay que abonar dos mensualidades como fianza, que se devuelve al finalizar la estancia si la vivienda est\u00e1 en buen estado.[\/vc_toggle][vc_toggle title=\u00bb\u00bfQu\u00e9 compromisos tiene la persona beneficiaria?\u00bb el_id=\u00bb1762250856071-50c56045-3344&#8243;]Adem\u00e1s de pagar la renta y los gastos, cada joven debe colaborar en proyectos comunitarios con una dedicaci\u00f3n m\u00ednima de 4 horas semanales. Tambi\u00e9n debe cumplir un \u201cItinerario Personal de Emancipaci\u00f3n\u201d dise\u00f1ado con GAZ Bilbao y respetar las normas de convivencia.[\/vc_toggle][vc_toggle title=\u00bb\u00bfCu\u00e1nto tiempo se puede estar en el programa?\u00bb el_id=\u00bb1762250871648-1b9b1103-609e\u00bb]La estancia inicial es de 1 a\u00f1o, prorrogable hasta un m\u00e1ximo de 3 a\u00f1os, si se siguen cumpliendo los requisitos.[\/vc_toggle][vc_toggle title=\u00bb\u00bfC\u00f3mo se solicita plaza?\u00bb el_id=\u00bb1762251151404-1408919f-d5f0&#8243;]Las solicitudes se presentan online en la web <a href=\"https:\/\/bilbaogazte.bilbao.eus\/\" target=\"_blank\" rel=\"noopener\">bilbaogazte.bilbao.eus<\/a>, del 7 de noviembre al 9 de diciembre de 2025.[\/vc_toggle][vc_toggle title=\u00bb\u00bfQu\u00e9 documentaci\u00f3n hay que entregar?\u00bb el_id=\u00bb1762250875407-38e79663-fb0c\u00bb]No es necesario presentar ninguna documentaci\u00f3n al inicio. \u00danicamente se solicitar\u00e1 a las personas seleccionadas en el programa.[\/vc_toggle][vc_toggle title=\u00bb\u00bfC\u00f3mo se adjudican las plazas?\u00bb el_id=\u00bb1762251154503-f8398964-a8c6&#8243;]Primero se hace un sorteo p\u00fablico entre todas las solicitudes. Despu\u00e9s, el Ayuntamiento comprobar\u00e1 que se cumplen los requisitos y pedir\u00e1 la documentaci\u00f3n necesaria. Finalmente, se dise\u00f1a el \u201cItinerario Personal de Emancipaci\u00f3n\u201d y se asignan las viviendas.[\/vc_toggle][vc_toggle title=\u00bb\u00bfQu\u00e9 pasa si no cumplo con las normas?\u00bb el_id=\u00bb1762251157315-65fdc57d-805a\u00bb]Se pueden perder la plaza y la fianza en caso de incumplimientos graves como: impagos, no cumplir las horas de servicio comunitario, no avanzar en el Itinerario de Emancipaci\u00f3n, problemas de convivencia o uso indebido de la vivienda.[\/vc_toggle][vc_toggle title=\u00bb\u00bfA qui\u00e9n puedo acudir para pedir ayuda o informaci\u00f3n?\u00bb el_id=\u00bb1762251161402-ceab02eb-f8b6&#8243;]Puedes acudir al servicio GAZ Bilbao (edificio La Perrera, Sabino Arana 50), donde personal especializado te orientar\u00e1 en todo el proceso o llamarnos al tel\u00e9fono 944 025 401, WhatsApp 747 451 437 o e-mail <a href=\"mailto:gazbilbao@bilbao.eus\" target=\"_blank\" rel=\"noopener\">gazbilbao@bilbao.eus<\/a>.[\/vc_toggle][\/vc_column_inner][\/vc_row_inner][\/vc_column][vc_column width=\u00bb1\/3&#8243;][vc_column_text][\/vc_column_text][vc_btn title=\u00bbINSCRIPCIONES\u00bb color=\u00bbdanger\u00bb link=\u00bb|||\u00bb][vc_column_text]<\/p>\n<div class=\"page\" title=\"Page 1\">\n<div class=\"section\">\n<div class=\"layoutArea\">\n<div class=\"column\">\n<p style=\"text-align: left;\">Conoce <a href=\"http:\/\/bilbaogazte.bilbao.eus\/wp-content\/uploads\/2025\/12\/BILBAO-GAZTE-PARTEKATZEN-zozketa_sorteo.pdf\"><span style=\"color: #ff0000;\"><strong>aqu\u00ed<\/strong> <\/span><\/a>los resultados del sorteo.<\/p>\n<\/div>\n<\/div>\n<\/div>\n<\/div>\n<p>[\/vc_column_text][vc_column_text]<\/p>\n<div class=\"page\" style=\"text-align: left;\" title=\"Page 1\">\n<div class=\"section\">\n<div class=\"layoutArea\">\n<div class=\"column\">\n<p><strong><span style=\"color: #ff0000;\">Desc\u00e1rgate las BASES <a href=\"http:\/\/bilbaogazte.bilbao.eus\/wp-content\/uploads\/2025\/11\/2025-052357_Bases_Partekatzen.pdf\" target=\"_blank\" rel=\"noopener\">aqu\u00ed<\/a><\/span><\/strong><\/p>\n<\/div>\n<\/div>\n<\/div>\n<\/div>\n<p>[\/vc_column_text][vc_column_text]<\/p>\n<div class=\"page\" style=\"text-align: left;\" title=\"Page 1\">\n<div class=\"section\">\n<div class=\"layoutArea\">\n<div class=\"column\">\n<p><a href=\"http:\/\/bilbaogazte.bilbao.eus\/wp-content\/uploads\/2026\/03\/2025-052357_Publicacion-web.pdf\"><strong><span style=\"color: #ff0000;\">Resoluci\u00f3n del procedimiento<\/span><\/strong><\/a><\/p>\n<\/div>\n<\/div>\n<\/div>\n<\/div>\n<p>[\/vc_column_text][vc_btn title=\u00bbM\u00e1s informaci\u00f3n\u00bb color=\u00bbdanger\u00bb][vc_column_text]<\/p>\n<div class=\"page\" title=\"Page 1\">\n<div class=\"section\">\n<div class=\"layoutArea\">\n<div class=\"column\">\n<p><img loading=\"lazy\" decoding=\"async\" class=\"alignnone wp-image-54451\" src=\"http:\/\/bilbaogazte.bilbao.eus\/wp-content\/uploads\/2023\/09\/pngtree-whatsapp-phone-icon-png-image_6315989.png\" alt=\"\" width=\"35\" height=\"35\" \/> 747 451 437<\/p>\n<div class=\"page\" title=\"Page 1\">\n<div class=\"section\">\n<div class=\"layoutArea\">\n<div class=\"column\">\n<p><img loading=\"lazy\" decoding=\"async\" class=\"alignnone wp-image-54448\" src=\"http:\/\/bilbaogazte.bilbao.eus\/wp-content\/uploads\/2023\/09\/f207045d96c258fed664305f0ac2c5bd-icono-de-auricular-de-telefono-azul.png\" alt=\"\" width=\"33\" height=\"33\" \/> 944 025 401<\/p>\n<div class=\"page\" title=\"Page 1\">\n<div class=\"section\">\n<div class=\"layoutArea\">\n<div class=\"column\">\n<p><img loading=\"lazy\" decoding=\"async\" class=\"alignnone wp-image-54445\" src=\"http:\/\/bilbaogazte.bilbao.eus\/wp-content\/uploads\/2023\/09\/1000885.png\" alt=\"\" width=\"31\" height=\"31\" srcset=\"https:\/\/bilbaogazte.bilbao.eus\/wp-content\/uploads\/2023\/09\/1000885.png 512w, https:\/\/bilbaogazte.bilbao.eus\/wp-content\/uploads\/2023\/09\/1000885-448x448.png 448w\" sizes=\"(max-width: 31px) 100vw, 31px\" \/> <a href=\"mailto:gazbilbao@bilbao.eus\">gazbilbao@bilbao.eus<\/a><\/p>\n<div class=\"page\" title=\"Page 1\">\n<div class=\"section\">\n<div class=\"layoutArea\">\n<div class=\"column\">\n<p><img loading=\"lazy\" decoding=\"async\" class=\"alignnone wp-image-54442\" src=\"http:\/\/bilbaogazte.bilbao.eus\/wp-content\/uploads\/2023\/09\/Map_pin_icon.svg_-872x1187.png\" alt=\"\" width=\"28\" height=\"38\" srcset=\"https:\/\/bilbaogazte.bilbao.eus\/wp-content\/uploads\/2023\/09\/Map_pin_icon.svg_-872x1187.png 872w, https:\/\/bilbaogazte.bilbao.eus\/wp-content\/uploads\/2023\/09\/Map_pin_icon.svg_-768x1046.png 768w, https:\/\/bilbaogazte.bilbao.eus\/wp-content\/uploads\/2023\/09\/Map_pin_icon.svg_-1128x1536.png 1128w, https:\/\/bilbaogazte.bilbao.eus\/wp-content\/uploads\/2023\/09\/Map_pin_icon.svg_.png 1200w\" sizes=\"(max-width: 28px) 100vw, 28px\" \/> La Perrera \u2013 Sabino Arana 50 (Basurtu)<\/p>\n<div class=\"page\" title=\"Page 1\">\n<div class=\"section\">\n<div class=\"layoutArea\">\n<div class=\"column\">\n<p><strong><img loading=\"lazy\" decoding=\"async\" class=\"alignnone wp-image-54433\" src=\"http:\/\/bilbaogazte.bilbao.eus\/wp-content\/uploads\/2023\/09\/283327.png\" alt=\"\" width=\"26\" height=\"26\" srcset=\"https:\/\/bilbaogazte.bilbao.eus\/wp-content\/uploads\/2023\/09\/283327.png 512w, https:\/\/bilbaogazte.bilbao.eus\/wp-content\/uploads\/2023\/09\/283327-448x448.png 448w\" sizes=\"(max-width: 26px) 100vw, 26px\" \/> HORARIO GAZ BILBAO<\/strong><\/p>\n<div class=\"page\" title=\"Page 1\">\n<div class=\"section\">\n<div class=\"layoutArea\">\n<div class=\"column\">\n<p><strong><img loading=\"lazy\" decoding=\"async\" class=\"alignnone wp-image-61217 size-medium\" src=\"http:\/\/bilbaogazte.bilbao.eus\/wp-content\/uploads\/2025\/07\/Cambio-horario2-CAST.png\" alt=\"\" width=\"872\" height=\"1233\" \/><\/strong><\/p>\n<\/div>\n<\/div>\n<\/div>\n<\/div>\n<\/div>\n<\/div>\n<\/div>\n<\/div>\n<\/div>\n<\/div>\n<\/div>\n<\/div>\n<\/div>\n<\/div>\n<\/div>\n<\/div>\n<\/div>\n<\/div>\n<\/div>\n<\/div>\n<\/div>\n<\/div>\n<\/div>\n<\/div>\n<p>[\/vc_column_text][\/vc_column][\/vc_row][vc_row el_id=\u00bbnewsletter\u00bb el_class=\u00bbmodal modalReservar\u00bb][vc_column][vc_column_text]Para darte de alta en la newsletter, escribe un mensaje a <a href=\"mailto:gazbilbao@bilbao.eus\">gazbilbao@bilbao.eus<\/a>[\/vc_column_text][\/vc_column][\/vc_row][vc_row el_id=\u00bbponteencontacto\u00bb el_class=\u00bbmodal modalReservar\u00bb][vc_column][vc_column_text]<img loading=\"lazy\" decoding=\"async\" class=\"alignnone wp-image-54451\" src=\"http:\/\/bilbaogazte.bilbao.eus\/wp-content\/uploads\/2023\/09\/pngtree-whatsapp-phone-icon-png-image_6315989.png\" alt=\"\" width=\"35\" height=\"35\" \/> 747 451 437<\/p>\n<div class=\"page\" title=\"Page 1\">\n<div class=\"section\">\n<div class=\"layoutArea\">\n<div class=\"column\">\n<p><img loading=\"lazy\" decoding=\"async\" class=\"alignnone wp-image-54448\" src=\"http:\/\/bilbaogazte.bilbao.eus\/wp-content\/uploads\/2023\/09\/f207045d96c258fed664305f0ac2c5bd-icono-de-auricular-de-telefono-azul.png\" alt=\"\" width=\"33\" height=\"33\" \/> 944 025 401<\/p>\n<div class=\"page\" title=\"Page 1\">\n<div class=\"section\">\n<div class=\"layoutArea\">\n<div class=\"column\">\n<p><img loading=\"lazy\" decoding=\"async\" class=\"alignnone wp-image-54445\" src=\"http:\/\/bilbaogazte.bilbao.eus\/wp-content\/uploads\/2023\/09\/1000885.png\" alt=\"\" width=\"31\" height=\"31\" srcset=\"https:\/\/bilbaogazte.bilbao.eus\/wp-content\/uploads\/2023\/09\/1000885.png 512w, https:\/\/bilbaogazte.bilbao.eus\/wp-content\/uploads\/2023\/09\/1000885-448x448.png 448w\" sizes=\"(max-width: 31px) 100vw, 31px\" \/> <a href=\"mailto:gazbilbao@bilbao.eus\">gazbilbao@bilbao.eus<\/a><\/p>\n<div class=\"page\" title=\"Page 1\">\n<div class=\"section\">\n<div class=\"layoutArea\">\n<div class=\"column\">\n<p><img loading=\"lazy\" decoding=\"async\" class=\"alignnone wp-image-54442\" src=\"http:\/\/bilbaogazte.bilbao.eus\/wp-content\/uploads\/2023\/09\/Map_pin_icon.svg_-872x1187.png\" alt=\"\" width=\"28\" height=\"38\" srcset=\"https:\/\/bilbaogazte.bilbao.eus\/wp-content\/uploads\/2023\/09\/Map_pin_icon.svg_-872x1187.png 872w, https:\/\/bilbaogazte.bilbao.eus\/wp-content\/uploads\/2023\/09\/Map_pin_icon.svg_-768x1046.png 768w, https:\/\/bilbaogazte.bilbao.eus\/wp-content\/uploads\/2023\/09\/Map_pin_icon.svg_-1128x1536.png 1128w, https:\/\/bilbaogazte.bilbao.eus\/wp-content\/uploads\/2023\/09\/Map_pin_icon.svg_.png 1200w\" sizes=\"(max-width: 28px) 100vw, 28px\" \/> La Perrera \u2013 Sabino Arana 50 (Basurtu)<\/p>\n<div class=\"page\" title=\"Page 1\">\n<div class=\"section\">\n<div class=\"layoutArea\">\n<div class=\"column\">\n<p><strong><img loading=\"lazy\" decoding=\"async\" class=\"alignnone wp-image-54433\" src=\"http:\/\/bilbaogazte.bilbao.eus\/wp-content\/uploads\/2023\/09\/283327.png\" alt=\"\" width=\"26\" height=\"26\" srcset=\"https:\/\/bilbaogazte.bilbao.eus\/wp-content\/uploads\/2023\/09\/283327.png 512w, https:\/\/bilbaogazte.bilbao.eus\/wp-content\/uploads\/2023\/09\/283327-448x448.png 448w\" sizes=\"(max-width: 26px) 100vw, 26px\" \/> HORARIO<\/strong><\/p>\n<div class=\"page\" title=\"Page 1\">\n<div class=\"section\">\n<div class=\"layoutArea\">\n<div class=\"column\">\n<p><strong>SEPTIEMBRE &#8211; JUNIO<\/strong><\/p>\n<p>Lunes &#8211; Viernes 10:00 &#8211; 14:00<\/p>\n<p>16:00 &#8211; 20:00<\/p>\n<div class=\"page\" title=\"Page 1\">\n<div class=\"section\">\n<div class=\"layoutArea\">\n<div class=\"column\">\n<p>S\u00e1bado\u00a0 \u00a0 \u00a0 \u00a0 \u00a0 \u00a0 \u00a0 \u00a0 \u00a0 10:00 &#8211; 14:00<\/p>\n<p><strong>JULIO<\/strong><\/p>\n<\/div>\n<div class=\"column\">\n<p>Lunes &#8211; S\u00e1bado 10:00 &#8211; 14:00<\/p>\n<div class=\"page\" title=\"Page 1\">\n<div class=\"section\">\n<div class=\"layoutArea\">\n<div class=\"column\">\n<p><strong>AGOSTO<\/strong> &#8211; CERRADO<\/p>\n<\/div>\n<\/div>\n<\/div>\n<\/div>\n<p>&nbsp;<\/p>\n<\/div>\n<\/div>\n<\/div>\n<\/div>\n<\/div>\n<\/div>\n<\/div>\n<\/div>\n<\/div>\n<\/div>\n<\/div>\n<\/div>\n<\/div>\n<\/div>\n<\/div>\n<\/div>\n<\/div>\n<\/div>\n<\/div>\n<\/div>\n<\/div>\n<\/div>\n<\/div>\n<\/div>\n<p>[\/vc_column_text][\/vc_column][\/vc_row]<\/p>\n","protected":false},"excerpt":{"rendered":"<p class=\"entry-summary\">Bilbao Gazte Partekatzen ofrece la oportunidad de adelantar la primera experiencia de emancipaci\u00f3n a personas&hellip;<\/p>\n<div class=\"link-more\"><a href=\"https:\/\/bilbaogazte.bilbao.eus\/es\/partekatzen\/\" class=\"more-link\">Continue reading<span class=\"screen-reader-text\"> &ldquo;BILBAO GAZTE PARTEKATZEN&rdquo;<\/span>&hellip;<\/a><\/div>","protected":false},"author":84,"featured_media":0,"parent":0,"menu_order":0,"comment_status":"closed","ping_status":"closed","template":"","meta":{"_monsterinsights_skip_tracking":false,"_monsterinsights_sitenote_active":false,"_monsterinsights_sitenote_note":"","_monsterinsights_sitenote_category":0,"footnotes":""},"_links":{"self":[{"href":"https:\/\/bilbaogazte.bilbao.eus\/es\/wp-json\/wp\/v2\/pages\/64492"}],"collection":[{"href":"https:\/\/bilbaogazte.bilbao.eus\/es\/wp-json\/wp\/v2\/pages"}],"about":[{"href":"https:\/\/bilbaogazte.bilbao.eus\/es\/wp-json\/wp\/v2\/types\/page"}],"author":[{"embeddable":true,"href":"https:\/\/bilbaogazte.bilbao.eus\/es\/wp-json\/wp\/v2\/users\/84"}],"replies":[{"embeddable":true,"href":"https:\/\/bilbaogazte.bilbao.eus\/es\/wp-json\/wp\/v2\/comments?post=64492"}],"version-history":[{"count":22,"href":"https:\/\/bilbaogazte.bilbao.eus\/es\/wp-json\/wp\/v2\/pages\/64492\/revisions"}],"predecessor-version":[{"id":66988,"href":"https:\/\/bilbaogazte.bilbao.eus\/es\/wp-json\/wp\/v2\/pages\/64492\/revisions\/66988"}],"wp:attachment":[{"href":"https:\/\/bilbaogazte.bilbao.eus\/es\/wp-json\/wp\/v2\/media?parent=64492"}],"curies":[{"name":"wp","href":"https:\/\/api.w.org\/{rel}","templated":true}]}}