{"id":64558,"date":"2025-10-22T14:27:42","date_gmt":"2025-10-22T12:27:42","guid":{"rendered":"https:\/\/bilbaogazte.bilbao.eus\/es\/?page_id=64558"},"modified":"2025-10-23T14:29:36","modified_gmt":"2025-10-23T12:29:36","slug":"programa-de-apoyo-a-las-asociaciones-y-agrupaciones-juveniles","status":"publish","type":"page","link":"https:\/\/bilbaogazte.bilbao.eus\/es\/programa-de-apoyo-a-las-asociaciones-y-agrupaciones-juveniles\/","title":{"rendered":"PROGRAMA DE APOYO A LAS ASOCIACIONES Y AGRUPACIONES JUVENILES"},"content":{"rendered":"<p>[vc_row][vc_column][vc_single_image image=\u00bb64590&#8243; img_size=\u00bbfull\u00bb][vc_column_text]<\/p>\n<ul>\n<li>\n<h2><strong>Objetivo:<\/strong><\/h2>\n<\/li>\n<\/ul>\n<p>El Programa de Apoyo a las Asociaciones y Agrupaciones Juveniles nace con la vocaci\u00f3n de fomentar el papel de los y las j\u00f3venes como agentes de cambio social y promover su participaci\u00f3n activa en el entorno local.<\/p>\n<p>\u00bfC\u00f3mo queremos alcanzar estos objetivos?<\/p>\n<ul>\n<li>Promoviendo el movimiento juvenil y difundiendo sus actividades<\/li>\n<li>Apoyando sus iniciativas<\/li>\n<li>Alineando la Agenda Local de Juventud con los intereses de la juventud bilba\u00edna. (Bilbao Hiri Gaztea)<\/li>\n<\/ul>\n<p>&nbsp;<\/p>\n<ul>\n<li>\n<h2><strong>A qui\u00e9n nos dirigimos<\/strong><\/h2>\n<\/li>\n<\/ul>\n<p>Nos dirigimos a asociaciones y grupos de j\u00f3venes que re\u00fanan las siguientes caracter\u00edsticas:<\/p>\n<ul>\n<li>integrados por j\u00f3venes de 14 a 30 a\u00f1os<\/li>\n<li>movidos por intereses comunes para generar impacto positivo en la comunidad<\/li>\n<li>que desarrollen su actividad total o parcialmente en Bilbao<\/li>\n<li>con organizaci\u00f3n y funcionamiento democr\u00e1tico<\/li>\n<\/ul>\n<p>&nbsp;<\/p>\n<ul>\n<li>\n<h2><strong>Recursos<\/strong><\/h2>\n<h3><strong>1. Servicio de asesor\u00eda y acompa\u00f1amiento<\/strong><\/h3>\n<ul>\n<li>Asesor\u00eda para la creaci\u00f3n formal de la asociaci\u00f3n<\/li>\n<li>Recursos formativos<\/li>\n<li>Informaci\u00f3n sobre subvenciones y convocatorias<\/li>\n<\/ul>\n<\/li>\n<\/ul>\n<p>Info: \u00c1rea de Juventud y Deporte <a href=\"mailto:gazteria@bilbao.eus\">gazteria@bilbao.eus<\/a> 944 203 099<\/p>\n<h3><strong>\u00a0 \u00a0 \u00a0 2. Recursos de apoyo al funcionamiento y actividades<\/strong><\/h3>\n<ol>\n<li style=\"list-style-type: none;\">\n<ol>\n<li>Cesi\u00f3n de espacios<\/li>\n<\/ol>\n<\/li>\n<\/ol>\n<table>\n<tbody>\n<tr>\n<td width=\"239\">\u00b7 <strong><em>Sala Konekta<\/em><\/strong><\/p>\n<p>o\u00a0 Sala polivalente<\/p>\n<p>o\u00a0 Superficie total: 390m2 divisible en 3 salas<\/p>\n<p>o\u00a0 SALA 1: 136m2<\/p>\n<p>o\u00a0 SALA 2: 130m2<\/p>\n<p>o\u00a0 SALA 3: 123m2<\/p>\n<p>o\u00a0 Aforo:<\/p>\n<p>-De pie: 200<br \/>\n-Sentadas: 150<\/td>\n<td width=\"271\"><img loading=\"lazy\" decoding=\"async\" class=\"alignnone size-full wp-image-64560\" src=\"http:\/\/bilbaogazte.bilbao.eus\/wp-content\/uploads\/2025\/10\/programa-joven1.jpg\" alt=\"\" width=\"381\" height=\"330\" \/><\/td>\n<\/tr>\n<tr>\n<td width=\"239\">\u00b7 <em><strong>Sala Coworking<\/strong><\/em><\/p>\n<p>o\u00a0 Sala multiusos<\/p>\n<p>o\u00a0 Superficie total: 390m2<\/p>\n<p>o\u00a0 Aforo:<\/p>\n<p>-De pie: 45<br \/>\n-Sentadas: 40<\/td>\n<td width=\"271\"><img loading=\"lazy\" decoding=\"async\" class=\"alignnone size-full wp-image-64563\" src=\"http:\/\/bilbaogazte.bilbao.eus\/wp-content\/uploads\/2025\/10\/programa-joven2.jpg\" alt=\"\" width=\"395\" height=\"355\" \/><\/td>\n<\/tr>\n<tr>\n<td width=\"239\"><em><strong>\u00b7 Sala Reuniones A<\/strong><\/em><\/p>\n<p>o\u00a0 Superficie total: 35m2<\/p>\n<p>o\u00a0 Aforo: Sentadas: 20<\/td>\n<td width=\"271\"><img loading=\"lazy\" decoding=\"async\" class=\"alignnone size-full wp-image-64566\" src=\"http:\/\/bilbaogazte.bilbao.eus\/wp-content\/uploads\/2025\/10\/programa-joven3.jpg\" alt=\"\" width=\"400\" height=\"383\" \/><\/td>\n<\/tr>\n<tr>\n<td width=\"239\"><em><strong>\u00b7 Sala Reuniones B<\/strong><\/em><\/p>\n<p>o\u00a0 Superficie total: 30m2<\/p>\n<p>o\u00a0 Aforo: Sentadas: 15<\/td>\n<td width=\"271\"><img loading=\"lazy\" decoding=\"async\" class=\"alignnone size-full wp-image-64569\" src=\"http:\/\/bilbaogazte.bilbao.eus\/wp-content\/uploads\/2025\/10\/programa-joven4.jpg\" alt=\"\" width=\"397\" height=\"403\" \/><\/td>\n<\/tr>\n<\/tbody>\n<\/table>\n<p>&nbsp;<\/p>\n<p>Horario de apertura de La Perrera: lunes a s\u00e1bado 9:00-20:30<\/p>\n<p><strong>\u00bfC\u00f3mo reservo una sala?<\/strong><\/p>\n<p>-Cesi\u00f3n\/pr\u00e9stamo de materiales<\/p>\n<ul>\n<li>Contacta con <a href=\"mailto:laperrera@bilbao.eus\">laperrera@bilbao.eus<\/a> o 674 03 04 52<\/li>\n<li>Presencialmente: Edificio La Perrera (Sabino Arana, 50)\n<ul>\n<li>9:00-17:00 de lunes a viernes<\/li>\n<li>9:00-14:00 los s\u00e1bados<\/li>\n<\/ul>\n<\/li>\n<\/ul>\n<p><strong>Equipos disponibles gratuitos<\/strong><\/p>\n<ul>\n<li>Pantalla grande<\/li>\n<li>Equipo de sonido b\u00e1sico<\/li>\n<li>Pizarras<\/li>\n<li>Impresora 3D<\/li>\n<li>Cortador de vinilo<\/li>\n<li>Televisiones port\u00e1tiles (2)<\/li>\n<li>Plataforma\/escenario<\/li>\n<li>Otros<\/li>\n<\/ul>\n<p>-Acceso a taquillas y buz\u00f3n para correspondencia postal<\/p>\n<p>-Apoyo a la realizaci\u00f3n de eventos y actividades en La Perrera y entorno realizadas por asociaciones y agrupaciones juveniles<\/p>\n<p>-Apoyo a microproyectos de j\u00f3venes (dentro del programa Konekta Ideiak)<\/p>\n<p>Info: \u00c1rea de Juventud y Deporte <a href=\"mailto:gazteria@bilbao.eus\">gazteria@bilbao.eus<\/a> 944 203 099<\/p>\n<h3><strong>\u00a0 \u00a0 \u00a0 3. Apoyo a las acciones de Comunicaci\u00f3n y difusi\u00f3n de asociaciones y agrupaciones juveniles<\/strong><\/h3>\n<p><strong>1. Difusi\u00f3n de actividades a realizar en La Perrera<\/strong><\/p>\n<ul>\n<li>Web y RRSS de Bilbao Gazte<\/li>\n<li>Newsletter<\/li>\n<li>Pantallas de La Perrera<\/li>\n<li>Grabaci\u00f3n de podcasts<\/li>\n<\/ul>\n<p><strong>2. Difusi\u00f3n de actividades a realizar en otros espacios<\/strong><\/p>\n<ul>\n<li>RRSS de Bilbao Gazte<br \/>\n<a style=\"background-color: #fafcfe;\" href=\"https:\/\/www.instagram.com\/bilbaogazte\/\">Instagram Bilbao Gazte<\/a><br \/>\n<a style=\"background-color: #fafcfe;\" href=\"https:\/\/www.facebook.com\/BilbaoGazte\/\">Facebook Bilbao Gazte<\/a><\/li>\n<\/ul>\n<p>[\/vc_column_text][\/vc_column][\/vc_row][vc_row][vc_column][\/vc_column][\/vc_row]<\/p>\n","protected":false},"excerpt":{"rendered":"<p class=\"entry-summary\"> Objetivo: El Programa de Apoyo a las Asociaciones y Agrupaciones Juveniles nace con la vocaci\u00f3n&hellip;<\/p>\n<div class=\"link-more\"><a href=\"https:\/\/bilbaogazte.bilbao.eus\/es\/programa-de-apoyo-a-las-asociaciones-y-agrupaciones-juveniles\/\" class=\"more-link\">Continue reading<span class=\"screen-reader-text\"> &ldquo;PROGRAMA DE APOYO A LAS ASOCIACIONES Y AGRUPACIONES JUVENILES&rdquo;<\/span>&hellip;<\/a><\/div>","protected":false},"author":84,"featured_media":0,"parent":0,"menu_order":0,"comment_status":"closed","ping_status":"closed","template":"","meta":{"_monsterinsights_skip_tracking":false,"_monsterinsights_sitenote_active":false,"_monsterinsights_sitenote_note":"","_monsterinsights_sitenote_category":0,"footnotes":""},"_links":{"self":[{"href":"https:\/\/bilbaogazte.bilbao.eus\/es\/wp-json\/wp\/v2\/pages\/64558"}],"collection":[{"href":"https:\/\/bilbaogazte.bilbao.eus\/es\/wp-json\/wp\/v2\/pages"}],"about":[{"href":"https:\/\/bilbaogazte.bilbao.eus\/es\/wp-json\/wp\/v2\/types\/page"}],"author":[{"embeddable":true,"href":"https:\/\/bilbaogazte.bilbao.eus\/es\/wp-json\/wp\/v2\/users\/84"}],"replies":[{"embeddable":true,"href":"https:\/\/bilbaogazte.bilbao.eus\/es\/wp-json\/wp\/v2\/comments?post=64558"}],"version-history":[{"count":6,"href":"https:\/\/bilbaogazte.bilbao.eus\/es\/wp-json\/wp\/v2\/pages\/64558\/revisions"}],"predecessor-version":[{"id":64593,"href":"https:\/\/bilbaogazte.bilbao.eus\/es\/wp-json\/wp\/v2\/pages\/64558\/revisions\/64593"}],"wp:attachment":[{"href":"https:\/\/bilbaogazte.bilbao.eus\/es\/wp-json\/wp\/v2\/media?parent=64558"}],"curies":[{"name":"wp","href":"https:\/\/api.w.org\/{rel}","templated":true}]}}