{"id":65015,"date":"2025-11-20T13:04:46","date_gmt":"2025-11-20T11:04:46","guid":{"rendered":"https:\/\/bilbaogazte.bilbao.eus\/es\/agenda-noviembre-2025-la-perrera-copy\/"},"modified":"2025-12-15T09:20:33","modified_gmt":"2025-12-15T07:20:33","slug":"agenda-diciembre-2025-la-perrera","status":"publish","type":"page","link":"https:\/\/bilbaogazte.bilbao.eus\/es\/agenda-diciembre-2025-la-perrera\/","title":{"rendered":"Agenda diciembre 2025 La Perrera"},"content":{"rendered":"<p>[vc_row][vc_column][vc_single_image image=\u00bb58252&#8243; img_size=\u00bbfull\u00bb][vc_custom_heading text=\u00bbLA PERRERA \/ ACTIVIDADES DICIEMBRE 2025 \u00ab][vc_column_text]Cursos, talleres &#8230; y mucho m\u00e1s[\/vc_column_text][vc_text_separator title=\u00bb12-17 a\u00f1os\u00bb color=\u00bbsky\u00bb border_width=\u00bb5&#8243;][vc_tta_accordion][vc_tta_section title=\u00bb9 de diciembre &gt; Loturak Zabaldu: Diversidad cultural y realidad virtual\u00bb tab_id=\u00bb1763639608508-4c91dd49-1fff\u00bb][vc_column_text]<\/p>\n<p data-pm-slice=\"1 1 []\"><strong>12-17 a\u00f1os. <\/strong>Descubre la diversidad cultural a trav\u00e9s de una experiencia inmersiva en Realidad Virtual: escucha en primera persona los relatos de tres j\u00f3venes migradas y participa en un taller din\u00e1mico sobre convivencia y diversidad.<\/p>\n<p>Una actividad innovadora que conecta de verdad con las personas j\u00f3venes. \u00a1No te lo pierdas!<\/p>\n<p data-pm-slice=\"1 1 []\"><b>18:00-19:30.<\/b><\/p>\n<p>Cast\/Eusk<\/p>\n<p><strong>Precio:<\/strong>\u00a0gratis.<\/p>\n<p><strong>Lugar de encuentro: <\/strong>Sala Coworking 04 Gela. La Perrera, Sabino Arana 50<\/p>\n<p><strong>N\u00ba m\u00e1ximo de plazas: <\/strong>25<\/p>\n<p><strong>Inscripciones: <\/strong>Desde el 1 de septiembre y hasta completar plazas.<\/p>\n<p><a href=\"https:\/\/docs.google.com\/forms\/d\/e\/1FAIpQLSdOBpbxFF1PyvOt9VXI3SKozeGVY13ZifNva1NjtmQiEFGKLA\/viewform?usp=sharing&amp;ouid=108759739195497880016\"><strong>INSCRIPCIONES<\/strong><\/a>.<\/p>\n<p>\u2013 E-mail: <a href=\"laperrera@bilbao.eus\">laperrera@bilbao.eus<\/a><\/p>\n<p>-Presencialmente: La Perrera. Sabino Arana 50<\/p>\n<p class=\"p1\"><strong>M\u00e1s informaci\u00f3n:<\/strong><\/p>\n<p class=\"p1\">-Por tel\u00e9fono: 661 73 12 94<\/p>\n<p class=\"p1\">-V\u00eda mail: <a href=\"mailto:gazbilbao@bilbao.eus\">gazbilbao@bilbao.eus<\/a><\/p>\n<p class=\"p1\">-Presencialmente: La Perrera. Sabino Arana 50<\/p>\n<p><a href=\"whatsapp:\/\/send?text=https:\/\/bilbaogazte.bilbao.eus\/konektaagenda\/\" data-action=\"share\/whatsapp\/share\"><strong>\u00a1Comp\u00e1rtelo con tus amigos\/as!<\/strong><\/a><a href=\"whatsapp:\/\/send?text=https:\/\/bilbaogazte.bilbao.eus\/konektaagenda\/\" data-action=\"share\/whatsapp\/share\"><br \/>\n<\/a>[\/vc_column_text][\/vc_tta_section][\/vc_tta_accordion][vc_text_separator title=\u00bb18-30 a\u00f1os\u00bb color=\u00bbsky\u00bb border_width=\u00bb5&#8243;][vc_tta_accordion][vc_tta_section title=\u00bb4 de diciembre &gt; Del Prompt a la Pantalla: Crea V\u00eddeo con IA\u00bb tab_id=\u00bb1763640135397-1c7bc0e0-4c59&#8243;][vc_column_text]<\/p>\n<p data-pm-slice=\"1 1 []\"><strong>18-30 a\u00f1os. <\/strong>\u00bfTe flipan los v\u00eddeos generados por IA pero sientes que su uso es un caos sin direcci\u00f3n? \u00c9ste ser\u00e1 un taller pr\u00e1ctico para trabajar desde cero la creaci\u00f3n audiovisual con IA: generar im\u00e1genes, animarlas y darle forma final a tu pieza audiovisual. Aprenderemos a controlar el proceso creativo mediante keyframes, a crear moodboards, a generar im\u00e1genes coherentes y a animarlas con modelos como Sora, Runway, Freepik o LTX Studio. Perfecto para quienes quieran integrar la IA en su flujo de trabajo audiovisual y lograr resultados profesionales. Incluimos una licencia gratuita para el uso de estas IAs.<\/p>\n<p>Necesario: traer port\u00e1til (si no dispones de uno h\u00e1znoslo saber)<\/p>\n<p data-pm-slice=\"1 1 []\"><b>17:30-21:00.<\/b><\/p>\n<p>Cast\/Eusk<\/p>\n<p><strong>Precio:<\/strong>\u00a0gratis.<\/p>\n<p><strong>Lugar de encuentro: <\/strong>Sala Coworking 04 Gela. La Perrera, Sabino Arana 50<\/p>\n<p><strong>N\u00ba m\u00e1ximo de plazas: <\/strong>20<\/p>\n<p><strong>Inscripciones: <\/strong>Desde el 1 de septiembre y hasta completar plazas.<\/p>\n<p><a href=\"https:\/\/docs.google.com\/forms\/d\/e\/1FAIpQLSdOBpbxFF1PyvOt9VXI3SKozeGVY13ZifNva1NjtmQiEFGKLA\/viewform?usp=sharing&amp;ouid=108759739195497880016\"><strong>INSCRIPCIONES<\/strong><\/a>.<\/p>\n<p>\u2013 E-mail: <a href=\"mailto:laperrera@bilbao.eus\">laperrera@bilbao.eus<\/a><\/p>\n<p>-Presencialmente: La Perrera. Sabino Arana 50<\/p>\n<p class=\"p1\"><strong>M\u00e1s informaci\u00f3n:<\/strong><\/p>\n<p class=\"p1\">-Por tel\u00e9fono: 661 73 12 94<\/p>\n<p class=\"p1\">-V\u00eda mail: <a href=\"mailto:gazbilbao@bilbao.eus\">gazbilbao@bilbao.eus<\/a><\/p>\n<p class=\"p1\">-Presencialmente: La Perrera. Sabino Arana 50<\/p>\n<p><a href=\"whatsapp:\/\/send?text=https:\/\/bilbaogazte.bilbao.eus\/konektaagenda\/\" data-action=\"share\/whatsapp\/share\"><strong>\u00a1Comp\u00e1rtelo con tus amigos\/as!<\/strong><\/a><a href=\"whatsapp:\/\/send?text=https:\/\/bilbaogazte.bilbao.eus\/konektaagenda\/\" data-action=\"share\/whatsapp\/share\"><br \/>\n<\/a>[\/vc_column_text][\/vc_tta_section][\/vc_tta_accordion][vc_text_separator title=\u00bbGAZ\u00bb color=\u00bbsky\u00bb border_width=\u00bb5&#8243;][\/vc_column][\/vc_row][vc_tta_accordion active_section=\u00bb1&#8243;][vc_tta_section title=\u00bbLos mi\u00e9rcoles &gt; ASESOR\u00cdA JUR\u00cdDICA\u00bb tab_id=\u00bb1753183207818-8374cd4d-9074&#8243;][vc_column_text]<strong>Disponible los mi\u00e9rcoles con cita previa: 747 451 437 \/ gazbilbao@bilbao.eus<\/strong><\/p>\n<p>\u00a1Atenci\u00f3n j\u00f3venes de 16 a 34 a\u00f1os!\u00a0 Si necesitas ayuda con contratos laborales, alquiler o compra de vivienda, gesti\u00f3n financiera b\u00e1sica, seguridad social, n\u00f3minas o incluso con temas de emprendimiento y autoempleo, \u00a1estamos aqu\u00ed para ti! &#x1f4bc;&#x1f3e0;&#x1f4b8;<\/p>\n<p>La nueva Asesor\u00eda Jur\u00eddica Gratuita te ofrece apoyo en todos estos temas, con atenci\u00f3n personalizada y previa cita en La Perrera.<\/p>\n<p>16-34 a\u00f1os. Cast\/Eusk<\/p>\n<p><strong>Precio:<\/strong>\u00a0gratis.<\/p>\n<p><strong>N\u00ba m\u00e1ximo de plazas.:<\/strong><\/p>\n<p><strong>Lugar:<\/strong> Sabino Arana 50, Basurtu, Bilbao<\/p>\n<p class=\"p1\"><strong>Inscripciones:<\/strong><\/p>\n<p>&nbsp;<\/p>\n<p>&#8211; <strong>E-mail:<\/strong> <a href=\"mailto:gazbilbao@bilbao.eus\">gazbilbao@bilbao.eus<\/a><br \/>\n&#8211; <strong>Presencialmente :<\/strong> La Perrera. Sabino Arana 50<\/p>\n<p class=\"p1\"><strong>M\u00e1s informaci\u00f3n:<\/strong><\/p>\n<p class=\"Textbody\"><b>&#8211; Por tel\u00e9fono:\u00a0\u00a0<\/b>944 025 401<\/p>\n<p class=\"Textbody\"><b>&#8211; Por Whatsapp:\u00a0<\/b>747 451\u00a0437<\/p>\n<p class=\"Textbody\"><b>&#8211; Presencialmente:\u00a0<\/b>GAZ Bilbao\u00a0(La Perrera, Sabino Arana 50, Basurtu &#8211; 1\u00aa planta)<\/p>\n<p><a href=\"whatsapp:\/\/send?text=https:\/\/bilbaogazte.bilbao.eus\/konektaagenda\/\" data-action=\"share\/whatsapp\/share\"><strong>\u00a1Comp\u00e1rtelo con tus amigos\/as!<\/strong><\/a><a href=\"whatsapp:\/\/send?text=https:\/\/bilbaogazte.bilbao.eus\/konektaagenda\/\" data-action=\"share\/whatsapp\/share\"><br \/>\n<img loading=\"lazy\" decoding=\"async\" src=\"http:\/\/bilbaogazte.bilbao.eus\/wp-content\/uploads\/2018\/01\/WhatsApp-Logo.png\" width=\"25\" height=\"25\" border=\"0\" \/><\/a>[\/vc_column_text][\/vc_tta_section][vc_tta_section title=\u00bb20 de diciembre &gt; Gaz Martxan: El Regato\u00bb tab_id=\u00bb1745486899338-a829a611-ea73&#8243;][vc_column_text]<\/p>\n<p data-pm-slice=\"1 1 []\"><strong>18-34 a\u00f1os.<\/strong> Excursi\u00f3n al Regato y visita al CIHMA, con j\u00f3venes de erasmus y j\u00f3venes de Euskadi para practicar idiomas en un entorno natural.<\/p>\n<p data-pm-slice=\"1 1 []\"><b>10:00-14:30.<\/b><\/p>\n<p>Cast\/Eusk\/Ing<\/p>\n<p><strong>Precio:<\/strong>\u00a0gratis.<\/p>\n<p><strong>Lugar de encuentro: <\/strong>Encuentro en la boca de metro de Ansio.<\/p>\n<p><strong>N\u00ba m\u00e1ximo de plazas: <\/strong>59<\/p>\n<p><strong>Inscripciones:\u00a0<\/strong>Hasta el 17 de diciembre.<\/p>\n<p>\u2013 E-mail: <a href=\"mailto:gazbilbao@bilbao.eus\">gazbilbao@bilbao.eus<\/a><\/p>\n<p>-Presencialmente: La Perrera. Sabino Arana 50<\/p>\n<p class=\"p1\"><strong>M\u00e1s informaci\u00f3n:<\/strong><\/p>\n<p class=\"p1\">-Por tel\u00e9fono: 661 73 12 94<\/p>\n<p class=\"p1\">-V\u00eda mail: <a href=\"mailto:gazbilbao@bilbao.eus\">gazbilbao@bilbao.eus<\/a><\/p>\n<p class=\"p1\">-Presencialmente: La Perrera. Sabino Arana 50<\/p>\n<p><a href=\"whatsapp:\/\/send?text=https:\/\/bilbaogazte.bilbao.eus\/konektaagenda\/\" data-action=\"share\/whatsapp\/share\"><strong>\u00a1Comp\u00e1rtelo con tus amigos\/as!<\/strong><\/a><a href=\"whatsapp:\/\/send?text=https:\/\/bilbaogazte.bilbao.eus\/konektaagenda\/\" data-action=\"share\/whatsapp\/share\"><br \/>\n<img loading=\"lazy\" decoding=\"async\" src=\"http:\/\/bilbaogazte.bilbao.eus\/wp-content\/uploads\/2018\/01\/WhatsApp-Logo.png\" width=\"25\" height=\"25\" border=\"0\" \/><\/a>[\/vc_column_text][\/vc_tta_section][vc_tta_section title=\u00bb18 de diciembre &gt; Alquiler y compra de vivienda\u00bb tab_id=\u00bb1763634308800-769e1ec7-1934&#8243;][vc_column_text]<\/p>\n<p data-pm-slice=\"1 1 []\"><strong>18-34 a\u00f1os.<\/strong> Como personas consumidoras, tenemos derecho a conocer la informaci\u00f3n y el estado de los bienes que vamos a adquirir, especialmente cuando se trata de una vivienda. Por eso, al alquilar o comprar una casa, contar con toda la informaci\u00f3n y asistencia posible es fundamental.<\/p>\n<p data-pm-slice=\"1 1 []\"><b>17:00-18:30.<\/b><\/p>\n<p>Cast\/Eusk<\/p>\n<p><strong>Precio:<\/strong>\u00a0gratis.<\/p>\n<p><strong>Lugar de encuentro: <\/strong>Sabino Arana 50, Basurtu, Bilbao<\/p>\n<p><strong>N\u00ba m\u00e1ximo de plazas: <\/strong>50<\/p>\n<p><strong>Inscripciones:\u00a0<\/strong>Hasta el 17 de diciembre.<\/p>\n<p>\u2013 E-mail: <a href=\"mailto:gazbilbao@bilbao.eus\">gazbilbao@bilbao.eus<\/a><\/p>\n<p>-Presencialmente: La Perrera. Sabino Arana 50<\/p>\n<p class=\"p1\"><strong>M\u00e1s informaci\u00f3n:<\/strong><\/p>\n<p class=\"p1\">-Por tel\u00e9fono: 661 73 12 94<\/p>\n<p class=\"p1\">-V\u00eda mail: <a href=\"mailto:gazbilbao@bilbao.eus\">gazbilbao@bilbao.eus<\/a><\/p>\n<p class=\"p1\">-Presencialmente: La Perrera. Sabino Arana 50<\/p>\n<p><a href=\"whatsapp:\/\/send?text=https:\/\/bilbaogazte.bilbao.eus\/konektaagenda\/\" data-action=\"share\/whatsapp\/share\"><strong>\u00a1Comp\u00e1rtelo con tus amigos\/as!<\/strong><\/a><a href=\"whatsapp:\/\/send?text=https:\/\/bilbaogazte.bilbao.eus\/konektaagenda\/\" data-action=\"share\/whatsapp\/share\"><br \/>\n<img loading=\"lazy\" decoding=\"async\" src=\"http:\/\/bilbaogazte.bilbao.eus\/wp-content\/uploads\/2018\/01\/WhatsApp-Logo.png\" width=\"25\" height=\"25\" border=\"0\" \/><\/a>[\/vc_column_text][\/vc_tta_section][vc_tta_section title=\u00bb17 de diciembre &gt; Educaci\u00f3n financiera b\u00e1sica\u00bb tab_id=\u00bb1763634400945-8a794ba1-32b8&#8243;][vc_column_text]<\/p>\n<p data-pm-slice=\"1 1 []\"><strong>16-34 a\u00f1os.<\/strong> A trav\u00e9s de este taller, se obtendr\u00e1 informaci\u00f3n y herramientas b\u00e1sicas para entender mejor el lenguaje de los bancos, gestionar ahorros conscientemente, conocer algunos de los productos financieros y comprender cu\u00e1les son las precauciones a tener en cuenta al endeudarse, incluyendo los riesgos de las tarjetas revolving y las criptomonedas.<\/p>\n<p data-pm-slice=\"1 1 []\"><b>18:00-19:30.<\/b><\/p>\n<p>Cast\/Eusk<\/p>\n<p><strong>Precio:<\/strong>\u00a0gratis.<\/p>\n<p><strong>Lugar de encuentro: <\/strong>Sabino Arana 50, Basurtu, Bilbao<\/p>\n<p><strong>N\u00ba m\u00e1ximo de plazas: <\/strong>50<\/p>\n<p><strong>Inscripciones:\u00a0<\/strong>Hasta el 16 de diciembre.<\/p>\n<p>\u2013 E-mail: <a href=\"mailto:gazbilbao@bilbao.eus\">gazbilbao@bilbao.eus<\/a><\/p>\n<p>-Presencialmente: La Perrera. Sabino Arana 50<\/p>\n<p class=\"p1\"><strong>M\u00e1s informaci\u00f3n:<\/strong><\/p>\n<p class=\"p1\">-Por tel\u00e9fono: 661 73 12 94<\/p>\n<p class=\"p1\">-V\u00eda mail: <a href=\"mailto:gazbilbao@bilbao.eus\">gazbilbao@bilbao.eus<\/a><\/p>\n<p class=\"p1\">-Presencialmente: La Perrera. Sabino Arana 50<\/p>\n<p><a href=\"whatsapp:\/\/send?text=https:\/\/bilbaogazte.bilbao.eus\/konektaagenda\/\" data-action=\"share\/whatsapp\/share\"><strong>\u00a1Comp\u00e1rtelo con tus amigos\/as!<\/strong><\/a><a href=\"whatsapp:\/\/send?text=https:\/\/bilbaogazte.bilbao.eus\/konektaagenda\/\" data-action=\"share\/whatsapp\/share\"><br \/>\n<img loading=\"lazy\" decoding=\"async\" src=\"http:\/\/bilbaogazte.bilbao.eus\/wp-content\/uploads\/2018\/01\/WhatsApp-Logo.png\" width=\"25\" height=\"25\" border=\"0\" \/><\/a>[\/vc_column_text][\/vc_tta_section][vc_tta_section title=\u00bb2 de diciembre &gt; Convivencia: Aspectos legales de compartir vivienda\u00bb tab_id=\u00bb1763634661648-70fcad91-b1a8&#8243;][vc_column_text]<\/p>\n<p data-pm-slice=\"1 1 []\"><strong>16-34 a\u00f1os.<\/strong> Un especialista en derecho civil nos hablar\u00e1 de los aspectos legales que intervienen al compartir vivienda, ya sea con amigos\/as, pareja o compa\u00f1eras\/os de alquiler. Aprenderemos qu\u00e9 es un contrato de arrendamiento, cu\u00e1les son nuestros derechos y responsabilidades como inquilinos\/as, c\u00f3mo manejar gastos comunes, y qu\u00e9 hacer frente a situaciones de incumplimiento o conflictos de convivencia. El objetivo es brindar herramientas pr\u00e1cticas para vivir en un ambiente respetuoso, seguro y legalmente protegido.<\/p>\n<p data-pm-slice=\"1 1 []\"><b>17:00-18:30.<\/b><\/p>\n<p>Cast<\/p>\n<p><strong>Precio:<\/strong>\u00a0gratis.<\/p>\n<p><strong>Lugar de encuentro: <\/strong>Sabino Arana 50, Basurtu, Bilbao<\/p>\n<p><strong>N\u00ba m\u00e1ximo de plazas: <\/strong>20<\/p>\n<p><strong>Inscripciones:\u00a0<\/strong>Hasta el 1 de diciembre.<\/p>\n<p>\u2013 E-mail: <a href=\"mailto:gazbilbao@bilbao.eus\">gazbilbao@bilbao.eus<\/a><\/p>\n<p>-Presencialmente: La Perrera. Sabino Arana 50<\/p>\n<p class=\"p1\"><strong>M\u00e1s informaci\u00f3n:<\/strong><\/p>\n<p class=\"p1\">-Por tel\u00e9fono: 661 73 12 94<\/p>\n<p class=\"p1\">-V\u00eda mail: <a href=\"mailto:gazbilbao@bilbao.eus\">gazbilbao@bilbao.eus<\/a><\/p>\n<p class=\"p1\">-Presencialmente: La Perrera. Sabino Arana 50<\/p>\n<p><a href=\"whatsapp:\/\/send?text=https:\/\/bilbaogazte.bilbao.eus\/konektaagenda\/\" data-action=\"share\/whatsapp\/share\"><strong>\u00a1Comp\u00e1rtelo con tus amigos\/as!<\/strong><\/a><a href=\"whatsapp:\/\/send?text=https:\/\/bilbaogazte.bilbao.eus\/konektaagenda\/\" data-action=\"share\/whatsapp\/share\"><br \/>\n<img loading=\"lazy\" decoding=\"async\" src=\"http:\/\/bilbaogazte.bilbao.eus\/wp-content\/uploads\/2018\/01\/WhatsApp-Logo.png\" width=\"25\" height=\"25\" border=\"0\" \/><\/a>[\/vc_column_text][\/vc_tta_section][vc_tta_section title=\u00bb1 y 15 de diciembre &gt; INTERCAMBIOS LING\u00dc\u00cdSTICOS\u00bb tab_id=\u00bb1763634758398-1403af8d-1a94&#8243;][vc_column_text]<\/p>\n<p data-pm-slice=\"1 1 []\"><strong>16-34 a\u00f1os.<\/strong> Intercambio ling\u00fc\u00edstico con estudiantes de Erasmus.<br \/>\n@ESNBILBAO<\/p>\n<p data-pm-slice=\"1 1 []\"><b>18:00-20:00.<\/b><\/p>\n<p>Cast\/Eusk\/Ing<\/p>\n<p><strong>Precio:<\/strong>\u00a0gratis.<\/p>\n<p><strong>Lugar de encuentro: <\/strong>Sabino Arana 50, Basurtu, Bilbao<\/p>\n<p><strong>N\u00ba m\u00e1ximo de plazas: <\/strong>25<\/p>\n<p><strong>Inscripciones:\u00a0<\/strong>Hasta el 1 de diciembre.<\/p>\n<p>\u2013 E-mail: <a href=\"mailto:gazbilbao@bilbao.eus\">gazbilbao@bilbao.eus<\/a><\/p>\n<p>-Presencialmente: La Perrera. Sabino Arana 50<\/p>\n<p class=\"p1\"><strong>M\u00e1s informaci\u00f3n:<\/strong><\/p>\n<p class=\"p1\">-Por tel\u00e9fono: 661 73 12 94<\/p>\n<p class=\"p1\">-V\u00eda mail: <a href=\"mailto:gazbilbao@bilbao.eus\">gazbilbao@bilbao.eus<\/a><\/p>\n<p class=\"p1\">-Presencialmente: La Perrera. Sabino Arana 50<\/p>\n<p><a href=\"whatsapp:\/\/send?text=https:\/\/bilbaogazte.bilbao.eus\/konektaagenda\/\" data-action=\"share\/whatsapp\/share\"><strong>\u00a1Comp\u00e1rtelo con tus amigos\/as!<\/strong><\/a><a href=\"whatsapp:\/\/send?text=https:\/\/bilbaogazte.bilbao.eus\/konektaagenda\/\" data-action=\"share\/whatsapp\/share\"><br \/>\n<img loading=\"lazy\" decoding=\"async\" src=\"http:\/\/bilbaogazte.bilbao.eus\/wp-content\/uploads\/2018\/01\/WhatsApp-Logo.png\" width=\"25\" height=\"25\" border=\"0\" \/><\/a><br \/>\n[\/vc_column_text][\/vc_tta_section][\/vc_tta_accordion][vc_row][vc_column][vc_text_separator title=\u00bbExternas\u00bb color=\u00bbsky\u00bb border_width=\u00bb5&#8243;][\/vc_column][\/vc_row]<\/p>\n","protected":false},"excerpt":{"rendered":"<p class=\"entry-summary\">Cursos, talleres &#8230; y mucho m\u00e1s[vc_text_separator title=\u00bb12-17 a\u00f1os\u00bb color=\u00bbsky\u00bb&hellip;<\/p>\n<div class=\"link-more\"><a href=\"https:\/\/bilbaogazte.bilbao.eus\/es\/agenda-diciembre-2025-la-perrera\/\" class=\"more-link\">Continue reading<span class=\"screen-reader-text\"> &ldquo;Agenda diciembre 2025 La Perrera&rdquo;<\/span>&hellip;<\/a><\/div>","protected":false},"author":79,"featured_media":0,"parent":0,"menu_order":0,"comment_status":"closed","ping_status":"closed","template":"","meta":{"_monsterinsights_skip_tracking":false,"_monsterinsights_sitenote_active":false,"_monsterinsights_sitenote_note":"","_monsterinsights_sitenote_category":0,"footnotes":""},"_links":{"self":[{"href":"https:\/\/bilbaogazte.bilbao.eus\/es\/wp-json\/wp\/v2\/pages\/65015"}],"collection":[{"href":"https:\/\/bilbaogazte.bilbao.eus\/es\/wp-json\/wp\/v2\/pages"}],"about":[{"href":"https:\/\/bilbaogazte.bilbao.eus\/es\/wp-json\/wp\/v2\/types\/page"}],"author":[{"embeddable":true,"href":"https:\/\/bilbaogazte.bilbao.eus\/es\/wp-json\/wp\/v2\/users\/79"}],"replies":[{"embeddable":true,"href":"https:\/\/bilbaogazte.bilbao.eus\/es\/wp-json\/wp\/v2\/comments?post=65015"}],"version-history":[{"count":16,"href":"https:\/\/bilbaogazte.bilbao.eus\/es\/wp-json\/wp\/v2\/pages\/65015\/revisions"}],"predecessor-version":[{"id":65383,"href":"https:\/\/bilbaogazte.bilbao.eus\/es\/wp-json\/wp\/v2\/pages\/65015\/revisions\/65383"}],"wp:attachment":[{"href":"https:\/\/bilbaogazte.bilbao.eus\/es\/wp-json\/wp\/v2\/media?parent=65015"}],"curies":[{"name":"wp","href":"https:\/\/api.w.org\/{rel}","templated":true}]}}