{"id":65449,"date":"2025-12-24T13:53:06","date_gmt":"2025-12-24T11:53:06","guid":{"rendered":"https:\/\/bilbaogazte.bilbao.eus\/es\/actividades-steam-2024-copy\/"},"modified":"2025-12-24T14:06:47","modified_gmt":"2025-12-24T12:06:47","slug":"actividades-steam-2025","status":"publish","type":"page","link":"https:\/\/bilbaogazte.bilbao.eus\/es\/actividades-steam-2025\/","title":{"rendered":"Actividades STEAM 2025"},"content":{"rendered":"<p>[vc_row][vc_column][vc_single_image image=\u00bb58252&#8243; img_size=\u00bbfull\u00bb][vc_custom_heading text=\u00bbKONEKTA LA PERRERA \/ ACTIVIDADES STEAM 2025&#8243;][vc_column_text]<\/p>\n<p data-pm-slice=\"1 1 []\"><a href=\"http:\/\/bilbaogazte.bilbao.eus\/wp-content\/uploads\/2024\/04\/IZEN-EMATEAINSCRIPCION.pdf\"><strong>Ficha de inscripci\u00f3n en los talleres<\/strong><\/a><\/p>\n<p>Para formalizar la inscripci\u00f3n correctamente, rellena la FICHA DE INSCRIPCI\u00d3N y env\u00eda un correo con ella adjunta a l<a href=\"mailto:laperrera@bilbao.eus\">aperrera@bilbao.eus<\/a>[\/vc_column_text][\/vc_column][\/vc_row][vc_row][vc_column][\/vc_column][\/vc_row][vc_row][\/vc_row][vc_column][\/vc_column][vc_column][\/vc_column][vc_btn title=\u00bbActividades STEAM 2025 &#8211; 4\u00baT\u00bb color=\u00bbdanger\u00bb align=\u00bbcenter\u00bb link=\u00bburl:https%3A%2F%2Fbilbaogazte.bilbao.eus%2Fes%2Factividades-steam-2025-4t%2F|||\u00bb][vc_btn title=\u00bbActividades STEAM 2025 &#8211; 2\u00baT\u00bb color=\u00bbdanger\u00bb align=\u00bbcenter\u00bb link=\u00bburl:https%3A%2F%2Fbilbaogazte.bilbao.eus%2Fes%2Factividades-steam-2025-2t%2F|||\u00bb][vc_btn title=\u00bbActividades STEAM 2025 &#8211; 1\u00baT\u00bb color=\u00bbdanger\u00bb align=\u00bbcenter\u00bb link=\u00bburl:https%3A%2F%2Fbilbaogazte.bilbao.eus%2Fes%2Factividades-steam-2025-1t%2F|||\u00bb]<\/p>\n","protected":false},"excerpt":{"rendered":"<p class=\"entry-summary\"> Ficha de inscripci\u00f3n en los talleres Para formalizar&hellip;<\/p>\n<div class=\"link-more\"><a href=\"https:\/\/bilbaogazte.bilbao.eus\/es\/actividades-steam-2025\/\" class=\"more-link\">Continue reading<span class=\"screen-reader-text\"> &ldquo;Actividades STEAM 2025&rdquo;<\/span>&hellip;<\/a><\/div>","protected":false},"author":79,"featured_media":0,"parent":0,"menu_order":0,"comment_status":"closed","ping_status":"closed","template":"","meta":{"_monsterinsights_skip_tracking":false,"_monsterinsights_sitenote_active":false,"_monsterinsights_sitenote_note":"","_monsterinsights_sitenote_category":0,"footnotes":""},"_links":{"self":[{"href":"https:\/\/bilbaogazte.bilbao.eus\/es\/wp-json\/wp\/v2\/pages\/65449"}],"collection":[{"href":"https:\/\/bilbaogazte.bilbao.eus\/es\/wp-json\/wp\/v2\/pages"}],"about":[{"href":"https:\/\/bilbaogazte.bilbao.eus\/es\/wp-json\/wp\/v2\/types\/page"}],"author":[{"embeddable":true,"href":"https:\/\/bilbaogazte.bilbao.eus\/es\/wp-json\/wp\/v2\/users\/79"}],"replies":[{"embeddable":true,"href":"https:\/\/bilbaogazte.bilbao.eus\/es\/wp-json\/wp\/v2\/comments?post=65449"}],"version-history":[{"count":3,"href":"https:\/\/bilbaogazte.bilbao.eus\/es\/wp-json\/wp\/v2\/pages\/65449\/revisions"}],"predecessor-version":[{"id":65452,"href":"https:\/\/bilbaogazte.bilbao.eus\/es\/wp-json\/wp\/v2\/pages\/65449\/revisions\/65452"}],"wp:attachment":[{"href":"https:\/\/bilbaogazte.bilbao.eus\/es\/wp-json\/wp\/v2\/media?parent=65449"}],"curies":[{"name":"wp","href":"https:\/\/api.w.org\/{rel}","templated":true}]}}