{"id":65882,"date":"2026-01-29T09:50:15","date_gmt":"2026-01-29T07:50:15","guid":{"rendered":"https:\/\/bilbaogazte.bilbao.eus\/es\/bilborock\/agenda-bilborock-copy\/"},"modified":"2026-01-29T12:07:31","modified_gmt":"2026-01-29T10:07:31","slug":"agenda-bilborock-feb26","status":"publish","type":"page","link":"https:\/\/bilbaogazte.bilbao.eus\/es\/bilborock\/agenda-bilborock-feb26\/","title":{"rendered":"Agenda de Bilborock  feb26"},"content":{"rendered":"<p>[vc_row][vc_column][vc_column_text][\/vc_column_text][\/vc_column][\/vc_row][vc_row][vc_column][\/vc_column][\/vc_row][vc_row][vc_column][\/vc_column][\/vc_row][vc_row][vc_column][\/vc_column][\/vc_row][vc_row][vc_column][vc_single_image image=\u00bb65931&#8243; img_size=\u00bbfull\u00bb][vc_column_text]\u00a1La programaci\u00f3n de febrero en #Bilborock!<\/p>\n<p>Este mes teatro, conciertos, charlas, jornadas&#8230;&#8230;<\/p>\n<p>Aqu\u00ed puedes\u00a0 ver el programa completo:[\/vc_column_text][\/vc_column][\/vc_row][vc_row][vc_column][vc_custom_heading text=\u00bbFEBRERO 2026&#8243; google_fonts=\u00bbfont_family:Raleway%3A100%2C200%2C300%2Cregular%2C500%2C600%2C700%2C800%2C900|font_style:400%20regular%3A400%3Anormal\u00bb][\/vc_column][\/vc_row][vc_row][vc_column][vc_tta_accordion][vc_tta_section title=\u00bb6 febrero &gt; MIXA! x Mystical Mountain\u00bb tab_id=\u00bb1758879588605-15fd797f-a4cf\u00bb][vc_column_text]<strong>20:00<\/strong><\/p>\n<p><span data-sheets-root=\"1\">Redwine House B2B Eder Carter. Guests: David Medina + Ratlook<\/span><\/p>\n<p><span data-sheets-root=\"1\">@mystical_mountain_<\/span><\/p>\n<p><b>Gratis<\/b>[\/vc_column_text][vc_gallery interval=\u00bb3&#8243; images=\u00bb65887&#8243; img_size=\u00bbfull\u00bb][\/vc_tta_section][vc_tta_section title=\u00bb7 febrero &gt; MAFALDA CARDENAL: Mis Notas de Voz\u00bb tab_id=\u00bb1758879588653-1481cc94-de73&#8243;][vc_column_text]<strong>20:30<\/strong><\/p>\n<p><span data-sheets-root=\"1\">El pr\u00f3ximo s\u00e1bado 7 de febrero de 2026, regresa a Bilbao para presentar Mis Notas de Voz en Bilborock, una cita imprescindible para vivir en directo el presente y futuro de una de las voces m\u00e1s prometedoras del pop actual. \u00a1No te lo pierdas!<\/span><\/p>\n<p><span data-sheets-root=\"1\">@mafaldacardenal<br \/>\n@intromusica<\/span><\/p>\n<p><strong>Todo vendido (22\u20ac preventa \/ 28\u20ac taquilla)<\/strong><\/p>\n<p><strong><a href=\"http:\/\/tickets.intromusica.com\/mafaldacardenal\/mafalda-cardenal-bilbao\">Compra de entradas<\/a><\/strong>[\/vc_column_text][vc_gallery interval=\u00bb3&#8243; images=\u00bb65890&#8243; img_size=\u00bbfull\u00bb][\/vc_tta_section][vc_tta_section title=\u00bb10 febrero &gt; EUROPEAN OUTDOOR FILM TOUR Edici\u00f3n 2025&#8243; tab_id=\u00bb1758880641030-aaa10ee2-6124&#8243;][vc_column_text]<strong>19:00<\/strong><\/p>\n<p><span data-sheets-root=\"1\">El festival de cine de monta\u00f1a y aventura m\u00e1s grande de Europa<\/span><\/p>\n<p><span data-sheets-root=\"1\">@kinema_producciones<br \/>\nfacebook.com\/eoftESP<br \/>\nfacebook.com\/somoskinema<\/span><\/p>\n<p><strong>16\u20ac preventa \/ 19\u20ac en taquilla (tambi\u00e9n otras opciones de compra, ver p\u00e1gina de compra de entradas)<\/strong><\/p>\n<p><strong><a href=\"http:\/\/eventbrite.es\/e\/entradas-european-outdoor-film-tour-edicion-2526-bilbao-1691840653939?aff=oddtdtcreator\">Comprar entradas<\/a>.<\/strong>[\/vc_column_text][vc_gallery interval=\u00bb3&#8243; images=\u00bb65893&#8243; img_size=\u00bbfull\u00bb][\/vc_tta_section][vc_tta_section title=\u00bb12 de febrero &gt; SPOILER MAITEA aurrestreinaldia\u00bb tab_id=\u00bb1758880857080-85849ebb-362e\u00bb][vc_column_text]<strong>18:30<\/strong><\/p>\n<p>En la primera cita todos queremos mostrar nuestra mejor versi\u00f3n&#8230; pero \u00bfqu\u00e9 pasar\u00eda si nuestros secretos salieran a la luz? Tendremos la oportunidad perfecta de sacar sobre la mesa los spoilers y verdades que se esconden tras los cites, en una tarde llena de m\u00fasica y sorpresas. PRIMERAN, en un ambiente festivo, te invita a conocer este divertido experimento de amor!<\/p>\n<p><span data-sheets-root=\"1\">@spoilermaitea<br \/>\n@pr1meran<\/span><\/p>\n<p><strong>Con invitaci\u00f3n<\/strong>[\/vc_column_text][vc_gallery interval=\u00bb3&#8243; images=\u00bb65896&#8243; img_size=\u00bbfull\u00bb][\/vc_tta_section][vc_tta_section title=\u00bb13 de febrero &gt; MIXA! x Oso Txarto Club\u00bb tab_id=\u00bb1758881470287-66fe81fa-7eea\u00bb][vc_column_text]<strong><span data-sheets-root=\"1\">20:00\u00a0<\/span><\/strong><\/p>\n<p><span data-sheets-root=\"1\">Oso Txarto Club presenta su primer #MIX A, una cita marcada por el exclusivo estreno del nuevo SET LIVE de ALCID. Tambi\u00e9n tendremos la oportunidad de descubrir el talento emergente de FABEIRO y el cierre correr\u00e1 a cargo de ESCALONA, residente del Club.<\/span><\/p>\n<p><span data-sheets-root=\"1\">@osotxartoclub<\/span><\/p>\n<p><strong>Gratis<\/strong>[\/vc_column_text][vc_gallery interval=\u00bb3&#8243; images=\u00bb65899&#8243; img_size=\u00bbfull\u00bb][\/vc_tta_section][vc_tta_section title=\u00bb14 de febrero &gt; WEDNESDAY + BLEARY EYED\u00bb tab_id=\u00bb1758881768287-de042f6b-b97d\u00bb][vc_column_text]<strong>21:00<\/strong><\/p>\n<p><span data-sheets-root=\"1\">Los mejores conciertos internacionales<\/span><\/p>\n<p><span data-sheets-root=\"1\">@sonestrellagalicia<\/span><\/p>\n<p><b><span data-sheets-root=\"1\">19,5\u20ac preventa \/ 22\u20ac en taquilla<\/span><\/b><\/p>\n<p><strong><a href=\"http:\/\/dice.fm\/event\/oe6gya-wednesday-bleary-eyed-en-bilbao-son-estrella-galicia-14th-feb-bilborock-bilbao-tickets?lng=es\">Compra de entradas<\/a>.<\/strong>[\/vc_column_text][vc_gallery interval=\u00bb3&#8243; images=\u00bb65902&#8243; img_size=\u00bbfull\u00bb][\/vc_tta_section][vc_tta_section title=\u00bb17 de febrero &gt; VICTOR PATRASCAN\u00bb tab_id=\u00bb1758882022924-14de463a-979e\u00bb][vc_column_text]<strong>20:00<\/strong><\/p>\n<p><span data-sheets-root=\"1\">STAND-UP COMEDY in broken ENGLISH. Laugh with Europe\u2019s comedy nomad, Victor P\u00e3tr\u00e3\u015fcan &#8211; the rebel comedian-philosopher whose sharp jokes have taken him to about 60 countries, millions of screens, and even onto a few government watchlists (true story: he\u2019s officially banned by the new Georgian government for being \u2018too funny\u2019). This show is packed with new material you haven\u2019t heard before, so don\u2019t miss it! Victor returns with his trademark style of comedy &#8211; bold insights, unscripted moments, and cheeky observations that make you think long after you laugh. He doesn\u2019t provoke just to shock; with curiosity and care, he dives into politics, culture, religion, identity, and the topics we argue about online but laugh about in real life. Yes, Victor talks to the audience, but only to the brave who volunteer, so sit wherever you like (even the front row) because he won\u2019t bother you unless you want him to. Whether you\u2019re local, an expat, or just existentially lost, this show is a space to laugh at the absurdity of modern life &#8211; together. Come solo or bring a friend; either way, you\u2019ll leave with something to think about.<\/span><\/p>\n<p><span data-sheets-root=\"1\">@victorpatrascan<br \/>\ntiktok.com\/@victorpatrascan<\/span><\/p>\n<p><strong>17,5\u20ac preventa \/ 20\u20ac en taquilla<\/strong><\/p>\n<p><a href=\"https:\/\/fienta.com\/stand-up-comedy-in-broken-english-victor-patrascan-bilbao\"><strong>Compra de entradas<\/strong><\/a>.[\/vc_column_text][vc_gallery interval=\u00bb3&#8243; images=\u00bb65905&#8243;][\/vc_tta_section][vc_tta_section title=\u00bb19 de febrero &gt; I JORNADAS EKAE! `{`Emakumeen kultura eta ekonomia`}`\u00bb tab_id=\u00bb1759406482124-039e45de-684b\u00bb][vc_column_text]<strong>1\u00aa parte: 09:00 &amp; 18:00 &amp; \/ 2\u00aa parte: 19:00<\/strong><\/p>\n<p><span data-sheets-root=\"1\">Las I Jornadas EKAE! son un espacio de encuentro y reflexi\u00f3n colectiva en torno a la econom\u00eda cultural feminista. A lo largo del d\u00eda se combinan mesas redondas, debate abierto y un cierre art\u00edstico para pensar las relaciones entre feminismo, cultura, dinero y cuidados desde una mirada situada.<\/span><\/p>\n<p><span data-sheets-root=\"1\">@lasinsorga<\/span><\/p>\n<p><strong>\u2022 Jornadas (de 09:00 hasta el mon\u00f3logo incluido): P\u00fablico general: 10 \u20ac<br \/>\n\u2022 Bloque tarde\/noche (entrevista + concierto): P\u00fablico general: 10 \u20ac<br \/>\n\u2022 Entrada completa (todo el d\u00eda): P\u00fablico general: 12\u20ac<br \/>\n\u2022 Socias consultar<\/strong>[\/vc_column_text][vc_gallery interval=\u00bb3&#8243; images=\u00bb65908&#8243;][\/vc_tta_section][vc_tta_section title=\u00bb20 de febrero &gt; KEPLER 1 + DALE KALIGULA\u00bb tab_id=\u00bb1758882335561-d8dc2520-dfcb\u00bb][vc_column_text]<strong>20:00<\/strong><\/p>\n<p><span data-sheets-root=\"1\">Talde lokalen kontzertuak \/ Conciertos de bandas locales<\/span><\/p>\n<p><span data-sheets-root=\"1\">@elkepler1nho<br \/>\n@dale.kaligula<\/span><\/p>\n<p><b>Gratis<\/b>[\/vc_column_text][vc_gallery interval=\u00bb3&#8243; images=\u00bb65911,65914&#8243;][\/vc_tta_section][vc_tta_section title=\u00bb21 de febrero &gt; BEE KLUBA II: MAKEDA + SLIMDAZE + LOVE SUPREME\u00bb tab_id=\u00bb1758882433179-8d6b4e0e-1057&#8243;][vc_column_text]<strong>20:00<\/strong><\/p>\n<p><span data-sheets-root=\"1\">BEE KLUBA nace como punto de encuentro para los amantes de la m\u00fasica negra en Euskal Herria. Descubre los nuevos talentos de este amplio espectro musical y aprende de los referentes euskaldunes en una primera edici\u00f3n que ofrecer\u00e1 FUNK, RNB, SOUL y mucho m\u00e1s de la mano de MarmitakoTrapBanda, Neiffer, Afrika Bibang y Estrella Electr\u00f3nica.<\/span><\/p>\n<p><span data-sheets-root=\"1\">@beeklubabilbao<\/span><\/p>\n<p><strong>Gratis<\/strong>[\/vc_column_text][vc_gallery interval=\u00bb3&#8243; images=\u00bb65917&#8243; img_size=\u00bbfull\u00bb][\/vc_tta_section][vc_tta_section title=\u00bb22 de febrero &gt; MIENTRAS ESTEMOS AQU\u00cd\u00bb tab_id=\u00bb1758883005700-92f48303-cca9&#8243;][vc_column_text]<strong>19:00<\/strong><\/p>\n<p><span data-sheets-root=\"1\">Festival de teatro breve de Muzzik teatro y Alex Quiroga do Carmo. Los breves de Muzzik es un festival que re\u00fane tres historias sobre la memoria, la nostalgia y el paso del tiempo. Tres piezas distintas que nos recuerdan que no todo lo que se pierde desaparece.<\/span><\/p>\n<p><span data-sheets-root=\"1\">@alexelactor0<br \/>\n@muzzikteatro<\/span><\/p>\n<p><strong>6\u20ac preventa y taquilla<\/strong><\/p>\n<p><strong><a href=\"http:\/\/instagram.com\/muzzikteatro\">Venta de entradas<\/a><\/strong><\/p>\n<p><strong><a href=\"http:\/\/instagram.com\/alexelactor0\">Venta de entradas<\/a><\/strong>[\/vc_column_text][vc_gallery interval=\u00bb3&#8243; images=\u00bb65920&#8243; img_size=\u00bbfull\u00bb][\/vc_tta_section][vc_tta_section title=\u00bb25 de febrero &gt; \u00bfPITO CABALLO? PUES NO HAY M\u00c1S MUS\u00bb tab_id=\u00bb1769089482360-ce61cfb7-f2ce\u00bb][vc_column_text]<strong>19:00<\/strong><\/p>\n<p><span data-sheets-root=\"1\">Esta es la historia de dos jovencitos que se encontraron rodeando la ribera bilba\u00edna y decidieron lanzarse al p\u00fablico para pedirles quince euros.<\/span><\/p>\n<p><span data-sheets-root=\"1\">@patxatxosk<\/span><\/p>\n<p><strong>6,5\u20ac (online y en taquilla)<\/strong><\/p>\n<p><a href=\"http:\/\/vivetix.com\/es\/entradas-pito-caballo-pues-no-hay-mas-mus-9jt9?s=link\"><strong>Compra de entradas<\/strong><\/a>[\/vc_column_text][vc_gallery interval=\u00bb3&#8243; images=\u00bb65923&#8243; img_size=\u00bbfull\u00bb][\/vc_tta_section][vc_tta_section title=\u00bb26 de febrero &gt; EL MEN\u00da DE DEU: Proyecci\u00f3n del cap\u00edtulo piloto: Deu Txakartegi con La habitaci\u00f3n Roja\u00bb tab_id=\u00bb1769675483994-8dffeda7-c958&#8243;][vc_column_text]<strong>19:30<\/strong><\/p>\n<p><span data-sheets-root=\"1\">Proyecci\u00f3n del programa piloto de \u201cEl Men\u00fa de Deu\u201d en el que Deu Txakartegi, ex cantante de We Are Standard, invita a La Habitaci\u00f3n Roja a cocinar y comer con \u00e9l horas antes de su concierto en Muxikebarri de Getxo. Durante el programa, los invitados hablar\u00e1n de los devenires de la vida en la carretera, de maneras de componer, de la industria y todo lo que conlleva la profesi\u00f3n de m\u00fasico siempre en tono de humor y disfrut\u00f3n. Deu tambi\u00e9n nos contar\u00e1 sus inicios en la m\u00fasica y sus influencias.<\/span><\/p>\n<p><span data-sheets-root=\"1\">@deutxakartegi<\/span><\/p>\n<p><strong>Gratis<\/strong>[\/vc_column_text][\/vc_tta_section][vc_tta_section title=\u00bb27 de febrero &gt; C\u00c9RO + VRENO\u00bb tab_id=\u00bb1769675600458-e65486df-8b51&#8243;][vc_column_text]<strong>20:15<\/strong><\/p>\n<p><span data-sheets-root=\"1\">Despu\u00e9s de un a\u00f1o y tras hacer soldout, C\u00e9ro vuelve a Bilbao pero est\u00e1 vez junto a Vreno, un show realmente \u00fanico. \u00bfTe lo vas a perder?<\/span><\/p>\n<p><span data-sheets-root=\"1\">@sodamusicoficial<\/span><\/p>\n<p><strong>16\u20ac, 18\u20ac o 20\u20ac preventa \/ 25\u20ac en taquilla<\/strong><\/p>\n<p><strong>Compra de entradas<\/strong>[\/vc_column_text][vc_gallery interval=\u00bb3&#8243; images=\u00bb65926&#8243; img_size=\u00bbfull\u00bb][\/vc_tta_section][\/vc_tta_accordion][\/vc_column][\/vc_row][vc_row][vc_column][vc_single_image image=\u00bb65946&#8243; img_size=\u00bbfull\u00bb][\/vc_column][\/vc_row]<\/p>\n","protected":false},"excerpt":{"rendered":"<p class=\"entry-summary\">\u00a1La programaci\u00f3n de febrero en #Bilborock! Este mes teatro, conciertos, charlas, jornadas&#8230;&#8230; Aqu\u00ed puedes\u00a0 ver el&hellip;<\/p>\n<div class=\"link-more\"><a href=\"https:\/\/bilbaogazte.bilbao.eus\/es\/bilborock\/agenda-bilborock-feb26\/\" class=\"more-link\">Continue reading<span class=\"screen-reader-text\"> &ldquo;Agenda de Bilborock  feb26&rdquo;<\/span>&hellip;<\/a><\/div>","protected":false},"author":79,"featured_media":0,"parent":512,"menu_order":0,"comment_status":"closed","ping_status":"closed","template":"","meta":{"_monsterinsights_skip_tracking":false,"_monsterinsights_sitenote_active":false,"_monsterinsights_sitenote_note":"","_monsterinsights_sitenote_category":0,"footnotes":""},"_links":{"self":[{"href":"https:\/\/bilbaogazte.bilbao.eus\/es\/wp-json\/wp\/v2\/pages\/65882"}],"collection":[{"href":"https:\/\/bilbaogazte.bilbao.eus\/es\/wp-json\/wp\/v2\/pages"}],"about":[{"href":"https:\/\/bilbaogazte.bilbao.eus\/es\/wp-json\/wp\/v2\/types\/page"}],"author":[{"embeddable":true,"href":"https:\/\/bilbaogazte.bilbao.eus\/es\/wp-json\/wp\/v2\/users\/79"}],"replies":[{"embeddable":true,"href":"https:\/\/bilbaogazte.bilbao.eus\/es\/wp-json\/wp\/v2\/comments?post=65882"}],"version-history":[{"count":7,"href":"https:\/\/bilbaogazte.bilbao.eus\/es\/wp-json\/wp\/v2\/pages\/65882\/revisions"}],"predecessor-version":[{"id":65948,"href":"https:\/\/bilbaogazte.bilbao.eus\/es\/wp-json\/wp\/v2\/pages\/65882\/revisions\/65948"}],"up":[{"embeddable":true,"href":"https:\/\/bilbaogazte.bilbao.eus\/es\/wp-json\/wp\/v2\/pages\/512"}],"wp:attachment":[{"href":"https:\/\/bilbaogazte.bilbao.eus\/es\/wp-json\/wp\/v2\/media?parent=65882"}],"curies":[{"name":"wp","href":"https:\/\/api.w.org\/{rel}","templated":true}]}}