{"id":65983,"date":"2026-02-04T16:39:43","date_gmt":"2026-02-04T14:39:43","guid":{"rendered":"https:\/\/bilbaogazte.bilbao.eus\/es\/?page_id=65983"},"modified":"2026-02-20T14:30:15","modified_gmt":"2026-02-20T12:30:15","slug":"greensormenatalk-bio-artistas","status":"publish","type":"page","link":"https:\/\/bilbaogazte.bilbao.eus\/es\/greensormenatalk-bio-artistas\/","title":{"rendered":"BIO ARTISTAS"},"content":{"rendered":"<p>[vc_row][vc_column][vc_single_image image=\u00bb66026&#8243; img_size=\u00bbfull\u00bb][\/vc_column][\/vc_row][vc_row][vc_column][vc_row_inner][vc_column_inner width=\u00bb2\/3&#8243;][vc_column_text]<a href=\"https:\/\/joanfierro.art\/\"><strong>Joan Fierro<\/strong><\/a><\/p>\n<p>Artista e investigador multidisciplinar. Su principal foco de inter\u00e9s es el agenciamiento de los dispositivos de producci\u00f3n, reproducci\u00f3n y organizaci\u00f3n de las im\u00e1genes que determinan nuestra relaci\u00f3n con las mismas en la cotidianidad.<\/p>\n<p>Se desenvuelve en el campo del arte desde una visi\u00f3n biopol\u00edtica y hol\u00edstica. En ese sentido, su hacer est\u00e1 estrechamente relacionado con labores de comisariado y educaci\u00f3n.<\/p>\n<p>Aborda la producci\u00f3n art\u00edstica desde su dimensi\u00f3n performativa y partiendo de m\u00faltiples lenguajes dentro de los que destacan la fotograf\u00eda, la performance, el v\u00eddeo y la instalaci\u00f3n. Trabaja en torno al cuerpo-otro, el tiempo no-cronol\u00f3gico y la virtualizaci\u00f3n como movimiento ontol\u00f3gico. Su investigaci\u00f3n aborda la videoinstalaci\u00f3n interactiva como escenario y dispositivo relacional.<\/p>\n<p><a href=\"https:\/\/www.instagram.com\/spiritusmundi.visualart\/\"><strong>Andr\u00e9a Petit<\/strong><\/a><\/p>\n<p>Andr\u00e9a Petit, dise\u00f1adora artesanal, se gradu\u00f3 en 2014 de la prestigiosa \u00c9cole Boulle en Par\u00eds, especializada en decoraci\u00f3n. En 2017, se estableci\u00f3 en Bilbao, donde cofund\u00f3 Studio Petit Muller. Su enfoque combina dise\u00f1o y est\u00e9tica para fomentar el bienestar en los interiores, como lo reflejan los taburetes ergon\u00f3micos Erko. Adem\u00e1s, desaf\u00eda las pr\u00e1cticas convencionales del sector de la decoraci\u00f3n con \u201cSegunda Piel\u201d, un m\u00e9todo destinado a mejorar la gesti\u00f3n de residuos y reducir el impacto ambiental a trav\u00e9s de un sistema de \u201crecuperaci\u00f3n\/integraci\u00f3n\u201d aportan, creando siempre desde dispositivos de captaci\u00f3n a trav\u00e9s de micr\u00f3fonos y componiendo al servicio de una narrativa r\u00edtmica y din\u00e1mica.<\/p>\n<p><a href=\"https:\/\/yolandauriz.info\/bio\/\"><strong>Yolanda Uriz<\/strong><\/a><\/p>\n<p>Se form\u00f3 en el departamento de Arte y Ciencia del KABK en Pa\u00edses Bajos. Le apasiona experimentar con fen\u00f3menos f\u00edsicos, vibraciones, ondas electromagn\u00e9ticas o mol\u00e9culas qu\u00edmicas que decodificamos como sonido, luz u olores, y transformarlas para crear experiencias inmersivas multisensoriales.<\/p>\n<p>Su investigaci\u00f3n se centra en la b\u00fasqueda de maneras de ampliar los l\u00edmites de nuestros sentidos a trav\u00e9s de la comunicaci\u00f3n qu\u00edmica interespecies. Utiliza herramientas digitales combinadas con perfumer\u00eda DIY, explorando materiales o experimentando en el Fab-Lab.<\/p>\n<p>Su trabajo se materializa en instalaciones y performances que se han presentado en festivales como Sonic Acts (Pa\u00edses Bajos), ISEA Barcelona (Espa\u00f1a), Ars Electronica (Austria), Sonar (Espa\u00f1a), WRO Media-Art Biennale (Polonia), etc.[\/vc_column_text][\/vc_column_inner][vc_column_inner width=\u00bb1\/3&#8243;][vc_empty_space height=\u00bb40px\u00bb][vc_column_text]<\/p>\n<div class=\"page\" title=\"Page 1\">\n<div class=\"section\">\n<div class=\"layoutArea\">\n<div class=\"column\">\n<p>\u00a1Confirma tu asistencia <a href=\"mailto:info@gheada.com\">aqu\u00ed<\/a>!<\/p>\n<\/div>\n<\/div>\n<\/div>\n<\/div>\n<p>[\/vc_column_text][vc_column_text]<span style=\"color: #ff4433;\"><b>CONTACTO<\/b><\/span>[\/vc_column_text][vc_column_text]<a href=\"mailto:gazteria@bilbao.eus\">gazteria@bilbao.eus<\/a><\/p>\n<p>944 20 30 99[\/vc_column_text][\/vc_column_inner][\/vc_row_inner][\/vc_column][\/vc_row]<\/p>\n","protected":false},"excerpt":{"rendered":"<p class=\"entry-summary\">Joan Fierro Artista e investigador multidisciplinar. Su principal foco de inter\u00e9s es el agenciamiento de&hellip;<\/p>\n<div class=\"link-more\"><a href=\"https:\/\/bilbaogazte.bilbao.eus\/es\/greensormenatalk-bio-artistas\/\" class=\"more-link\">Continue reading<span class=\"screen-reader-text\"> &ldquo;BIO ARTISTAS&rdquo;<\/span>&hellip;<\/a><\/div>","protected":false},"author":84,"featured_media":0,"parent":0,"menu_order":0,"comment_status":"closed","ping_status":"closed","template":"","meta":{"_monsterinsights_skip_tracking":false,"_monsterinsights_sitenote_active":false,"_monsterinsights_sitenote_note":"","_monsterinsights_sitenote_category":0,"footnotes":""},"_links":{"self":[{"href":"https:\/\/bilbaogazte.bilbao.eus\/es\/wp-json\/wp\/v2\/pages\/65983"}],"collection":[{"href":"https:\/\/bilbaogazte.bilbao.eus\/es\/wp-json\/wp\/v2\/pages"}],"about":[{"href":"https:\/\/bilbaogazte.bilbao.eus\/es\/wp-json\/wp\/v2\/types\/page"}],"author":[{"embeddable":true,"href":"https:\/\/bilbaogazte.bilbao.eus\/es\/wp-json\/wp\/v2\/users\/84"}],"replies":[{"embeddable":true,"href":"https:\/\/bilbaogazte.bilbao.eus\/es\/wp-json\/wp\/v2\/comments?post=65983"}],"version-history":[{"count":6,"href":"https:\/\/bilbaogazte.bilbao.eus\/es\/wp-json\/wp\/v2\/pages\/65983\/revisions"}],"predecessor-version":[{"id":66160,"href":"https:\/\/bilbaogazte.bilbao.eus\/es\/wp-json\/wp\/v2\/pages\/65983\/revisions\/66160"}],"wp:attachment":[{"href":"https:\/\/bilbaogazte.bilbao.eus\/es\/wp-json\/wp\/v2\/media?parent=65983"}],"curies":[{"name":"wp","href":"https:\/\/api.w.org\/{rel}","templated":true}]}}