{"id":66802,"date":"2026-03-20T14:30:01","date_gmt":"2026-03-20T12:30:01","guid":{"rendered":"https:\/\/bilbaogazte.bilbao.eus\/es\/konekta-ideiak-iccsia-open-show-talk-copy\/"},"modified":"2026-03-20T14:42:20","modified_gmt":"2026-03-20T12:42:20","slug":"konekta-ideiak-iccsia-exposiciones-proyectos-ganadores","status":"publish","type":"page","link":"https:\/\/bilbaogazte.bilbao.eus\/es\/konekta-ideiak-iccsia-exposiciones-proyectos-ganadores\/","title":{"rendered":"KONEKTA IDEIAK ICC+IA EXPOSICIONES PROYECTOS GANADORES"},"content":{"rendered":"<p>[vc_row][vc_column][vc_empty_space][vc_empty_space][\/vc_column][\/vc_row][vc_row][vc_column][vc_column_text]<\/p>\n<ul>\n<li><strong>Xingyi Lin Chen<\/strong>, artista y comunicadora visual, presenta <strong>\u00bfN\u01d0 Ch\u012b Le Ma\/\u00bfHas comido ya?,<\/strong> una propuesta que explora la memoria colectiva de la di\u00e1spora china en Euskal Herria desde una perspectiva \u00edntima y afectiva. Su trabajo se adentra en los lenguajes del cuidado y el amor sin palabras, poniendo el foco en la comida como forma de v\u00ednculo y transmisi\u00f3n cultural. La obra construye un archivo emocional que conecta distintas generaciones chinas en Bizkaia: desde quienes emigraron en los a\u00f1os 90 hasta personas j\u00f3venes crecidas entre dos culturas y as\u00ed personas adoptadas que viven su herencia cultura de maneras diversas. El resultado revela c\u00f3mo lo cotidiano puede convertirse en un espacio de memoria compartida.<\/li>\n<\/ul>\n<p>&nbsp;<\/p>\n<ul>\n<li><strong>Mar\u00eda Gracia Cebrecos Loayza<\/strong>, artista y arquitecta, presenta <strong>Vigilantes de la Perrera<\/strong>, una intervenci\u00f3n in situ basada en la investigaci\u00f3n de las memorias que habitan el edificio que hoy alberga La Perrera (Sabino Arana 50-Basurtu). Su trabajo parte de un amplio archivo documental desde el a\u00f1o 1921, en di\u00e1logo con las distintas configuraciones arquitect\u00f3nicas y los m\u00faltiples usos que ha tenido este edificio municipal, entre ellos un dep\u00f3sito de materias inflamables, un almac\u00e9n de gigantes y cabezudos y la antigua perrera. La propuesta concibe el espacio como un soporte en el que las capas del pasado se hacen visibles en el presente desde una mirada especulativa que reconfigura personajes, objetos y materiales vinculados al lugar.<\/li>\n<\/ul>\n<p>&nbsp;<\/p>\n<p><strong>\u00a0<\/strong>[\/vc_column_text][\/vc_column][\/vc_row]<\/p>\n","protected":false},"excerpt":{"rendered":"<p class=\"entry-summary\"> Xingyi Lin Chen, artista y comunicadora visual, presenta \u00bfN\u01d0 Ch\u012b Le Ma\/\u00bfHas comido ya?, una propuesta que&hellip;<\/p>\n<div class=\"link-more\"><a href=\"https:\/\/bilbaogazte.bilbao.eus\/es\/konekta-ideiak-iccsia-exposiciones-proyectos-ganadores\/\" class=\"more-link\">Continue reading<span class=\"screen-reader-text\"> &ldquo;KONEKTA IDEIAK ICC+IA EXPOSICIONES PROYECTOS GANADORES&rdquo;<\/span>&hellip;<\/a><\/div>","protected":false},"author":84,"featured_media":0,"parent":0,"menu_order":0,"comment_status":"closed","ping_status":"closed","template":"","meta":{"_monsterinsights_skip_tracking":false,"_monsterinsights_sitenote_active":false,"_monsterinsights_sitenote_note":"","_monsterinsights_sitenote_category":0,"footnotes":""},"_links":{"self":[{"href":"https:\/\/bilbaogazte.bilbao.eus\/es\/wp-json\/wp\/v2\/pages\/66802"}],"collection":[{"href":"https:\/\/bilbaogazte.bilbao.eus\/es\/wp-json\/wp\/v2\/pages"}],"about":[{"href":"https:\/\/bilbaogazte.bilbao.eus\/es\/wp-json\/wp\/v2\/types\/page"}],"author":[{"embeddable":true,"href":"https:\/\/bilbaogazte.bilbao.eus\/es\/wp-json\/wp\/v2\/users\/84"}],"replies":[{"embeddable":true,"href":"https:\/\/bilbaogazte.bilbao.eus\/es\/wp-json\/wp\/v2\/comments?post=66802"}],"version-history":[{"count":4,"href":"https:\/\/bilbaogazte.bilbao.eus\/es\/wp-json\/wp\/v2\/pages\/66802\/revisions"}],"predecessor-version":[{"id":66810,"href":"https:\/\/bilbaogazte.bilbao.eus\/es\/wp-json\/wp\/v2\/pages\/66802\/revisions\/66810"}],"wp:attachment":[{"href":"https:\/\/bilbaogazte.bilbao.eus\/es\/wp-json\/wp\/v2\/media?parent=66802"}],"curies":[{"name":"wp","href":"https:\/\/api.w.org\/{rel}","templated":true}]}}