{"id":66839,"date":"2026-03-23T15:33:17","date_gmt":"2026-03-23T13:33:17","guid":{"rendered":"https:\/\/bilbaogazte.bilbao.eus\/es\/greensormenatalk-bio-artistas-copy\/"},"modified":"2026-03-23T15:36:28","modified_gmt":"2026-03-23T13:36:28","slug":"greenglam-bio-artistas","status":"publish","type":"page","link":"https:\/\/bilbaogazte.bilbao.eus\/es\/greenglam-bio-artistas\/","title":{"rendered":"BIO ARTISTAS"},"content":{"rendered":"<p>[vc_row][vc_column][vc_single_image image=\u00bb60568&#8243; img_size=\u00bbfull\u00bb][\/vc_column][\/vc_row][vc_row][vc_column][vc_row_inner][vc_column_inner width=\u00bb2\/3&#8243;][vc_column_text]<a href=\"https:\/\/www.instagram.com\/maider.aldasoro\/\"><strong>Maider Aldasoro<\/strong><\/a><\/p>\n<p>Graduada en Bellas Artes por la UPV-EHU, su pr\u00e1ctica mezcla la creaci\u00f3n de vestuario, desarrollo de personajes, el v\u00eddeo y la escultura como medios principales. Combina estas pr\u00e1cticas para generar atm\u00f3sferas donde el cuerpo, lo on\u00edrico, lo teatral y lo l\u00fadico se mezclan, tocando temas como la sexualidad, el juego y las relaciones de poder.<\/p>\n<p>Ha realizado residencias en Paradise Air, Tokio, dentro del programa Ertibil Bizkaia, recibiendo el segundo premio dentro de este marco, en Azkuna Zentroa Bilbao y en la Fundaci\u00f3n Bilbaoarte. Ha realizado exposiciones individuales como Hiru iltze hatz baten, ANTI Liburudenda 2025, Axila, que robo sobaco 2023 en la Fundaci\u00f3n Bilbaoarte, Flexy my Tether en Art Lacuna, Londres, 2022, dentro del marco de B.A.C.E PROJECT y Aurrean Goxo 2021 en Azkuna Zentroa\/ Alh\u00f3ndiga Bilbao.<\/p>\n<p><a href=\"https:\/\/www.instagram.com\/rutolabarri\/\"><strong>Rut Olabarri<\/strong><\/a><\/p>\n<p>Rut Olabarri (Bilbao, 1962), es licenciada en Bellas Artes por la UPV y ha desarrollado una trayectoria interdisciplinar que incluye pintura, escultura, cer\u00e1mica, grabado y tejedur\u00eda. Su trayectoria profesional se inicia en el Museo de reproducciones art\u00edsticas de Bilbao y tambi\u00e9n ha trabajado como ilustradora de libros y dise\u00f1adora gr\u00e1fica.<\/p>\n<p>Su obra se caracteriza por una profunda exploraci\u00f3n de la memoria, la identidad y el entorno familiar desde una perspectiva innovadora y personal.<\/p>\n<p><a href=\"https:\/\/www.instagram.com\/anti.anzola\/\"><strong>Jaione Anzola<\/strong><\/a><\/p>\n<p>Jaione es una de las ganadoras de la \u00faltima edici\u00f3n. La dise\u00f1adora experimenta con materiales en desuso como cortinas, colchas, manteles&#8230; e intenta crear prendas con ellas a trav\u00e9s del patronaje o modelando directamente sobre maniqu\u00ed.<\/p>\n<p>Su \u00faltimo proyecto \u201cVuelta cruz Vuelta\u201d tiene como objetivo poner en valor la importancia de las t\u00e9cnicas textiles tradicionales, como el encaje de bolillos, y su relevancia en el contexto contempor\u00e1neo de la moda, invitando a la reflexi\u00f3n sobre la sostenibilidad y el valor cultural de la artesan\u00eda[\/vc_column_text][\/vc_column_inner][vc_column_inner width=\u00bb1\/3&#8243;][vc_empty_space height=\u00bb40px\u00bb][vc_column_text]<span style=\"color: #ff4433;\"><b>CONTACTO<\/b><\/span>[\/vc_column_text][vc_column_text]<a href=\"mailto:gazteria@bilbao.eus\">gazteria@bilbao.eus<\/a><\/p>\n<p>94 465 47 75[\/vc_column_text][\/vc_column_inner][\/vc_row_inner][\/vc_column][\/vc_row]<\/p>\n","protected":false},"excerpt":{"rendered":"<p class=\"entry-summary\">Maider Aldasoro Graduada en Bellas Artes por la UPV-EHU, su pr\u00e1ctica mezcla la creaci\u00f3n de&hellip;<\/p>\n<div class=\"link-more\"><a href=\"https:\/\/bilbaogazte.bilbao.eus\/es\/greenglam-bio-artistas\/\" class=\"more-link\">Continue reading<span class=\"screen-reader-text\"> &ldquo;BIO ARTISTAS&rdquo;<\/span>&hellip;<\/a><\/div>","protected":false},"author":84,"featured_media":0,"parent":0,"menu_order":0,"comment_status":"closed","ping_status":"closed","template":"","meta":{"_monsterinsights_skip_tracking":false,"_monsterinsights_sitenote_active":false,"_monsterinsights_sitenote_note":"","_monsterinsights_sitenote_category":0,"footnotes":""},"_links":{"self":[{"href":"https:\/\/bilbaogazte.bilbao.eus\/es\/wp-json\/wp\/v2\/pages\/66839"}],"collection":[{"href":"https:\/\/bilbaogazte.bilbao.eus\/es\/wp-json\/wp\/v2\/pages"}],"about":[{"href":"https:\/\/bilbaogazte.bilbao.eus\/es\/wp-json\/wp\/v2\/types\/page"}],"author":[{"embeddable":true,"href":"https:\/\/bilbaogazte.bilbao.eus\/es\/wp-json\/wp\/v2\/users\/84"}],"replies":[{"embeddable":true,"href":"https:\/\/bilbaogazte.bilbao.eus\/es\/wp-json\/wp\/v2\/comments?post=66839"}],"version-history":[{"count":4,"href":"https:\/\/bilbaogazte.bilbao.eus\/es\/wp-json\/wp\/v2\/pages\/66839\/revisions"}],"predecessor-version":[{"id":66843,"href":"https:\/\/bilbaogazte.bilbao.eus\/es\/wp-json\/wp\/v2\/pages\/66839\/revisions\/66843"}],"wp:attachment":[{"href":"https:\/\/bilbaogazte.bilbao.eus\/es\/wp-json\/wp\/v2\/media?parent=66839"}],"curies":[{"name":"wp","href":"https:\/\/api.w.org\/{rel}","templated":true}]}}