{"id":66849,"date":"2026-03-23T15:47:06","date_gmt":"2026-03-23T13:47:06","guid":{"rendered":"https:\/\/bilbaogazte.bilbao.eus\/es\/greensormenatalk-copy\/"},"modified":"2026-03-24T16:10:36","modified_gmt":"2026-03-24T14:10:36","slug":"greenglamtalk","status":"publish","type":"page","link":"https:\/\/bilbaogazte.bilbao.eus\/es\/greenglamtalk\/","title":{"rendered":"TALK &#038; SHOW"},"content":{"rendered":"<p>[vc_row][vc_column][vc_single_image image=\u00bb60568&#8243; img_size=\u00bbfull\u00bb][\/vc_column][\/vc_row][vc_row][vc_column][vc_column_text]<\/p>\n<div class=\"page\" title=\"Page 1\">\n<div class=\"section\">\n<div class=\"layoutArea\">\n<div class=\"column\">\n<div class=\"page\" title=\"Page 1\">\n<div class=\"section\">\n<div class=\"layoutArea\">\n<div class=\"column\">\n<p><strong>TALK &amp; SHOW | 28 DE ABRIL \u2013 19:00-20:45 | LA PERRERA<\/strong><\/p>\n<\/div>\n<\/div>\n<\/div>\n<\/div>\n<\/div>\n<\/div>\n<\/div>\n<\/div>\n<p>[\/vc_column_text][vc_row_inner][vc_column_inner width=\u00bb2\/3&#8243;][vc_column_text]<\/p>\n<div class=\"page\" title=\"Page 1\">\n<div class=\"section\">\n<div class=\"layoutArea\">\n<div class=\"column\">\n<div class=\"page\" title=\"Page 1\">\n<div class=\"section\">\n<div class=\"layoutArea\">\n<div class=\"column\">\n<div class=\"page\" title=\"Page 1\">\n<div class=\"section\">\n<div class=\"layoutArea\">\n<div class=\"column\">\n<p>El acto inaugural de esta edici\u00f3n ser\u00e1 un innovador \u201cTalk &amp; Show\u201d, concebido como una experiencia inspiradora, participativa e inmersiva.<\/p>\n<p>Contar\u00e1 con la participaci\u00f3n de <strong><em>Rut Olabarri<\/em><\/strong> y <strong><em>Maider Aldasoro<\/em><\/strong>, dos figuras clave del sector textil con gran influencia en Bilbao. Ambas aportar\u00e1n visiones complementarias del ecosistema textil contempor\u00e1neo, abordando aspectos como la pr\u00e1ctica art\u00edstica, la investigaci\u00f3n material, la sostenibilidad y su conexi\u00f3n con las nuevas generaciones creativas. Asimismo, participar\u00e1 <strong><em>Jaione Anzola<\/em><\/strong>, una de las ganadoras de la \u00faltima edici\u00f3n del programa, quien compartir\u00e1 su experiencia y recorrido.<\/p>\n<p>Como cierre destacado, la sesi\u00f3n culminar\u00e1 con una <strong>actividad colectiva en formato performance:<\/strong> todas las personas asistentes podr\u00e1n participar activamente en la <strong>creaci\u00f3n de una pieza textil colaborativa<\/strong>, convirtiendo el evento en una experiencia viva, creativa y compartida.<\/p>\n<\/div>\n<\/div>\n<\/div>\n<\/div>\n<\/div>\n<\/div>\n<\/div>\n<\/div>\n<\/div>\n<\/div>\n<\/div>\n<\/div>\n<p>[\/vc_column_text][vc_btn title=\u00bbBIO ARTISTAS\u00bb style=\u00bbcustom\u00bb custom_background=\u00bb#ed0000&#8243; custom_text=\u00bb#ffffff\u00bb align=\u00bbcenter\u00bb link=\u00bburl:https%3A%2F%2Fbilbaogazte.bilbao.eus%2Fes%2Fgreenglam-bio-artistas%2F|||\u00bb][vc_btn title=\u00bbCONVOCATORIA DE PROYECTOS\u00bb style=\u00bbcustom\u00bb custom_background=\u00bb#ed0000&#8243; custom_text=\u00bb#ffffff\u00bb align=\u00bbcenter\u00bb link=\u00bburl:https%3A%2F%2Fbilbaogazte.bilbao.eus%2Fes%2Fgreenglamconvocatoriaproyectos%2F|||\u00bb][\/vc_column_inner][vc_column_inner width=\u00bb1\/3&#8243;][vc_empty_space height=\u00bb40px\u00bb][vc_column_text]<span style=\"color: #ff4433;\"><b>\u00a1Confirma tu asistencia !\u00a0<\/b><\/span><\/p>\n<p>Env\u00eda un correo a <a href=\"mailto:gazteria@bilbao.eus\">gazteria@bilbao.eus<\/a> con el asunto <span style=\"color: #ff0000;\"><strong>\u201cGREEN GLAM\u00bb<\/strong><\/span>[\/vc_column_text][vc_column_text]<span style=\"color: #ff4433;\"><b>CONTACTO<\/b><\/span>[\/vc_column_text][vc_column_text]<a href=\"mailto:gazteria@bilbao.eus\">gazteria@bilbao.eus<\/a><\/p>\n<p>94 465 47 75[\/vc_column_text][\/vc_column_inner][\/vc_row_inner][\/vc_column][\/vc_row]<\/p>\n","protected":false},"excerpt":{"rendered":"<p class=\"entry-summary\"> TALK &amp; SHOW | 28 DE ABRIL \u2013 19:00-20:45 | LA PERRERA  El&hellip;<\/p>\n<div class=\"link-more\"><a href=\"https:\/\/bilbaogazte.bilbao.eus\/es\/greenglamtalk\/\" class=\"more-link\">Continue reading<span class=\"screen-reader-text\"> &ldquo;TALK &#038; SHOW&rdquo;<\/span>&hellip;<\/a><\/div>","protected":false},"author":79,"featured_media":0,"parent":0,"menu_order":0,"comment_status":"closed","ping_status":"closed","template":"","meta":{"_monsterinsights_skip_tracking":false,"_monsterinsights_sitenote_active":false,"_monsterinsights_sitenote_note":"","_monsterinsights_sitenote_category":0,"footnotes":""},"_links":{"self":[{"href":"https:\/\/bilbaogazte.bilbao.eus\/es\/wp-json\/wp\/v2\/pages\/66849"}],"collection":[{"href":"https:\/\/bilbaogazte.bilbao.eus\/es\/wp-json\/wp\/v2\/pages"}],"about":[{"href":"https:\/\/bilbaogazte.bilbao.eus\/es\/wp-json\/wp\/v2\/types\/page"}],"author":[{"embeddable":true,"href":"https:\/\/bilbaogazte.bilbao.eus\/es\/wp-json\/wp\/v2\/users\/79"}],"replies":[{"embeddable":true,"href":"https:\/\/bilbaogazte.bilbao.eus\/es\/wp-json\/wp\/v2\/comments?post=66849"}],"version-history":[{"count":4,"href":"https:\/\/bilbaogazte.bilbao.eus\/es\/wp-json\/wp\/v2\/pages\/66849\/revisions"}],"predecessor-version":[{"id":66881,"href":"https:\/\/bilbaogazte.bilbao.eus\/es\/wp-json\/wp\/v2\/pages\/66849\/revisions\/66881"}],"wp:attachment":[{"href":"https:\/\/bilbaogazte.bilbao.eus\/es\/wp-json\/wp\/v2\/media?parent=66849"}],"curies":[{"name":"wp","href":"https:\/\/api.w.org\/{rel}","templated":true}]}}